{"id":159,"date":"2018-06-12T12:20:16","date_gmt":"2018-06-12T10:20:16","guid":{"rendered":"http:\/\/semmelweis.hu\/mental\/?page_id=159"},"modified":"2025-10-08T16:14:17","modified_gmt":"2025-10-08T14:14:17","slug":"ejmh","status":"publish","type":"page","link":"https:\/\/semmelweis.hu\/mental\/az-intezet\/kiadvanyok\/ejmh\/","title":{"rendered":"EJMH"},"content":{"rendered":"<p><img loading=\"lazy\" decoding=\"async\" class=\"alignnone size-medium wp-image-5928\" src=\"https:\/\/semmelweis.hu\/mental\/files\/2022\/11\/EJMH_LOGO__2-300x179.png\" alt=\"\" width=\"300\" height=\"179\" srcset=\"https:\/\/semmelweis.hu\/mental\/files\/2022\/11\/EJMH_LOGO__2-300x179.png 300w, https:\/\/semmelweis.hu\/mental\/files\/2022\/11\/EJMH_LOGO__2.png 397w\" sizes=\"auto, (max-width: 300px) 100vw, 300px\" \/>\u00a0<\/p>\n<p style=\"text-align: justify\">A <strong><a href=\"https:\/\/ejmh.semmelweis.hu\/index.php\/ejmh\" target=\"_blank\" rel=\"noopener\">European Journal of Mental Health<\/a><\/strong> egy ny\u00edlt hozz\u00e1f\u00e9r\u00e9s\u0171, lektor\u00e1lt, interdiszciplin\u00e1ris, nemzetk\u00f6zi ment\u00e1lhigi\u00e9n\u00e9s szakfoly\u00f3irat, melyet a Semmelweis Egyetem Ment\u00e1lhigi\u00e9n\u00e9 Int\u00e9zet 2006-ban az Akad\u00e9miai Kiad\u00f3val k\u00f6z\u00f6sen alap\u00edtott. Az EJMH 2006 \u00e9s 2022 k\u00f6z\u00f6tt \u00e9vente k\u00e9tszer jelent meg, az ut\u00f3bbi \u00e9vekben m\u00e1r csak elektronikus form\u00e1ban \u00e9s angol nyelven. 2023 janu\u00e1rj\u00e1t\u00f3l szakmai \u00e9s arculati meg\u00fajul\u00e1st k\u00f6vet\u0151en a lap folyamatos online megjelen\u00e9sre \u00e1llt \u00e1t, jelenleg \u00e9vente minimum 20, \u00edgy havonta 1-3 tanulm\u00e1nyt k\u00f6z\u00f6l. A foly\u00f3irat jelenleg a Semmelweis Egyetem saj\u00e1t kiad\u00e1s\u00fa lapja, nemzetk\u00f6zi szerkeszt\u0151bizotts\u00e1ggal rendelkezik, \u00e9s mind a tanulm\u00e1nyok beny\u00fajt\u00e1sa, b\u00edr\u00e1lati folyamata, mind azok megtekint\u00e9se ingyenes.\u00a0<\/p>\n<h5>A foly\u00f3irat c\u00e9lja<\/h5>\n<ul>\n<li>a ment\u00e1lis eg\u00e9szs\u00e9ggel \u00e9s j\u00f3l\u00e9ttel kapcsolatos leg\u00fajabb tudom\u00e1nyos kutat\u00e1sok terjeszt\u00e9se Eur\u00f3p\u00e1ban \u00e9s vil\u00e1gszerte;<\/li>\n<li>a figyelem felh\u00edv\u00e1sa az egy\u00e9ni lelki eg\u00e9szs\u00e9gv\u00e9delmen t\u00fal a k\u00f6z\u00f6ss\u00e9gi \u00e9s t\u00e1rsadalmi kontextusra;<\/li>\n<li>a nyugat- \u00e9s k\u00f6z\u00e9p-kelet-eur\u00f3pai hum\u00e1n szakemberek kommunik\u00e1ci\u00f3j\u00e1nak el\u0151seg\u00edt\u00e9se, valamint<\/li>\n<li>a pszichol\u00f3gi\u00e1n, pszichoter\u00e1pi\u00e1n t\u00fal a t\u00f6bbi hum\u00e1n diszcipl\u00edna (pedag\u00f3gia, szociol\u00f3gia, teol\u00f3gia, m\u0171v\u00e9szetek, stb.) egy\u00e9ni \u00e9s t\u00e1rsadalmi lelki eg\u00e9szs\u00e9gv\u00e9delemben \u00e9s eg\u00e9szs\u00e9gprom\u00f3ci\u00f3ban bet\u00f6lt\u00f6tt szerep\u00e9nek bemutat\u00e1sa.<\/li>\n<\/ul>\n<h5>Az EJMH-t index\u00e1lj\u00e1k<\/h5>\n<p style=\"text-align: justify\">APA PsycINFO, DOAJ, EBCSOERIH Plus, Google Scholar, Index Copernicus, Matarka, Researchgate, SJR Journal Ranking, Scopus, Web of Science Emerging Sources Citation Index adatb\u00e1zisok.<\/p>\n<p style=\"text-align: justify\">A lapot a Semmelweis Egyetem Doktori Iskol\u00e1ja felvette a publik\u00e1ci\u00f3s felt\u00e9telekbe besz\u00e1m\u00edthat\u00f3, impakt faktorral nem rendelkez\u0151 foly\u00f3iratok list\u00e1j\u00e1ra.<\/p>\n<p style=\"text-align: justify\">A szerkeszt\u0151s\u00e9g v\u00e1rja a foly\u00f3irat c\u00e9lkit\u0171z\u00e9seinek megfelel\u0151 k\u00e9ziratok beny\u00fajt\u00e1s\u00e1t. A be\u00e9rkezett k\u00e9ziratok anonim szakv\u00e9lem\u00e9nyez\u00e9s\u00e9ben a szerkeszt\u0151bizotts\u00e1g tagjai mellett sz\u00e1mos tov\u00e1bbi felk\u00e9rt hazai \u00e9s nemzetk\u00f6zi szakember is r\u00e9szt vesz.<\/p>\n<p>Az eddigi sz\u00e1mok tartalm\u00e1r\u00f3l, a k\u00e9ziratbeny\u00fajt\u00e1sr\u00f3l \u00e9s a megrendel\u00e9s lehet\u0151s\u00e9geir\u0151l r\u00e9szletesebb t\u00e1j\u00e9koztat\u00e1st ny\u00fajt a foly\u00f3irat honlapja: <a href=\"https:\/\/ejmh.semmelweis.hu\" target=\"_blank\" rel=\"noopener\"><strong>https:\/\/ejmh.semmelweis.hu<\/strong><\/a><\/p>\n<h5>F\u0151szerkeszt\u0151:<\/h5>\n<p style=\"padding-left: 40px\">D\u00e1vid Be\u00e1ta, PhD<\/p>\n<h5>Szerkeszt\u0151s\u00e9g:<\/h5>\n<p style=\"padding-left: 40px\">Danis Ildik\u00f3, PhD \u2013 a szerkeszt\u0151s\u00e9g szakmai koordin\u00e1tora<\/p>\n<p style=\"padding-left: 40px\">Bal\u00e1zs B\u00e1lint, PhD<\/p>\n<p style=\"padding-left: 40px\">Brys Zolt\u00e1n<\/p>\n<p style=\"padding-left: 40px\">Csord\u00e1s Georgina<\/p>\n<p style=\"padding-left: 40px\">Komolafe Cinderella<\/p>\n<p style=\"padding-left: 40px\">Kopcs\u00f3 Krisztina, PhD<\/p>\n<p style=\"padding-left: 40px\">Luk\u00e1cs J. \u00c1gnes, PhD<\/p>\n<p style=\"padding-left: 40px\">Papp Zsuzsanna, PhD<\/p>\n<p style=\"padding-left: 40px\">P\u00e9nzes Melinda, MD, PhD<\/p>\n<p style=\"padding-left: 40px\"><span style=\"font-size: 1rem\">Solt\u00e9sz-V\u00e1rhelyi Kl\u00e1ra, PhD<\/span><\/p>\n<p style=\"padding-left: 40px\">T\u00f6r\u00f6k Szabolcs, MD, PhD\u00a0<\/p>\n<h5>Szerkeszt\u0151s\u00e9gi titk\u00e1rs\u00e1g:<\/h5>\n<p style=\"padding-left: 40px\">S\u00e1rm\u00e1sy Orsolya<\/p>\n<p style=\"padding-left: 40px\">Winkler Melinda<\/p>\n<h5>Kapcsolat:\u00a0<\/h5>\n<p>Levelez\u00e9si c\u00edm: H-1428 Budapest, POBox 2, Hungary C\u00edm: H-1089 Budapest, Nagyv\u00e1rad t\u00e9r 4., 19. em., Hungary<\/p>\n<p>E-mail: <a href=\"mailto:ejmh-editor@semmelweis.hu\" target=\"_blank\" rel=\"noopener\">ejmh-editor@semmelweis.hu<\/a><\/p>\n<p>Honlap: <a href=\"https:\/\/ejmh.semmelweis.hu\" target=\"_blank\" rel=\"noopener\">https:\/\/ejmh.semmelweis.hu<\/a><\/p>\n","protected":false},"excerpt":{"rendered":"<p>\u00a0 A <a href=\"https:\/\/ejmh.semmelweis.hu\/index.php\/ejmh\" target=\"_blank\" rel=\"noopener\">European Journal of Mental Health<\/a> egy ny\u00edlt hozz\u00e1f\u00e9r\u00e9s\u0171, lektor\u00e1lt, interdiszciplin\u00e1ris, nemzetk\u00f6zi ment\u00e1lhigi\u00e9n\u00e9s szakfoly\u00f3irat, melyet a Semmelweis Egyetem Ment\u00e1lhigi\u00e9n\u00e9 Int\u00e9zet 2006-ban az Akad\u00e9miai Kiad\u00f3val k\u00f6z\u00f6sen alap\u00edtott. Az EJMH 2006 \u00e9s 2022 k\u00f6z\u00f6tt \u00e9vente k\u00e9tszer jelent meg, az ut\u00f3bbi \u00e9vekben m\u00e1r csak elektronikus form\u00e1ban \u00e9s angol nyelven. 2023 janu\u00e1rj\u00e1t\u00f3l szakmai \u00e9s arculati meg\u00fajul\u00e1st k\u00f6vet\u0151en a lap folyamatos online megjelen\u00e9sre \u00e1llt &hellip;<\/p>\n","protected":false},"author":101790,"featured_media":0,"parent":21,"menu_order":3,"comment_status":"closed","ping_status":"closed","template":"","meta":{"_acf_changed":false,"footnotes":""},"categories":[],"tags":[],"class_list":["post-159","page","type-page","status-publish","hentry"],"acf":[],"_links":{"self":[{"href":"https:\/\/semmelweis.hu\/mental\/wp-json\/wp\/v2\/pages\/159","targetHints":{"allow":["GET"]}}],"collection":[{"href":"https:\/\/semmelweis.hu\/mental\/wp-json\/wp\/v2\/pages"}],"about":[{"href":"https:\/\/semmelweis.hu\/mental\/wp-json\/wp\/v2\/types\/page"}],"author":[{"embeddable":true,"href":"https:\/\/semmelweis.hu\/mental\/wp-json\/wp\/v2\/users\/101790"}],"replies":[{"embeddable":true,"href":"https:\/\/semmelweis.hu\/mental\/wp-json\/wp\/v2\/comments?post=159"}],"version-history":[{"count":12,"href":"https:\/\/semmelweis.hu\/mental\/wp-json\/wp\/v2\/pages\/159\/revisions"}],"predecessor-version":[{"id":8113,"href":"https:\/\/semmelweis.hu\/mental\/wp-json\/wp\/v2\/pages\/159\/revisions\/8113"}],"up":[{"embeddable":true,"href":"https:\/\/semmelweis.hu\/mental\/wp-json\/wp\/v2\/pages\/21"}],"wp:attachment":[{"href":"https:\/\/semmelweis.hu\/mental\/wp-json\/wp\/v2\/media?parent=159"}],"wp:term":[{"taxonomy":"category","embeddable":true,"href":"https:\/\/semmelweis.hu\/mental\/wp-json\/wp\/v2\/categories?post=159"},{"taxonomy":"post_tag","embeddable":true,"href":"https:\/\/semmelweis.hu\/mental\/wp-json\/wp\/v2\/tags?post=159"}],"curies":[{"name":"wp","href":"https:\/\/api.w.org\/{rel}","templated":true}]}}