{"id":155,"date":"2018-06-08T00:00:00","date_gmt":"2018-06-07T22:00:00","guid":{"rendered":"http:\/\/semmelweis.hu\/mental\/aktualis-kutatasok\/"},"modified":"2025-06-07T01:07:21","modified_gmt":"2025-06-06T23:07:21","slug":"aktualis-kutatasok","status":"publish","type":"page","link":"https:\/\/semmelweis.hu\/mental\/kutatas-fejlesztes\/aktualis-kutatasok\/","title":{"rendered":"Aktu\u00e1lis kutat\u00e1sok"},"content":{"rendered":"<p style=\"text-align: center\"><strong>A Ment\u00e1lhigi\u00e9n\u00e9 Int\u00e9zet aktu\u00e1lis kutat\u00e1sai<\/strong><\/p>\n<p>A Ment\u00e1lhigi\u00e9n\u00e9 Int\u00e9zet kutat\u00e1si tev\u00e9kenys\u00e9ge t\u00f6bb tematikus s\u00falypont k\u00f6r\u00fcl szervez\u0151dik. Kutat\u00e1saink k\u00f6z\u00f6s von\u00e1sai:<\/p>\n<ul>\n<li>a lelki eg\u00e9szs\u00e9g t\u00f6bbszint\u0171 (egy\u00e9ni, k\u00f6z\u00f6ss\u00e9gi \u00e9s t\u00e1rsadalmi) \u00f6sszetev\u0151inek \u00e9s meghat\u00e1roz\u00f3inak kutat\u00e1sa<\/li>\n<li>a ment\u00e1lhigi\u00e9n\u00e9 t\u00f6bb tudom\u00e1nyter\u00fcletre kiterjed\u0151, interdiszciplin\u00e1ris megk\u00f6zel\u00edt\u00e9se<\/li>\n<li>m\u00f3dszertani soksz\u00edn\u0171s\u00e9g.<\/li>\n<\/ul>\n<p>A Ment\u00e1lhigi\u00e9n\u00e9 Kutat\u00f3m\u0171hely (MKM) fel\u00e9p\u00edt\u00e9s\u00e9t e <a href=\"https:\/\/semmelweis.hu\/mental\/files\/2025\/03\/SE-Mentalhigiene-Kutatomuhely-felepitese_2025.pdf\">let\u00f6lthet\u0151 \u00e1br\u00e1n<\/a> olvashatja.<\/p>\n<p><span style=\"font-size: 1rem\">A 2025-ben aktu\u00e1lisan fut\u00f3 \u00e9s tervezett kutat\u00e1saink r\u00f6vid le\u00edr\u00e1s\u00e1t <a href=\"https:\/\/semmelweis.hu\/mental\/files\/2025\/06\/SE-Mentalhigiene-Intezet_futo-es-tervezett-kutatasok_2025.pdf\">itt tal\u00e1lhatj\u00e1k<\/a>.<\/span><\/p>\n<p>&nbsp;<\/p>\n<p><strong>Kor\u00e1bbi kutat\u00e1si f\u00fczetek<\/strong><\/p>\n<p><span style=\"font-size: 1rem\">2024-es kutat\u00e1si f\u00fczet<\/span> <a href=\"https:\/\/semmelweis.hu\/mental\/files\/2024\/04\/SE-Mentalhigiene-Intezet_futo-es-tervezett-kutatasok_2024.pdf\">itt tal\u00e1lhat\u00f3<\/a><span style=\"font-size: 1rem\">.<\/span><\/p>\n<p>2023-as kutat\u00e1si f\u00fczet <a href=\"https:\/\/semmelweis.hu\/mental\/files\/2023\/02\/SE-Mentalhigiene-Intezet_futo-es-tervezett-kutatasok_2023.pdf\">itt tal\u00e1lhat\u00f3<\/a>.<\/p>\n<p>2022-es kutat\u00e1si f\u00fczet <a href=\"https:\/\/semmelweis.hu\/mental\/files\/2022\/03\/SE-Mentalhigiene-Intezet_futo-es-tervezett-kutatasok_2022.pdf\">itt tal\u00e1lhat\u00f3<\/a>.<\/p>\n<div class=\"hidden-content\">\n<p>&nbsp;<\/p>\n<\/div>\n","protected":false},"excerpt":{"rendered":"<p>A Ment\u00e1lhigi\u00e9n\u00e9 Int\u00e9zet aktu\u00e1lis kutat\u00e1sai A Ment\u00e1lhigi\u00e9n\u00e9 Int\u00e9zet kutat\u00e1si tev\u00e9kenys\u00e9ge t\u00f6bb tematikus s\u00falypont k\u00f6r\u00fcl szervez\u0151dik. Kutat\u00e1saink k\u00f6z\u00f6s von\u00e1sai: a lelki eg\u00e9szs\u00e9g t\u00f6bbszint\u0171 (egy\u00e9ni, k\u00f6z\u00f6ss\u00e9gi \u00e9s t\u00e1rsadalmi) \u00f6sszetev\u0151inek \u00e9s meghat\u00e1roz\u00f3inak kutat\u00e1sa a ment\u00e1lhigi\u00e9n\u00e9 t\u00f6bb tudom\u00e1nyter\u00fcletre kiterjed\u0151, interdiszciplin\u00e1ris megk\u00f6zel\u00edt\u00e9se m\u00f3dszertani soksz\u00edn\u0171s\u00e9g. A Ment\u00e1lhigi\u00e9n\u00e9 Kutat\u00f3m\u0171hely (MKM) fel\u00e9p\u00edt\u00e9s\u00e9t e <a href=\"https:\/\/semmelweis.hu\/mental\/files\/2025\/03\/SE-Mentalhigiene-Kutatomuhely-felepitese_2025.pdf\">let\u00f6lthet\u0151 \u00e1br\u00e1n<\/a> olvashatja. A 2025-ben aktu\u00e1lisan fut\u00f3 \u00e9s tervezett kutat\u00e1saink r\u00f6vid le\u00edr\u00e1s\u00e1t &hellip;<\/p>\n","protected":false},"author":101790,"featured_media":0,"parent":20,"menu_order":1,"comment_status":"closed","ping_status":"closed","template":"","meta":{"_acf_changed":false,"footnotes":""},"categories":[],"tags":[],"class_list":["post-155","page","type-page","status-publish","hentry"],"acf":[],"_links":{"self":[{"href":"https:\/\/semmelweis.hu\/mental\/wp-json\/wp\/v2\/pages\/155","targetHints":{"allow":["GET"]}}],"collection":[{"href":"https:\/\/semmelweis.hu\/mental\/wp-json\/wp\/v2\/pages"}],"about":[{"href":"https:\/\/semmelweis.hu\/mental\/wp-json\/wp\/v2\/types\/page"}],"author":[{"embeddable":true,"href":"https:\/\/semmelweis.hu\/mental\/wp-json\/wp\/v2\/users\/101790"}],"replies":[{"embeddable":true,"href":"https:\/\/semmelweis.hu\/mental\/wp-json\/wp\/v2\/comments?post=155"}],"version-history":[{"count":13,"href":"https:\/\/semmelweis.hu\/mental\/wp-json\/wp\/v2\/pages\/155\/revisions"}],"predecessor-version":[{"id":5032,"href":"https:\/\/semmelweis.hu\/mental\/wp-json\/wp\/v2\/pages\/155\/revisions\/5032"}],"up":[{"embeddable":true,"href":"https:\/\/semmelweis.hu\/mental\/wp-json\/wp\/v2\/pages\/20"}],"wp:attachment":[{"href":"https:\/\/semmelweis.hu\/mental\/wp-json\/wp\/v2\/media?parent=155"}],"wp:term":[{"taxonomy":"category","embeddable":true,"href":"https:\/\/semmelweis.hu\/mental\/wp-json\/wp\/v2\/categories?post=155"},{"taxonomy":"post_tag","embeddable":true,"href":"https:\/\/semmelweis.hu\/mental\/wp-json\/wp\/v2\/tags?post=155"}],"curies":[{"name":"wp","href":"https:\/\/api.w.org\/{rel}","templated":true}]}}