{"id":1407,"date":"2018-06-13T15:23:12","date_gmt":"2018-06-13T13:23:12","guid":{"rendered":"http:\/\/semmelweis.hu\/mental\/?page_id=1407"},"modified":"2025-12-04T14:34:53","modified_gmt":"2025-12-04T13:34:53","slug":"kozossegi-es-csaladi-mediacio","status":"publish","type":"page","link":"https:\/\/semmelweis.hu\/mental\/szakiranyu-kepzesek\/kozossegi-es-csaladi-mediacio\/","title":{"rendered":"K\u00f6z\u00f6ss\u00e9gi \u00e9s csal\u00e1di medi\u00e1ci\u00f3 szakir\u00e1ny\u00fa tov\u00e1bbk\u00e9pz\u00e9si szak"},"content":{"rendered":"<p><strong>K\u00f6z\u00f6ss\u00e9gi \u00e9s csal\u00e1di medi\u00e1ci\u00f3 szakir\u00e1ny\u00fa tov\u00e1bbk\u00e9pz\u00e9si szak<\/strong><\/p>\n<ul class=\"children\" style=\"list-style-type: square\">\n<li class=\"page_item page-item-13\">\n<h6><strong><a href=\"https:\/\/semmelweis.hu\/mental\/szakiranyu-kepzesek\/kozossegi-es-csaladi-mediacio\/kepzes-bemutatasa-mediacio\/\">K\u00e9pz\u00e9s bemutat\u00e1sa<\/a><\/strong><\/h6>\n<\/li>\n<li class=\"page_item page-item-89\">\n<h6><strong><a href=\"https:\/\/semmelweis.hu\/mental\/szakiranyu-kepzesek\/kozossegi-es-csaladi-mediacio\/tanulmanyi-program-mediacio\/\">Tanulm\u00e1nyi program<\/a><\/strong><\/h6>\n<\/li>\n<li class=\"page_item page-item-90\">\n<h6><strong><a href=\"https:\/\/semmelweis.hu\/mental\/szakiranyu-kepzesek\/kozossegi-es-csaladi-mediacio\/kontaktszemelyek\/\">Kontaktszem\u00e9lyek<\/a><\/strong><\/h6>\n<\/li>\n<li class=\"page_item page-item-91\">\n<h6><strong><a href=\"https:\/\/semmelweis.hu\/mental\/szakiranyu-kepzesek\/kozossegi-es-csaladi-mediacio\/felvetel-a-kepzesre-mediacio\/\">Felv\u00e9tel a k\u00e9pz\u00e9sre<\/a><\/strong><\/h6>\n<\/li>\n<li class=\"page_item page-item-3724\">\n<h6><strong><a href=\"https:\/\/semmelweis.hu\/mental\/szakiranyu-kepzesek\/kozossegi-es-csaladi-mediacio\/aktualis-tajekoztatok-hallgatoknak\/\">AKTU\u00c1LIS T\u00c1J\u00c9KOZTAT\u00d3K, \u00d3RAREND HALLGAT\u00d3KNAK<\/a><\/strong><\/h6>\n<\/li>\n<\/ul>\n","protected":false},"excerpt":{"rendered":"<p>K\u00f6z\u00f6ss\u00e9gi \u00e9s csal\u00e1di medi\u00e1ci\u00f3 szakir\u00e1ny\u00fa tov\u00e1bbk\u00e9pz\u00e9si szak<\/p>\n<p><a href=\"https:\/\/semmelweis.hu\/mental\/szakiranyu-kepzesek\/kozossegi-es-csaladi-mediacio\/kepzes-bemutatasa-mediacio\/\">K\u00e9pz\u00e9s bemutat\u00e1sa<\/a><\/p>\n<p><a href=\"https:\/\/semmelweis.hu\/mental\/szakiranyu-kepzesek\/kozossegi-es-csaladi-mediacio\/tanulmanyi-program-mediacio\/\">Tanulm\u00e1nyi program<\/a><\/p>\n<p><a href=\"https:\/\/semmelweis.hu\/mental\/szakiranyu-kepzesek\/kozossegi-es-csaladi-mediacio\/kontaktszemelyek\/\">Kontaktszem\u00e9lyek<\/a><\/p>\n<p><a href=\"https:\/\/semmelweis.hu\/mental\/szakiranyu-kepzesek\/kozossegi-es-csaladi-mediacio\/felvetel-a-kepzesre-mediacio\/\">Felv\u00e9tel a k\u00e9pz\u00e9sre<\/a><\/p>\n<p><a href=\"https:\/\/semmelweis.hu\/mental\/szakiranyu-kepzesek\/kozossegi-es-csaladi-mediacio\/aktualis-tajekoztatok-hallgatoknak\/\">AKTU\u00c1LIS T\u00c1J\u00c9KOZTAT\u00d3K, \u00d3RAREND HALLGAT\u00d3KNAK<\/a><\/p>\n","protected":false},"author":101790,"featured_media":0,"parent":1215,"menu_order":5,"comment_status":"closed","ping_status":"closed","template":"","meta":{"_acf_changed":false,"footnotes":""},"categories":[],"tags":[],"class_list":["post-1407","page","type-page","status-publish","hentry"],"acf":[],"_links":{"self":[{"href":"https:\/\/semmelweis.hu\/mental\/wp-json\/wp\/v2\/pages\/1407","targetHints":{"allow":["GET"]}}],"collection":[{"href":"https:\/\/semmelweis.hu\/mental\/wp-json\/wp\/v2\/pages"}],"about":[{"href":"https:\/\/semmelweis.hu\/mental\/wp-json\/wp\/v2\/types\/page"}],"author":[{"embeddable":true,"href":"https:\/\/semmelweis.hu\/mental\/wp-json\/wp\/v2\/users\/101790"}],"replies":[{"embeddable":true,"href":"https:\/\/semmelweis.hu\/mental\/wp-json\/wp\/v2\/comments?post=1407"}],"version-history":[{"count":4,"href":"https:\/\/semmelweis.hu\/mental\/wp-json\/wp\/v2\/pages\/1407\/revisions"}],"predecessor-version":[{"id":8408,"href":"https:\/\/semmelweis.hu\/mental\/wp-json\/wp\/v2\/pages\/1407\/revisions\/8408"}],"up":[{"embeddable":true,"href":"https:\/\/semmelweis.hu\/mental\/wp-json\/wp\/v2\/pages\/1215"}],"wp:attachment":[{"href":"https:\/\/semmelweis.hu\/mental\/wp-json\/wp\/v2\/media?parent=1407"}],"wp:term":[{"taxonomy":"category","embeddable":true,"href":"https:\/\/semmelweis.hu\/mental\/wp-json\/wp\/v2\/categories?post=1407"},{"taxonomy":"post_tag","embeddable":true,"href":"https:\/\/semmelweis.hu\/mental\/wp-json\/wp\/v2\/tags?post=1407"}],"curies":[{"name":"wp","href":"https:\/\/api.w.org\/{rel}","templated":true}]}}