{"id":14,"date":"2018-06-08T00:00:00","date_gmt":"2018-06-07T22:00:00","guid":{"rendered":"http:\/\/semmelweis.hu\/mental\/doktori-kepzes\/"},"modified":"2026-03-18T11:10:06","modified_gmt":"2026-03-18T10:10:06","slug":"doktori-kepzes","status":"publish","type":"page","link":"https:\/\/semmelweis.hu\/mental\/doktori-kepzes\/","title":{"rendered":"Doktori k\u00e9pz\u00e9s"},"content":{"rendered":"<div><span style=\"color: #000080\"><b data-olk-copy-source=\"MailCompose\">Kedves PhD k\u00e9pz\u00e9s ir\u00e1nt \u00e9rdekl\u0151d\u0151 hallgat\u00f3k, koll\u00e9g\u00e1k!<\/b><\/span><\/div>\n<div><span style=\"color: #000080\"><b>\u00a0<\/b><\/span><\/div>\n<div><span style=\"color: #000080\"><b>Szeretettel h\u00edvjuk meg \u00d6n\u00f6ket a Semmelweis Egyetem Doktori Iskola <em>I<\/em><i>nterdiszciplin\u00e1ris t\u00e1rsadalomtudom\u00e1nyok doktori programj\u00e1nak <\/i>t\u00e1j\u00e9koztat\u00f3j\u00e1ra, az \u00fan. Doktori Sv\u00e9dasztal elnevez\u00e9s\u0171 tal\u00e1lkoz\u00f3ra!<\/b><\/span><\/div>\n<div>\u00a0<\/div>\n<div><span style=\"color: #000080\"><b>Id\u0151pont: 2026. m\u00e1rcius 23-\u00e1n h\u00e9tf\u0151 16.00-18.00-ig<\/b><\/span><\/div>\n<div><span style=\"color: #ff0000\"><b>Helysz\u00edn<\/b><\/span><span style=\"color: #000080\"><b>: Nagyv\u00e1rad t\u00e9ri Elm\u00e9leti T\u00f6mb (NET) Barna el\u0151ad\u00f3terem (<\/b><\/span><span style=\"color: #000080\"><b>C\u00edm: 1089 Budapest, Nagyv\u00e1radt\u00e9r 4.)<\/b><\/span><\/div>\n<div><span style=\"color: #000080\"><b>\u00a0<\/b><\/span><\/div>\n<div><span style=\"color: #000080\"><b>A t\u00e1j\u00e9koztat\u00f3n bemutat\u00e1sra ker\u00fcl a doktori program k\u00e9pz\u00e9si terve, a jelentkez\u00e9s felt\u00e9telei, valamint bemutatkozik n\u00e9h\u00e1ny t\u00e9mavezet\u0151 is.<\/b><\/span><\/div>\n<div><span style=\"color: #000080\"><b>\u00a0<\/b><\/span><\/div>\n<div><span style=\"color: #000080\"><b>K\u00e9rj\u00fck, hogy az alapinform\u00e1ci\u00f3kr\u00f3l t\u00e1j\u00e9koz\u00f3djanak a tal\u00e1lkoz\u00f3 el\u0151tt, \u00e9s hozz\u00e1k el k\u00e9rd\u00e9seiket, dilemm\u00e1ikat.<\/b><\/span><\/div>\n<div><span style=\"color: #000080\"><b><a id=\"OWA9611aac2-4c96-553d-54fb-0d4dc2eb2b9d\" class=\"x_x_x_x_OWAAutoLink\" href=\"https:\/\/semmelweis.hu\/phd\/\">https:\/\/semmelweis.hu\/phd\/<\/a><\/b><\/span><\/div>\n<div><span style=\"color: #000080\"><b><a id=\"OWA9d1c4a96-7e40-8ad1-9c62-453b77e1ad7f\" class=\"x_x_x_x_OWAAutoLink\" href=\"https:\/\/semmelweis.hu\/mental\/doktori-kepzes\/\">https:\/\/semmelweis.hu\/mental\/doktori-kepzes\/<\/a><\/b><\/span><\/div>\n<div><span style=\"color: #000080\"><b>\u00a0<\/b><\/span><\/div>\n<div><span style=\"color: #000080\"><b>K\u00e9rj\u00fck, hogy r\u00e9szv\u00e9teli sz\u00e1nd\u00e9kukat jelezz\u00e9k az al\u00e1bbi r\u00f6vid k\u00e9rd\u0151\u00edvben:<\/b><\/span><\/div>\n<div><span style=\"color: #000080\"><b><a id=\"OWA588db63b-9875-4d8b-ccd0-6140eb6b94a1\" class=\"x_x_x_x_OWAAutoLink\" href=\"https:\/\/docs.google.com\/forms\/d\/e\/1FAIpQLSe6khZ8laTuKfSNWLJIhe08pzwfamo9Yw2GDBYex1C8QFLOZg\/viewform?usp=sharing\">https:\/\/docs.google.com\/forms\/d\/e\/1FAIpQLSe6khZ8laTuKfSNWLJIhe08pzwfamo9Yw2GDBYex1C8QFLOZg\/viewform?usp=sharing<\/a><\/b><\/span><\/div>\n<div><span style=\"color: #000080\"><b>\u00a0<\/b><\/span><\/div>\n<div><span style=\"color: #000080\"><b>Minden \u00e9rdekl\u0151d\u0151t szeretettel v\u00e1runk!<\/b><\/span><\/div>\n<div><span style=\"color: #000080\"><b>\u00a0<\/b><\/span><\/div>\n<div><span style=\"color: #000080\"><b>A doktori program t\u00e9mavezet\u0151inek \u00e9s oktat\u00f3inak nev\u00e9ben,<\/b><\/span><\/div>\n<div><span style=\"color: #000080\"><b>Prof. Dr. Pethesn\u00e9 D\u00e1vid Be\u00e1ta, int\u00e9zetigazgat\u00f3, d\u00e9k\u00e1n, a doktori program vezet\u0151je \u00e9s<\/b><\/span><\/div>\n<div><span style=\"color: #000080\"><b>Dr. Danis Ildik\u00f3, tudom\u00e1nyos f\u0151munkat\u00e1rs, a doktori program helyettes vezet\u0151je<\/b><\/span><\/div>\n<p>&nbsp;<\/p>\n<p>&nbsp;<\/p>\n<p style=\"text-align: justify\"><span style=\"font-size: 1rem\">A Semmelweis Egyetem Doktori Iskola Ment\u00e1lis Eg\u00e9szs\u00e9gtudom\u00e1nyok Tagozat\u00e1nak <strong>Interdiszciplin\u00e1ris T\u00e1rsadalomtudom\u00e1nyok Programja<\/strong>\u00a0<\/span><span style=\"font-size: 1rem\">a Ment\u00e1lhigi\u00e9n\u00e9 Int\u00e9zet<\/span><span style=\"font-size: 1rem\">\u00a0vezet\u00e9s\u00e9vel, <\/span><span style=\"font-size: 1rem\">\u00a0munkat\u00e1rsainak akt\u00edv k\u00f6zrem\u0171k\u00f6d\u00e9s\u00e9vel<\/span><span style=\"font-size: 1rem\">\u00a0zajlik. A doktori program <\/span><span style=\"font-size: 1rem\">az eg\u00e9szs\u00e9gtudom\u00e1nyok \u00e9s a t\u00e1rsadalomtudom\u00e1nyok hat\u00e1rter\u00fcletein helyezkedik el<\/span><span style=\"font-size: 1rem\">. <\/span><span style=\"font-size: 1rem\">F\u0151 hangs\u00falyain\u00e1l fogva a szociol\u00f3gia tudom\u00e1ny\u00e1ghoz tartozik, azonban interdiszciplin\u00e1ris szeml\u00e9letben a pszichol\u00f3gia, a ment\u00e1lhigi\u00e9n\u00e9, a pedag\u00f3gia \u00e9s egy\u00e9b tudom\u00e1ny\u00e1gak \u00e9s alkalmazott szakter\u00fcletek ismeretanyagait is integr\u00e1lja az egy\u00e9nek \u00e9s csal\u00e1dok <\/span><span style=\"font-size: 1rem\">j\u00f3ll\u00e9t\u00e9nek, testi-lelki eg\u00e9szs\u00e9g\u00e9nek, valamint<\/span><span style=\"font-size: 1rem\"> a t\u00e1rsadalmi csoportok, k\u00f6z\u00f6ss\u00e9gek m\u0171k\u00f6d\u00e9s\u00e9nek meg\u00e9rt\u00e9se \u00e9rdek\u00e9ben.\u00a0<\/span><\/p>\n<p style=\"text-align: justify\">A doktori program, amely \u00e9vekkel ezel\u0151tt <span style=\"font-size: 1rem\">az Int\u00e9zet kezdem\u00e9nyez\u00e9s\u00e9vel j\u00f6tt l\u00e9tre, <\/span><span style=\"font-size: 1rem\">2023 j\u00fanius\u00e1t\u00f3l, <\/span><span style=\"font-size: 1rem\">az Egyetem Doktori Iskol\u00e1j\u00e1nak szervezeti \u00e1talakul\u00e1sa \u00f3ta <\/span><span style=\"font-size: 1rem\">viseli \u00faj elnevez\u00e9s\u00e9t. Kor\u00e1bban \u00e9vekig\u00a0 <\/span><em>\u201eAz egy\u00e9nek \u00e9s k\u00f6z\u00f6ss\u00e9gek er\u0151forr\u00e1sainak szociol\u00f3giai \u00e9s ment\u00e1lhigi\u00e9n\u00e9s megk\u00f6zel\u00edt\u00e9se\u201d<\/em><span style=\"font-size: 1rem\"> elnevez\u00e9s\u0171 doktori programk\u00e9nt m\u0171k\u00f6d\u00f6tt.<\/span><\/p>\n<p>A doktori program vezet\u0151je:<strong>\u00a0Dr. Pethesn\u00e9 D\u00e1vid Be\u00e1ta PhD, egyetemi tan\u00e1r<\/strong><\/p>\n<p><u>A doktori program kutat\u00e1si t\u00e9m\u00e1i \u00e9s s\u00falypontjai\u00a0az al\u00e1bbi ter\u00fcleteket \u00f6lelik fel:<\/u><\/p>\n<ul>\n<li>egy\u00e9nek, p\u00e1rok, csal\u00e1dok \u00e9s t\u00e1gabb k\u00f6z\u00f6ss\u00e9gek testi-lelki j\u00f3ll\u00e9t\u00e9nek, \u00e9letmin\u0151s\u00e9g\u00e9nek meghat\u00e1roz\u00f3i,<\/li>\n<li>mozg\u00f3s\u00edthat\u00f3 t\u00e1rsas \u00e9s k\u00f6z\u00f6ss\u00e9gi kapcsolatok,<\/li>\n<li>\u00e9rt\u00e9krend \u00e9s szimbolikus t\u0151ke (pl. vil\u00e1gn\u00e9zet, vall\u00e1s),<\/li>\n<li>szem\u00e9lyes er\u0151forr\u00e1sok \u00e9s ezek fejleszt\u00e9se,<\/li>\n<li>a testi-lelki j\u00f3ll\u00e9t t\u00e1mogat\u00e1s\u00e1nak form\u00e1lis (int\u00e9zm\u00e9nyi, szolg\u00e1ltat\u00e1si) keretei.<\/li>\n<\/ul>\n<p>Doktori programunkr\u00f3l b\u0151vebben a jobb oldali men\u00fcn kereszt\u00fcl el\u00e9rhet\u0151 oldalakon, a Ment\u00e1lis Eg\u00e9szs\u00e9gtudom\u00e1nyi Tagozatr\u00f3l pedig <a href=\"https:\/\/semmelweis.hu\/phd\/doktori-tagozatok\/mentalis-egeszsegtudomanyi-tagozat\/\" target=\"_blank\" rel=\"noopener noreferrer\"><strong>itt<\/strong><\/a> olvashat.<\/p>\n<div class=\"keretes w-100\"><a href=\"https:\/\/semmelweis.hu\/mental\/doktori-kepzes\/temavezetok-temak\/\">T\u00e9mavezet\u0151k, t\u00e9m\u00e1k<\/a><br \/><a href=\"https:\/\/semmelweis.hu\/mental\/doktori-kepzes\/jelentkezes\/\">Jelentkez\u00e9s<\/a><br \/><a href=\"https:\/\/semmelweis.hu\/mental\/doktori-kepzes\/doktori-hallgatoi-informacio\/\">Hallgat\u00f3i inform\u00e1ci\u00f3k<\/a><br \/><a href=\"https:\/\/semmelweis.hu\/mental\/doktori-kepzes\/doktori-muhely\/\">Doktori M\u0171hely<\/a><br \/><a href=\"https:\/\/semmelweis.hu\/mental\/doktori-kepzes\/kontaktszemelyek-doktori\/\">Kontaktszem\u00e9lyek<\/a><\/div>\n","protected":false},"excerpt":{"rendered":"<p>Kedves PhD k\u00e9pz\u00e9s ir\u00e1nt \u00e9rdekl\u0151d\u0151 hallgat\u00f3k, koll\u00e9g\u00e1k! \u00a0 Szeretettel h\u00edvjuk meg \u00d6n\u00f6ket a Semmelweis Egyetem Doktori Iskola Interdiszciplin\u00e1ris t\u00e1rsadalomtudom\u00e1nyok doktori programj\u00e1nak t\u00e1j\u00e9koztat\u00f3j\u00e1ra, az \u00fan. Doktori Sv\u00e9dasztal elnevez\u00e9s\u0171 tal\u00e1lkoz\u00f3ra! \u00a0 Id\u0151pont: 2026. m\u00e1rcius 23-\u00e1n h\u00e9tf\u0151 16.00-18.00-ig Helysz\u00edn: Nagyv\u00e1rad t\u00e9ri Elm\u00e9leti T\u00f6mb (NET) Barna el\u0151ad\u00f3terem (C\u00edm: 1089 Budapest, Nagyv\u00e1radt\u00e9r 4.) \u00a0 A t\u00e1j\u00e9koztat\u00f3n bemutat\u00e1sra ker\u00fcl a doktori &hellip;<\/p>\n","protected":false},"author":101790,"featured_media":0,"parent":0,"menu_order":4,"comment_status":"closed","ping_status":"closed","template":"","meta":{"_acf_changed":false,"footnotes":""},"categories":[],"tags":[],"class_list":["post-14","page","type-page","status-publish","hentry"],"acf":[],"_links":{"self":[{"href":"https:\/\/semmelweis.hu\/mental\/wp-json\/wp\/v2\/pages\/14","targetHints":{"allow":["GET"]}}],"collection":[{"href":"https:\/\/semmelweis.hu\/mental\/wp-json\/wp\/v2\/pages"}],"about":[{"href":"https:\/\/semmelweis.hu\/mental\/wp-json\/wp\/v2\/types\/page"}],"author":[{"embeddable":true,"href":"https:\/\/semmelweis.hu\/mental\/wp-json\/wp\/v2\/users\/101790"}],"replies":[{"embeddable":true,"href":"https:\/\/semmelweis.hu\/mental\/wp-json\/wp\/v2\/comments?post=14"}],"version-history":[{"count":10,"href":"https:\/\/semmelweis.hu\/mental\/wp-json\/wp\/v2\/pages\/14\/revisions"}],"predecessor-version":[{"id":9172,"href":"https:\/\/semmelweis.hu\/mental\/wp-json\/wp\/v2\/pages\/14\/revisions\/9172"}],"wp:attachment":[{"href":"https:\/\/semmelweis.hu\/mental\/wp-json\/wp\/v2\/media?parent=14"}],"wp:term":[{"taxonomy":"category","embeddable":true,"href":"https:\/\/semmelweis.hu\/mental\/wp-json\/wp\/v2\/categories?post=14"},{"taxonomy":"post_tag","embeddable":true,"href":"https:\/\/semmelweis.hu\/mental\/wp-json\/wp\/v2\/tags?post=14"}],"curies":[{"name":"wp","href":"https:\/\/api.w.org\/{rel}","templated":true}]}}