{"id":1218,"date":"2018-06-13T10:02:06","date_gmt":"2018-06-13T08:02:06","guid":{"rendered":"http:\/\/semmelweis.hu\/mental\/?page_id=1218"},"modified":"2026-02-06T13:24:41","modified_gmt":"2026-02-06T12:24:41","slug":"lelkigondozo-kepzes","status":"publish","type":"page","link":"https:\/\/semmelweis.hu\/mental\/szakiranyu-kepzesek\/lelkigondozo-kepzes\/","title":{"rendered":"Lelkigondoz\u00f3 szakir\u00e1ny\u00fa tov\u00e1bbk\u00e9pz\u00e9si szak"},"content":{"rendered":"<p>A k\u00e9pz\u00e9s jelenlegi \u00e9vfolyam\u00e1nak hallgat\u00f3ival egy m\u00e1sik fel\u00fcleten is megosztunk h\u00edrleveleket, tananyagokkal kapcsolatos inform\u00e1ci\u00f3kat, amelyr\u0151l folyamatosan t\u00e1j\u00e9koztatjuk \u0151ket.<\/p>\n<div class=\"keretes w-100\">\n<ul style=\"list-style-type: square\">\n<li class=\"w-100\"><span style=\"color: #003366\"><a href=\"https:\/\/semmelweis.hu\/mental\/szakiranyu-kepzesek\/lelkigondozoi-kepzes\/a-kepzes-bemutatasa-lelki\/\"><strong>A k\u00e9pz\u00e9s<\/strong><\/a><\/span><strong><a href=\"https:\/\/semmelweis.hu\/mental\/szakiranyu-kepzesek\/lelkigondozoi-kepzes\/a-kepzes-bemutatasa-lelki\/\"> bemutat\u00e1sa<\/a><\/strong><\/li>\n<li class=\"w-100\"><strong><a href=\"https:\/\/semmelweis.hu\/mental\/szakiranyu-kepzesek\/lelkigondozoi-kepzes\/a-kepzes-tortenete\/\">A k\u00e9pz\u00e9s t\u00f6rt\u00e9nete<\/a><\/strong><\/li>\n<li class=\"w-100\"><strong><span style=\"color: #003366\"><a href=\"https:\/\/semmelweis.hu\/mental\/szakiranyu-kepzesek\/lelkigondozo-kepzes\/tanulmanyi-program\/\" target=\"_blank\" rel=\"noopener\">Tanulm\u00e1nyi program<\/a><\/span><\/strong><\/li>\n<li class=\"w-100\"><strong><a href=\"https:\/\/semmelweis.hu\/mental\/szakiranyu-kepzesek\/lelkigondozo-kepzes\/felvetel-a-kepzesre\/\" target=\"_blank\" rel=\"noopener\">Felv\u00e9tel a k\u00e9pz\u00e9sre<\/a><\/strong><\/li>\n<li class=\"w-100\"><strong><a href=\"https:\/\/semmelweis.hu\/mental\/szakiranyu-kepzesek\/lelkigondozoi-kepzes\/kontaktszemelyek-lelki-3\/\">Kontaktszem\u00e9lyek<\/a><\/strong><\/li>\n<li class=\"w-100\"><strong><a href=\"https:\/\/semmelweis.hu\/mental\/szakiranyu-kepzesek\/lelkigondozo-kepzes\/aktualis\/\" target=\"_blank\" rel=\"noopener\">Aktu\u00e1lis<\/a><\/strong><\/li>\n<\/ul>\n<\/div>\n<p>&nbsp;<\/p>\n","protected":false},"excerpt":{"rendered":"<p>A k\u00e9pz\u00e9s jelenlegi \u00e9vfolyam\u00e1nak hallgat\u00f3ival egy m\u00e1sik fel\u00fcleten is megosztunk h\u00edrleveleket, tananyagokkal kapcsolatos inform\u00e1ci\u00f3kat, amelyr\u0151l folyamatosan t\u00e1j\u00e9koztatjuk \u0151ket.<\/p>\n<p><a href=\"https:\/\/semmelweis.hu\/mental\/szakiranyu-kepzesek\/lelkigondozoi-kepzes\/a-kepzes-bemutatasa-lelki\/\">A k\u00e9pz\u00e9s<\/a><a href=\"https:\/\/semmelweis.hu\/mental\/szakiranyu-kepzesek\/lelkigondozoi-kepzes\/a-kepzes-bemutatasa-lelki\/\"> bemutat\u00e1sa<\/a><br \/>\n<a href=\"https:\/\/semmelweis.hu\/mental\/szakiranyu-kepzesek\/lelkigondozoi-kepzes\/a-kepzes-tortenete\/\">A k\u00e9pz\u00e9s t\u00f6rt\u00e9nete<\/a><br \/>\n<a href=\"https:\/\/semmelweis.hu\/mental\/szakiranyu-kepzesek\/lelkigondozo-kepzes\/tanulmanyi-program\/\" target=\"_blank\" rel=\"noopener\">Tanulm\u00e1nyi program<\/a><br \/>\n<a href=\"https:\/\/semmelweis.hu\/mental\/szakiranyu-kepzesek\/lelkigondozo-kepzes\/felvetel-a-kepzesre\/\" target=\"_blank\" rel=\"noopener\">Felv\u00e9tel a k\u00e9pz\u00e9sre<\/a><br \/>\n<a href=\"https:\/\/semmelweis.hu\/mental\/szakiranyu-kepzesek\/lelkigondozoi-kepzes\/kontaktszemelyek-lelki-3\/\">Kontaktszem\u00e9lyek<\/a><br \/>\n<a href=\"https:\/\/semmelweis.hu\/mental\/szakiranyu-kepzesek\/lelkigondozo-kepzes\/aktualis\/\" target=\"_blank\" rel=\"noopener\">Aktu\u00e1lis<\/a><\/p>\n<p>&nbsp;<\/p>\n","protected":false},"author":101614,"featured_media":0,"parent":1215,"menu_order":1,"comment_status":"closed","ping_status":"closed","template":"","meta":{"_acf_changed":false,"footnotes":""},"categories":[],"tags":[],"class_list":["post-1218","page","type-page","status-publish","hentry"],"acf":[],"_links":{"self":[{"href":"https:\/\/semmelweis.hu\/mental\/wp-json\/wp\/v2\/pages\/1218","targetHints":{"allow":["GET"]}}],"collection":[{"href":"https:\/\/semmelweis.hu\/mental\/wp-json\/wp\/v2\/pages"}],"about":[{"href":"https:\/\/semmelweis.hu\/mental\/wp-json\/wp\/v2\/types\/page"}],"author":[{"embeddable":true,"href":"https:\/\/semmelweis.hu\/mental\/wp-json\/wp\/v2\/users\/101614"}],"replies":[{"embeddable":true,"href":"https:\/\/semmelweis.hu\/mental\/wp-json\/wp\/v2\/comments?post=1218"}],"version-history":[{"count":11,"href":"https:\/\/semmelweis.hu\/mental\/wp-json\/wp\/v2\/pages\/1218\/revisions"}],"predecessor-version":[{"id":8951,"href":"https:\/\/semmelweis.hu\/mental\/wp-json\/wp\/v2\/pages\/1218\/revisions\/8951"}],"up":[{"embeddable":true,"href":"https:\/\/semmelweis.hu\/mental\/wp-json\/wp\/v2\/pages\/1215"}],"wp:attachment":[{"href":"https:\/\/semmelweis.hu\/mental\/wp-json\/wp\/v2\/media?parent=1218"}],"wp:term":[{"taxonomy":"category","embeddable":true,"href":"https:\/\/semmelweis.hu\/mental\/wp-json\/wp\/v2\/categories?post=1218"},{"taxonomy":"post_tag","embeddable":true,"href":"https:\/\/semmelweis.hu\/mental\/wp-json\/wp\/v2\/tags?post=1218"}],"curies":[{"name":"wp","href":"https:\/\/api.w.org\/{rel}","templated":true}]}}