{"id":120,"date":"2018-06-08T00:00:00","date_gmt":"2018-06-07T22:00:00","guid":{"rendered":"http:\/\/semmelweis.hu\/mental\/egyuttmukodesek\/"},"modified":"2025-07-15T13:46:05","modified_gmt":"2025-07-15T11:46:05","slug":"egyuttmukodesek","status":"publish","type":"page","link":"https:\/\/semmelweis.hu\/mental\/az-intezet\/egyuttmukodesek\/","title":{"rendered":"Szakmai egy\u00fcttm\u0171k\u00f6d\u00e9sek"},"content":{"rendered":"<p style=\"text-align: justify\"><strong>Int\u00e9zet\u00fcnk kiemelt, hossz\u00fa t\u00e1v\u00fa egy\u00fcttm\u0171k\u00f6d\u0151 partnerei<\/strong><\/p>\n<p style=\"text-align: justify\"><strong><a href=\"http:\/\/www.antroposegyesulet.hu\/\">Antropos Egyes\u00fclet<\/a><\/strong><\/p>\n<p style=\"text-align: justify\"><span style=\"font-size: 1rem\">Az Antropos Egyes\u00fclet a Semmelweis Egyetem Ment\u00e1lhigi\u00e9n\u00e9 Int\u00e9zet\u00e9ben v\u00e9gzett k\u00fcl\u00f6nb\u00f6z\u0151 hum\u00e1n foglalkoz\u00e1s\u00fa ment\u00e1lhigi\u00e9n\u00e9s szakembereket \u00e9s lelkigondoz\u00f3kat k\u00e9pvisel\u0151 egyes\u00fclet. <\/span><span style=\"font-size: 1rem\">Az egyes\u00fclet int\u00e9zet\u00fcnkkel folyamatos egy\u00fcttm\u0171k\u00f6d\u00e9sben szervezi szakmai programjait.<\/span><\/p>\n<p style=\"text-align: justify\">Az Egyes\u00fclet c\u00e9lja:<\/p>\n<ul style=\"text-align: justify\">\n<li>a szakemberek k\u00f6z\u00f6tti egy\u00fcttm\u0171k\u00f6d\u00e9s el\u0151seg\u00edt\u00e9se<\/li>\n<li>orsz\u00e1gos \u00e9s region\u00e1lis h\u00e1l\u00f3zatok l\u00e9trehoz\u00e1sa<\/li>\n<li>a tagok szakmai tov\u00e1bbfejl\u0151d\u00e9s\u00e9nek el\u0151seg\u00edt\u00e9se<\/li>\n<li>a tagok t\u00e1mogat\u00e1sa abban, hogy min\u00e9l hat\u00e9konyabban seg\u00edts\u00e9k el\u0151 saj\u00e1t k\u00f6z\u00f6ss\u00e9geikben \u00e9s tev\u00e9kenys\u00e9gi k\u00f6r\u00fckben a<\/li>\n<li>lelki eg\u00e9szs\u00e9gv\u00e9delmet, a k\u00f6z\u00f6ss\u00e9gi ment\u00e1lhigi\u00e9n\u00e9 elterjed\u00e9s\u00e9t, a primer prevenci\u00f3t<\/li>\n<li>kapcsolat kialak\u00edt\u00e1sa a ment\u00e1lhigi\u00e9n\u00e9 ter\u00fclet\u00e9n tev\u00e9kenyked\u0151 hazai \u00e9s k\u00fclf\u00f6ldi szakemberekkel \u00e9s szervezetekkel<\/li>\n<li>ment\u00e1lhigi\u00e9n\u00e9 ter\u00fclet\u00e9n kutat\u00e1sokat v\u00e9gz\u00fcnk, az eredm\u00e9nyeket szakmai k\u00f6rben publik\u00e1ljuk<\/li>\n<li>a ment\u00e1lhigi\u00e9n\u00e9s ismereteket sz\u00e9les k\u00f6rben is \u00e1tadjuk<\/li>\n<\/ul>\n<hr \/>\n<p style=\"text-align: justify\"><strong><a href=\"https:\/\/antroposkozpont.hu\/\" target=\"_blank\" rel=\"noopener noreferrer\">Antropos Ment\u00e1lhigi\u00e9n\u00e9s M\u00f3dszertani K\u00f6zpont<\/a><\/strong> (AMMK)<\/p>\n<p style=\"text-align: justify\">Az Antropos Ment\u00e1lhigi\u00e9n\u00e9s M\u00f3dszertani K\u00f6zpont 2017-ben indult a H\u00edd lelkigondoz\u00f3i szolg\u00e1lat jogut\u00f3djak\u00e9nt. Fenntart\u00f3ja az Antropos Ment\u00e1lhygi\u00e9n\u00e9s Egyes\u00fclet, \u00e1lland\u00f3 egy\u00fcttm\u0171k\u00f6d\u0151 partnere a Semmelweis Egyetem Ment\u00e1lhigi\u00e9n\u00e9 Int\u00e9zete. Els\u0151dleges c\u00e9lja k\u00fcl\u00f6nb\u00f6z\u0151 szakter\u00fcleteken (lelkigondoz\u00e1s, ment\u00e1lhigi\u00e9n\u00e9s seg\u00edt\u0151 besz\u00e9lget\u00e9s, csal\u00e1d- \u00e9s p\u00e1rter\u00e1pia, medi\u00e1ci\u00f3, lakt\u00e1ci\u00f3s szaktan\u00e1csad\u00e1s) magas szint\u0171 ment\u00e1lhigi\u00e9n\u00e9s ell\u00e1t\u00e1s biztos\u00edt\u00e1sa a k\u00f6zpontot felkeres\u0151 kliensek sz\u00e1m\u00e1ra. C\u00e9lja tov\u00e1bb\u00e1 a szakemberek \u00f6sszefog\u00e1sa, folyamatos tov\u00e1bbk\u00e9pz\u00e9se, \u00faj seg\u00edt\u0151i \/ ter\u00e1pi\u00e1s m\u00f3dszerek meghonos\u00edt\u00e1sa \u00e9s oktat\u00e1sa, \u00e9s a seg\u00edt\u0151 tev\u00e9kenys\u00e9g kutat\u00e1sa, egy\u00fcttm\u0171k\u00f6dve az SE Ment\u00e1lhigi\u00e9n\u00e9 Int\u00e9zettel.<\/p>\n<p style=\"text-align: justify\">Az Antropos Ment\u00e1lhigi\u00e9n\u00e9s M\u00f3dszertani K\u00f6zpont terephelyet biztos\u00edt az SE Ment\u00e1lhigi\u00e9n\u00e9 Int\u00e9zet egyes k\u00e9pz\u00e9sei sz\u00e1m\u00e1ra. A kliensek ell\u00e1t\u00e1s\u00e1ban r\u00e9sztvev\u0151 munkat\u00e1rsai r\u00e9szben az Int\u00e9zet oktat\u00f3i, r\u00e9szben v\u00e9gzett hallgat\u00f3i. Az egy\u00fcttm\u0171k\u00f6d\u00e9s fontos pill\u00e9re a kutat\u00e1s, 2021 \u00e1prilis\u00e1t\u00f3l ind\u00edtottunk kutat\u00e1st a seg\u00edt\u0151 folyamatok hat\u00e1soss\u00e1g\u00e1nak vizsg\u00e1lat\u00e1ra.<\/p>\n<p style=\"text-align: justify\"><strong>A K\u00f6zpont szolg\u00e1ltat\u00e1sai:<\/strong><\/p>\n<ul style=\"text-align: justify\">\n<li>ment\u00e1lhigi\u00e9n\u00e9s seg\u00edt\u0151 besz\u00e9lget\u00e9s<\/li>\n<li>lelkigondoz\u00e1s<\/li>\n<li>p\u00e1r- \u00e9s csal\u00e1dter\u00e1pia<\/li>\n<li>lakt\u00e1ci\u00f3s szaktan\u00e1csad\u00e1s<\/li>\n<li>szuperv\u00edzi\u00f3<\/li>\n<li>medi\u00e1ci\u00f3<\/li>\n<li>\u00f6nismereti csoportok<\/li>\n<li>tov\u00e1bbk\u00e9pz\u00e9sek egyh\u00e1zi szem\u00e9lyek sz\u00e1m\u00e1ra<\/li>\n<li>tov\u00e1bbk\u00e9pz\u00e9sek seg\u00edt\u0151 foglalkoz\u00e1s\u00faak sz\u00e1m\u00e1ra<\/li>\n<\/ul>\n<p style=\"text-align: justify\"><strong>Bejelentkez\u00e9s, inform\u00e1ci\u00f3:<\/strong><\/p>\n<p style=\"text-align: justify\">B\u0151vebb t\u00e1j\u00e9koztat\u00e1st a szolg\u00e1ltat\u00e1sokr\u00f3l \u00e9s az AMMK-r\u00f3l az\u00a0<a href=\"https:\/\/antroposkozpont.hu\/\" target=\"_blank\" rel=\"noopener noreferrer\">antroposkozpont.hu<\/a>\u00a0internetes oldalon olvashat. Online bejelentkez\u00e9sre is a honlapon kereszt\u00fcl van lehet\u0151s\u00e9g.<\/p>\n<p style=\"text-align: justify\"><strong>El\u00e9rhet\u0151s\u00e9gek:<\/strong><\/p>\n<p style=\"text-align: justify\">C\u00edm: 1091 Budapest, \u00dcll\u0151i \u00fat 119, 1. emelet 20<\/p>\n<p style=\"text-align: justify\">e-mail:\u00a0<strong><a href=\"mailto:iroda@antroposkozpont.hu\">iroda@antroposkozpont.hu<\/a><\/strong><\/p>\n<p style=\"text-align: justify\">telefon: 20 6632 848 (h\u00e9tf\u0151n \u00e9s szerd\u00e1n 9-12 k\u00f6z\u00f6tt)<\/p>\n<p style=\"text-align: justify\">honlapc\u00edm:\u00a0<strong><a href=\"https:\/\/antroposkozpont.hu\/\" target=\"_blank\" rel=\"noopener noreferrer\">antroposkozpont.hu<\/a><\/strong><\/p>\n<hr \/>\n<p style=\"text-align: justify\"><strong><a href=\"http:\/\/www.eft-parterapia.hu\/\" target=\"_blank\" rel=\"noopener noreferrer\">\u00c9rzelem F\u00f3kusz\u00fa Csal\u00e1d- \u00e9s P\u00e1rter\u00e1pi\u00e1s Alap\u00edtv\u00e1ny<\/a><\/strong>\u00a0<\/p>\n<p style=\"text-align: justify\">Az \u00c9FT Alap\u00edtv\u00e1ny kiemelt c\u00e9ljai:<\/p>\n<ul style=\"text-align: justify\">\n<li>a hazai EFT kutat\u00e1sok anyagi \u00e9s m\u00f3dszertani t\u00e1mogat\u00e1sa, a foly\u00f3 kutat\u00e1sok \u00f6sszehangol\u00e1sa, eur\u00f3pai kutat\u00e1si egy\u00fcttm\u0171k\u00f6d\u00e9sek kialak\u00edt\u00e1sa \u00e9s koordin\u00e1l\u00e1sa.<\/li>\n<li>az EFT elm\u00e9leti \u00e9s gyakorlati ismereteire \u00e9p\u00fcl\u0151, prevenci\u00f3s szeml\u00e9let\u0171, csoportos eduk\u00e1ci\u00f3s program az un. Hold Me Tight (Tarts szorosan) program magyarorsz\u00e1gi meghonos\u00edt\u00e1sa.<\/li>\n<li>magyar nyelv\u0171 EFT oktat\u00e1si seg\u00e9danyagok megjelentet\u00e9se, hozz\u00e1f\u00e9rhet\u0151v\u00e9 t\u00e9tele a hazai szakemberek sz\u00e1m\u00e1ra.<\/li>\n<\/ul>\n<hr \/>\n<p style=\"text-align: justify\"><strong><a href=\"https:\/\/tk.hu\/tk-csaladtudomanyi-kutatasi-centrum\">T\u00e1rsadalomtudom\u00e1nyi Kutat\u00f3k\u00f6zpont Csal\u00e1dtudom\u00e1nyi Kutat\u00e1si Centrum<\/a><\/strong><\/p>\n<p style=\"text-align: justify\">A Csal\u00e1dtudom\u00e1nyi Kutat\u00e1si Centrum a T\u00e1rsadalomtudom\u00e1nyi Kutat\u00f3k\u00f6zpont k\u00fcl\u00f6nf\u00e9le int\u00e9zeteiben foly\u00f3, a csal\u00e1dokhoz kapcsolhat\u00f3 kutat\u00e1sok interdiszciplin\u00e1ris f\u00f3ruma. Misszi\u00f3ja a csal\u00e1dok stabilit\u00e1s\u00e1nak, a csal\u00e1don bel\u00fcli kapcsolatok er\u0151s\u00f6d\u00e9s\u00e9nek \u00e9s a csal\u00e1dtagok j\u00f3l-l\u00e9te n\u00f6vel\u00e9s\u00e9nek el\u0151seg\u00edt\u00e9se alapkutat\u00e1si eredm\u00e9nyek gy\u0171jt\u00e9se, gener\u00e1l\u00e1sa \u00e9s k\u00f6zz\u00e9t\u00e9tele r\u00e9v\u00e9n. Int\u00e9zet\u00fcnk c\u00e9lja szakmai partnerk\u00e9nt a Centrum kutat\u00e1si eredm\u00e9nyeinek oktat\u00e1sba val\u00f3 becsatorn\u00e1z\u00e1sa, valamint oktat\u00e1si seg\u00e9danyagok elk\u00e9sz\u00edt\u00e9s\u00e9ben \u00e9s kutat\u00e1si projektekben val\u00f3 egy\u00fcttm\u0171k\u00f6d\u00e9s.<\/p>\n<hr \/>\n<p style=\"text-align: justify\"><strong><a href=\"https:\/\/szoptatasert.hu\/\">A Szoptat\u00e1s\u00e9rt Magyar Egyes\u00fclet<\/a><\/strong><\/p>\n<p style=\"text-align: justify\">A hazai \u00e9s nemzetk\u00f6zi v\u00e9gzetts\u00e9g megszerz\u00e9s\u00e9t c\u00e9lul kit\u0171z\u0151 <em>lakt\u00e1ci\u00f3s szaktan\u00e1csad\u00f3 szakir\u00e1ny\u00fa tov\u00e1bbk\u00e9pz\u00e9st<\/em> int\u00e9zet\u00fcnk az egyes\u00fclettel egy\u00fcttm\u0171k\u00f6d\u00e9sben szervezi.<\/p>\n<hr \/>\n<p style=\"text-align: justify\"><strong>Dial\u00f3gus (P\u00e1rbesz\u00e9d) Alap\u00edtv\u00e1ny<\/strong><\/p>\n<p style=\"text-align: justify\">A P\u00e1rbesz\u00e9d (Dial\u00f3gus) Alap\u00edtv\u00e1ny t\u00f6bb \u00e9vtizede t\u00e1mogatja a Ment\u00e1lhigi\u00e9n\u00e9 Int\u00e9zet k\u00e9pz\u00e9seihez kapcsol\u00f3d\u00f3 szakk\u00f6nyvek \u00e9s egy\u00e9b kiadv\u00e1nyok megjelentet\u00e9s\u00e9t.<\/p>\n<hr \/>\n<p style=\"text-align: justify\"><strong><a href=\"http:\/\/3sz.hu\/tartalom\/magyarorszagi-szocialis-szakemberek-kepzeseert-egyesulet\" target=\"null\" rel=\"noopener noreferrer\">Magyarorsz\u00e1gi Szoci\u00e1lis Szakemberek K\u00e9pz\u00e9s\u00e9\u00e9rt Egyes\u00fclet (Iskolasz\u00f6vets\u00e9g)<\/a><\/strong><\/p>\n<p style=\"text-align: justify\">Szoci\u00e1lis munka mesterk\u00e9pz\u00e9s\u00fcnk elind\u00edt\u00e1sa, 2007 \u00f3ta int\u00e9zet\u00fcnk a szoci\u00e1lis szakembereket k\u00e9pz\u0151 int\u00e9zm\u00e9nyeket t\u00f6m\u00f6r\u00edt\u0151 egyes\u00fclet egyik tagszervezete.<\/p>\n<hr \/>\n<p style=\"text-align: justify\"><strong><a href=\"https:\/\/eurocarers.org\/\">Eurocarers<\/a><\/strong><\/p>\n<p style=\"text-align: justify\">A Eurocarers az inform\u00e1lis gondoz\u00f3k \u00e9rdek\u00e9rv\u00e9nyes\u00edt\u0151 szervezete, amely kapcsolatot \u00e1pol az \u00e9rintett egyetemekkel \u00e9s kutat\u00f3int\u00e9zetekkel. A szervezet c\u00e9lja az inform\u00e1lis gondoz\u00f3k er\u0151teles \u00e9rdek\u00e9rv\u00e9nyes\u00edt\u00e9se \u00e9letkorukt\u00f3l illetve az \u00e1polt szem\u00e9ly saj\u00e1tos eg\u00e9szs\u00e9g\u00fcgyi sz\u00fcks\u00e9glet\u00e9t\u0151l f\u00fcggetlen\u00fcl.\u00a0Int\u00e9zet\u00fcnk 2014 \u00f3ta tagja a csal\u00e1dtagk\u00e9nt eg\u00e9szs\u00e9g\u00fcgyi \u00e9s szoci\u00e1lis seg\u00edt\u0151 tev\u00e9kenys\u00e9get v\u00e9gz\u0151k, illetve szervezeteik t\u00e1mogat\u00e1s\u00e1t c\u00e9lul kit\u0171z\u0151 eur\u00f3pai erny\u0151szervezetnek. Az Int\u00e9zet munkat\u00e1rsai r\u00e9szt vesznek a Eurocarers kutat\u00e1si munkacsoportj\u00e1ban, k\u00f6z\u00f6s kutat\u00e1si p\u00e1ly\u00e1zatokban, konferenci\u00e1kon, munka\u00fcl\u00e9seken.<\/p>\n<hr \/>\n<p style=\"text-align: justify\"><strong><a href=\"https:\/\/uni.lutheran.hu\/\">Evang\u00e9likus Hittudom\u00e1nyi Egyetem<\/a><\/strong><\/p>\n<p style=\"text-align: justify\">Az akkredit\u00e1lt <em>Ment\u00e1lhigi\u00e9n\u00e9s lelkigondoz\u00f3 szakir\u00e1ny\u00fa tov\u00e1bbk\u00e9pz\u00e9st <\/em>int\u00e9zet\u00fcnk t\u00f6bbek k\u00f6z\u00f6tt az Evang\u00e9likus Hittudom\u00e1nyi Egyetemmel egy\u00fcttm\u0171k\u00f6dve ind\u00edtotta.<\/p>\n<hr \/>\n<p style=\"text-align: justify\"><strong><a href=\"https:\/\/szentatanaz.hu\/\">Szent Atan\u00e1z G\u00f6r\u00f6g Katolikus Hittudom\u00e1nyi F\u0151iskola<\/a><\/strong><\/p>\n<p style=\"text-align: justify\">Az akkredit\u00e1lt\u00a0<em>Ment\u00e1lhigi\u00e9n\u00e9s lelkigondoz\u00f3 szakir\u00e1ny\u00fa tov\u00e1bbk\u00e9pz\u00e9st <\/em>int\u00e9zet\u00fcnk t\u00f6bbek k\u00f6z\u00f6tt a Szent Atan\u00e1z G\u00f6r\u00f6g Katolikus Hittudom\u00e1nyi F\u0151iskol\u00e1val egy\u00fcttm\u0171k\u00f6dve ind\u00edtotta.<\/p>\n<hr \/>\n<p style=\"text-align: justify\"><strong>Magyar P\u00e1sztor\u00e1lpszichol\u00f3giai T\u00e1rsas\u00e1g<\/strong><\/p>\n<p style=\"text-align: justify\">A teol\u00f3gia \u00e9s a pszichol\u00f3gia hat\u00e1rter\u00fclet\u00e9n m\u0171k\u00f6d\u0151 Magyar P\u00e1sztor\u00e1lpszichol\u00f3giai T\u00e1rsas\u00e1g\u00a0alap\u00edt\u00f3i \u00e9s vezet\u0151i int\u00e9zet\u00fcnk lelkigondoz\u00f3i tov\u00e1bbk\u00e9pz\u00e9s\u00e9n v\u00e9geztek, programjaikat int\u00e9zet\u00fcnkkel folyamatos egy\u00fcttm\u0171k\u00f6d\u00e9sben szervezik.<\/p>\n<hr \/>\n<p style=\"text-align: justify\"><strong><a href=\"http:\/\/krszh.hu\/\">Kereszt\u00e9ny Roma Szakkoll\u00e9giumi H\u00e1l\u00f3zat<\/a><\/strong><\/p>\n<p style=\"text-align: justify\">Int\u00e9zet\u00fcnk a 2011-ben l\u00e9trej\u00f6tt Kereszt\u00e9ny Roma Szakkoll\u00e9giumi H\u00e1l\u00f3zattal k\u00f6t\u00f6tt meg\u00e1llapod\u00e1s alapj\u00e1n a h\u00e1l\u00f3zat strat\u00e9giai kutat\u00e1si partnere, a szakkoll\u00e9giumokban szervezett longitudin\u00e1lis kutat\u00e1sok vezet\u0151je.<\/p>\n<hr \/>\n<p style=\"text-align: justify\"><strong><a href=\"https:\/\/narfu.ru\/en\/university\/\">NArFU (Northern\/Arctic) State University), Department of Social Work and Social Security<\/a><\/strong><\/p>\n<p style=\"text-align: justify\">Az egyetemi kar tev\u00e9kenys\u00e9gi k\u00f6re oktat\u00e1s, kutat\u00e1s \u00e9s fejleszt\u00e9s a tudom\u00e1ny \u00e9s a t\u00e1rsadalomtudom\u00e1ny ter\u00fclet\u00e9n innovat\u00edv m\u00f3dszerekkel. Az Int\u00e9zet\u00fcnk egy\u00fcttm\u0171k\u00f6d\u00e9si meg\u00e1llapod\u00e1st \u00edrt al\u00e1 az int\u00e9zm\u00e9nnyel az id\u0151skori t\u00e1rsadalmi kirekeszt\u00e9s cs\u00f6kkent\u00e9se, az otthoni gondoz\u00e1s \u00e9s a csal\u00e1dgondoz\u00f3k t\u00e1mogat\u00e1sa \u00e9rdek\u00e9ben.<\/p>\n<hr \/>\n<p style=\"text-align: justify\"><strong><a href=\"https:\/\/www.uarctic.org\/member-profiles\/russia\/8670\/northern-state-medical-university\">Northern State Medical University (NSMU), Russia<\/a><\/strong><\/p>\n<p style=\"text-align: justify\">Az \u00c9szaki \u00c1llami Orvostudom\u00e1nyi Egyetem az orvosi oktat\u00e1s \u00e9s kutat\u00e1s k\u00f6zpontja, ide\u00e9rtve a geri\u00e1triai \u00e9s gerontol\u00f3giai kutat\u00e1sokat Oroszorsz\u00e1g \u00e9szaki r\u00e9sz\u00e9n. Az Int\u00e9zet\u00fcnkkel al\u00e1\u00edrt egy\u00fcttm\u0171k\u00f6d\u00e9si meg\u00e1llapod\u00e1s c\u00e9ljai: k\u00f6z\u00f6s kutat\u00e1s, k\u00f6z\u00f6s publik\u00e1ci\u00f3k, workshopok szervez\u00e9se, szem\u00e9lyzet cser\u00e9je \/ r\u00f6vid t\u00e1v\u00fa misszi\u00f3k (SMS); dokumentumok cser\u00e9je.\u00a0<\/p>\n<hr \/>\n<p style=\"text-align: justify\"><strong><a href=\"https:\/\/www.inrca.it\/inrca\/home.asp?ling=en\">INRCA- National Institute on Health and Science of Aging, CENTRE FOR SOCIO-ECONOMIC RESEARCH ON AGEING<\/a><\/strong><\/p>\n<p style=\"text-align: justify\">Az INRCA magas sz\u00ednvonal\u00fa klinikai \u00e9s transznacion\u00e1lis kutat\u00e1sokat v\u00e9gez az ell\u00e1t\u00e1si szolg\u00e1ltat\u00e1sok ter\u00fclet\u00e9n. Kutat\u00e1si ter\u00fcletek: az id\u0151sebb emberek \u00e9letmin\u0151s\u00e9ge \u00e9s j\u00f3ll\u00e9te; akt\u00edv id\u0151skor a munkaer\u0151piacon (pl. id\u0151sebb munkav\u00e1llal\u00f3k) \u00e9s a t\u00e1rsadalomban (pl. id\u0151sebb \u00f6nk\u00e9ntesek \u00e9s az eg\u00e9sz \u00e9leten \u00e1t tart\u00f3 tanul\u00e1s); az id\u0151sek b\u00e1ntalmaz\u00e1s\u00e1nak \u00e9s elhanyagol\u00e1s\u00e1nak megel\u0151z\u00e9se; az eg\u00e9szs\u00e9g\u00fcgyi, szoci\u00e1lis \u00e9s tart\u00f3s \u00e1pol\u00e1s tartalma, min\u0151s\u00e9ge \u00e9s k\u00f6lts\u00e9gei; az eltartott id\u0151s emberek csal\u00e1di gondoz\u00e1sa, k\u00fcl\u00f6n\u00f6s tekintettel a n\u0151k gondoz\u00e1sban bet\u00f6lt\u00f6tt szerep\u00e9re, valamint a munka \u00e9s a fizet\u00e9s n\u00e9lk\u00fcli ell\u00e1t\u00e1s \u00f6sszeegyeztet\u00e9s\u00e9re ir\u00e1nyul\u00f3 int\u00e9zked\u00e9sekre; hossz\u00fa t\u00e1v\u00fa gondoz\u00e1sban l\u00e9v\u0151 migr\u00e1ns munkav\u00e1llal\u00f3k; felhaszn\u00e1l\u00f3bar\u00e1t technol\u00f3giai innov\u00e1ci\u00f3k, amelyek el\u0151seg\u00edtik az \u00f6n\u00e1ll\u00f3 \u00e9letvitelt, a t\u00e1vgondoz\u00e1st \u00e9s az IKT-alap\u00fa megold\u00e1sokat az eltartott id\u0151s emberek \u00e9s csal\u00e1dtagjaik sz\u00e1m\u00e1ra. Int\u00e9zet\u00fcnk k\u00f6z\u00f6s kutat\u00e1sokban vesz r\u00e9szt a szervezet munkat\u00e1rsaival.<\/p>\n<hr \/>\n<p style=\"text-align: justify\"><strong><a href=\"https:\/\/foh.unideb.hu\/\">Debreceni Egyetem Eg\u00e9szs\u00e9g\u00fcgyi Kar Gerontol\u00f3giai Tansz\u00e9k<\/a><\/strong><\/p>\n<p style=\"text-align: justify\">A tansz\u00e9k oktat\u00e1si ter\u00fclete: Eg\u00e9szs\u00e9g\u00fcgyi szoci\u00e1lis munka (MSc), kutat\u00e1si ter\u00fclete: az \u00f6reged\u00e9s k\u00fcl\u00f6nb\u00f6z\u0151 aspektusai. Int\u00e9zet\u00fcnk \u00e9s a debreceni Gerontol\u00f3giai Tansz\u00e9k munkat\u00e1rsai k\u00f6z\u00f6s kutat\u00e1sokban, publik\u00e1ci\u00f3kban, k\u00e9pz\u00e9si \u00e9s oktat\u00e1si anyagok fejleszt\u00e9s\u00e9ben, innovat\u00edv tantervfejleszt\u00e9sben m\u0171k\u00f6dnek egy\u00fctt.<\/p>\n<hr \/>\n<p style=\"text-align: justify\"><strong><a href=\"https:\/\/www.iszcsk.com\/\">Az Integr\u00e1lt sz\u00fcl\u0151-csecsem\u0151\/kisgyermek konzulensek magyarorsz\u00e1gi szakmai csoportja<\/a><\/strong><\/p>\n<p style=\"text-align: justify\">A csoportot az ISZCSK k\u00e9pz\u00e9s kidolgoz\u00f3i, <span style=\"font-size: 1rem\">oktat\u00f3i \u00e9s a v<\/span><span style=\"font-size: 1rem\">\u00e9gzett hallgat\u00f3k k\u00f6z\u00f6sen alap\u00edtott\u00e1k 2015-ben. A csoport tagjai lehetnek az egyetemi (PPKE, SE, ELTE) ISZCSK k\u00e9pz\u00e9st v\u00e9gzett szakemberek. A csoport c\u00e9lja a konzulensek\u00a0<\/span><span style=\"font-size: 1rem\">k\u00e9pz\u00e9s ut\u00e1ni <\/span><span style=\"font-size: 1rem\">szakmai t\u00e1mogat\u00e1sa, illetve inform\u00e1ci\u00f3k \u00e1tad\u00e1sa a m\u00f3dszerr\u0151l \u00e9s a v\u00e9gzett szakemberekr\u0151l a szakmabeliek \u00e9s \u00e9rdekl\u0151d\u0151 laikusok, sz\u00fcl\u0151k sz\u00e1m\u00e1ra is.<\/span><\/p>\n","protected":false},"excerpt":{"rendered":"<p>Int\u00e9zet\u00fcnk kiemelt, hossz\u00fa t\u00e1v\u00fa egy\u00fcttm\u0171k\u00f6d\u0151 partnerei <a href=\"http:\/\/www.antroposegyesulet.hu\/\">Antropos Egyes\u00fclet<\/a> Az Antropos Egyes\u00fclet a Semmelweis Egyetem Ment\u00e1lhigi\u00e9n\u00e9 Int\u00e9zet\u00e9ben v\u00e9gzett k\u00fcl\u00f6nb\u00f6z\u0151 hum\u00e1n foglalkoz\u00e1s\u00fa ment\u00e1lhigi\u00e9n\u00e9s szakembereket \u00e9s lelkigondoz\u00f3kat k\u00e9pvisel\u0151 egyes\u00fclet. Az egyes\u00fclet int\u00e9zet\u00fcnkkel folyamatos egy\u00fcttm\u0171k\u00f6d\u00e9sben szervezi szakmai programjait. Az Egyes\u00fclet c\u00e9lja: a szakemberek k\u00f6z\u00f6tti egy\u00fcttm\u0171k\u00f6d\u00e9s el\u0151seg\u00edt\u00e9se orsz\u00e1gos \u00e9s region\u00e1lis h\u00e1l\u00f3zatok l\u00e9trehoz\u00e1sa a tagok szakmai tov\u00e1bbfejl\u0151d\u00e9s\u00e9nek el\u0151seg\u00edt\u00e9se a tagok t\u00e1mogat\u00e1sa abban, hogy &hellip;<\/p>\n","protected":false},"author":101790,"featured_media":0,"parent":372,"menu_order":5,"comment_status":"closed","ping_status":"closed","template":"","meta":{"_acf_changed":false,"footnotes":""},"categories":[],"tags":[],"class_list":["post-120","page","type-page","status-publish","hentry"],"acf":[],"_links":{"self":[{"href":"https:\/\/semmelweis.hu\/mental\/wp-json\/wp\/v2\/pages\/120","targetHints":{"allow":["GET"]}}],"collection":[{"href":"https:\/\/semmelweis.hu\/mental\/wp-json\/wp\/v2\/pages"}],"about":[{"href":"https:\/\/semmelweis.hu\/mental\/wp-json\/wp\/v2\/types\/page"}],"author":[{"embeddable":true,"href":"https:\/\/semmelweis.hu\/mental\/wp-json\/wp\/v2\/users\/101790"}],"replies":[{"embeddable":true,"href":"https:\/\/semmelweis.hu\/mental\/wp-json\/wp\/v2\/comments?post=120"}],"version-history":[{"count":11,"href":"https:\/\/semmelweis.hu\/mental\/wp-json\/wp\/v2\/pages\/120\/revisions"}],"predecessor-version":[{"id":7989,"href":"https:\/\/semmelweis.hu\/mental\/wp-json\/wp\/v2\/pages\/120\/revisions\/7989"}],"up":[{"embeddable":true,"href":"https:\/\/semmelweis.hu\/mental\/wp-json\/wp\/v2\/pages\/372"}],"wp:attachment":[{"href":"https:\/\/semmelweis.hu\/mental\/wp-json\/wp\/v2\/media?parent=120"}],"wp:term":[{"taxonomy":"category","embeddable":true,"href":"https:\/\/semmelweis.hu\/mental\/wp-json\/wp\/v2\/categories?post=120"},{"taxonomy":"post_tag","embeddable":true,"href":"https:\/\/semmelweis.hu\/mental\/wp-json\/wp\/v2\/tags?post=120"}],"curies":[{"name":"wp","href":"https:\/\/api.w.org\/{rel}","templated":true}]}}