{"id":115,"date":"2018-06-08T00:00:00","date_gmt":"2018-06-07T22:00:00","guid":{"rendered":"http:\/\/semmelweis.hu\/mental\/diplomaoszto\/"},"modified":"2023-04-13T09:38:49","modified_gmt":"2023-04-13T07:38:49","slug":"diplomaoszto","status":"publish","type":"page","link":"https:\/\/semmelweis.hu\/mental\/tanulmanyi-ugyek\/szakdolgozat\/diplomaoszto\/","title":{"rendered":"Diplomaoszt\u00f3"},"content":{"rendered":"<p>&nbsp;<\/p>\n<p style=\"text-align: justify\"><strong>A\u00a0 diplomaoszt\u00f3<\/strong> pontos idej\u00e9r\u0151l \u00e9s hely\u00e9r\u0151l az adott szak oktat\u00e1sszervez\u0151je vagy tanulm\u00e1nyi \u00fcgyint\u00e9z\u0151je k\u00fcld \u00e9rtes\u00edt\u00e9st az aktu\u00e1lis f\u00e9l\u00e9vben z\u00e1r\u00f3vizsg\u00e1zott hallgat\u00f3k r\u00e9sz\u00e9re.<\/p>\n","protected":false},"excerpt":{"rendered":"<p>&nbsp;<br \/>\nA\u00a0 diplomaoszt\u00f3 pontos idej\u00e9r\u0151l \u00e9s hely\u00e9r\u0151l az adott szak oktat\u00e1sszervez\u0151je vagy tanulm\u00e1nyi \u00fcgyint\u00e9z\u0151je k\u00fcld \u00e9rtes\u00edt\u00e9st az aktu\u00e1lis f\u00e9l\u00e9vben z\u00e1r\u00f3vizsg\u00e1zott hallgat\u00f3k r\u00e9sz\u00e9re.<\/p>\n","protected":false},"author":101265,"featured_media":0,"parent":113,"menu_order":2,"comment_status":"closed","ping_status":"closed","template":"","meta":{"_acf_changed":false,"footnotes":""},"categories":[],"tags":[],"class_list":["post-115","page","type-page","status-publish","hentry"],"acf":[],"_links":{"self":[{"href":"https:\/\/semmelweis.hu\/mental\/wp-json\/wp\/v2\/pages\/115","targetHints":{"allow":["GET"]}}],"collection":[{"href":"https:\/\/semmelweis.hu\/mental\/wp-json\/wp\/v2\/pages"}],"about":[{"href":"https:\/\/semmelweis.hu\/mental\/wp-json\/wp\/v2\/types\/page"}],"author":[{"embeddable":true,"href":"https:\/\/semmelweis.hu\/mental\/wp-json\/wp\/v2\/users\/101265"}],"replies":[{"embeddable":true,"href":"https:\/\/semmelweis.hu\/mental\/wp-json\/wp\/v2\/comments?post=115"}],"version-history":[{"count":5,"href":"https:\/\/semmelweis.hu\/mental\/wp-json\/wp\/v2\/pages\/115\/revisions"}],"predecessor-version":[{"id":6390,"href":"https:\/\/semmelweis.hu\/mental\/wp-json\/wp\/v2\/pages\/115\/revisions\/6390"}],"up":[{"embeddable":true,"href":"https:\/\/semmelweis.hu\/mental\/wp-json\/wp\/v2\/pages\/113"}],"wp:attachment":[{"href":"https:\/\/semmelweis.hu\/mental\/wp-json\/wp\/v2\/media?parent=115"}],"wp:term":[{"taxonomy":"category","embeddable":true,"href":"https:\/\/semmelweis.hu\/mental\/wp-json\/wp\/v2\/categories?post=115"},{"taxonomy":"post_tag","embeddable":true,"href":"https:\/\/semmelweis.hu\/mental\/wp-json\/wp\/v2\/tags?post=115"}],"curies":[{"name":"wp","href":"https:\/\/api.w.org\/{rel}","templated":true}]}}