{"id":113,"date":"2018-06-08T00:00:00","date_gmt":"2018-06-07T22:00:00","guid":{"rendered":"http:\/\/semmelweis.hu\/mental\/szakdolgozat\/"},"modified":"2024-10-17T19:20:06","modified_gmt":"2024-10-17T17:20:06","slug":"szakdolgozat","status":"publish","type":"page","link":"https:\/\/semmelweis.hu\/mental\/tanulmanyi-ugyek\/szakdolgozat\/","title":{"rendered":"Szakdolgozat"},"content":{"rendered":"<p style=\"text-align: justify\">A <strong>szakdolgozat<\/strong> (z\u00e1r\u00f3dolgozat) k\u00f6vetelm\u00e9nyeivel, lead\u00e1s\u00e1val \u00e9s a z\u00e1r\u00f3vizsg\u00e1val kapcsolatos r\u00e9szletes inform\u00e1ci\u00f3kat az adott szak tanterve, ill. az adott szak oktat\u00e1sszervez\u0151je \u00e1ltal a Moodle-fel\u00fcleten k\u00f6zz\u00e9tett t\u00e1j\u00e9koztat\u00f3 tartalmazza.<\/p>\n<p style=\"text-align: justify\">K<strong>or\u00e1bbi \u00e9vfolyamb\u00f3l visszat\u00e9r\u0151 hallgat\u00f3nak el\u0151zetesen e-mailben kell egyeztetnie az adott szak oktat\u00e1sszervez\u0151j\u00e9vel, vagy tanulm\u00e1nyi \u00fcgyint\u00e9z\u0151j\u00e9vel<\/strong> k\u00fcl\u00f6n\u00f6s tekintettel a Nemzeti fels\u0151oktat\u00e1si t\u00f6rv\u00e9ny 50. \u00a7 (3) bekezd\u00e9s\u00e9re, mely szerint <span style=\"color: #ff0000\"><strong>a hallgat\u00f3i jogviszony megsz\u0171n\u00e9s\u00e9t k\u00f6vet\u0151 \u00f6t\u00f6dik \u00e9v eltelte ut\u00e1n z\u00e1r\u00f3vizsga nem tehet\u0151.<\/strong><\/span><\/p>\n<ul data-editing-info=\"{&quot;applyListStyleFromLevel&quot;:false,&quot;unorderedStyleType&quot;:2}\">\n<li>\n<div class=\"x_elementToProof\">A pl\u00e1giumszab\u00e1lyzat\u00a0 az SE EKK Ment\u00e1lhigi\u00e9n\u00e9 Int\u00e9zet minden hallgat\u00f3j\u00e1ra vonatkozik.\u00a0 <a id=\"LPlnk554766\" href=\"https:\/\/semmelweis.hu\/emk\/files\/2022\/09\/SE_EKK_Plagiumszabalyzat_20221001.pdf\" target=\"_blank\" rel=\"noopener noreferrer\">https:\/\/semmelweis.hu\/emk\/files\/2022\/09\/SE_EKK_Plagiumszabalyzat_20221001.pdf<\/a><\/div>\n<\/li>\n<\/ul>\n<p style=\"text-align: justify\"><strong><u>A z\u00e1r\u00f3vizsg\u00e1k pontos idej\u00e9r\u0151l \u00e9s hely\u00e9r\u0151l<\/u><\/strong>\u00a0az adott szak oktat\u00e1sszervez\u0151je, ill. tanulm\u00e1nyi \u00fcgyint\u00e9z\u0151je e-mail-ben k\u00fcld \u00e9rtes\u00edt\u00e9st azon hallgat\u00f3k r\u00e9sz\u00e9re, akiknek szakdolgozata elfogad\u00e1sra ker\u00fclt.<\/p>\n","protected":false},"excerpt":{"rendered":"<p>A szakdolgozat (z\u00e1r\u00f3dolgozat) k\u00f6vetelm\u00e9nyeivel, lead\u00e1s\u00e1val \u00e9s a z\u00e1r\u00f3vizsg\u00e1val kapcsolatos r\u00e9szletes inform\u00e1ci\u00f3kat az adott szak tanterve, ill. az adott szak oktat\u00e1sszervez\u0151je \u00e1ltal a Moodle-fel\u00fcleten k\u00f6zz\u00e9tett t\u00e1j\u00e9koztat\u00f3 tartalmazza. Kor\u00e1bbi \u00e9vfolyamb\u00f3l visszat\u00e9r\u0151 hallgat\u00f3nak el\u0151zetesen e-mailben kell egyeztetnie az adott szak oktat\u00e1sszervez\u0151j\u00e9vel, vagy tanulm\u00e1nyi \u00fcgyint\u00e9z\u0151j\u00e9vel k\u00fcl\u00f6n\u00f6s tekintettel a Nemzeti fels\u0151oktat\u00e1si t\u00f6rv\u00e9ny 50. \u00a7 (3) bekezd\u00e9s\u00e9re, mely szerint a hallgat\u00f3i &hellip;<\/p>\n","protected":false},"author":101265,"featured_media":0,"parent":108,"menu_order":17,"comment_status":"closed","ping_status":"closed","template":"","meta":{"_acf_changed":false,"footnotes":""},"categories":[],"tags":[],"class_list":["post-113","page","type-page","status-publish","hentry"],"acf":[],"_links":{"self":[{"href":"https:\/\/semmelweis.hu\/mental\/wp-json\/wp\/v2\/pages\/113","targetHints":{"allow":["GET"]}}],"collection":[{"href":"https:\/\/semmelweis.hu\/mental\/wp-json\/wp\/v2\/pages"}],"about":[{"href":"https:\/\/semmelweis.hu\/mental\/wp-json\/wp\/v2\/types\/page"}],"author":[{"embeddable":true,"href":"https:\/\/semmelweis.hu\/mental\/wp-json\/wp\/v2\/users\/101265"}],"replies":[{"embeddable":true,"href":"https:\/\/semmelweis.hu\/mental\/wp-json\/wp\/v2\/comments?post=113"}],"version-history":[{"count":12,"href":"https:\/\/semmelweis.hu\/mental\/wp-json\/wp\/v2\/pages\/113\/revisions"}],"predecessor-version":[{"id":7578,"href":"https:\/\/semmelweis.hu\/mental\/wp-json\/wp\/v2\/pages\/113\/revisions\/7578"}],"up":[{"embeddable":true,"href":"https:\/\/semmelweis.hu\/mental\/wp-json\/wp\/v2\/pages\/108"}],"wp:attachment":[{"href":"https:\/\/semmelweis.hu\/mental\/wp-json\/wp\/v2\/media?parent=113"}],"wp:term":[{"taxonomy":"category","embeddable":true,"href":"https:\/\/semmelweis.hu\/mental\/wp-json\/wp\/v2\/categories?post=113"},{"taxonomy":"post_tag","embeddable":true,"href":"https:\/\/semmelweis.hu\/mental\/wp-json\/wp\/v2\/tags?post=113"}],"curies":[{"name":"wp","href":"https:\/\/api.w.org\/{rel}","templated":true}]}}