{"id":1117,"date":"2018-06-12T13:33:38","date_gmt":"2018-06-12T11:33:38","guid":{"rendered":"http:\/\/semmelweis.hu\/mental\/?page_id=1117"},"modified":"2025-10-08T16:21:27","modified_gmt":"2025-10-08T14:21:27","slug":"mesterkepzesek","status":"publish","type":"page","link":"https:\/\/semmelweis.hu\/mental\/mesterkepzesek\/","title":{"rendered":"Mesterk\u00e9pz\u00e9sek"},"content":{"rendered":"<style>\n           #page-grid .card-body > .line-clamp-box.excerpt{\n        width: inherit;\n        max-width: inherit;\n        display:flex;\n        min-height: 2.4em;\n        flex-direction: column;\n        justify-content: space-around;\n        background-color: #D6E4EA;\n        min-height: 3.4rem;\n        font-family: \"Montserrat\", sans-serif;\n    }\n\n    #page-grid a:hover .card-body > .line-clamp-box.excerpt {\n        background-color: #fff;\n        color: #313B40;\n    }\n\n    #page-grid .card-body .line-clamp-box.excerpt section{\n        max-width: inherit;\n        display: -webkit-box;\n        -webkit-line-clamp: 2;\n        -webkit-box-orient: vertical;\n        overflow: hidden;\n        text-overflow: ellipsis;\n        hyphens: auto;\n        margin: auto;\n        \n    }\n    .line-clamp-box.excerpt section, .line-clamp-box.excerpt section p{\n        font-size:0.8em;\n    }\n    \n<\/style>\n    <section id=\"page-grid\">\n        \n        <div class=\"row row-cols-1 row-cols-md-2 row-cols-lg-1 no-gutters mx-0 \">    <div class =\"col  mb-2 card-wrapper\">\n        <a class=\"d-flex flex-fill card-link-warapper m-md-1\" href=\"https:\/\/semmelweis.hu\/mental\/mesterkepzesek\/szocialis-munka\/\">\n            <div class=\"card border border-secondary se-border flex-fill\">\n                <div class=\"row no-gutters mx-0 d-flex flex-nowrap flex-md-wrap align-items-center\">\n                    <div class =\"  col-5 col-md-12  d-none  d-md-none d-md-none  bg-image  card-image justify-content-center\">\n                        <img class='wp-post-image img-fluid landscape' src='https:\/\/semmelweis.hu\/mental\/wp-content\/themes\/se18\/dist\/images\/svg\/bg-image.svg' \/>\n                    <\/div>\n                    <div class=\"card-body  col flex-column  col-md-12 p-0\">\n                        <div class=\"line-clamp-box p-3\">\n                            <h5 class=\"ml-0 ml-sm-1 mt-2 align-items-center\"  >Szoci\u00e1lis munka<\/h5>\n                        <\/div>\n                        \n                    <\/div>\n                <\/div>\n\n            <\/div>\n        <\/a>\n    <\/div>    <div class =\"col  mb-2 card-wrapper\">\n        <a class=\"d-flex flex-fill card-link-warapper m-md-1\" href=\"https:\/\/semmelweis.hu\/mental\/mesterkepzesek\/interdiszciplinaris-csaladtudomany\/\">\n            <div class=\"card border border-secondary se-border flex-fill\">\n                <div class=\"row no-gutters mx-0 d-flex flex-nowrap flex-md-wrap align-items-center\">\n                    <div class =\"  col-5 col-md-12  d-none  d-md-none d-md-none  bg-image  card-image justify-content-center\">\n                        <img class='wp-post-image img-fluid landscape' src='https:\/\/semmelweis.hu\/mental\/wp-content\/themes\/se18\/dist\/images\/svg\/bg-image.svg' \/>\n                    <\/div>\n                    <div class=\"card-body  col flex-column  col-md-12 p-0\">\n                        <div class=\"line-clamp-box p-3\">\n                            <h5 class=\"ml-0 ml-sm-1 mt-2 align-items-center\"  >Interdiszciplin\u00e1ris csal\u00e1dtudom\u00e1nyi mesterk\u00e9pz\u00e9si szak<\/h5>\n                        <\/div>\n                        \n                    <\/div>\n                <\/div>\n\n            <\/div>\n        <\/a>\n    <\/div>    <div class =\"col  mb-2 card-wrapper\">\n        <a class=\"d-flex flex-fill card-link-warapper m-md-1\" href=\"https:\/\/semmelweis.hu\/mental\/mesterkepzesek\/rendszerszemleletu-pszichologia-mesterkepzesi-szak\/\">\n            <div class=\"card border border-secondary se-border flex-fill\">\n                <div class=\"row no-gutters mx-0 d-flex flex-nowrap flex-md-wrap align-items-center\">\n                    <div class =\"  col-5 col-md-12  d-none  d-md-none d-md-none  bg-image  card-image justify-content-center\">\n                        <img class='wp-post-image img-fluid landscape' src='https:\/\/semmelweis.hu\/mental\/wp-content\/themes\/se18\/dist\/images\/svg\/bg-image.svg' \/>\n                    <\/div>\n                    <div class=\"card-body  col flex-column  col-md-12 p-0\">\n                        <div class=\"line-clamp-box p-3\">\n                            <h5 class=\"ml-0 ml-sm-1 mt-2 align-items-center\"  >Rendszerszeml\u00e9let\u0171 pszichol\u00f3gia mesterk\u00e9pz\u00e9si szak<\/h5>\n                        <\/div>\n                        \n                    <\/div>\n                <\/div>\n\n            <\/div>\n        <\/a>\n    <\/div>    <div class =\"col  mb-2 card-wrapper\">\n        <a class=\"d-flex flex-fill card-link-warapper m-md-1\" href=\"https:\/\/semmelweis.hu\/mental\/mesterkepzesek\/lezarult-kepzesek\/\">\n            <div class=\"card border border-secondary se-border flex-fill\">\n                <div class=\"row no-gutters mx-0 d-flex flex-nowrap flex-md-wrap align-items-center\">\n                    <div class =\"  col-5 col-md-12  d-none  d-md-none d-md-none  bg-image  card-image justify-content-center\">\n                        <img class='wp-post-image img-fluid landscape' src='https:\/\/semmelweis.hu\/mental\/wp-content\/themes\/se18\/dist\/images\/svg\/bg-image.svg' \/>\n                    <\/div>\n                    <div class=\"card-body  col flex-column  col-md-12 p-0\">\n                        <div class=\"line-clamp-box p-3\">\n                            <h5 class=\"ml-0 ml-sm-1 mt-2 align-items-center\"  >Lez\u00e1rult k\u00e9pz\u00e9sek<\/h5>\n                        <\/div>\n                        \n                    <\/div>\n                <\/div>\n\n            <\/div>\n        <\/a>\n    <\/div>        <\/div>\n    <\/section>\n","protected":false},"excerpt":{"rendered":"","protected":false},"author":101265,"featured_media":0,"parent":0,"menu_order":2,"comment_status":"closed","ping_status":"closed","template":"","meta":{"_acf_changed":false,"footnotes":""},"categories":[],"tags":[],"class_list":["post-1117","page","type-page","status-publish","hentry"],"acf":[],"_links":{"self":[{"href":"https:\/\/semmelweis.hu\/mental\/wp-json\/wp\/v2\/pages\/1117","targetHints":{"allow":["GET"]}}],"collection":[{"href":"https:\/\/semmelweis.hu\/mental\/wp-json\/wp\/v2\/pages"}],"about":[{"href":"https:\/\/semmelweis.hu\/mental\/wp-json\/wp\/v2\/types\/page"}],"author":[{"embeddable":true,"href":"https:\/\/semmelweis.hu\/mental\/wp-json\/wp\/v2\/users\/101265"}],"replies":[{"embeddable":true,"href":"https:\/\/semmelweis.hu\/mental\/wp-json\/wp\/v2\/comments?post=1117"}],"version-history":[{"count":3,"href":"https:\/\/semmelweis.hu\/mental\/wp-json\/wp\/v2\/pages\/1117\/revisions"}],"predecessor-version":[{"id":8116,"href":"https:\/\/semmelweis.hu\/mental\/wp-json\/wp\/v2\/pages\/1117\/revisions\/8116"}],"wp:attachment":[{"href":"https:\/\/semmelweis.hu\/mental\/wp-json\/wp\/v2\/media?parent=1117"}],"wp:term":[{"taxonomy":"category","embeddable":true,"href":"https:\/\/semmelweis.hu\/mental\/wp-json\/wp\/v2\/categories?post=1117"},{"taxonomy":"post_tag","embeddable":true,"href":"https:\/\/semmelweis.hu\/mental\/wp-json\/wp\/v2\/tags?post=1117"}],"curies":[{"name":"wp","href":"https:\/\/api.w.org\/{rel}","templated":true}]}}