{"id":111,"date":"2018-06-08T00:00:00","date_gmt":"2018-06-07T22:00:00","guid":{"rendered":"http:\/\/semmelweis.hu\/mental\/elerhetoseg\/"},"modified":"2026-02-19T14:17:33","modified_gmt":"2026-02-19T13:17:33","slug":"elerhetoseg","status":"publish","type":"page","link":"https:\/\/semmelweis.hu\/mental\/tanulmanyi-ugyek\/elerhetoseg\/","title":{"rendered":"El\u00e9rhet\u0151s\u00e9g"},"content":{"rendered":"<p><strong>Tanulm\u00e1nyi \u00fcgyint\u00e9z\u00e9s \u00e9s el\u00e9rhet\u0151s\u00e9g<\/strong><\/p>\n<div class=\"exp-col-content-holder\">\n<div class=\"hidden-content\">K\u00e9rj\u00fck, hogy az id\u0151pontk\u00e9r\u0151 e-mailben adj\u00e1k meg pontosan, milyen \u00fcgyben k\u00e9rnek seg\u00edts\u00e9get, ezzel \u00d6n\u00f6k is seg\u00edtik a gyorsabb \u00fcgyint\u00e9z\u00e9st. <br \/>El\u0151zetes e-mailes egyeztet\u00e9s: mental.tanulmanyi@semmelweis.hu (a t\u00e1rgyban k\u00e9rj\u00fck minden esetben felt\u00fcntetni a szak r\u00f6vid\u00edtett megnevez\u00e9s\u00e9t is) <br \/>Postac\u00edm: a Semmelweis Egyetem EKK Ment\u00e1lhigi\u00e9n\u00e9 Int\u00e9zet 1428 Budapest, Pf. 2.; Telefonsz\u00e1m: +36\/1\/459-1500<\/div>\n<div class=\"hidden-content\">\n<hr \/>\n<p><strong><span style=\"color: #ff0000\">Di\u00e1kigazolv\u00e1ny \u00fcgyint\u00e9z\u00e9s, igazol\u00e1sok kiad\u00e1sa, k\u00f6nyv\u00e1rus\u00edt\u00e1s:<\/span><\/strong> <strong><span style=\"color: #3366ff\">Bod\u00f3 Klaudia<\/span><\/strong>\u00a0NET f\u00f6ldszint 74. iroda Tel: 06\/1\/459-1500\/56545 E-mail: <a href=\"mailto:mental-tanulmanyi@public.semmelweis-univ.hu\"><strong>mental.tanulmanyi@semmelweis.hu<\/strong><\/a> (a t\u00e1rgyban k\u00e9rj\u00fck minden esetben felt\u00fcntetni a szak r\u00f6vid\u00edtett megnevez\u00e9s\u00e9t is)<\/div>\n<div class=\"hidden-content\"><strong><em>K\u00f6nyvrendel\u00e9sn\u00e9l a <a href=\"mailto:parbeszed.konyv@gmail.com\">parbeszed.konyv@gmail.com<\/a> e-mail c\u00edmet k\u00e9rj\u00fck haszn\u00e1lni<\/em><\/strong><\/div>\n<div class=\"hidden-content\"><strong>Tanulm\u00e1nyokat \u00e9rint\u0151 \u00fcgyekben<\/strong> (jogviszony &#8211; hallgat\u00f3i st\u00e1tusz, tant\u00e1rgyak, vizsg\u00e1k, k\u00e9relmek, p\u00e9nz\u00fcgyek):<\/div>\n<div class=\"hidden-content\"><span style=\"font-size: 1rem\"><strong><span style=\"color: #3366ff\">Kormos Zsuzsanna<\/span><\/strong>\u00a0<strong>* Ment\u00e1lhigi\u00e9n\u00e9s h\u00e1zass\u00e1g- \u00e9s csal\u00e1d-lelkigondoz\u00f3 szakir\u00e1ny\u00fa tov\u00e1bbk\u00e9pz\u00e9s * Ment\u00e1lhigi\u00e9n\u00e9s lelkigondoz\u00f3 szakir\u00e1ny\u00fa tov\u00e1bbk\u00e9pz\u00e9s * Szoci\u00e1lis munka mesterk\u00e9pz\u00e9s *<\/strong> NET f\u00f6ldszint 77. iroda Tel.: +36\/1\/459-1500\/56549 E-mail: <a href=\"mailto:mental-tanulmanyi@public.semmelweis-univ.hu\">mental.tanulmanyi@semmelweis.hu<\/a> (a t\u00e1rgyban k\u00e9rj\u00fck minden esetben felt\u00fcntetni a szak r\u00f6vid\u00edtett megnevez\u00e9s\u00e9t is)<\/span><\/div>\n<div class=\"hidden-content\"><strong style=\"font-size: 1rem\">Tanulm\u00e1nyokat \u00e9rint\u0151 \u00fcgyekben<\/strong><span style=\"font-size: 1rem\"> (jogviszony &#8211; hallgat\u00f3i st\u00e1tusz, tant\u00e1rgyak, vizsg\u00e1k, k\u00e9relmek, p\u00e9nz\u00fcgyek): <\/span><\/div>\n<div class=\"hidden-content\"><span style=\"color: #3366ff\"><strong>M\u00e9sz\u00e1ros \u00c9va<\/strong><\/span><span style=\"font-size: 1rem\">\u00a0* <\/span><strong style=\"font-size: 1rem\">Ment\u00e1lhigi\u00e9n\u00e9 szakir\u00e1ny\u00fa<\/strong> <strong style=\"font-size: 1rem\">tov\u00e1bbk\u00e9pz\u00e9s * Interdiszciplin\u00e1ris csal\u00e1dtudom\u00e1ny mesterk\u00e9pz\u00e9s * Rendszerszeml\u00e9let\u0171 pszichol\u00f3gia mesterk\u00e9pz\u00e9s *<\/strong><span style=\"font-size: 1rem\"> NET f\u00f6ldszint 74. iroda Tel: +36\/1\/459-1500\/56545 E-mail: <\/span><a href=\"mailto:mental-tanulmanyi@public.semmelweis-univ.hu\">mental.tanulmanyi@semmelweis.hu<\/a><span style=\"font-size: 1rem\"> (a t\u00e1rgyban k\u00e9rj\u00fck minden esetben felt\u00fcntetni a szak r\u00f6vid\u00edtett megnevez\u00e9s\u00e9t)<\/span><\/div>\n<div class=\"hidden-content\" style=\"text-align: left\"><strong style=\"font-size: 1rem\">Tanulm\u00e1nyokat \u00e9rint\u0151 \u00fcgyekben<\/strong><span style=\"font-size: 1rem\"> (jogviszony &#8211; hallgat\u00f3i st\u00e1tusz, tant\u00e1rgyak, vizsg\u00e1k, k\u00e9relmek, p\u00e9nz\u00fcgyek):<\/span><\/div>\n<div class=\"hidden-content\"><span style=\"color: #3366ff\"><strong>G\u00e1rdonyi Tibor L\u00e1szl\u00f3n\u00e9 <\/strong><\/span><strong><span style=\"font-size: 1rem\">* L<\/span>akt\u00e1ci\u00f3s szaktan\u00e1csad\u00f3 szakir\u00e1ny\u00fa tov\u00e1bbk\u00e9pz\u00e9s * Munkahelyi ment\u00e1lhigi\u00e9n\u00e9 szakir\u00e1ny\u00fa tov\u00e1bbk\u00e9pz\u00e9s <span style=\"font-size: 1rem\">* Akt\u00edv id\u0151s\u00f6d\u00e9s <\/span>szakir\u00e1ny\u00fa tov\u00e1bbk\u00e9pz\u00e9s <span style=\"font-size: 1rem\">* K\u00f6z\u00f6ss\u00e9gi \u00e9s csal\u00e1di medi\u00e1ci\u00f3 szakir\u00e1ny\u00fa tov\u00e1bbk\u00e9pz\u00e9s * <\/span><\/strong><span style=\"font-size: 1rem\">NET f\u00f6ldszint 77. iroda Tel.: +36\/1\/459-1500\/56549 E-mail: <\/span><span style=\"font-size: 1rem\"><a href=\"mailto:mental.tanulmanyi@semmelweis.hu\">mental.tanulmanyi@semmelweis.hu<\/a> (a t\u00e1rgyban k\u00e9rj\u00fck minden esetben felt\u00fcntetni a szak r\u00f6vid\u00edtett megnevez\u00e9s\u00e9t is)<\/span><\/div>\n<div>\u00a0<\/div>\n<\/div>\n<p><!--nextpage--><\/p>\n","protected":false},"excerpt":{"rendered":"<p>Tanulm\u00e1nyi \u00fcgyint\u00e9z\u00e9s \u00e9s el\u00e9rhet\u0151s\u00e9g K\u00e9rj\u00fck, hogy az id\u0151pontk\u00e9r\u0151 e-mailben adj\u00e1k meg pontosan, milyen \u00fcgyben k\u00e9rnek seg\u00edts\u00e9get, ezzel \u00d6n\u00f6k is seg\u00edtik a gyorsabb \u00fcgyint\u00e9z\u00e9st. El\u0151zetes e-mailes egyeztet\u00e9s: mental.tanulmanyi@semmelweis.hu (a t\u00e1rgyban k\u00e9rj\u00fck minden esetben felt\u00fcntetni a szak r\u00f6vid\u00edtett megnevez\u00e9s\u00e9t is) Postac\u00edm: a Semmelweis Egyetem EKK Ment\u00e1lhigi\u00e9n\u00e9 Int\u00e9zet 1428 Budapest, Pf. 2.; Telefonsz\u00e1m: +36\/1\/459-1500 Di\u00e1kigazolv\u00e1ny \u00fcgyint\u00e9z\u00e9s, igazol\u00e1sok kiad\u00e1sa, &hellip;<\/p>\n","protected":false},"author":101614,"featured_media":0,"parent":108,"menu_order":16,"comment_status":"closed","ping_status":"closed","template":"","meta":{"_acf_changed":false,"footnotes":""},"categories":[],"tags":[],"class_list":["post-111","page","type-page","status-publish","hentry"],"acf":[],"_links":{"self":[{"href":"https:\/\/semmelweis.hu\/mental\/wp-json\/wp\/v2\/pages\/111","targetHints":{"allow":["GET"]}}],"collection":[{"href":"https:\/\/semmelweis.hu\/mental\/wp-json\/wp\/v2\/pages"}],"about":[{"href":"https:\/\/semmelweis.hu\/mental\/wp-json\/wp\/v2\/types\/page"}],"author":[{"embeddable":true,"href":"https:\/\/semmelweis.hu\/mental\/wp-json\/wp\/v2\/users\/101614"}],"replies":[{"embeddable":true,"href":"https:\/\/semmelweis.hu\/mental\/wp-json\/wp\/v2\/comments?post=111"}],"version-history":[{"count":13,"href":"https:\/\/semmelweis.hu\/mental\/wp-json\/wp\/v2\/pages\/111\/revisions"}],"predecessor-version":[{"id":9044,"href":"https:\/\/semmelweis.hu\/mental\/wp-json\/wp\/v2\/pages\/111\/revisions\/9044"}],"up":[{"embeddable":true,"href":"https:\/\/semmelweis.hu\/mental\/wp-json\/wp\/v2\/pages\/108"}],"wp:attachment":[{"href":"https:\/\/semmelweis.hu\/mental\/wp-json\/wp\/v2\/media?parent=111"}],"wp:term":[{"taxonomy":"category","embeddable":true,"href":"https:\/\/semmelweis.hu\/mental\/wp-json\/wp\/v2\/categories?post=111"},{"taxonomy":"post_tag","embeddable":true,"href":"https:\/\/semmelweis.hu\/mental\/wp-json\/wp\/v2\/tags?post=111"}],"curies":[{"name":"wp","href":"https:\/\/api.w.org\/{rel}","templated":true}]}}