{"id":110,"date":"2018-06-08T00:00:00","date_gmt":"2018-06-07T22:00:00","guid":{"rendered":"http:\/\/semmelweis.hu\/mental\/nyelvvizsga\/"},"modified":"2024-02-13T11:23:37","modified_gmt":"2024-02-13T10:23:37","slug":"nyelvvizsga","status":"publish","type":"page","link":"https:\/\/semmelweis.hu\/mental\/tanulmanyi-ugyek\/nyelvvizsga\/","title":{"rendered":"Nyelvvizsga"},"content":{"rendered":"<div>\n<div>A fels\u0151oktat\u00e1si szakk\u00e9pz\u00e9sek, az alap- \u00e9s mesterk\u00e9pz\u00e9sek a 2024\/25-\u00f6s tan\u00e9vt\u0151l alkalmazand\u00f3 k\u00e9pz\u00e9si \u00e9s kimeneti k\u00f6vetelm\u00e9nyei alapj\u00e1n\u00a0<b>2023. janu\u00e1r 24-t\u0151l a nyelvi k\u00f6vetelm\u00e9nyek t\u00f6rl\u00e9sre ker\u00fcltek, \u00edgy a nyelvvizsga bizony\u00edtv\u00e1ny megszerz\u00e9se a tov\u00e1bbiakban nem felt\u00e9tele a diploma ki\u00e1ll\u00edt\u00e1s\u00e1nak.<\/b><\/div>\n<\/div>\n","protected":false},"excerpt":{"rendered":"<p>A fels\u0151oktat\u00e1si szakk\u00e9pz\u00e9sek, az alap- \u00e9s mesterk\u00e9pz\u00e9sek a 2024\/25-\u00f6s tan\u00e9vt\u0151l alkalmazand\u00f3 k\u00e9pz\u00e9si \u00e9s kimeneti k\u00f6vetelm\u00e9nyei alapj\u00e1n\u00a02023. janu\u00e1r 24-t\u0151l a nyelvi k\u00f6vetelm\u00e9nyek t\u00f6rl\u00e9sre ker\u00fcltek, \u00edgy a nyelvvizsga bizony\u00edtv\u00e1ny megszerz\u00e9se a tov\u00e1bbiakban nem felt\u00e9tele a diploma ki\u00e1ll\u00edt\u00e1s\u00e1nak.<\/p>\n","protected":false},"author":101265,"featured_media":0,"parent":108,"menu_order":15,"comment_status":"closed","ping_status":"closed","template":"","meta":{"_acf_changed":false,"footnotes":""},"categories":[],"tags":[],"class_list":["post-110","page","type-page","status-publish","hentry"],"acf":[],"_links":{"self":[{"href":"https:\/\/semmelweis.hu\/mental\/wp-json\/wp\/v2\/pages\/110","targetHints":{"allow":["GET"]}}],"collection":[{"href":"https:\/\/semmelweis.hu\/mental\/wp-json\/wp\/v2\/pages"}],"about":[{"href":"https:\/\/semmelweis.hu\/mental\/wp-json\/wp\/v2\/types\/page"}],"author":[{"embeddable":true,"href":"https:\/\/semmelweis.hu\/mental\/wp-json\/wp\/v2\/users\/101265"}],"replies":[{"embeddable":true,"href":"https:\/\/semmelweis.hu\/mental\/wp-json\/wp\/v2\/comments?post=110"}],"version-history":[{"count":6,"href":"https:\/\/semmelweis.hu\/mental\/wp-json\/wp\/v2\/pages\/110\/revisions"}],"predecessor-version":[{"id":6937,"href":"https:\/\/semmelweis.hu\/mental\/wp-json\/wp\/v2\/pages\/110\/revisions\/6937"}],"up":[{"embeddable":true,"href":"https:\/\/semmelweis.hu\/mental\/wp-json\/wp\/v2\/pages\/108"}],"wp:attachment":[{"href":"https:\/\/semmelweis.hu\/mental\/wp-json\/wp\/v2\/media?parent=110"}],"wp:term":[{"taxonomy":"category","embeddable":true,"href":"https:\/\/semmelweis.hu\/mental\/wp-json\/wp\/v2\/categories?post=110"},{"taxonomy":"post_tag","embeddable":true,"href":"https:\/\/semmelweis.hu\/mental\/wp-json\/wp\/v2\/tags?post=110"}],"curies":[{"name":"wp","href":"https:\/\/api.w.org\/{rel}","templated":true}]}}