{"id":11,"date":"2018-06-08T00:00:00","date_gmt":"2018-06-07T22:00:00","guid":{"rendered":"http:\/\/semmelweis.hu\/mental\/laktacios-szaktanacsado\/"},"modified":"2026-02-11T14:21:01","modified_gmt":"2026-02-11T13:21:01","slug":"laktacios-szaktanacsado","status":"publish","type":"page","link":"https:\/\/semmelweis.hu\/mental\/szakiranyu-kepzesek\/laktacios-szaktanacsado\/","title":{"rendered":"Lakt\u00e1ci\u00f3s szaktan\u00e1csad\u00f3 szakir\u00e1ny\u00fa tov\u00e1bbk\u00e9pz\u00e9si szak"},"content":{"rendered":"<p style=\"text-align: center\"><strong>Lakt\u00e1ci\u00f3s Szaktan\u00e1csad\u00f3 Szakir\u00e1ny\u00fa Tov\u00e1bbk\u00e9pz\u00e9si Szak<\/strong><\/p>\n<p style=\"text-align: justify\">A k\u00e9pz\u00e9s c\u00e9lja a hum\u00e1n seg\u00edt\u0151 foglalkoz\u00e1s\u00fa alapdiplom\u00e1val rendelkez\u0151 eg\u00e9szs\u00e9g\u00fcgyben dolgoz\u00f3 szakemberek tov\u00e1bbk\u00e9pz\u00e9se, szeml\u00e9let\u00e9nek alak\u00edt\u00e1sa annak \u00e9rdek\u00e9ben, hogy munk\u00e1jukat a lakt\u00e1ci\u00f3 ter\u00e9n korszer\u0171 ismeretekkel gyarapodva magasabb szinten v\u00e9gezhess\u00e9k.<\/p>\n<p style=\"text-align: justify\">A k\u00e9pz\u00e9s tananyaga a nemzetk\u00f6zi lakt\u00e1ci\u00f3s szaktan\u00e1csad\u00f3i (IBLCE) vizsg\u00e1hoz igazodik, k\u00edv\u00e1nalmainak megfelel.<\/p>\n<div class=\"keretes w-100\">\n<p style=\"text-align: justify\">Interj\u00fa <strong>dr. W. Ungv\u00e1ry Ren\u00e1t\u00e1val<\/strong>, a Semmelweis Egyetem Ment\u00e1lhigi\u00e9n\u00e9 Int\u00e9zet adjunktus\u00e1val, a lakt\u00e1ci\u00f3s szaktan\u00e1csad\u00f3 szakir\u00e1ny\u00fa k\u00e9pz\u00e9s szakcsoportvezet\u0151j\u00e9vel:<a href=\"https:\/\/semmelweis.hu\/hirek\/2024\/11\/21\/egyre-nagyobb-szukseg-van-az-egyetem-egyedulallo-laktacios-szaktanacsado-kepzesere\" target=\"_blank\" rel=\"noopener\"><strong> Egyre nagyobb sz\u00fcks\u00e9g van az egyetem egyed\u00fcl\u00e1ll\u00f3 lakt\u00e1ci\u00f3s szaktan\u00e1csad\u00f3 k\u00e9pz\u00e9s\u00e9re<\/strong><\/a><\/p>\n<\/div>\n<ul style=\"list-style-type: square\">\n<li>\n<div class=\"lead\"><a href=\"https:\/\/semmelweis.hu\/mental\/szakiranyu-kepzesek\/laktacios-szaktanacsado\/a-kepzes-bemutatasa\/\">A k\u00e9pz\u00e9s bemutat\u00e1sa<\/a><\/div>\n<\/li>\n<li>\n<div class=\"lead\"><a href=\"https:\/\/semmelweis.hu\/mental\/szakiranyu-kepzesek\/laktacios-szaktanacsado\/felveteli-tajekoztato\/\">Felv\u00e9teli t\u00e1j\u00e9koztat\u00f3<\/a><\/div>\n<\/li>\n<li style=\"text-align: left\">\n<div class=\"w-100 lead\"><a href=\"https:\/\/semmelweis.hu\/mental\/szakiranyu-kepzesek\/laktacios-szaktanacsado\/kik-a-laktacios-szaktanacsadok\/\">Kik a lakt\u00e1ci\u00f3s szaktan\u00e1csad\u00f3k?<\/a><\/div>\n<\/li>\n<li style=\"text-align: left\">\n<div class=\"w-100 lead\"><a href=\"https:\/\/semmelweis.hu\/mental\/szakiranyu-kepzesek\/laktacios-szaktanacsado\/laktacios-konferencia-2025-januar-17-18\/\">Lakt\u00e1ci\u00f3s konferencia 2025. janu\u00e1r 17-18.<\/a><\/div>\n<\/li>\n<li style=\"text-align: left\">\n<div class=\"w-100 lead\"><a href=\"https:\/\/semmelweis.hu\/mental\/szakiranyu-kepzesek\/laktacios-szaktanacsado\/tudaselemek-es-ismeretek\/\">Tud\u00e1selemek \u00e9s ismeretek<\/a><\/div>\n<\/li>\n<li style=\"text-align: left\">\n<div class=\"w-100 lead\"><a href=\"https:\/\/semmelweis.hu\/mental\/szakiranyu-kepzesek\/laktacios-szaktanacsado\/szakkepzettseg-alkalmazas\/\">Szakk\u00e9pzetts\u00e9g alkalmaz\u00e1s<\/a><\/div>\n<\/li>\n<li style=\"text-align: left\">\n<div class=\"w-100 lead\"><a href=\"https:\/\/semmelweis.hu\/mental\/szakiranyu-kepzesek\/laktacios-szaktanacsado\/tanulmanyi-tajekoztato\/\" target=\"_blank\" rel=\"noopener\">Tanulm\u00e1nyi t\u00e1j\u00e9koztat\u00f3, szakdolgozati t\u00e1j\u00e9koztat\u00f3, k\u00e9pz\u00e9si alkalmak<\/a><\/div>\n<\/li>\n<li style=\"text-align: left\">\n<div class=\"w-100 lead\"><a href=\"https:\/\/semmelweis.hu\/mental\/szakiranyu-kepzesek\/laktacios-szaktanacsado\/ibclc-vizsgajelentkezes\/\">IBCLC vizsgajelentkez\u00e9s<\/a><\/div>\n<\/li>\n<li>\n<div class=\"w-100 lead\" style=\"text-align: left\"><a href=\"https:\/\/semmelweis.hu\/mental\/szakiranyu-kepzesek\/laktacios-szaktanacsado\/kontaktszemelyek\/\">Kontaktszem\u00e9lyek<\/a><\/div>\n<\/li>\n<\/ul>\n","protected":false},"excerpt":{"rendered":"<p>Lakt\u00e1ci\u00f3s Szaktan\u00e1csad\u00f3 Szakir\u00e1ny\u00fa Tov\u00e1bbk\u00e9pz\u00e9si Szak A k\u00e9pz\u00e9s c\u00e9lja a hum\u00e1n seg\u00edt\u0151 foglalkoz\u00e1s\u00fa alapdiplom\u00e1val rendelkez\u0151 eg\u00e9szs\u00e9g\u00fcgyben dolgoz\u00f3 szakemberek tov\u00e1bbk\u00e9pz\u00e9se, szeml\u00e9let\u00e9nek alak\u00edt\u00e1sa annak \u00e9rdek\u00e9ben, hogy munk\u00e1jukat a lakt\u00e1ci\u00f3 ter\u00e9n korszer\u0171 ismeretekkel gyarapodva magasabb szinten v\u00e9gezhess\u00e9k. A k\u00e9pz\u00e9s tananyaga a nemzetk\u00f6zi lakt\u00e1ci\u00f3s szaktan\u00e1csad\u00f3i (IBLCE) vizsg\u00e1hoz igazodik, k\u00edv\u00e1nalmainak megfelel. Interj\u00fa dr. W. Ungv\u00e1ry Ren\u00e1t\u00e1val, a Semmelweis Egyetem Ment\u00e1lhigi\u00e9n\u00e9 Int\u00e9zet &hellip;<\/p>\n","protected":false},"author":101614,"featured_media":0,"parent":1215,"menu_order":3,"comment_status":"closed","ping_status":"closed","template":"","meta":{"_acf_changed":false,"footnotes":""},"categories":[],"tags":[],"class_list":["post-11","page","type-page","status-publish","hentry"],"acf":[],"_links":{"self":[{"href":"https:\/\/semmelweis.hu\/mental\/wp-json\/wp\/v2\/pages\/11","targetHints":{"allow":["GET"]}}],"collection":[{"href":"https:\/\/semmelweis.hu\/mental\/wp-json\/wp\/v2\/pages"}],"about":[{"href":"https:\/\/semmelweis.hu\/mental\/wp-json\/wp\/v2\/types\/page"}],"author":[{"embeddable":true,"href":"https:\/\/semmelweis.hu\/mental\/wp-json\/wp\/v2\/users\/101614"}],"replies":[{"embeddable":true,"href":"https:\/\/semmelweis.hu\/mental\/wp-json\/wp\/v2\/comments?post=11"}],"version-history":[{"count":11,"href":"https:\/\/semmelweis.hu\/mental\/wp-json\/wp\/v2\/pages\/11\/revisions"}],"predecessor-version":[{"id":8994,"href":"https:\/\/semmelweis.hu\/mental\/wp-json\/wp\/v2\/pages\/11\/revisions\/8994"}],"up":[{"embeddable":true,"href":"https:\/\/semmelweis.hu\/mental\/wp-json\/wp\/v2\/pages\/1215"}],"wp:attachment":[{"href":"https:\/\/semmelweis.hu\/mental\/wp-json\/wp\/v2\/media?parent=11"}],"wp:term":[{"taxonomy":"category","embeddable":true,"href":"https:\/\/semmelweis.hu\/mental\/wp-json\/wp\/v2\/categories?post=11"},{"taxonomy":"post_tag","embeddable":true,"href":"https:\/\/semmelweis.hu\/mental\/wp-json\/wp\/v2\/tags?post=11"}],"curies":[{"name":"wp","href":"https:\/\/api.w.org\/{rel}","templated":true}]}}