{"id":109,"date":"2018-06-08T00:00:00","date_gmt":"2018-06-07T22:00:00","guid":{"rendered":"http:\/\/semmelweis.hu\/mental\/jelentkezes-es-felveteli\/"},"modified":"2024-10-17T18:55:22","modified_gmt":"2024-10-17T16:55:22","slug":"jelentkezes-es-felveteli","status":"publish","type":"page","link":"https:\/\/semmelweis.hu\/mental\/tanulmanyi-ugyek\/jelentkezes-es-felveteli\/","title":{"rendered":"Jelentkez\u00e9s \u00e9s felv\u00e9teli"},"content":{"rendered":"<p><strong>Jelentkez\u00e9s \u00e9s felv\u00e9teli\u00a0<\/strong><\/p>\n<div><strong>Szakir\u00e1ny\u00fa tov\u00e1bbk\u00e9pz\u00e9seinkre<\/strong>\u00a0val\u00f3 jelentkez\u00e9s a k\u00f6vetkez\u0151 fel\u00fcleten:\u00a0<a id=\"LPlnk877467\" href=\"https:\/\/mhi.semmelweis.hu\/login\" target=\"_blank\" rel=\"noopener noreferrer\">https:\/\/mhi.semmelweis.hu\/login<\/a><\/div>\n<p>\u00a0<strong>Mesterk\u00e9pz\u00e9seinkre\u00a0<\/strong>val\u00f3 jelentkez\u00e9s a Fels\u0151oktat\u00e1si Felv\u00e9teli elj\u00e1r\u00e1s keret\u00e9ben t\u00f6rt\u00e9nik e-felv\u00e9telivel (<a href=\"https:\/\/www.felvi.hu\/\" target=\"_blank\" rel=\"noopener\">felvi.hu<\/a>).<\/p>\n","protected":false},"excerpt":{"rendered":"<p>Jelentkez\u00e9s \u00e9s felv\u00e9teli\u00a0<br \/>\nSzakir\u00e1ny\u00fa tov\u00e1bbk\u00e9pz\u00e9seinkre\u00a0val\u00f3 jelentkez\u00e9s a k\u00f6vetkez\u0151 fel\u00fcleten:\u00a0<a id=\"LPlnk877467\" href=\"https:\/\/mhi.semmelweis.hu\/login\" target=\"_blank\" rel=\"noopener noreferrer\">https:\/\/mhi.semmelweis.hu\/login<\/a><br \/>\n\u00a0Mesterk\u00e9pz\u00e9seinkre\u00a0val\u00f3 jelentkez\u00e9s a Fels\u0151oktat\u00e1si Felv\u00e9teli elj\u00e1r\u00e1s keret\u00e9ben t\u00f6rt\u00e9nik e-felv\u00e9telivel (<a href=\"https:\/\/www.felvi.hu\/\" target=\"_blank\" rel=\"noopener\">felvi.hu<\/a>).<\/p>\n","protected":false},"author":101265,"featured_media":0,"parent":108,"menu_order":14,"comment_status":"closed","ping_status":"closed","template":"","meta":{"_acf_changed":false,"footnotes":""},"categories":[],"tags":[],"class_list":["post-109","page","type-page","status-publish","hentry"],"acf":[],"_links":{"self":[{"href":"https:\/\/semmelweis.hu\/mental\/wp-json\/wp\/v2\/pages\/109","targetHints":{"allow":["GET"]}}],"collection":[{"href":"https:\/\/semmelweis.hu\/mental\/wp-json\/wp\/v2\/pages"}],"about":[{"href":"https:\/\/semmelweis.hu\/mental\/wp-json\/wp\/v2\/types\/page"}],"author":[{"embeddable":true,"href":"https:\/\/semmelweis.hu\/mental\/wp-json\/wp\/v2\/users\/101265"}],"replies":[{"embeddable":true,"href":"https:\/\/semmelweis.hu\/mental\/wp-json\/wp\/v2\/comments?post=109"}],"version-history":[{"count":3,"href":"https:\/\/semmelweis.hu\/mental\/wp-json\/wp\/v2\/pages\/109\/revisions"}],"predecessor-version":[{"id":7568,"href":"https:\/\/semmelweis.hu\/mental\/wp-json\/wp\/v2\/pages\/109\/revisions\/7568"}],"up":[{"embeddable":true,"href":"https:\/\/semmelweis.hu\/mental\/wp-json\/wp\/v2\/pages\/108"}],"wp:attachment":[{"href":"https:\/\/semmelweis.hu\/mental\/wp-json\/wp\/v2\/media?parent=109"}],"wp:term":[{"taxonomy":"category","embeddable":true,"href":"https:\/\/semmelweis.hu\/mental\/wp-json\/wp\/v2\/categories?post=109"},{"taxonomy":"post_tag","embeddable":true,"href":"https:\/\/semmelweis.hu\/mental\/wp-json\/wp\/v2\/tags?post=109"}],"curies":[{"name":"wp","href":"https:\/\/api.w.org\/{rel}","templated":true}]}}