{"id":106,"date":"2018-06-08T00:00:00","date_gmt":"2018-06-07T22:00:00","guid":{"rendered":"http:\/\/semmelweis.hu\/mental\/vizsga\/"},"modified":"2024-10-17T19:33:18","modified_gmt":"2024-10-17T17:33:18","slug":"vizsga","status":"publish","type":"page","link":"https:\/\/semmelweis.hu\/mental\/tanulmanyi-ugyek\/vizsga\/","title":{"rendered":"Vizsga"},"content":{"rendered":"<div class=\"exp-col-content-holder\"><strong>Vizsga<\/strong><\/p>\n<div class=\"hidden-content\" style=\"text-align: justify\"><span style=\"text-decoration: underline\"><strong>Vizsgaid\u0151szak:<\/strong><\/span> A f\u00e9l\u00e9ves vizsgaid\u0151szak \u00e9s vizsg\u00e1ra t\u00f6rt\u00e9n\u0151 jelentkez\u00e9s id\u0151pontja megtekinthet\u0151 a Neptun tanulm\u00e1nyi rendszer &#8222;Inform\u00e1ci\u00f3 &#8211; Id\u0151szakok&#8221; men\u00fcpont alatt.<\/p>\n<ul>\n<li><strong>Vizsg\u00e1ra minden hallgat\u00f3nak jelentkeznie kell a Neptun-rendszerben. Vizsgaalkalomra jelentkezni legk\u00e9s\u0151bb az adott vizsga id\u0151pontj\u00e1t 23 \u00f3r\u00e1val megel\u0151z\u0151en, a jelentkez\u00e9st visszavonni legk\u00e9s\u0151bb az adott vizsga id\u0151pontj\u00e1t 24 \u00f3r\u00e1val megel\u0151z\u0151en, kiz\u00e1r\u00f3lag a NEPTUN EFTR-en kereszt\u00fcl lehet.<\/strong>\u00a0<\/li>\n<li>Amennyiben a vizsg\u00e1n\u00e1l minimum l\u00e9tsz\u00e1m szerepel, de nincs el\u00e9g jelentkez\u0151, \u00fagy a vizsga elmarad (utols\u00f3 vizsganap kiv\u00e9tel\u00e9vel). K\u00e9rj\u00fck ezen vizsgaid\u0151pontokn\u00e1l a l\u00e9tsz\u00e1m alakul\u00e1s\u00e1t figyelemmel k\u00eds\u00e9rni, mert k\u00fcl\u00f6n \u00e9rtes\u00edt\u00e9st nem k\u00fcld\u00fcnk a vizsga elmarad\u00e1s\u00e1r\u00f3l.<\/li>\n<li>Amennyiben a vizsga megkezd\u00e9s\u00e9nek id\u0151pontj\u00e1ig \u00edr\u00e1sban nem jelzi a hallgat\u00f3 a vizsg\u00e1r\u00f3l val\u00f3 igazolatlan t\u00e1volmarad\u00e1s\u00e1t, \u00fagy a hat\u00e1lyos T\u00e9r\u00edt\u00e9si \u00e9s Juttat\u00e1si Szab\u00e1lyzat \u00e9rtelm\u00e9ben 7.450 Ft vizsgamulaszt\u00e1si d\u00edjat kell fizetnie.<\/li>\n<li>A vizsg\u00e1r\u00f3l val\u00f3 t\u00e1voll\u00e9tet a hallgat\u00f3 k\u00f6teles 3 munkanapon bel\u00fcl e-mail k\u00fcld\u00e9s\u00e9vel tanulm\u00e1nyi \u00fcgyint\u00e9z\u0151j\u00e9n\u00e9l vagy a t\u00e1rgy oktat\u00f3j\u00e1n\u00e1l igazolni. Ha a hallgat\u00f3 a t\u00e1voll\u00e9t\u00e9t megfelel\u0151en igazolja, akkor a \u201enem jelent meg\u201d bejegyz\u00e9s t\u00f6rl\u00e9sre ker\u00fcl \u2013 ebben az esetben nem ker\u00fcl sor vizsgamulaszt\u00e1si d\u00edj fizet\u00e9s\u00e9re.<\/li>\n<\/ul>\n<p><span style=\"color: #3366ff\">https:\/\/semmelweis.hu\/ekk\/files\/2024\/10\/EKK_TERITESI_ES_JUTTATASI_REND_2024_10_01.pdf<\/span><\/p>\n<p><strong style=\"font-size: 1rem\"><span style=\"text-decoration: underline\">Vizsgahelysz\u00edn:<\/span><\/strong><span style=\"font-size: 1rem\"> Azon vizsg\u00e1kn\u00e1l, ahol a &#8222;Terem&#8221; oszlopban nem l\u00e1that\u00f3 helysz\u00edn, a + jelre kattintva, a le\u00edr\u00e1sban megtal\u00e1lhat\u00f3. A vizsgahelysz\u00ednt \u00e9rdemes a vizsga el\u0151tti nap ellen\u0151rizni, esetleges id\u0151-k\u00f6zbeni v\u00e1ltoz\u00e1s miatt. <\/span><span style=\"text-decoration: underline\">Vizsgajelentkez\u00e9s folyamata:<\/span><span style=\"font-size: 1rem\"> (Vizsg\u00e1n val\u00f3 megjelen\u00e9skor szem\u00e9lyi igazolv\u00e1ny (k\u00fclf\u00f6ldi \u00e1llampolg\u00e1roknak \u00fatlev\u00e9l) bemutat\u00e1sa sz\u00fcks\u00e9ges) A \u2019<\/span><em style=\"font-size: 1rem\">Vizsg\u00e1k<\/em><span style=\"font-size: 1rem\">\u2019 men\u00fcpont alatt tal\u00e1lhat\u00f3 a \u2019<\/span><em style=\"font-size: 1rem\">Vizsgajelentkez\u00e9s<\/em><span style=\"font-size: 1rem\">\u2019 fel\u00fclet. Ezen a fel\u00fcleten tud jelentkezni a vizsg\u00e1ira, illetve lejelentkezni azokr\u00f3l. A vizsg\u00e1k list\u00e1j\u00e1ban k\u00e9k sz\u00ednnel l\u00e1tja azokat a vizsg\u00e1kat, amelyekre m\u00e1r jelentkezett. <\/span><strong style=\"font-size: 1rem\">1. Vizsg\u00e1k list\u00e1z\u00e1sa:<\/strong><span style=\"font-size: 1rem\"> A fel\u00fcletre l\u00e9p\u00e9skor els\u0151 alkalommal automatikusan az aktu\u00e1lis f\u00e9l\u00e9vben meghirdetett \u00f6sszes, az aznapi d\u00e1tum ut\u00e1ni vizsgaalkalom megjelenik, de lehet\u0151s\u00e9ge van a list\u00e1t sz\u0171k\u00edteni is. Ha egy bizonyos t\u00e1rgy vizsgaalkalmaira k\u00edv\u00e1ncsi csak, akkor a &#8222;T\u00e1rgyak&#8221; leg\u00f6rd\u00edt\u0151 men\u00fcb\u0151l v\u00e1lassza ki az adott tant\u00e1rgyat, majd kattintson a &#8222;Vizsg\u00e1k list\u00e1z\u00e1sa&#8221; gombra. <\/span><strong style=\"font-size: 1rem\">2. Vizsg\u00e1ra jelentkez\u00e9s:<\/strong><span style=\"font-size: 1rem\"> Vizsga felv\u00e9tel\u00e9hez kattintson az adott id\u0151pont sor\u00e1ban tal\u00e1lhat\u00f3 &#8222;Lehet\u0151s\u00e9gek()&#8221; ikonra, majd azon bel\u00fcl a &#8222;Jelentkez\u00e9s&#8221;-re. A vizsgajelentkez\u00e9s sikeress\u00e9g\u00e9r\u0151l, vagy sikertelens\u00e9g\u00e9r\u0151l a program visszajelz\u00e9st ad. (A \u2019<\/span><em style=\"font-size: 1rem\">Vizsg\u00e1k\/Felvett vizsg\u00e1k<\/em><span style=\"font-size: 1rem\">\u2019 men\u00fcpontj\u00e1ban l\u00e1thatja azoknak a vizsgaalkalmaknak a list\u00e1j\u00e1t \u00e9s adatait, amelyekre m\u00e1r kor\u00e1bban jelentkezett.) Vizsg\u00e1ra jelentkezni (\u00e9s arr\u00f3l lejelentkezni) kiz\u00e1r\u00f3lag az adott int\u00e9zm\u00e9ny \u00e1ltal megjel\u00f6lt vizsgaid\u0151szakban van lehet\u0151s\u00e9ge! <\/span><strong style=\"font-size: 1rem\">3. Vizsga lead\u00e1sa:<\/strong><span style=\"font-size: 1rem\"> Abban az esetben, ha egy vizsg\u00e1ra hib\u00e1san jelentkezett fel, vagy egyszer\u0171en csak meggondolta mag\u00e1t \u00e9s le akar jelentkezni, akkor ezt k\u00f6zvetlen\u00fcl a &#8222;Vizsgajelentkez\u00e9s&#8221; fel\u00fcleten is megteheti, a felvett (k\u00e9k sz\u00ednben l\u00e1that\u00f3) vizsga sorv\u00e9gi &#8222;Lehet\u0151s\u00e9gek()&#8221; ikon alatt a &#8222;Lead\u00e1s&#8221; gombra kattintva. A vizsg\u00e1r\u00f3l a &#8222;Felvett vizsg\u00e1k&#8221; men\u00fcponton kereszt\u00fcl is le tud jelentkezni, ha az adott vizsga sor\u00e1nak v\u00e9g\u00e9n l\u00e1that\u00f3 &#8222;Lehet\u0151s\u00e9gek()&#8221; ikonra, majd &#8222;Lead\u00e1s&#8221; feliratra kattint. (Ezt \u00e1ltal\u00e1ban a vizsg\u00e1t megel\u0151z\u0151 24 \u00f3r\u00e1n bel\u00fcl teheti meg, de ez a hat\u00e1rid\u0151 int\u00e9zm\u00e9nyenk\u00e9nt elt\u00e9r\u0151 lehet). Ekkor a rendszer megpr\u00f3b\u00e1lja lejelentkezteti \u00d6nt az adott alkalomr\u00f3l \u00e9s a m\u0171velet sikeress\u00e9g\u00e9r\u0151l, ill. sikertelens\u00e9g\u00e9r\u0151l visszajelz\u00e9st ad. <\/span><strong style=\"font-size: 1rem\">4. Vizsgacsere:<\/strong><span style=\"font-size: 1rem\"> Amennyiben egy t\u00e1rgy vizsg\u00e1j\u00e1t m\u00e1sik id\u0151pontra szeretne cser\u00e9lni, kattintson a &#8222;Felvett vizsg\u00e1k&#8221; men\u00fcponton a vizsg\u00e1k list\u00e1j\u00e1ban a lecser\u00e9lend\u0151 vizsga sor\u00e1nak v\u00e9g\u00e9n l\u00e1that\u00f3 &#8222;Lehet\u0151s\u00e9gek()&#8221; ikonra, itt megjelenik a &#8222;Vizsgacsere&#8221; lehet\u0151s\u00e9g. Ekkor egy el\u0151ugr\u00f3 ablakban megtekintheti a vizsga t\u00e1rgy\u00e1b\u00f3l ki\u00edrt t\u00f6bbi vizsg\u00e1t, melyre lehet\u0151s\u00e9ge van lecser\u00e9lni a jelenleg kijel\u00f6lt vizsgaalkalm\u00e1t. A vizsgacsere ablakban v\u00e1lassza ki azt a vizsgaalkalmat, melyre cser\u00e9lni k\u00edv\u00e1n, majd kattintson az adott vizsga sor\u00e1ban tal\u00e1lhat\u00f3 sorv\u00e9gi ikonra \u00e9s a \u201eVizsgacsere\u201d feliratra. A m\u0171velet ment\u00e9se el\u0151tt a program egy meger\u0151s\u00edt\u0151 k\u00e9rd\u00e9st tesz fel egy el\u0151ugr\u00f3 ablakban, melyben meger\u0151s\u00edtheti vizsgacsere sz\u00e1nd\u00e9k\u00e1t. (A vizsgacsere term\u00e9szetesen csak j\u00f6v\u0151beni vizsgaalkalmak k\u00f6z\u00f6tt lehets\u00e9ges.) <\/span><strong style=\"font-size: 1rem\">5. Jav\u00edt\u00f3\/ism\u00e9tl\u0151 vizsga (IV):<\/strong><span style=\"font-size: 1rem\"> A jelenleg \u00e9rv\u00e9nyben l\u00e9v\u0151 Kreditrendszer\u0171 Tanulm\u00e1nyi \u00e9s Vizsgaszab\u00e1lyzat szerint: &#8222;A hallgat\u00f3, ha sikertelen vizsg\u00e1t tett, vizsga kijav\u00edt\u00e1s\u00e1t k\u00e9t alkalommal jav\u00edt\u00f3, illetve ism\u00e9tl\u0151 jav\u00edt\u00f3vizsga form\u00e1j\u00e1ban k\u00eds\u00e9relheti meg az adott vizsgaid\u0151szakban. A hallgat\u00f3 tan\u00e9vente legfeljebb egy tant\u00e1rgyb\u00f3l harmadik alkalommal is tehet ism\u00e9tl\u0151vizsg\u00e1t (m\u00e1sodik ism\u00e9tl\u0151 jav\u00edt\u00f3vizsg\u00e1t). A hallgat\u00f3 a f\u00e9l\u00e9vben, ugyanazon tant\u00e1rgyb\u00f3l negyedik ism\u00e9tl\u0151vizsg\u00e1t \u2013 m\u00e9lt\u00e1nyoss\u00e1gb\u00f3l \u2013 sem tehet.&#8221;<\/span><\/p>\n<\/div>\n<div class=\"hidden-content\" style=\"text-align: justify\">\u00a0A Fels\u0151oktat\u00e1si t\u00f6rv\u00e9ny \u00e9rtelm\u00e9ben csak a harmadik vizsg\u00e1t terheli fizet\u00e9si k\u00f6telezetts\u00e9g (teh\u00e1t az els\u0151 \u00e9s m\u00e1sodik vizsga minden t\u00e1rgyb\u00f3l ingyenes). Az ism\u00e9tl\u0151vizsga-d\u00edj befizet\u00e9se a Hallgat\u00f3 e-mail-en t\u00f6rt\u00e9n\u0151 jelz\u00e9se alapj\u00e1n a tanulm\u00e1nyi \u00fcgyint\u00e9z\u0151 \u00e1ltal Neptun rendszerben ki\u00edrt \u00f6sszeg \u00e1tutal\u00e1s\u00e1val t\u00f6rt\u00e9nik. A vizsg\u00e1n vizsga megkezd\u00e9se el\u0151tt a befizet\u00e9si igazol\u00e1st a tanulm\u00e1nyi oszt\u00e1ly e-mail c\u00edm\u00e9re sz\u00fcks\u00e9ges megk\u00fcldeni. Azon hallgat\u00f3k, akik a 2012\/2013-as tan\u00e9vben, vagy azt k\u00f6vet\u0151en nyertek felv\u00e9telt, tanulm\u00e1nyaik sor\u00e1n egy tant\u00e1rgyb\u00f3l \u00f6sszesen 6 vizsg\u00e1t k\u00eds\u00e9relhetnek meg (1 sikertelen + 5 ism\u00e9tl\u0151). &#8211; <strong>d\u00edj befizet\u00e9se:<\/strong> A \u2019<em>P\u00e9nz\u00fcgyek<\/em>\u2019 men\u00fcpont \u2019<em>Befizet\u00e9s<\/em>\u2019 linkj\u00e9re kattintva jutunk el arra a fel\u00fcletre, ahol megtekintheti a teljes\u00edtett \u00e9s a befizetend\u0151 (akt\u00edv) t\u00e9teleinek list\u00e1j\u00e1t, Itt a &#8222;<em>Befizet\u00e9s<\/em>&#8221; f\u00fcl\u00f6n van tov\u00e1bb\u00e1 lehet\u0151s\u00e9ge p\u00e9nz\u00fcgyi k\u00f6telezetts\u00e9geinek teljes\u00edt\u00e9s\u00e9re is. Az akt\u00edv (befizetetlen) ki\u00edrt t\u00e9tel befizet\u00e9s\u00e9hez pip\u00e1lja be a teljes\u00edtend\u0151 t\u00e9tel mellett tal\u00e1lhat\u00f3 jel\u00f6l\u0151n\u00e9gyzetet, majd kattintson a &#8222;Befizet&#8221; gombra. Ezut\u00e1n megjelenik a fizet\u00e9si m\u00f3d, mely az int\u00e9zm\u00e9nyben a bankk\u00e1rty\u00e1s fizet\u00e9s. A bankk\u00e1rty\u00e1s fizet\u00e9s, az erre alkalmas bankk\u00e1rtya seg\u00edts\u00e9g\u00e9vel, az OTP Bank weboldal\u00e1n kereszt\u00fcl t\u00f6rt\u00e9nik, ahol a bankk\u00e1rtya adatainak megad\u00e1s\u00e1val az interneten kereszt\u00fcl tudja a t\u00e9telt teljes\u00edteni. (A bankk\u00e1rty\u00e1val befizetett t\u00e9telek teljes\u00edt\u00e9s\u00e9nek regisztr\u00e1l\u00e1sa azonnal megt\u00f6rt\u00e9nik a Neptunban.)<\/div>\n<div class=\"hidden-content\" style=\"text-align: justify\"><strong><span style=\"text-decoration: underline\">Eredm\u00e9nyek megtekint\u00e9se<\/span><\/strong> A t\u00e1rgyb\u00f3l kapott eredm\u00e9nyeket k\u00e9t fel\u00fcleten is meg lehet tekinteni: \u2019T\u00e1rgyak\/Felvett t\u00e1rgyak\u2019 vagy \u2019Tanulm\u00e1nyok\/F\u00e9l\u00e9ves adatok\u2019. A fel\u00fcleten a f\u00e9l\u00e9v kiv\u00e1laszt\u00e1sa ut\u00e1n lehet kilist\u00e1ztatni a felvett t\u00e1rgyakat. A t\u00e1rgyak sor\u00e1ban a &#8222;Lehet\u0151s\u00e9gek()\/Eredm\u00e9nyek&#8221; men\u00fcpontra kattintva egy felugr\u00f3 ablakban megjelenik az adott t\u00e1rgyb\u00f3l el\u00e9rt, a rendszerben r\u00f6gz\u00edtett eredm\u00e9nyeinek list\u00e1ja. Amennyiben a Neptunban r\u00f6gz\u00edtett \u00e9rdemjegy nem egyezik meg a vizsg\u00e1n szerzett \u00e9rdemjeggyel, vagy annak ellen\u00e9re, hogy a hallgat\u00f3 vizsg\u00e1t tett, nem szerepel \u00e9rdemjegy a Neptun Tanulm\u00e1nyi Rendszerben, a hallgat\u00f3 vagy az oktat\u00f3 a vizsgaid\u0151szakot k\u00f6vet\u0151 14 napon bel\u00fcl kifog\u00e1ssal \u00e9lhet. E hat\u00e1rid\u0151 elmulaszt\u00e1sa eset\u00e9n igazol\u00e1snak kiz\u00e1r\u00f3lag akkor van helye, ha a kifog\u00e1s beny\u00fajt\u00e1s\u00e1t a rendelkez\u00e9sre \u00e1ll\u00f3 14 napos id\u0151szak egybef\u00fcgg\u0151en t\u00f6bb mint fel\u00e9ben orvosi igazol\u00e1ssal bizony\u00edtott eg\u00e9szs\u00e9g\u00fcgyi ok akad\u00e1lyozta. <span style=\"text-decoration: underline\">Vizsgahalaszt\u00e1s:<\/span> Igazoltnak kiz\u00e1r\u00f3lag az a t\u00e1voll\u00e9t tekinthet\u0151, amely a hallgat\u00f3 \u00f6nhib\u00e1j\u00e1n k\u00edv\u00fcl, igazolhat\u00f3 k\u00fcls\u0151 k\u00f6r\u00fclm\u00e9nyek miatt k\u00f6vetkezett be. Az igazolt t\u00e1volmarad\u00e1s vizsgahalaszt\u00e1snak min\u0151s\u00fcl.<\/div>\n<\/div>\n<div>\u00a0<\/div>\n<div class=\"exp-col-content-holder\">A Neptun alkalmaz\u00e1s\u00e1val kapcsolatos \u00e9szrev\u00e9teleit jelezheti a Tanulm\u00e1nyi Csoport \u00fcgyint\u00e9z\u0151in\u00e9l: <a href=\"mailto:mental-tanulmanyi@public.semmelweis-univ.hu\">mental.tanulmanyi@semmelweis.hu<\/a> (a t\u00e1rgyban k\u00e9rj\u00fck minden esetben felt\u00fcntetni a szak r\u00f6vid\u00edtett megnevez\u00e9s\u00e9t) <strong>Felh\u00edvjuk hallgat\u00f3ink figyelm\u00e9t, hogy a Neptun-rendszer hi\u00e1nyos ismerete nem mentes\u00edti az elv\u00e9gzend\u0151 feladatok, k\u00f6telezetts\u00e9gek teljes\u00edt\u00e9se al\u00f3l.<\/strong><\/div>\n","protected":false},"excerpt":{"rendered":"<p>Vizsga Vizsgaid\u0151szak: A f\u00e9l\u00e9ves vizsgaid\u0151szak \u00e9s vizsg\u00e1ra t\u00f6rt\u00e9n\u0151 jelentkez\u00e9s id\u0151pontja megtekinthet\u0151 a Neptun tanulm\u00e1nyi rendszer &#8222;Inform\u00e1ci\u00f3 &#8211; Id\u0151szakok&#8221; men\u00fcpont alatt. Vizsg\u00e1ra minden hallgat\u00f3nak jelentkeznie kell a Neptun-rendszerben. Vizsgaalkalomra jelentkezni legk\u00e9s\u0151bb az adott vizsga id\u0151pontj\u00e1t 23 \u00f3r\u00e1val megel\u0151z\u0151en, a jelentkez\u00e9st visszavonni legk\u00e9s\u0151bb az adott vizsga id\u0151pontj\u00e1t 24 \u00f3r\u00e1val megel\u0151z\u0151en, kiz\u00e1r\u00f3lag a NEPTUN EFTR-en kereszt\u00fcl lehet.\u00a0 Amennyiben &hellip;<\/p>\n","protected":false},"author":101790,"featured_media":0,"parent":108,"menu_order":11,"comment_status":"closed","ping_status":"closed","template":"","meta":{"_acf_changed":false,"footnotes":""},"categories":[],"tags":[],"class_list":["post-106","page","type-page","status-publish","hentry"],"acf":[],"_links":{"self":[{"href":"https:\/\/semmelweis.hu\/mental\/wp-json\/wp\/v2\/pages\/106","targetHints":{"allow":["GET"]}}],"collection":[{"href":"https:\/\/semmelweis.hu\/mental\/wp-json\/wp\/v2\/pages"}],"about":[{"href":"https:\/\/semmelweis.hu\/mental\/wp-json\/wp\/v2\/types\/page"}],"author":[{"embeddable":true,"href":"https:\/\/semmelweis.hu\/mental\/wp-json\/wp\/v2\/users\/101790"}],"replies":[{"embeddable":true,"href":"https:\/\/semmelweis.hu\/mental\/wp-json\/wp\/v2\/comments?post=106"}],"version-history":[{"count":10,"href":"https:\/\/semmelweis.hu\/mental\/wp-json\/wp\/v2\/pages\/106\/revisions"}],"predecessor-version":[{"id":7581,"href":"https:\/\/semmelweis.hu\/mental\/wp-json\/wp\/v2\/pages\/106\/revisions\/7581"}],"up":[{"embeddable":true,"href":"https:\/\/semmelweis.hu\/mental\/wp-json\/wp\/v2\/pages\/108"}],"wp:attachment":[{"href":"https:\/\/semmelweis.hu\/mental\/wp-json\/wp\/v2\/media?parent=106"}],"wp:term":[{"taxonomy":"category","embeddable":true,"href":"https:\/\/semmelweis.hu\/mental\/wp-json\/wp\/v2\/categories?post=106"},{"taxonomy":"post_tag","embeddable":true,"href":"https:\/\/semmelweis.hu\/mental\/wp-json\/wp\/v2\/tags?post=106"}],"curies":[{"name":"wp","href":"https:\/\/api.w.org\/{rel}","templated":true}]}}