{"id":105,"date":"2018-06-08T00:00:00","date_gmt":"2018-06-07T22:00:00","guid":{"rendered":"http:\/\/semmelweis.hu\/mental\/konyvvasarlas\/"},"modified":"2019-02-05T11:42:35","modified_gmt":"2019-02-05T10:42:35","slug":"konyvvasarlas","status":"publish","type":"page","link":"https:\/\/semmelweis.hu\/mental\/tanulmanyi-ugyek\/konyvvasarlas\/","title":{"rendered":"K\u00f6nyvv\u00e1s\u00e1rl\u00e1s"},"content":{"rendered":"<p>\u00c1ltal\u00e1nos inform\u00e1ci\u00f3k:<\/p>\n<p><strong>Speci\u00e1lis inform\u00e1ci\u00f3k:<\/strong><\/p>\n<p>Int\u00e9zet\u00fcnk k\u00f6nyvesbolttal nem rendelkezik, ez\u00e9rt csak a k\u00e9pz\u00e9seinkhez kapcsol\u00f3d\u00f3, <strong>P\u00e1rbesz\u00e9d (Dial\u00f3gus) Alap\u00edtv\u00e1ny \u00e1ltal kiadott<\/strong> k\u00f6telez\u0151 olvasm\u00e1nyok v\u00e1s\u00e1rolhat\u00f3ak meg &#8211; el\u0151zetes megrendel\u00e9s alapj\u00e1n.<\/p>\n<p>Megrendel\u00e9s\u00e9t k\u00e9rj\u00fck k\u00fcldje meg a <a href=\"mailto:parbeszed.konyv@gmail.com\">parbeszed.konyv@gmail.com<\/a> c\u00edmre a megrendel\u0151 neve, k\u00e9pz\u00e9s\u00e9nek megnevez\u00e9se, a kiadv\u00e1ny szerz\u0151j\u00e9nek \u00e9s c\u00edm\u00e9nek megad\u00e1s\u00e1val (sz\u00e1mlaig\u00e9ny eset\u00e9n a sz\u00e1ml\u00e1ra ker\u00fcl\u0151 pontos n\u00e9v, c\u00edm is).<\/p>\n<p><strong>Amennyiben k\u00e9pz\u00e9si napokon szeretn\u00e9 megrendel\u00e9s\u00e9t \u00e1tvenni, k\u00e9rj\u00fck, hogy a k\u00e9pz\u00e9s el\u0151tti szerda 12.00 \u00f3r\u00e1ig<\/strong>, k\u00fcldje megrendel\u00e9s\u00e9t fenti e-mail c\u00edmre.<\/p>\n<p><strong>K\u00e9pz\u00e9sen k\u00edv\u00fcli k\u00f6nyvv\u00e1s\u00e1rl\u00e1sra<\/strong> szint\u00e9n a fenti c\u00edmen leadott megrendel\u00e9ssel van lehet\u0151s\u00e9g.<\/p>\n<p>A megrendelt k\u00f6nyvek \u00e1tv\u00e9tele <strong>el\u0151re egyeztetett id\u0151pontban<\/strong> t\u00f6rt\u00e9nik a NET \u00e9p\u00fclet\u00e9ben.<\/p>\n<p><strong>Munkat\u00e1rsunk, Vajk\u00f3 Erzs\u00e9bet minden megrendel\u00e9sre visszaigazol\u00e1st k\u00fcld &#8211; annak meg\u00e9rkez\u00e9se n\u00e9lk\u00fcl a k\u00f6nyv \u00e1tv\u00e9tele nem biztos\u00edtott.<\/strong><\/p>\n<p>K\u00e9rj\u00fck, hogy sz\u00e1mlaig\u00e9ny\u00fcket a megrendel\u00e9skor jelezz\u00e9k, mert ut\u00f3lag nem \u00e1ll m\u00f3dunkban sz\u00e1ml\u00e1t ki\u00e1ll\u00edtani!<\/p>\n<p>A k\u00f6nyvek elolvas\u00e1s\u00e1ra int\u00e9zet\u00fcnkben nincs lehet\u0151s\u00e9g, arra az egyetemi (<a href=\"http:\/\/lib.semmelweis.hu\/\">http:\/\/lib.semmelweis.hu\/<\/a>) vagy m\u00e1s k\u00f6nyvt\u00e1rak ny\u00fajthatnak megold\u00e1st.<\/p>\n","protected":false},"excerpt":{"rendered":"<p>\u00c1ltal\u00e1nos inform\u00e1ci\u00f3k: Speci\u00e1lis inform\u00e1ci\u00f3k: Int\u00e9zet\u00fcnk k\u00f6nyvesbolttal nem rendelkezik, ez\u00e9rt csak a k\u00e9pz\u00e9seinkhez kapcsol\u00f3d\u00f3, P\u00e1rbesz\u00e9d (Dial\u00f3gus) Alap\u00edtv\u00e1ny \u00e1ltal kiadott k\u00f6telez\u0151 olvasm\u00e1nyok v\u00e1s\u00e1rolhat\u00f3ak meg &#8211; el\u0151zetes megrendel\u00e9s alapj\u00e1n. Megrendel\u00e9s\u00e9t k\u00e9rj\u00fck k\u00fcldje meg a <a href=\"mailto:parbeszed.konyv@gmail.com\">parbeszed.konyv@gmail.com<\/a> c\u00edmre a megrendel\u0151 neve, k\u00e9pz\u00e9s\u00e9nek megnevez\u00e9se, a kiadv\u00e1ny szerz\u0151j\u00e9nek \u00e9s c\u00edm\u00e9nek megad\u00e1s\u00e1val (sz\u00e1mlaig\u00e9ny eset\u00e9n a sz\u00e1ml\u00e1ra ker\u00fcl\u0151 pontos n\u00e9v, c\u00edm is). Amennyiben k\u00e9pz\u00e9si napokon &hellip;<\/p>\n","protected":false},"author":101265,"featured_media":0,"parent":108,"menu_order":10,"comment_status":"closed","ping_status":"closed","template":"","meta":{"_acf_changed":false,"footnotes":""},"categories":[],"tags":[],"class_list":["post-105","page","type-page","status-publish","hentry"],"acf":[],"_links":{"self":[{"href":"https:\/\/semmelweis.hu\/mental\/wp-json\/wp\/v2\/pages\/105","targetHints":{"allow":["GET"]}}],"collection":[{"href":"https:\/\/semmelweis.hu\/mental\/wp-json\/wp\/v2\/pages"}],"about":[{"href":"https:\/\/semmelweis.hu\/mental\/wp-json\/wp\/v2\/types\/page"}],"author":[{"embeddable":true,"href":"https:\/\/semmelweis.hu\/mental\/wp-json\/wp\/v2\/users\/101265"}],"replies":[{"embeddable":true,"href":"https:\/\/semmelweis.hu\/mental\/wp-json\/wp\/v2\/comments?post=105"}],"version-history":[{"count":5,"href":"https:\/\/semmelweis.hu\/mental\/wp-json\/wp\/v2\/pages\/105\/revisions"}],"predecessor-version":[{"id":2908,"href":"https:\/\/semmelweis.hu\/mental\/wp-json\/wp\/v2\/pages\/105\/revisions\/2908"}],"up":[{"embeddable":true,"href":"https:\/\/semmelweis.hu\/mental\/wp-json\/wp\/v2\/pages\/108"}],"wp:attachment":[{"href":"https:\/\/semmelweis.hu\/mental\/wp-json\/wp\/v2\/media?parent=105"}],"wp:term":[{"taxonomy":"category","embeddable":true,"href":"https:\/\/semmelweis.hu\/mental\/wp-json\/wp\/v2\/categories?post=105"},{"taxonomy":"post_tag","embeddable":true,"href":"https:\/\/semmelweis.hu\/mental\/wp-json\/wp\/v2\/tags?post=105"}],"curies":[{"name":"wp","href":"https:\/\/api.w.org\/{rel}","templated":true}]}}