{"id":103,"date":"2018-06-08T00:00:00","date_gmt":"2018-06-07T22:00:00","guid":{"rendered":"http:\/\/semmelweis.hu\/mental\/diakigazolvany\/"},"modified":"2025-08-08T13:11:35","modified_gmt":"2025-08-08T11:11:35","slug":"diakigazolvany","status":"publish","type":"page","link":"https:\/\/semmelweis.hu\/mental\/tanulmanyi-ugyek\/diakigazolvany\/","title":{"rendered":"Di\u00e1kigazolv\u00e1ny"},"content":{"rendered":"<p><strong>Inform\u00e1ci\u00f3k a levelez\u0151 tagozatos di\u00e1kigazolv\u00e1ny felhaszn\u00e1lhat\u00f3s\u00e1g\u00e1r\u00f3l : <a href=\"http:\/\/www.diakigazolvany.hu\/\" target=\"_blank\" rel=\"noopener\">http:\/\/www.diakigazolvany.hu\/<\/a><\/strong><\/p>\n<div class=\"exp-col-content-holder\"><a class=\"expand-content-link\" href=\"#\"><strong>Di\u00e1kigazolv\u00e1ny \u00e9rv\u00e9nyes\u00edt\u00e9se<\/strong><\/a><\/p>\n<div class=\"hidden-content\">A\u00a0di\u00e1kigazolv\u00e1ny-matric\u00e1inak\u00a0\u00e9rv\u00e9nyess\u00e9ge\u00a0az \u0151szi f\u00e9l\u00e9v ut\u00e1n\u00a0m\u00e1rcius 31-\u00e9n, a tavaszi f\u00e9l\u00e9v ut\u00e1n okt\u00f3ber 31-\u00e9n lej\u00e1r. Di\u00e1kigazolv\u00e1ny csak \u00e9rv\u00e9nyes\u00edt\u0151 matric\u00e1val haszn\u00e1lhat\u00f3.<\/div>\n<div class=\"hidden-content\"><strong>Az aktu\u00e1lis f\u00e9l\u00e9vre sz\u00f3l\u00f3 \u00e9rv\u00e9nyes\u00edt\u0151 matrica a Neptun rendszerben\u00a0 Akt\u00edv f\u00e9l\u00e9vre\u00a0 bejelentkezett hallgat\u00f3k sz\u00e1m\u00e1ra el\u0151zetes e-mail-es egyeztet\u00e9st k\u00f6vet\u0151en. <\/strong><\/div>\n<div class=\"hidden-content\">(A di\u00e1kigazolv\u00e1ny sz\u00fcks\u00e9ges hozz\u00e1)<\/div>\n<div>\u00a0<\/div>\n<div class=\"exp-col-content-holder\"><a class=\"expand-content-link\" href=\"#\"><strong>Di\u00e1kigazolv\u00e1ny ig\u00e9nyl\u00e9s\u00e9nek menete<\/strong><\/a><\/p>\n<div class=\"hidden-content\">\n<ul>\n<li><strong>Az okm\u00e1nyirod\u00e1ban\/korm\u00e1nyablakban<\/strong>\u00a0a k\u00e9relmez\u0151k kiz\u00e1r\u00f3lag\u00a0<strong>a NEK adatlap ig\u00e9nyl\u00e9s\u00e9t kezdem\u00e9nyezik<\/strong>, a f\u00e9nyk\u00e9p \u00e9s al\u00e1\u00edr\u00e1sk\u00e9p felv\u00e9telez\u00e9ssel. Az okm\u00e1nyirodai NEK azonos\u00edt\u00f3 ig\u00e9nyl\u00e9s\u00e9hez mindenk\u00e9ppen sz\u00fcks\u00e9ges, hogy a k\u00e9relmez\u0151 bemutassa\u00a0<strong>a szem\u00e9lyazonos\u00edt\u00e1sra alkalmas hat\u00f3s\u00e1gi igazolv\u00e1ny\u00e1t<\/strong>\u00a0(szem\u00e9lyi igazolv\u00e1ny\/\u00fatlev\u00e9l\/jogos\u00edtv\u00e1ny)\u00a0<strong>\u00e9s lakc\u00edmk\u00e1rty\u00e1j\u00e1t.<\/strong>\u00a0A NEK adatlapon szerepl\u0151 NEK azonos\u00edt\u00f3 egy 16 karakter hossz\u00fas\u00e1g\u00fa azonos\u00edt\u00f3 k\u00f3d.<\/li>\n<li>A hallgat\u00f3\u00a0<strong>a di\u00e1kigazolv\u00e1ny ig\u00e9nyl\u00e9s\u00e9t<\/strong>\u00a0minden esetben az oktat\u00e1si int\u00e9zm\u00e9nyben,\u00a0<strong>a Neptun tanulm\u00e1nyi rendszeren kereszt\u00fcl\u00a0<\/strong>tudja kezdem\u00e9nyezni. A tanulm\u00e1nyi rendszerben szerepl\u0151 adatok ellen\u0151rz\u00e9s\u00e9hez sz\u00fcks\u00e9g van a NEK adatlapra \u00e9s a lakc\u00edmk\u00e1rty\u00e1ra.<\/li>\n<li><strong>Az int\u00e9zm\u00e9nyi \u00fcgyint\u00e9z\u0151<\/strong> a di\u00e1kigazolv\u00e1ny elk\u00e9sz\u00fclt\u00e9ig egy <strong>Igazol\u00e1st<\/strong> (\u00fan. &#8222;ideiglenes di\u00e1kigazolv\u00e1nyt&#8221;) <strong>\u00e1ll\u00edthat ki a hallgat\u00f3nak<\/strong>, (a FIR-be felad\u00e1s ut\u00e1ni napon) amellyel a levelez\u0151 tagozatos di\u00e1kigazolv\u00e1nyhoz kapcsol\u00f3d\u00f3, \u00e1llam \u00e1ltal garant\u00e1lt kedvezm\u00e9nyek ig\u00e9nybe vehet\u0151k.<\/li>\n<\/ul>\n<p>Az elk\u00e9sz\u00fclt di\u00e1kigazolv\u00e1nyt az Oktat\u00e1si Hivatal az int\u00e9zm\u00e9ny r\u00e9sz\u00e9re post\u00e1zza. Int\u00e9zm\u00e9ny\u00fcnk tanulm\u00e1nyi \u00fcgyint\u00e9z\u0151je e-mail-ben t\u00e1j\u00e9koztat\u00e1st ad a di\u00e1kigazolv\u00e1ny meg\u00e9rkezt\u00e9r\u0151l \u00e9s \u00e1tv\u00e9teli lehet\u0151s\u00e9gr\u0151l, valamint <strong>f\u00e9l\u00e9venk\u00e9nt \u00e9rv\u00e9nyes\u00edt\u0151 matric\u00e1val<\/strong> igazolja a hallgat\u00f3 kedvezm\u00e9nyekre val\u00f3 jogosults\u00e1g\u00e1t.\u00a0<\/div>\n<div class=\"exp-col-content-holder\"><a class=\"expand-content-link\" href=\"#\"><strong>Ideiglenes di\u00e1kigazolv\u00e1ny ig\u00e9nyl\u00e9se<\/strong><\/a><\/p>\n<div class=\"hidden-content\"><a href=\"http:\/\/www.diakigazolvany.hu\/igenyles\/felsooktatas\/igenyles\/felsooktatasi_diakigazolvany_igenylese_folyamatabra\"><img decoding=\"async\" title=\"EDIG folyamtabra_felsookt_hallgatok.jpg\" src=\"https:\/\/semmelweis.hu\/mental\/files\/2018\/06\/http-www.diakigazolvany.hu-pub_bin-EDIG_folymatabra_felsooktatasi_hallgatok_2016-1.jpg\" alt=\"EDIG folyamtabra_felsookt_hallgatok.jpg\" border=\"0\" \/><\/a><\/div>\n<p>Csatolt dokumentumok (1) &#8211; <a href=\"https:\/\/semmelweis.hu\/mental\/files\/2019\/02\/TO_Di\u00e1kigazolv\u00e1ny-ig\u00e9nyl\u00e9s-folyamat\u00e1bra_2016.pdf\" target=\"_blank\" rel=\"noopener\">Di\u00e1kigazolv\u00e1ny ig\u00e9nyl\u00e9s folyamat\u00e1bra_2016<\/a><\/div>\n<\/div>\n<\/div>\n","protected":false},"excerpt":{"rendered":"<p>Inform\u00e1ci\u00f3k a levelez\u0151 tagozatos di\u00e1kigazolv\u00e1ny felhaszn\u00e1lhat\u00f3s\u00e1g\u00e1r\u00f3l : <a href=\"http:\/\/www.diakigazolvany.hu\/\" target=\"_blank\" rel=\"noopener\">http:\/\/www.diakigazolvany.hu\/<\/a> <a class=\"expand-content-link\" href=\"#\">Di\u00e1kigazolv\u00e1ny \u00e9rv\u00e9nyes\u00edt\u00e9se<\/a> A\u00a0di\u00e1kigazolv\u00e1ny-matric\u00e1inak\u00a0\u00e9rv\u00e9nyess\u00e9ge\u00a0az \u0151szi f\u00e9l\u00e9v ut\u00e1n\u00a0m\u00e1rcius 31-\u00e9n, a tavaszi f\u00e9l\u00e9v ut\u00e1n okt\u00f3ber 31-\u00e9n lej\u00e1r. Di\u00e1kigazolv\u00e1ny csak \u00e9rv\u00e9nyes\u00edt\u0151 matric\u00e1val haszn\u00e1lhat\u00f3. Az aktu\u00e1lis f\u00e9l\u00e9vre sz\u00f3l\u00f3 \u00e9rv\u00e9nyes\u00edt\u0151 matrica a Neptun rendszerben\u00a0 Akt\u00edv f\u00e9l\u00e9vre\u00a0 bejelentkezett hallgat\u00f3k sz\u00e1m\u00e1ra el\u0151zetes e-mail-es egyeztet\u00e9st k\u00f6vet\u0151en. (A di\u00e1kigazolv\u00e1ny sz\u00fcks\u00e9ges hozz\u00e1) \u00a0 <a class=\"expand-content-link\" href=\"#\">Di\u00e1kigazolv\u00e1ny ig\u00e9nyl\u00e9s\u00e9nek menete<\/a> Az okm\u00e1nyirod\u00e1ban\/korm\u00e1nyablakban\u00a0a k\u00e9relmez\u0151k kiz\u00e1r\u00f3lag\u00a0a NEK adatlap ig\u00e9nyl\u00e9s\u00e9t kezdem\u00e9nyezik, &hellip;<\/p>\n","protected":false},"author":101265,"featured_media":0,"parent":108,"menu_order":8,"comment_status":"closed","ping_status":"closed","template":"","meta":{"_acf_changed":false,"footnotes":""},"categories":[],"tags":[],"class_list":["post-103","page","type-page","status-publish","hentry"],"acf":[],"_links":{"self":[{"href":"https:\/\/semmelweis.hu\/mental\/wp-json\/wp\/v2\/pages\/103","targetHints":{"allow":["GET"]}}],"collection":[{"href":"https:\/\/semmelweis.hu\/mental\/wp-json\/wp\/v2\/pages"}],"about":[{"href":"https:\/\/semmelweis.hu\/mental\/wp-json\/wp\/v2\/types\/page"}],"author":[{"embeddable":true,"href":"https:\/\/semmelweis.hu\/mental\/wp-json\/wp\/v2\/users\/101265"}],"replies":[{"embeddable":true,"href":"https:\/\/semmelweis.hu\/mental\/wp-json\/wp\/v2\/comments?post=103"}],"version-history":[{"count":10,"href":"https:\/\/semmelweis.hu\/mental\/wp-json\/wp\/v2\/pages\/103\/revisions"}],"predecessor-version":[{"id":8010,"href":"https:\/\/semmelweis.hu\/mental\/wp-json\/wp\/v2\/pages\/103\/revisions\/8010"}],"up":[{"embeddable":true,"href":"https:\/\/semmelweis.hu\/mental\/wp-json\/wp\/v2\/pages\/108"}],"wp:attachment":[{"href":"https:\/\/semmelweis.hu\/mental\/wp-json\/wp\/v2\/media?parent=103"}],"wp:term":[{"taxonomy":"category","embeddable":true,"href":"https:\/\/semmelweis.hu\/mental\/wp-json\/wp\/v2\/categories?post=103"},{"taxonomy":"post_tag","embeddable":true,"href":"https:\/\/semmelweis.hu\/mental\/wp-json\/wp\/v2\/tags?post=103"}],"curies":[{"name":"wp","href":"https:\/\/api.w.org\/{rel}","templated":true}]}}