{"id":10,"date":"2018-06-13T11:27:35","date_gmt":"2018-06-13T09:27:35","guid":{"rendered":"http:\/\/semmelweis.hu\/mental\/?page_id=10"},"modified":"2026-02-11T13:44:10","modified_gmt":"2026-02-11T12:44:10","slug":"kepzes-bemutatasa","status":"publish","type":"page","link":"https:\/\/semmelweis.hu\/mental\/szakiranyu-kepzesek\/mentalhigiene-tovabbkepzes\/kepzes-bemutatasa\/","title":{"rendered":"K\u00e9pz\u00e9s bemutat\u00e1sa"},"content":{"rendered":"<p style=\"text-align: justify\">A <strong>Ment\u00e1lhigi\u00e9n\u00e9 Szakir\u00e1ny\u00fa Tov\u00e1bbk\u00e9pz\u00e9si Szak<\/strong> posztgradu\u00e1lis, levelez\u0151 k\u00e9pz\u00e9s <strong>seg\u00edt\u0151 foglalkoz\u00e1s\u00fa szakemberek r\u00e9sz\u00e9re. <\/strong><\/p>\n<p style=\"text-align: justify\">A leegyszer\u0171s\u00edt\u0151 mindennapi sz\u00f3haszn\u00e1latt\u00f3l elt\u00e9r\u0151en seg\u00edt\u0151 hivat\u00e1soknak tekintj\u00fck mindazon foglalkoz\u00e1sokat, amelyeknek l\u00e9nyege a m\u00e1sik ember mellett \u00e1ll\u00e1s, annak fejleszt\u00e9se, oktat\u00e1sa, nevel\u00e9se, t\u00e1mogat\u00e1sa, gondoz\u00e1sa, gy\u00f3gy\u00edt\u00e1sa vagy b\u00e1rmilyen form\u00e1ban t\u00f6rt\u00e9n\u0151 seg\u00edt\u00e9se.<\/p>\n<p style=\"text-align: justify\">A program\u00a0<strong>nem ny\u00fajt alapvet\u0151en \u00faj szakmai identit\u00e1st<\/strong>, azaz nem egy \u00fajabb &#8222;szakma&#8221; elsaj\u00e1t\u00edt\u00e1s\u00e1ra ir\u00e1nyul. Nem m\u00e1soddiplom\u00e1sokat k\u00e9pez, hanem\u00a0<strong>ment\u00e1lhigi\u00e9n\u00e9s t\u00f6bblettud\u00e1ssal rendelkez\u0151<\/strong> tan\u00e1rokat, orvosokat, szoci\u00e1lis munk\u00e1sokat, lelk\u00e9szeket, vezet\u0151ket, stb.. A c\u00e9l olyan komplex (ment\u00e1lhigi\u00e9n\u00e9s) szeml\u00e9letm\u00f3d, ismeretanyag, k\u00e9szs\u00e9gek \u00e9s k\u00e9pess\u00e9gek (ki)fejleszt\u00e9se, amelyek birtok\u00e1ban a v\u00e9gzett hallgat\u00f3k <strong>seg\u00edt\u0151 munk\u00e1jukat<\/strong> egy addigin\u00e1l t\u00e1gabb kontextusban \u00e9rtelmezve, hat\u00e9konyabban \u00e9s tudatosabban k\u00e9pesek folytatni.<\/p>\n<p style=\"text-align: justify\">Az\u00e1ltal v\u00e1lnak &#8222;jobb&#8221; tan\u00e1rokk\u00e1, lelk\u00e9szekk\u00e9, orvosokk\u00e1, n\u0151v\u00e9rekk\u00e9, szoci\u00e1lis munk\u00e1sokk\u00e1, hogy<\/p>\n<ul>\n<li style=\"text-align: justify\">n\u00f6vekszik pszichoszoci\u00e1lis kompetenci\u00e1juk;<\/li>\n<li style=\"text-align: justify\">t\u00f6bb oldalr\u00f3l k\u00e9pesek megk\u00f6zel\u00edteni \u00e9s m\u00e1s-m\u00e1s perspekt\u00edv\u00e1b\u00f3l szeml\u00e9lni a lelki eg\u00e9szs\u00e9get befoly\u00e1sol\u00f3 helyzeteket, jelens\u00e9geket;<\/li>\n<li style=\"text-align: justify\">n\u00f6vekszik \u00f6nismeret\u00fck, reflexi\u00f3s k\u00e9pess\u00e9g\u00fck<\/li>\n<li style=\"text-align: justify\">tudatosabb\u00e1 v\u00e1lnak \u00e9s ez\u00e1ltal b\u0151v\u00fclnek cselekv\u00e9si lehet\u0151s\u00e9geik;<\/li>\n<li style=\"text-align: justify\">nyitottabb\u00e1 \u00e9s felk\u00e9sz\u00fcltebb\u00e9 v\u00e1lnak a t\u00e1rsszakm\u00e1kkal, int\u00e9zm\u00e9nyekkel val\u00f3 egy\u00fcttm\u0171k\u00f6d\u00e9sre, annak fejleszt\u00e9s\u00e9re.\u00a0<\/li>\n<\/ul>\n<p style=\"text-align: justify\"><strong>A c\u00e9l:\u00a0 pozit\u00edv v\u00e1ltoz\u00e1sok el\u0151mozd\u00edt\u00e1sa els\u0151sorban a saj\u00e1t munkater\u00fcleten<\/strong>. A ment\u00e1lhigi\u00e9n\u00e9 teh\u00e1t nem \u00e1ll meg a szavakn\u00e1l;\u00a0<strong>a ment\u00e1lhigi\u00e9n\u00e9 cselekv\u00e9studom\u00e1ny<\/strong>. Ennek megfelel\u0151en\u00a0<strong>a k\u00e9pz\u00e9si program kulcsfogalmai<\/strong>:<\/p>\n<ul>\n<li>pszichol\u00f3giai \u00e9s t\u00e1rsadalomtudom\u00e1nyi ismeretek;<\/li>\n<li>hivat\u00e1s- \u00e9s hivat\u00e1sszem\u00e9lyis\u00e9g-fejleszt\u00e9s <em>(a pszichodr\u00e1ma m\u00f3dszertan\u00e1val)<\/em><\/li>\n<li>ki\u00e9g\u00e9s-megel\u0151z\u00e9s;<\/li>\n<li>interdiszciplin\u00e1ris egy\u00fcttm\u0171k\u00f6d\u00e9s;<\/li>\n<li>szem\u00e9lyk\u00f6zpont\u00fa seg\u00edt\u0151 kapcsolat <em>(a modul klienskapcsolatok l\u00e9tes\u00edt\u00e9s\u00e9t \u00e9s fenntart\u00e1s\u00e1t ig\u00e9nyli)<\/em>;<\/li>\n<li>k\u00f6z\u00f6ss\u00e9gi t\u00e1mogat\u00f3 h\u00e1l\u00f3zatok m\u0171k\u00f6d\u00e9se;<\/li>\n<li>lelki eg\u00e9szs\u00e9gfejleszt\u00e9s \u00e9s prevenci\u00f3;<\/li>\n<li>szervezetfejleszt\u00e9si ismeretek.\u00a0<\/li>\n<\/ul>\n<p><strong>A k\u00f6vetkez\u0151 \u00e9vfolyam indul\u00e1sa: <\/strong><span style=\"color: #000000\">2026. szeptember (2026-2028 \u00e9vf.). <br \/><strong>A jelentkez\u00e9si fel\u00fclet v\u00e1rhat\u00f3an 2026. febru\u00e1rt\u00f3l lesz el\u00e9rhet\u0151. A jelentkez\u00e9s hat\u00e1rideje: 2026. m\u00e1rcius 15.<\/strong><\/span><\/p>\n<p><strong>A szakir\u00e1ny\u00fa tov\u00e1bbk\u00e9pz\u00e9si szak neve:<\/strong> ment\u00e1lhigi\u00e9n\u00e9 szakir\u00e1ny\u00fa tov\u00e1bbk\u00e9pz\u00e9si szak<\/p>\n<p><strong>K\u00e9pz\u00e9si hely:<\/strong> Budapest<\/p>\n<p><strong>K\u00e9pz\u00e9s nyelve:<\/strong> magyar<\/p>\n<p><strong>K\u00e9pz\u00e9si id\u0151:<\/strong> 4 f\u00e9l\u00e9v<\/p>\n<p><strong>Munkarend:<\/strong> levelez\u0151<\/p>\n<p><strong>K\u00e9pz\u00e9s gyakoris\u00e1ga:<\/strong> \u00e1ltal\u00e1ban havonta 2 nap (p\u00e9ntek- szombat), \u00f6sszesen 5 alkalom\/ f\u00e9l\u00e9v. Reggel 8:00-9:30 \u00f3rai kezd\u00e9sre \u00e9s este 17:00-19:30 \u00f3rai befejez\u00e9sre kell sz\u00e1m\u00edtani.<\/p>\n<p><strong>Intenz\u00edv h\u00e9t:<\/strong> A k\u00e9pz\u00e9s szerves r\u00e9sze egy egyszeri, kihelyezett &#8222;intenz\u00edv h\u00e9t&#8221; (7 nap, 6 \u00e9jszaka) a 2. f\u00e9l\u00e9v ut\u00e1ni ny\u00e1ron, mely<\/p>\n<ul>\n<li style=\"list-style-type: none\">\n<ul>\n<li style=\"list-style-type: none\">\n<ul style=\"list-style-type: circle\">\n<li>a seg\u00edt\u0151 kapcsolat modul elsaj\u00e1t\u00edt\u00e1s\u00e1t m\u00e9ly\u00edti,<\/li>\n<li>k\u00fcl\u00f6n k\u00e9pz\u00e9si helysz\u00ednen (nem Budapesten), bentlak\u00e1sos form\u00e1ban val\u00f3sul meg,<\/li>\n<li>kiscsoportos munkam\u00f3dot alkalmaz.<\/li>\n<\/ul>\n<\/li>\n<\/ul>\n<\/li>\n<\/ul>\n<p><strong>Finansz\u00edroz\u00e1si forma:<\/strong> k\u00f6lts\u00e9gt\u00e9r\u00edt\u00e9ses<\/p>\n<p><strong>Min. l\u00e9tsz\u00e1m:<\/strong> 60<\/p>\n<p><strong>Ir\u00e1nysz\u00e1m:<\/strong> 126<\/p>\n<p style=\"text-align: justify\"><strong>\u00d6nk\u00f6lts\u00e9g m\u00e9rt\u00e9ke:<\/strong> 345 000 Ft\/ f\u00e9l\u00e9v. (R\u00e9szletfizet\u00e9s szoci\u00e1lis alapon k\u00e9rhet\u0151. Sikeres felv\u00e9teli eset\u00e9n a tanulm\u00e1nyi oszt\u00e1ly ad err\u0151l felvil\u00e1gos\u00edt\u00e1st.)<\/p>\n<p style=\"text-align: justify\">Az intenz\u00edv h\u00e9t egyszeri k\u00f6lts\u00e9ge (sz\u00e1ll\u00e1s, ell\u00e1t\u00e1s) a tand\u00edjon fel\u00fcl fizetend\u0151. <br \/>Ennek d\u00edja az adott helysz\u00edn f\u00fcggv\u00e9ny\u00e9ben ker\u00fcl meghat\u00e1roz\u00e1sra, 200-300 000 Ft\/f\u0151 k\u00f6z\u00f6tt alakulhat.\u00a0<\/p>\n<p><strong>Szakir\u00e1ny\u00fa tov\u00e1bbk\u00e9pz\u00e9sben megszerezhet\u0151 szakk\u00e9pess\u00e9g neve:<\/strong> ment\u00e1lhigi\u00e9n\u00e9s szakember<\/p>\n<p><strong>Egy\u00e9b inform\u00e1ci\u00f3k:<\/strong> A k\u00e9pz\u00e9s k\u00e9t\u00e9vente indul.<\/p>\n<p style=\"font-weight: 400\">A\u00a0<em>Seg\u00edt\u0151 kapcsolat<\/em>\u00a0szemin\u00e1rium oktat\u00e1si anyagait az\u00a0<em>RRF-2.1.2-21-2022-00010 A gyakorlati orvosk\u00e9pz\u00e9s fejleszt\u00e9se a Semmelweis Egyetemen<\/em>\u00a0c\u00edm\u0171 projekt t\u00e1mogat\u00e1s\u00e1b\u00f3l fejlesztj\u00fck.<\/p>\n<p><img loading=\"lazy\" decoding=\"async\" class=\"aligncenter  wp-image-7918\" src=\"https:\/\/semmelweis.hu\/mental\/files\/2025\/05\/logo-e1748520950730-300x84.png\" alt=\"\" width=\"521\" height=\"146\" srcset=\"https:\/\/semmelweis.hu\/mental\/files\/2025\/05\/logo-e1748520950730-300x84.png 300w, https:\/\/semmelweis.hu\/mental\/files\/2025\/05\/logo-e1748520950730-1024x288.png 1024w, https:\/\/semmelweis.hu\/mental\/files\/2025\/05\/logo-e1748520950730-768x216.png 768w, https:\/\/semmelweis.hu\/mental\/files\/2025\/05\/logo-e1748520950730-753x212.png 753w, https:\/\/semmelweis.hu\/mental\/files\/2025\/05\/logo-e1748520950730.png 1514w\" sizes=\"auto, (max-width: 521px) 100vw, 521px\" \/><\/p>\n<hr \/>\n<p><strong>Tov\u00e1bbi inform\u00e1ci\u00f3k a ment\u00e1lhigi\u00e9n\u00e9 szakir\u00e1ny\u00fa tov\u00e1bbk\u00e9pz\u00e9si szakr\u00f3l:<\/strong><\/p>\n<ul class=\"children\" style=\"list-style-type: square\">\n<li class=\"page_item page-item-71\"><strong><a href=\"https:\/\/semmelweis.hu\/mental\/szakiranyu-kepzesek\/mentalhigiene-tovabbkepzes\/a-kepzes-tortenete\/\">A k\u00e9pz\u00e9s t\u00f6rt\u00e9nete<\/a><\/strong><\/li>\n<li class=\"page_item page-item-72\"><strong><a href=\"https:\/\/semmelweis.hu\/mental\/szakiranyu-kepzesek\/mentalhigiene-tovabbkepzes\/tanulmanyi-program\/\">Tanulm\u00e1nyi program<\/a><\/strong><\/li>\n<li class=\"page_item page-item-73\"><strong><a href=\"https:\/\/semmelweis.hu\/mental\/szakiranyu-kepzesek\/mentalhigiene-tovabbkepzes\/kontaktszemelyek\/\">Kontaktszem\u00e9lyek<\/a><\/strong><\/li>\n<li class=\"page_item page-item-75\"><strong><a href=\"https:\/\/semmelweis.hu\/mental\/szakiranyu-kepzesek\/mentalhigiene-tovabbkepzes\/alumni\/\">Antropos Ment\u00e1lhygi\u00e9n\u00e9s Egyes\u00fclet<\/a><\/strong><\/li>\n<\/ul>\n","protected":false},"excerpt":{"rendered":"<p>A Ment\u00e1lhigi\u00e9n\u00e9 Szakir\u00e1ny\u00fa Tov\u00e1bbk\u00e9pz\u00e9si Szak posztgradu\u00e1lis, levelez\u0151 k\u00e9pz\u00e9s seg\u00edt\u0151 foglalkoz\u00e1s\u00fa szakemberek r\u00e9sz\u00e9re. A leegyszer\u0171s\u00edt\u0151 mindennapi sz\u00f3haszn\u00e1latt\u00f3l elt\u00e9r\u0151en seg\u00edt\u0151 hivat\u00e1soknak tekintj\u00fck mindazon foglalkoz\u00e1sokat, amelyeknek l\u00e9nyege a m\u00e1sik ember mellett \u00e1ll\u00e1s, annak fejleszt\u00e9se, oktat\u00e1sa, nevel\u00e9se, t\u00e1mogat\u00e1sa, gondoz\u00e1sa, gy\u00f3gy\u00edt\u00e1sa vagy b\u00e1rmilyen form\u00e1ban t\u00f6rt\u00e9n\u0151 seg\u00edt\u00e9se. A program\u00a0nem ny\u00fajt alapvet\u0151en \u00faj szakmai identit\u00e1st, azaz nem egy \u00fajabb &#8222;szakma&#8221; elsaj\u00e1t\u00edt\u00e1s\u00e1ra ir\u00e1nyul. &hellip;<\/p>\n","protected":false},"author":101265,"featured_media":0,"parent":1275,"menu_order":1,"comment_status":"closed","ping_status":"closed","template":"","meta":{"_acf_changed":false,"footnotes":""},"categories":[],"tags":[],"class_list":["post-10","page","type-page","status-publish","hentry"],"acf":[],"_links":{"self":[{"href":"https:\/\/semmelweis.hu\/mental\/wp-json\/wp\/v2\/pages\/10","targetHints":{"allow":["GET"]}}],"collection":[{"href":"https:\/\/semmelweis.hu\/mental\/wp-json\/wp\/v2\/pages"}],"about":[{"href":"https:\/\/semmelweis.hu\/mental\/wp-json\/wp\/v2\/types\/page"}],"author":[{"embeddable":true,"href":"https:\/\/semmelweis.hu\/mental\/wp-json\/wp\/v2\/users\/101265"}],"replies":[{"embeddable":true,"href":"https:\/\/semmelweis.hu\/mental\/wp-json\/wp\/v2\/comments?post=10"}],"version-history":[{"count":13,"href":"https:\/\/semmelweis.hu\/mental\/wp-json\/wp\/v2\/pages\/10\/revisions"}],"predecessor-version":[{"id":8990,"href":"https:\/\/semmelweis.hu\/mental\/wp-json\/wp\/v2\/pages\/10\/revisions\/8990"}],"up":[{"embeddable":true,"href":"https:\/\/semmelweis.hu\/mental\/wp-json\/wp\/v2\/pages\/1275"}],"wp:attachment":[{"href":"https:\/\/semmelweis.hu\/mental\/wp-json\/wp\/v2\/media?parent=10"}],"wp:term":[{"taxonomy":"category","embeddable":true,"href":"https:\/\/semmelweis.hu\/mental\/wp-json\/wp\/v2\/categories?post=10"},{"taxonomy":"post_tag","embeddable":true,"href":"https:\/\/semmelweis.hu\/mental\/wp-json\/wp\/v2\/tags?post=10"}],"curies":[{"name":"wp","href":"https:\/\/api.w.org\/{rel}","templated":true}]}}