{"id":936,"date":"2022-04-24T12:22:44","date_gmt":"2022-04-24T10:22:44","guid":{"rendered":"https:\/\/semmelweis.hu\/mellkassebeszet\/?page_id=936"},"modified":"2022-05-11T15:11:01","modified_gmt":"2022-05-11T13:11:01","slug":"latogatasi-ido-es-hazirend","status":"publish","type":"page","link":"https:\/\/semmelweis.hu\/mellkassebeszet\/klinikai-tevekenyseg\/latogatasi-ido-es-hazirend\/","title":{"rendered":"L\u00e1togat\u00e1si id\u0151 \u00e9s h\u00e1zirend"},"content":{"rendered":"<div class=\"keretes w-100\">\n<p><strong>Klinik\u00e1nkon a l\u00e1togat\u00e1s a k\u00f6vetkez\u0151ek szerint lehets\u00e9ges:<\/strong><\/p>\n<ul style=\"list-style-type: square;\">\n<li>Beteghez maximum k\u00e9t f\u0151 \u00e9rkezhet, f\u00e9l \u00f3ra id\u0151tartamban.<\/li>\n<li>A j\u00e1r\u00f3beteg ell\u00e1t\u00e1sra egy f\u0151 betegk\u00eds\u00e9r\u0151 l\u00e9phet be.<\/li>\n<li>A k\u00f3rh\u00e1z z\u00e1rt tereiben tov\u00e1bbiakban is k\u00f6telez\u0151 a maszkvisel\u00e9s.<\/li>\n<\/ul>\n<\/div>\n<p><strong>A vizitek \u00e9s a csendes pihen\u0151 idej\u00e9n (14 &#8211; 16 \u00f3ra) a hozz\u00e1tartoz\u00f3k a k\u00f3rteremben nem tart\u00f3zkodhatnak!<\/strong> Az eg\u00e9szs\u00e9g\u00fcgyr\u0151l sz\u00f3l\u00f3 1997. \u00e9vi CLIV. T\u00f6rv\u00e9ny \u00e9rtelm\u00e9ben a betegl\u00e1togat\u00e1si id\u0151 nincs korl\u00e1tozva, azonban a betegek nyugalma \u00e9rdek\u00e9ben h\u00e9tk\u00f6znap 14-16 \u00f3ra k\u00f6z\u00f6tt \u00e9s 20 \u00f3ra ut\u00e1n k\u00e9rj\u00fck a l\u00e1togat\u00e1s mell\u0151z\u00e9s\u00e9t!<\/p>\n<h1 style=\"text-align: center;\">H\u00e1zirend<\/h1>\n<h2>Betegfelv\u00e9tel<\/h2>\n<p><strong>Fekv\u0151beteg oszt\u00e1lyra t\u00f6rt\u00e9n\u0151 felv\u00e9tel\u00e9hez a Diagnosztikai \u00e9p\u00fclet f\u00f6ldszintj\u00e9n, a Betegfelv\u00e9teli Irod\u00e1n kell jelentkezni az al\u00e1bb felsorolt okiratokkal:<\/strong><\/p>\n<ul style=\"list-style-type: square;\">\n<li>beutal\u00f3,<\/li>\n<li>szem\u00e9lyazonoss\u00e1got, hitelt \u00e9rdeml\u0151en tan\u00fas\u00edt\u00f3 igazolv\u00e1ny,<\/li>\n<li>t\u00e1rsadalombiztos\u00edt\u00e1si k\u00e1rtya (TAJ k\u00e1rtya) vagy azt helyettes\u00edt\u0151 okm\u00e1ny,<\/li>\n<li>lakc\u00edmigazol\u00f3 k\u00e1rtya<\/li>\n<\/ul>\n<p>Okirat ellen\u0151rz\u00e9s ut\u00e1n sz\u00e1m\u00edt\u00f3g\u00e9pes nyilv\u00e1ntart\u00e1sba ker\u00fcl, majd szem\u00e9lyre sz\u00f3l\u00f3 dosszi\u00e9t \u00e1ll\u00edtanak ki, amellyel a beutal\u00f3j\u00e1n megjel\u00f6lt oszt\u00e1ly f\u0151n\u0151v\u00e9r\u00e9n\u00e9l kell jelentkeznie. Betegell\u00e1t\u00e1sa sor\u00e1n saj\u00e1t ruh\u00e1it \u00e9s szem\u00e9lyes t\u00e1rgyait haszn\u00e1lhatja. Amennyiben erre higi\u00e9n\u00e9s vagy egy\u00e9b szempontb\u00f3l nincs lehet\u0151s\u00e9ge, k\u00f3rh\u00e1zi ruh\u00e1zatot biztos\u00edtunk. Az oszt\u00e1lyon az \u00e1pol\u00f3 szem\u00e9lyzet t\u00e1j\u00e9koztat\u00e1st ad az oszt\u00e1ly m\u0171k\u00f6d\u00e9si rendj\u00e9r\u0151l, bemutatja az oszt\u00e1lyt, megmutatja az \u00e1gy\u00e1t, a szem\u00e9lyes t\u00e1rgyai t\u00e1rol\u00e1s\u00e1t, szolg\u00e1l\u00f3 szekr\u00e9nyt, a vizsg\u00e1l\u00f3kat valamint a kiszolg\u00e1l\u00f3 helyis\u00e9geket.<\/p>\n<p>Az Int\u00e9zet ter\u00fclet\u00e9re mag\u00e1n g\u00e9pkocsival behajtani nem lehet, ez\u00e9rt a j\u00e1r\u00e1sk\u00e9ptelen beteg sz\u00e1ll\u00edt\u00e1s\u00e1ra a R\u00e1th Gy\u00f6rgy utcai f\u0151port\u00e1n betegsz\u00e1ll\u00edt\u00f3 ig\u00e9nybev\u00e9tele biztos\u00edtott. A k\u00f3rh\u00e1zi ell\u00e1t\u00e1s ideje alatt az oszt\u00e1ly csak orvos, vagy \u00e1pol\u00f3 enged\u00e9ly\u00e9vel, illetve tudt\u00e1val hagyhat\u00f3 el. J\u00e1r\u00f3beteg-ell\u00e1t\u00e1s el\u0151zetes id\u0151pont egyeztet\u00e9ssel t\u00f6rt\u00e9nik. Az el\u0151jegyz\u00e9s szem\u00e9lyesen, telefonon vagy elektronikus \u00faton <a href=\"https:\/\/oncol.hu\/\" target=\"_blank\" rel=\"noopener\">www.oncol.hu<\/a> t\u00f6rt\u00e9nhet az adott szakrendel\u0151ben \u00e9s\/vagy a betegfelv\u00e9teli irod\u00e1n.<\/p>\n<p><strong>J\u00e1r\u00f3beteg-ell\u00e1t\u00e1s ig\u00e9nybev\u00e9tel\u00e9hez az al\u00e1bbi okiratok sz\u00fcks\u00e9gesek:<\/strong><\/p>\n<ul style=\"list-style-type: square;\">\n<li>beutal\u00f3, (cytol\u00f3giai, f\u00e1jdalomcsillap\u00edt\u00f3 ambulancia, endoszk\u00f3pia, labor, Rtg)<\/li>\n<li>szem\u00e9lyazonoss\u00e1got hitelt \u00e9rdeml\u0151en tan\u00fas\u00edt\u00f3 igazolv\u00e1ny,<\/li>\n<li>t\u00e1rsadalombiztos\u00edt\u00e1si k\u00e1rtya (TAJ k\u00e1rtya) vagy azt helyettes\u00edt\u0151 okm\u00e1ny,<\/li>\n<li>lakc\u00edmigazol\u00f3 k\u00e1rtya.<\/li>\n<\/ul>\n<p>Int\u00e9zet\u00fcnkben t\u00f6rt\u00e9n\u0151 els\u0151 megjelen\u00e9skor a betegfelv\u00e9teli irod\u00e1n kell jelentkezni, ahol az okiratok ellen\u0151rz\u00e9se \u00e9s a sz\u00e1m\u00edt\u00f3g\u00e9pes nyilv\u00e1ntart\u00e1sba v\u00e9tele t\u00f6rt\u00e9nik. Nyilv\u00e1ntart\u00e1s ut\u00e1n a recepci\u00f3s munkat\u00e1rs seg\u00edts\u00e9get ny\u00fajt a tov\u00e1bbi t\u00e1j\u00e9koz\u00f3d\u00e1sban. Tov\u00e1bbi megjelen\u00e9skor vegye ig\u00e9nybe a sorsz\u00e1moszt\u00f3 automat\u00e1t.<\/p>\n<h2>\u00c9rt\u00e9kmeg\u0151rz\u00e9s<\/h2>\n<ul style=\"list-style-type: square;\">\n<li>\u00c9rt\u00e9kt\u00e1rgy, k\u00e9szp\u00e9nz let\u00e9tbe helyez\u00e9se a h\u00e1zip\u00e9nzt\u00e1rban az Int\u00e9zet Let\u00e9tkezel\u00e9si szab\u00e1lyzat\u00e1nak megfelel\u0151en, elismerv\u00e9ny ellen\u00e9ben biztos\u00edtott. Felel\u0151ss\u00e9get kiz\u00e1r\u00f3lag a let\u00e9tbe helyezett \u00e9rt\u00e9kek\u00e9rt v\u00e1llalunk. J\u00e1r\u00f3beteg-ell\u00e1t\u00e1s eset\u00e9n a t\u00e9likab\u00e1t, valamint egy\u00e9b fels\u0151 ruh\u00e1zat elhelyez\u00e9se a 14-es, a 8-as, \u00e9s a 8\/A \u00e9p\u00fclet ruhat\u00e1r\u00e1ban, k\u00f3rh\u00e1zi befekv\u00e9skor ruhanem\u0171ik elhelyez\u00e9se a k\u00f3rteremben, illetve az oszt\u00e1ly \u00f6lt\u00f6z\u0151j\u00e9ben biztos\u00edtott.<\/li>\n<li>K\u00e9rj\u00fck, hogy k\u00f3rh\u00e1zi tart\u00f3zkod\u00e1sa idej\u00e9re min\u00e9l kevesebb \u00e9rt\u00e9ket \u00e9s csak a legsz\u00fcks\u00e9gesebb ruhanem\u0171t hozza mag\u00e1val.<\/li>\n<\/ul>\n<h2>Vizitek, vizsg\u00e1latok, l\u00e1togat\u00e1sok<\/h2>\n<p>Az oszt\u00e1lyos vizitek a reggeli illetve a d\u00e9lel\u0151tti \u00f3r\u00e1kban t\u00f6rt\u00e9nnek. H\u00e9tv\u00e9geken az orvosi munk\u00e1t \u00fcgyeleti szolg\u00e1lat l\u00e1tja el. Az int\u00e9zetben v\u00e9gzett vizsg\u00e1latok el\u0151jegyz\u00e9si sorrendben reggel 8 \u00f3ra \u00e9s 15 \u00f3ra k\u00f6z\u00f6tt folyamatosan t\u00f6rt\u00e9nnek. A vizsg\u00e1lataink id\u0151pontj\u00e1r\u00f3l orvosa illetve az oszt\u00e1lyos \u00e1pol\u00f3 fogja \u00e9rtes\u00edteni. A gy\u00f3gykezel\u00e9s\u00e9nek r\u00e9szleteit kezel\u0151orvos\u00e1val tudja megbesz\u00e9lni.<\/p>\n<p>K\u00e9rj\u00fck, alkalmazkodjon az oszt\u00e1ly munkarendj\u00e9hez, az oszt\u00e1lyos vizitek idej\u00e9n tart\u00f3zkodjon az \u00e1gy\u00e1ban, a vizsg\u00e1latokon pedig, pontosan jelenjen meg. Miel\u0151tt az oszt\u00e1ly ter\u00fclet\u00e9t elhagyja, minden esetben jelezze az oszt\u00e1lyos \u00e1pol\u00f3nak.<\/p>\n<p>A vizitek \u00e9s a csendes pihen\u0151 idej\u00e9n (14 &#8211; 16 \u00f3ra) a hozz\u00e1tartoz\u00f3k a k\u00f3rteremben nem tart\u00f3zkodhatnak! Az eg\u00e9szs\u00e9g\u00fcgyr\u0151l sz\u00f3l\u00f3 1997. \u00e9vi CLIV. T\u00f6rv\u00e9ny \u00e9rtelm\u00e9ben a betegl\u00e1togat\u00e1si id\u0151 nincs korl\u00e1tozva, azonban a betegek nyugalma \u00e9rdek\u00e9ben h\u00e9tk\u00f6znap 14-16 \u00f3ra k\u00f6z\u00f6tt \u00e9s 20 \u00f3ra ut\u00e1n k\u00e9rj\u00fck a l\u00e1togat\u00e1s mell\u0151z\u00e9s\u00e9t! (20 \u00f3ra ut\u00e1n az Int\u00e9zet ter\u00fclet\u00e9t kuty\u00e1s \u0151r\u00f6k \u0151rzik.)<\/p>\n<h2>A gy\u00f3gy\u00edt\u00e1sban val\u00f3 r\u00e9szv\u00e9tel<\/h2>\n<ul style=\"list-style-type: square;\">\n<li>A betegeinknek gy\u00f3gyul\u00e1suk \u00e9rdek\u00e9ben be kell tartaniuk az orvosok \u00e9s \u00e1pol\u00f3k gy\u00f3gykezel\u00e9s\u00fckkel kapcsolatos el\u0151\u00edr\u00e1sait. (Di\u00e9ta, gy\u00f3gyszerszed\u00e9s, stb.)<\/li>\n<li>Szedett gy\u00f3gyszereir\u0151l felt\u00e9tlen\u00fcl t\u00e1j\u00e9koztassa orvos\u00e1t!<\/li>\n<li>Gy\u00f3gykezel\u00e9s\u00e9vel kapcsolatos k\u00e9rd\u00e9sekkel, a kezel\u0151orvos\u00e1hoz, az \u00e1pol\u00e1ssal kapcsolatos k\u00e9rd\u00e9sekkel pedig az \u00e1pol\u00f3hoz illetve az oszt\u00e1lyvezet\u0151 f\u0151n\u0151v\u00e9rhez sz\u00edveskedjen fordulni.<\/li>\n<li>Amennyiben m\u00e1s orvosi konz\u00edliumot k\u00edv\u00e1n ig\u00e9nybe venni, k\u00e9rj\u00fck, jelezze kezel\u0151orvosa fel\u00e9, aki felvil\u00e1gos\u00edt\u00e1st ny\u00fajt a megval\u00f3s\u00edt\u00e1s lehet\u0151s\u00e9geir\u0151l.<\/li>\n<\/ul>\n<h2>Beleegyez\u0151 nyilatkozatok<\/h2>\n<p>Az Int\u00e9zetben v\u00e9gzett beavatkoz\u00e1sok, l\u00e9nyeg\u00e9r\u0151l, sz\u00fcks\u00e9gess\u00e9g\u00e9r\u0151l \u00e9s a v\u00e1rhat\u00f3 kimenetelr\u0151l kezel\u0151orvosa, illetve \u00e1pol\u00f3ja minden esetben t\u00e1j\u00e9koztatja \u00d6nt. A kapott t\u00e1j\u00e9koztat\u00e1s alapj\u00e1n jog\u00e1ban \u00e1ll a gy\u00f3gy\u00edt\u00f3 elj\u00e1r\u00e1sokban val\u00f3 r\u00e9szv\u00e9tel\u00e9r\u0151l illetve elutas\u00edt\u00e1s\u00e1r\u00f3l d\u00f6nteni, amit al\u00e1\u00edr\u00e1s\u00e1val igazolnia kell.<\/p>\n<h2>Kapcsolat a k\u00fclvil\u00e1ggal<\/h2>\n<ul style=\"list-style-type: square;\">\n<li>Fekv\u0151betegek eset\u00e9ben az Intenz\u00edv Oszt\u00e1ly kiv\u00e9tel\u00e9vel a mobiltelefon haszn\u00e1lata a k\u00f3rtermekben enged\u00e9lyezett. Egy\u00e9bk\u00e9nt az Int\u00e9zet \u00e9p\u00fcletein bel\u00fcl mobiltelefon haszn\u00e1lata tilos, tekintettel arra, hogy zavarhatja a kezel\u00e9sekre haszn\u00e1lt \u00e9rz\u00e9keny elektronikus berendez\u00e9seket.<\/li>\n<li>Tilos mindenf\u00e9le foto \u00e9s fotomont\u00e1zs k\u00e9sz\u00edt\u00e9se az Int\u00e9zet eg\u00e9sz ter\u00fclet\u00e9n.<\/li>\n<li>A betegek k\u00f3rtermi \u00e1gyuk f\u00f6l\u00f6tt l\u00e9v\u0151 telefonon h\u00edvhat\u00f3k az ott megadott h\u00edv\u00f3sz\u00e1mon \u00e9s id\u0151ben.<\/li>\n<li>A beteg eg\u00e9szs\u00e9gi-\u00e1llapot\u00e1r\u00f3l t\u00e1j\u00e9koztat\u00e1st csak kezel\u0151orvosa adhat a jogszab\u00e1lyi el\u0151\u00edr\u00e1soknak megfelel\u0151en. Az \u00e1pol\u00f3 csak a beteg \u00e1ltal\u00e1nos \u00e1llapot\u00e1r\u00f3l jogosult felvil\u00e1gos\u00edt\u00e1st adni.<\/li>\n<li>Telefonban felvil\u00e1gos\u00edt\u00e1st nem adunk!<\/li>\n<\/ul>\n<h2>Betegjogok<\/h2>\n<div class=\"fontos_div\">\n<p><strong>A betegeket megillet\u0151 jogok \u00e9s k\u00f6telezetts\u00e9gek az Int\u00e9zet a Betegjogi Szab\u00e1lyzat\u00e1ban tal\u00e1lhat\u00f3k, ami minden betegell\u00e1t\u00f3 egys\u00e9gben el\u00e9rhet\u0151.<\/strong><\/p>\n<\/div>\n<p><strong>F\u0151bb jogok:<\/strong><\/p>\n<ul style=\"list-style-type: square;\">\n<li>A Beteg jogosult mindenkori eg\u00e9szs\u00e9gi \u00e1llapot\u00e1nak megfelel\u0151 felvil\u00e1gos\u00edt\u00e1st kapni. A sz\u00f3beli vagy \u00edr\u00e1sbeli felvil\u00e1gos\u00edt\u00e1st k\u00f6vet\u0151en eld\u00f6ntheti, hogy beleegyezik vagy sem a megjel\u00f6lt vizsg\u00e1latokba. A beleegyez\u00e9s\u00e9t b\u00e1rmikor visszavonhatja \u00e9s az \u00e9letvesz\u00e9lyes \u00e1llapotok kiv\u00e9tel\u00e9vel, ell\u00e1t\u00e1s\u00e1t b\u00e1rmikor visszautas\u00edthatja. Eg\u00e9szs\u00e9gi \u00e1llapot\u00e1r\u00f3l felvil\u00e1gos\u00edt\u00e1st csak a kezel\u0151orvosa adhat, \u00e9s csak az \u00d6n \u00e1ltal \u00edr\u00e1sban megjel\u00f6lt szem\u00e9lyeknek.<\/li>\n<li>Ell\u00e1t\u00e1sa sor\u00e1n folyamatosan joga van dokument\u00e1ci\u00f3j\u00e1ba betekintetni, leleteir\u0151l t\u00e9r\u00edt\u00e9s ellen\u00e9ben m\u00e1solatot k\u00e9rni tov\u00e1bb\u00e1, betegazonos\u00edt\u00f3 karszalagot k\u00e9rni \u00e9s viselni.<\/li>\n<li>Ell\u00e1t\u00e1s\u00e1val, k\u00f3rh\u00e1zi tart\u00f3zkod\u00e1s\u00e1val kapcsolatban, betegjogainak \u00e9rv\u00e9nyes\u00edt\u00e9s\u00e9vel panaszt\u00e9teli joga<br \/>\nvan. \u00c9szrev\u00e9tel\u00e9t, panasz\u00e1t az oszt\u00e1ly dolgoz\u00f3in k\u00edv\u00fcl a f\u0151igazgat\u00f3 helyettes f\u0151orvos\u00e1n\u00e1l, a klinikai igazgat\u00f3n\u00e1l \u00e9s az \u00e1pol\u00e1si igazgat\u00f3n\u00e1l jelezheti.<br \/>\n<strong>El\u00e9rhet\u0151s\u00e9g\u00fck:<\/strong><br \/>\nF\u0151igazgat\u00f3 helyettes f\u0151orvos 1-es \u00e9p\u00fclet I. em. 110-es szoba<br \/>\nKlinikai igazgat\u00f3 42-es \u00e9p\u00fclet (Primus II.)<br \/>\n\u00c1pol\u00e1si igazgat\u00f3 3-as \u00e9p\u00fclet M\u00e9lyf\u00f6ldszint 07. szoba<br \/>\n\u00c9szrev\u00e9tele, panasza minden esetben kivizsg\u00e1l\u00e1sra ker\u00fcl, melynek eredm\u00e9ny\u00e9r\u0151l sz\u00f3ban \u00e9s \u00edr\u00e1sban v\u00e1laszolunk.<\/li>\n<li>A szolg\u00e1ltat\u00e1s ig\u00e9nybev\u00e9tel\u00e9vel a betegnek joga \u00e9s k\u00f6teless\u00e9ge az int\u00e9zeti szab\u00e1lyokat betartani.<\/li>\n<\/ul>\n<h2>Betegjogi k\u00e9pvisel\u0151<\/h2>\n<p>A betegek \u00e9rdekeinek v\u00e9delm\u00e9re Int\u00e9zet\u00fcnkben is rendelkez\u00e9sre \u00e1ll betegjogi k\u00e9pvisel\u0151. A betegjogi k\u00e9pvisel\u0151 seg\u00edt a betegek k\u00e9r\u00e9seik megfogalmaz\u00e1s\u00e1ban, kezdem\u00e9nyezi a probl\u00e9m\u00e1k kivizsg\u00e1l\u00e1s\u00e1t, \u00edr\u00e1sos meghatalmaz\u00e1s alapj\u00e1n pedig, panaszt\u00e9telre \u00e9s k\u00e9pviseletre jogosult az int\u00e9zet vezet\u0151j\u00e9n\u00e9l, fenntart\u00f3j\u00e1n\u00e1l \u00e9s az illet\u00e9kes hat\u00f3s\u00e1gn\u00e1l. <a href=\"https:\/\/semmelweis.hu\/mellkassebeszet\/klinikai-tevekenyseg\/betegjogi-kepviselo\/\">Az Int\u00e9zet betegjogi k\u00e9pvisel\u0151j\u00e9nek neve \u00e9s el\u00e9rhet\u0151s\u00e9ge ide kattintva olvashat\u00f3<\/a>, illetve minden betegell\u00e1t\u00f3 szervezeti egys\u00e9gn\u00e9l kif\u00fcggeszt\u00e9sre ker\u00fclt.<\/p>\n<h2>Doh\u00e1nyz\u00e1s, szeszes ital fogyaszt\u00e1sa<\/h2>\n<p>A nemdoh\u00e1nyz\u00f3k v\u00e9delm\u00e9r\u0151l \u00e9s a doh\u00e1nyterm\u00e9kek fogyaszt\u00e1s\u00e1nak, forgalmaz\u00e1s\u00e1nak egyes<br \/>\nszab\u00e1lyair\u00f3l sz\u00f3l\u00f3 1999. \u00e9vi XLII. T\u00f6rv\u00e9ny \u00e9rtelm\u00e9ben Int\u00e9zet\u00fcnk eg\u00e9sz ter\u00fclet\u00e9n, valamint az Int\u00e9zet bej\u00e1rat\u00e1t\u00f3l sz\u00e1m\u00edtott 5 m\u00e9teres t\u00e1vols\u00e1gon bel\u00fcl, tilos a doh\u00e1nyz\u00e1s. Az Int\u00e9zetben szeszes ital csak orvosi enged\u00e9llyel, az el\u0151\u00edrt mennyis\u00e9gben \u00e9s min\u0151s\u00e9gben fogyaszthat\u00f3.<\/p>\n<h2>Egy\u00e9b szolg\u00e1ltat\u00e1sok<\/h2>\n<ul style=\"list-style-type: square;\">\n<li>Az Int\u00e9zetben K\u00e1polna m\u0171k\u00f6dik. Az Irgalmas J\u00e9zus K\u00e1polna a 18-as \u00e9p\u00fclet mellett tal\u00e1lhat\u00f3, nyitva minden nap 7-21 \u00f3r\u00e1ig. A fekv\u0151betegek sz\u00e1m\u00e1ra lelkip\u00e1sztori l\u00e1togat\u00e1s ig\u00e9nyelhet\u0151 a 2640-es bels\u0151, vagy a 224-86-40-es k\u00fcls\u0151 sz\u00e1mon, h\u00e9tk\u00f6znap 8-16 \u00f3ra k\u00f6z\u00f6tt. S\u00fcrg\u0151s esetben katolikus pap h\u00edvhat\u00f3 \u00e9jjel-nappal a 213-96-20-as s\u00fcrg\u0151ss\u00e9gi telefonsz\u00e1mon. Fekv\u0151beteg oszt\u00e1lyokon a szem\u00e9lyes ig\u00e9ny\u00e9nek megfelel\u0151en bibli\u00e1t is biztos\u00edtunk.<\/li>\n<li>K\u00f6zforgalm\u00fa Gy\u00f3gyszert\u00e1runk a 8\/A \u00e9p\u00fclet f\u00f6ldszintj\u00e9n tal\u00e1lhat\u00f3 \u00e9s munkanapokon 830 15 \u00f3r\u00e1ig \u00e1ll rendelkez\u00e9s\u00fckre.<\/li>\n<li>\u00c9vszakt\u00f3l f\u00fcgg\u0151en az \u0151szi \u00e9s t\u00e9li h\u00f3napokban a 14-es, a 8-as \u00e9s a 8\/A \u00e9p\u00fcletek f\u00f6ldszintj\u00e9n ruhat\u00e1rat biztos\u00edtunk, k\u00e9rj\u00fck, vegye ig\u00e9nybe szolg\u00e1ltat\u00e1sainkat<\/li>\n<li>B\u00fcf\u00e9 a diagnosztikai \u00e9p\u00fclet f\u00f6ldszintj\u00e9n tal\u00e1lhat\u00f3<\/li>\n<li>Int\u00e9zet\u00fcnk 16-os \u00e9p\u00fclet\u00e9ben fodr\u00e1sz\u00fczlet \u00e1ll rendelkez\u00e9s\u00fckre.<\/li>\n<\/ul>\n<h2>Int\u00e9zeti elv\u00e1r\u00e1sok<\/h2>\n<ul style=\"list-style-type: square;\">\n<li>Az Int\u00e9zetben foly\u00f3 gy\u00f3gy\u00edt\u00f3 munka eredm\u00e9nyess\u00e9ge \u00e9rdek\u00e9ben a h\u00e1zirendben foglalt szab\u00e1lyokat k\u00e9rj\u00fck, sz\u00edveskedjen betartani, seg\u00edtve ezzel az orvosok \u00e9s az \u00e1pol\u00f3szem\u00e9lyzet munk\u00e1j\u00e1t \u00e9s az \u00d6nt megillet\u0151 jogok \u00e9rv\u00e9nyes\u00fcl\u00e9s\u00e9t.<\/li>\n<li>K\u00e9rj\u00fck, vigy\u00e1zzon az Int\u00e9zet rendj\u00e9re, tisztas\u00e1g\u00e1ra \u00e9s a berendez\u00e9si t\u00e1rgyakra!<\/li>\n<li>A betegek nyugalma \u00e9rdek\u00e9ben fontos a k\u00f3rtermek \u00e9s a folyos\u00f3k csendje, ez\u00e9rt k\u00e9rj\u00fck, hogy l\u00e1togat\u00f3it betegt\u00e1rsaira tekintettel fogadja, r\u00e1di\u00f3t, magn\u00f3t, illetve a k\u00f3rteremben l\u00e9v\u0151 telev\u00edzi\u00f3t csak a betegt\u00e1rsak zavar\u00e1sa n\u00e9lk\u00fcl haszn\u00e1lja, a vizitek idej\u00e9n pedig, sz\u00edveskedjen kikapcsolni!<\/li>\n<li>K\u00e9rj\u00fck, hogy az otthonr\u00f3l hozott \u00e9teleket csak az oszt\u00e1lyos orvos, vagy n\u0151v\u00e9r enged\u00e9ly\u00e9vel fogyassza. (Az \u00e9telek t\u00e1rol\u00e1sa az e c\u00e9lra elhelyezett h\u0171t\u0151szekr\u00e9nyben, n\u00e9vvel ell\u00e1tva biztos\u00edtott.)<\/li>\n<\/ul>\n<h2>Az int\u00e9zet el\u00e9rhet\u0151s\u00e9ge<\/h2>\n<p>Az Int\u00e9zet k\u00f6zponti h\u00edv\u00f3sz\u00e1ma: +36 1 224 8600<br \/>\nC\u00edm: 1122. Budapest, R\u00e1th Gy\u00f6rgy u. 7-9.<\/p>\n<h2>A h\u00e1zirend hat\u00e1lya<\/h2>\n<p>A h\u00e1zirend s\u00falyos \u00e9s sz\u00e1nd\u00e9kos megs\u00e9rt\u00e9se az Int\u00e9zetb\u0151l val\u00f3 elbocs\u00e1t\u00e1st vonhatja maga ut\u00e1n. Egyes oszt\u00e1lyokon, tekintettel az ell\u00e1t\u00e1s jelleg\u00e9re, k\u00fcl\u00f6n oszt\u00e1ly specifikus h\u00e1zirendi szab\u00e1lyok alkalmazhat\u00f3k, azonban azok az int\u00e9zked\u00e9sek e h\u00e1zirend szab\u00e1lyaival \u00e9s az \u00e9rv\u00e9nyes jogszab\u00e1lyokkal ellent\u00e9tesek nem lehetnek.<\/p>\n","protected":false},"excerpt":{"rendered":"<p>Klinik\u00e1nkon a l\u00e1togat\u00e1s a k\u00f6vetkez\u0151ek szerint lehets\u00e9ges: Beteghez maximum k\u00e9t f\u0151 \u00e9rkezhet, f\u00e9l \u00f3ra id\u0151tartamban. A j\u00e1r\u00f3beteg ell\u00e1t\u00e1sra egy f\u0151 betegk\u00eds\u00e9r\u0151 l\u00e9phet be. A k\u00f3rh\u00e1z z\u00e1rt tereiben tov\u00e1bbiakban is k\u00f6telez\u0151 a maszkvisel\u00e9s. A vizitek \u00e9s a csendes pihen\u0151 idej\u00e9n (14 &#8211; 16 \u00f3ra) a hozz\u00e1tartoz\u00f3k a k\u00f3rteremben nem tart\u00f3zkodhatnak! Az eg\u00e9szs\u00e9g\u00fcgyr\u0151l sz\u00f3l\u00f3 1997. \u00e9vi CLIV. &hellip;<\/p>\n","protected":false},"author":102006,"featured_media":0,"parent":207,"menu_order":3,"comment_status":"closed","ping_status":"closed","template":"","meta":{"_acf_changed":false,"footnotes":""},"categories":[],"tags":[],"class_list":["post-936","page","type-page","status-publish","hentry"],"acf":[],"_links":{"self":[{"href":"https:\/\/semmelweis.hu\/mellkassebeszet\/wp-json\/wp\/v2\/pages\/936","targetHints":{"allow":["GET"]}}],"collection":[{"href":"https:\/\/semmelweis.hu\/mellkassebeszet\/wp-json\/wp\/v2\/pages"}],"about":[{"href":"https:\/\/semmelweis.hu\/mellkassebeszet\/wp-json\/wp\/v2\/types\/page"}],"author":[{"embeddable":true,"href":"https:\/\/semmelweis.hu\/mellkassebeszet\/wp-json\/wp\/v2\/users\/102006"}],"replies":[{"embeddable":true,"href":"https:\/\/semmelweis.hu\/mellkassebeszet\/wp-json\/wp\/v2\/comments?post=936"}],"version-history":[{"count":7,"href":"https:\/\/semmelweis.hu\/mellkassebeszet\/wp-json\/wp\/v2\/pages\/936\/revisions"}],"predecessor-version":[{"id":991,"href":"https:\/\/semmelweis.hu\/mellkassebeszet\/wp-json\/wp\/v2\/pages\/936\/revisions\/991"}],"up":[{"embeddable":true,"href":"https:\/\/semmelweis.hu\/mellkassebeszet\/wp-json\/wp\/v2\/pages\/207"}],"wp:attachment":[{"href":"https:\/\/semmelweis.hu\/mellkassebeszet\/wp-json\/wp\/v2\/media?parent=936"}],"wp:term":[{"taxonomy":"category","embeddable":true,"href":"https:\/\/semmelweis.hu\/mellkassebeszet\/wp-json\/wp\/v2\/categories?post=936"},{"taxonomy":"post_tag","embeddable":true,"href":"https:\/\/semmelweis.hu\/mellkassebeszet\/wp-json\/wp\/v2\/tags?post=936"}],"curies":[{"name":"wp","href":"https:\/\/api.w.org\/{rel}","templated":true}]}}