{"id":909,"date":"2022-04-24T12:21:44","date_gmt":"2022-04-24T10:21:44","guid":{"rendered":"https:\/\/semmelweis.hu\/mellkassebeszet\/?page_id=909"},"modified":"2023-12-28T16:35:58","modified_gmt":"2023-12-28T15:35:58","slug":"tdk","status":"publish","type":"page","link":"https:\/\/semmelweis.hu\/mellkassebeszet\/tdk\/","title":{"rendered":"TDK"},"content":{"rendered":"<p>Kutat\u00f3munk\u00e1nk ir\u00e1nt \u00e9rdekl\u0151d\u0151 medikusok (TDK)\u00a0 jelentkez\u00e9s\u00e9t \u00f6r\u00f6mmel vessz\u00fck.<\/p>\n<h4><strong>Tudom\u00e1nyos Di\u00e1kk\u00f6ri Munka t\u00e9m\u00e1ink:<\/strong><\/h4>\n<ul style=\"list-style-type: square\">\n<li>\n<p><strong>A kissejtes t\u00fcd\u0151r\u00e1k (SCLC) heterogenit\u00e1s\u00e1nak vizsg\u00e1lata<\/strong> <br \/>\nT\u00e9mavezet\u0151k: Prof. Dr. R\u00e9nyi-V\u00e1mos Ferenc, Dr. D\u00f6me Bal\u00e1zs, Dr. Megyesfalvi Zsolt<\/p>\n<\/li>\n<li>\n<p><strong>A t\u00fcd\u0151r\u00e1kok predikt\u00edv \u00e9s prognosztikai markerei<\/strong>\u00a0<br \/>\nT\u00e9mavezet\u0151k: Prof. Dr. R\u00e9nyi-V\u00e1mos Ferenc, Dr. D\u00f6me Bal\u00e1zs, Dr. Megyesfalvi Zsolt<\/p>\n<\/li>\n<li>\n<p><strong>A nyitott \u00e9s a minim\u00e1lisan invaz\u00edv t\u00fcd\u0151rezekci\u00f3s m\u0171t\u00e9tek jellemz\u0151i \u00e9s rizik\u00f3t\u00e9nyez\u0151i<\/strong>\u00a0<br \/>\nT\u00e9mavezet\u0151k: Prof. Dr. R\u00e9nyi-V\u00e1mos Ferenc, Dr. Radeczky P\u00e9ter<\/p>\n<\/li>\n<li>\n<p><strong>A thymom\u00e1k predikt\u00edv \u00e9s prognosztikai markerei<\/strong>\u00a0 <br \/>\nT\u00e9mavezet\u0151k: Dr. Ghimessy \u00c1ron Krist\u00f3f, Dr. Megyesfalvi Zsolt<\/p>\n<\/li>\n<li>\n<p><strong>VV \u00e9s VA ECMO alkalmaz\u00e1sa t\u00fcd\u0151m\u0171t\u00e9tekn\u00e9l<\/strong>\u00a0<br \/>\nT\u00e9mavezet\u0151: Dr. Madurka Ildik\u00f3\u00a0<\/p>\n<\/li>\n<li>\n<p><strong>Videothoracoscopia hat\u00e1sa \/el\u0151nyei a posztoperat\u00edv szakra<\/strong>\u00a0<br \/>\nT\u00e9mavezet\u0151: Dr. Madurka Ildik\u00f3\u00a0<\/p>\n<\/li>\n<li>\n<p><strong>A k\u00fcl\u00f6nb\u00f6z\u0151 l\u00e9legeztet\u00e9si m\u00f3dok szerepe \u00e9s jelent\u0151s\u00e9ge a perioperat\u00edv ell\u00e1t\u00e1sban<\/strong>\u00a0<br \/>\nT\u00e9mavezet\u0151: Dr. Madurka Ildik\u00f3<\/p>\n<\/li>\n<li><strong>Mesters\u00e9ges intelligencia alap\u00fa, 3D szegment\u00e1l\u00e1s a t\u00fcd\u0151r\u00e1k szem\u00e9lyre szabott kezel\u00e9s\u00e9ben (Artificial intelligence-based 3D segmentation in personalized treatment of lung cancer)<br \/>\n<\/strong>T\u00e9mavezet\u0151: Dr. Barab\u00e1s J. Imre (V\u00e1rosmajori Klinika), Dr. Ghimessy \u00c1ron<\/li>\n<\/ul>\n<div class=\"keretes w-100\">\n<p><strong>TDK felel\u0151s: Dr. Megyesfalvi Zsolt<br \/>\n<\/strong>Mobil: +36-20-424-3934<br \/>\nE-mail: <a href=\"mailto:megyesfalvi_2007@yahoo.com\">megyesfalvi_2007@yahoo.com<\/a><\/p>\n<\/div>\n","protected":false},"excerpt":{"rendered":"<p>Kutat\u00f3munk\u00e1nk ir\u00e1nt \u00e9rdekl\u0151d\u0151 medikusok (TDK)\u00a0 jelentkez\u00e9s\u00e9t \u00f6r\u00f6mmel vessz\u00fck. Tudom\u00e1nyos Di\u00e1kk\u00f6ri Munka t\u00e9m\u00e1ink: A kissejtes t\u00fcd\u0151r\u00e1k (SCLC) heterogenit\u00e1s\u00e1nak vizsg\u00e1lata T\u00e9mavezet\u0151k: Prof. Dr. R\u00e9nyi-V\u00e1mos Ferenc, Dr. D\u00f6me Bal\u00e1zs, Dr. Megyesfalvi Zsolt A t\u00fcd\u0151r\u00e1kok predikt\u00edv \u00e9s prognosztikai markerei\u00a0 T\u00e9mavezet\u0151k: Prof. Dr. R\u00e9nyi-V\u00e1mos Ferenc, Dr. D\u00f6me Bal\u00e1zs, Dr. Megyesfalvi Zsolt A nyitott \u00e9s a minim\u00e1lisan invaz\u00edv t\u00fcd\u0151rezekci\u00f3s m\u0171t\u00e9tek jellemz\u0151i &hellip;<\/p>\n","protected":false},"author":102006,"featured_media":0,"parent":0,"menu_order":0,"comment_status":"closed","ping_status":"closed","template":"","meta":{"_acf_changed":false,"footnotes":""},"categories":[],"tags":[],"class_list":["post-909","page","type-page","status-publish","hentry"],"acf":[],"_links":{"self":[{"href":"https:\/\/semmelweis.hu\/mellkassebeszet\/wp-json\/wp\/v2\/pages\/909","targetHints":{"allow":["GET"]}}],"collection":[{"href":"https:\/\/semmelweis.hu\/mellkassebeszet\/wp-json\/wp\/v2\/pages"}],"about":[{"href":"https:\/\/semmelweis.hu\/mellkassebeszet\/wp-json\/wp\/v2\/types\/page"}],"author":[{"embeddable":true,"href":"https:\/\/semmelweis.hu\/mellkassebeszet\/wp-json\/wp\/v2\/users\/102006"}],"replies":[{"embeddable":true,"href":"https:\/\/semmelweis.hu\/mellkassebeszet\/wp-json\/wp\/v2\/comments?post=909"}],"version-history":[{"count":10,"href":"https:\/\/semmelweis.hu\/mellkassebeszet\/wp-json\/wp\/v2\/pages\/909\/revisions"}],"predecessor-version":[{"id":1031,"href":"https:\/\/semmelweis.hu\/mellkassebeszet\/wp-json\/wp\/v2\/pages\/909\/revisions\/1031"}],"wp:attachment":[{"href":"https:\/\/semmelweis.hu\/mellkassebeszet\/wp-json\/wp\/v2\/media?parent=909"}],"wp:term":[{"taxonomy":"category","embeddable":true,"href":"https:\/\/semmelweis.hu\/mellkassebeszet\/wp-json\/wp\/v2\/categories?post=909"},{"taxonomy":"post_tag","embeddable":true,"href":"https:\/\/semmelweis.hu\/mellkassebeszet\/wp-json\/wp\/v2\/tags?post=909"}],"curies":[{"name":"wp","href":"https:\/\/api.w.org\/{rel}","templated":true}]}}