{"id":903,"date":"2022-04-24T12:22:33","date_gmt":"2022-04-24T10:22:33","guid":{"rendered":"https:\/\/semmelweis.hu\/mellkassebeszet\/?page_id=903"},"modified":"2023-12-28T16:39:06","modified_gmt":"2023-12-28T15:39:06","slug":"jarobeteg-ellatas","status":"publish","type":"page","link":"https:\/\/semmelweis.hu\/mellkassebeszet\/klinikai-tevekenyseg\/jarobeteg-ellatas\/","title":{"rendered":"J\u00e1r\u00f3beteg ell\u00e1t\u00e1s"},"content":{"rendered":"<p>Klinik\u00e1nk ambulanci\u00e1ja az <a href=\"https:\/\/onkol.hu\/betegeknek\/fekvobeteg\/mellkassebeszet\/\">Orsz\u00e1gos Onkol\u00f3giai Int\u00e9zet<\/a> b\u00e1zis\u00e1n m\u0171k\u00f6dik (1122 Budapest R\u00e1th Gy\u00f6rgy utca 7-9.) a F\u0151\u00e9p\u00fclet (14-es \u00e9p\u00fclet) 2. emelet\u00e9n a 237-es szob\u00e1ban.<\/p>\n<p><a href=\"https:\/\/semmelweis.hu\/mellkassebeszet\/files\/2022\/03\/OOI-foepulet.jpg\"><img loading=\"lazy\" decoding=\"async\" class=\"aligncenter wp-image-929 size-large\" src=\"https:\/\/semmelweis.hu\/mellkassebeszet\/files\/2022\/03\/OOI-foepulet-1024x384.jpg\" alt=\"\" width=\"753\" height=\"282\" srcset=\"https:\/\/semmelweis.hu\/mellkassebeszet\/files\/2022\/03\/OOI-foepulet-1024x384.jpg 1024w, https:\/\/semmelweis.hu\/mellkassebeszet\/files\/2022\/03\/OOI-foepulet-400x150.jpg 400w, https:\/\/semmelweis.hu\/mellkassebeszet\/files\/2022\/03\/OOI-foepulet-768x288.jpg 768w, https:\/\/semmelweis.hu\/mellkassebeszet\/files\/2022\/03\/OOI-foepulet-580x218.jpg 580w, https:\/\/semmelweis.hu\/mellkassebeszet\/files\/2022\/03\/OOI-foepulet-1536x576.jpg 1536w, https:\/\/semmelweis.hu\/mellkassebeszet\/files\/2022\/03\/OOI-foepulet.jpg 1920w\" sizes=\"auto, (max-width: 753px) 100vw, 753px\" \/><\/a><\/p>\n<p>Ambulanci\u00e1nkra t\u00f6rt\u00e9n\u0151 \u00e9rkez\u00e9s kezel\u0151orvos (t\u00fcd\u0151gy\u00f3gy\u00e1sz) \u00e1ltal ki\u00e1ll\u00edtott beutal\u00f3val lehets\u00e9ges, el\u0151jegyz\u00e9s alapj\u00e1n.<\/p>\n<h4><strong>A felv\u00e9telhez k\u00e9rj\u00fck, hozza mag\u00e1val:<\/strong><\/h4>\n<div class=\"keretes w-100\">\n<ul style=\"list-style-type: square\">\n<li>kor\u00e1bbi betegs\u00e9gek, m\u0171t\u00e9tek le\u00edr\u00e1s\u00e1t (z\u00e1r\u00f3jelent\u00e9sek, ambul\u00e1ns lapok), kivizsg\u00e1l\u00e1s sor\u00e1n kapott leleteit, valamint <strong>CT, PET-CT CD korongj\u00e1t<\/strong><\/li>\n<li>aktu\u00e1lisan szedett gy\u00f3gyszerek, k\u00fcl\u00f6n\u00f6s tekintettel v\u00e9ralvad\u00e1sg\u00e1tl\u00f3 gy\u00f3gyszerekre<\/li>\n<\/ul>\n<\/div>\n<p><strong>Ambulanci\u00e1nk m\u0171k\u00f6d\u00e9si rendje munkanapokon 8-15 \u00f3ra k\u00f6z\u00f6tt:<\/strong><\/p>\n<ul>\n<li>H\u00e9tf\u0151: Dr. Radeczky P\u00e9ter<\/li>\n<li>Kedd: Dr. Ag\u00f3cs L\u00e1szl\u00f3<\/li>\n<li>Szerda: Dr. Bogy\u00f3 Levente \/ Dr. T\u00f6r\u00f6k Kl\u00e1ra<\/li>\n<li>Cs\u00fct\u00f6rt\u00f6k: Dr. Ghimessy \u00c1ron \/ Dr. Csende Krist\u00f3f<\/li>\n<li>P\u00e9ntek: Dr. M\u00e9sz\u00e1ros L\u00e1szl\u00f3 \/ Dr. Gieszer Bal\u00e1zs<\/li>\n<\/ul>\n<p>&nbsp;<\/p>\n","protected":false},"excerpt":{"rendered":"<p>Klinik\u00e1nk ambulanci\u00e1ja az <a href=\"https:\/\/onkol.hu\/betegeknek\/fekvobeteg\/mellkassebeszet\/\">Orsz\u00e1gos Onkol\u00f3giai Int\u00e9zet<\/a> b\u00e1zis\u00e1n m\u0171k\u00f6dik (1122 Budapest R\u00e1th Gy\u00f6rgy utca 7-9.) a F\u0151\u00e9p\u00fclet (14-es \u00e9p\u00fclet) 2. emelet\u00e9n a 237-es szob\u00e1ban. <a href=\"https:\/\/semmelweis.hu\/mellkassebeszet\/files\/2022\/03\/OOI-foepulet.jpg\"><\/a> Ambulanci\u00e1nkra t\u00f6rt\u00e9n\u0151 \u00e9rkez\u00e9s kezel\u0151orvos (t\u00fcd\u0151gy\u00f3gy\u00e1sz) \u00e1ltal ki\u00e1ll\u00edtott beutal\u00f3val lehets\u00e9ges, el\u0151jegyz\u00e9s alapj\u00e1n. A felv\u00e9telhez k\u00e9rj\u00fck, hozza mag\u00e1val: kor\u00e1bbi betegs\u00e9gek, m\u0171t\u00e9tek le\u00edr\u00e1s\u00e1t (z\u00e1r\u00f3jelent\u00e9sek, ambul\u00e1ns lapok), kivizsg\u00e1l\u00e1s sor\u00e1n kapott leleteit, valamint CT, PET-CT CD korongj\u00e1t aktu\u00e1lisan szedett gy\u00f3gyszerek, &hellip;<\/p>\n","protected":false},"author":102006,"featured_media":0,"parent":207,"menu_order":2,"comment_status":"closed","ping_status":"closed","template":"","meta":{"_acf_changed":false,"footnotes":""},"categories":[],"tags":[],"class_list":["post-903","page","type-page","status-publish","hentry"],"acf":[],"_links":{"self":[{"href":"https:\/\/semmelweis.hu\/mellkassebeszet\/wp-json\/wp\/v2\/pages\/903","targetHints":{"allow":["GET"]}}],"collection":[{"href":"https:\/\/semmelweis.hu\/mellkassebeszet\/wp-json\/wp\/v2\/pages"}],"about":[{"href":"https:\/\/semmelweis.hu\/mellkassebeszet\/wp-json\/wp\/v2\/types\/page"}],"author":[{"embeddable":true,"href":"https:\/\/semmelweis.hu\/mellkassebeszet\/wp-json\/wp\/v2\/users\/102006"}],"replies":[{"embeddable":true,"href":"https:\/\/semmelweis.hu\/mellkassebeszet\/wp-json\/wp\/v2\/comments?post=903"}],"version-history":[{"count":9,"href":"https:\/\/semmelweis.hu\/mellkassebeszet\/wp-json\/wp\/v2\/pages\/903\/revisions"}],"predecessor-version":[{"id":1033,"href":"https:\/\/semmelweis.hu\/mellkassebeszet\/wp-json\/wp\/v2\/pages\/903\/revisions\/1033"}],"up":[{"embeddable":true,"href":"https:\/\/semmelweis.hu\/mellkassebeszet\/wp-json\/wp\/v2\/pages\/207"}],"wp:attachment":[{"href":"https:\/\/semmelweis.hu\/mellkassebeszet\/wp-json\/wp\/v2\/media?parent=903"}],"wp:term":[{"taxonomy":"category","embeddable":true,"href":"https:\/\/semmelweis.hu\/mellkassebeszet\/wp-json\/wp\/v2\/categories?post=903"},{"taxonomy":"post_tag","embeddable":true,"href":"https:\/\/semmelweis.hu\/mellkassebeszet\/wp-json\/wp\/v2\/tags?post=903"}],"curies":[{"name":"wp","href":"https:\/\/api.w.org\/{rel}","templated":true}]}}