{"id":891,"date":"2022-04-24T12:22:21","date_gmt":"2022-04-24T10:22:21","guid":{"rendered":"https:\/\/semmelweis.hu\/mellkassebeszet\/?page_id=891"},"modified":"2022-05-11T14:57:54","modified_gmt":"2022-05-11T12:57:54","slug":"fekvobeteg-ellatas","status":"publish","type":"page","link":"https:\/\/semmelweis.hu\/mellkassebeszet\/klinikai-tevekenyseg\/fekvobeteg-ellatas\/","title":{"rendered":"Fekv\u0151beteg ell\u00e1t\u00e1s"},"content":{"rendered":"<p><img loading=\"lazy\" decoding=\"async\" class=\"size-medium wp-image-913 alignright\" src=\"https:\/\/semmelweis.hu\/mellkassebeszet\/files\/2022\/03\/SKY04725-400x267.jpg\" alt=\"\" width=\"400\" height=\"267\" srcset=\"https:\/\/semmelweis.hu\/mellkassebeszet\/files\/2022\/03\/SKY04725-400x267.jpg 400w, https:\/\/semmelweis.hu\/mellkassebeszet\/files\/2022\/03\/SKY04725-1024x683.jpg 1024w, https:\/\/semmelweis.hu\/mellkassebeszet\/files\/2022\/03\/SKY04725-768x512.jpg 768w, https:\/\/semmelweis.hu\/mellkassebeszet\/files\/2022\/03\/SKY04725-450x300.jpg 450w, https:\/\/semmelweis.hu\/mellkassebeszet\/files\/2022\/03\/SKY04725.jpg 1400w\" sizes=\"auto, (max-width: 400px) 100vw, 400px\" \/><\/p>\n<p style=\"text-align: justify;\">Klinik\u00e1nk fekv\u0151beteg oszt\u00e1lya az <a href=\"https:\/\/onkol.hu\/betegeknek\/fekvobeteg\/mellkassebeszet\/\">Orsz\u00e1gos Onkol\u00f3giai Int\u00e9zet<\/a> b\u00e1zis\u00e1n tal\u00e1lhat\u00f3 (1122 Budapest R\u00e1th Gy\u00f6rgy utca 7-9.) a 3-as \u00e9p\u00fclet 4. emelet\u00e9n. A Mellkasi K\u00f6zpont k\u00f6nnyen megk\u00f6zel\u00edthet\u0151 a D\u00e9li p\u00e1lyaudvar fel\u0151l. A betegforgalom K\u00e9kgoly\u00f3 utcai bej\u00e1raton t\u00f6rt\u00e9nik. A F\u0151\u00e9p\u00fcletb\u0151l (14-es \u00e9p\u00fclet) kil\u00e9pve a telephely k\u00f6zep\u00e9n tal\u00e1lj\u00e1k a 3-as \u00e9p\u00fcletet, mely egy hat emeletes, modern \u00e9p\u00fclet.\u00a0<\/p>\n<p style=\"text-align: justify;\"><strong>A befekv\u00e9s ambul\u00e1nci\u00e1nkon t\u00f6rt\u00e9n\u0151 el\u0151jegyz\u00e9s alapj\u00e1n lehets\u00e9ges.<\/strong> Ez al\u00f3l kiv\u00e9telt k\u00e9pez a s\u00fcrg\u0151s felv\u00e9tel, amikor az ambulanci\u00e1n t\u00f6rt\u00e9n\u0151 el\u0151zetes betegvizsg\u00e1latot k\u00f6vet\u0151en aznap ker\u00fcl sor a befekv\u00e9sre. Oszt\u00e1lyos felv\u00e9tel el\u0151tt a F\u0151\u00e9p\u00fcletben sorsz\u00e1m h\u00faz\u00e1sa sz\u00fcks\u00e9ges, majd k\u00e9rj\u00fck a Betegfelv\u00e9teli irod\u00e1ban jelentkezzenek reggel 8-kor. Mindezeket k\u00f6vet\u0151en lehet jelentkezni a 3-as \u00e9p\u00fclet 4. emelt\u00e9n, oszt\u00e1lyunk f\u0151n\u0151v\u00e9r\u00e9n\u00e9l befekv\u00e9sre.<\/p>\n<h4><strong>A felv\u00e9telhez k\u00e9rj\u00fck, hozza mag\u00e1val:<\/strong><\/h4>\n<div class=\"keretes w-100\">\n<ul style=\"list-style-type: square;\">\n<li>kor\u00e1bbi betegs\u00e9gek, m\u0171t\u00e9tek le\u00edr\u00e1s\u00e1t (z\u00e1r\u00f3jelent\u00e9sek, ambul\u00e1ns lapok), kivizsg\u00e1l\u00e1s sor\u00e1n kapott leleteit, valamint CT, PET-CT CD korongj\u00e1t<\/li>\n<li>aktu\u00e1lisan szedett gy\u00f3gyszerek \u00e9s esetleges gy\u00f3gyszer allergia list\u00e1j\u00e1t<\/li>\n<li>egy\u00e9b betegs\u00e9gei miatt esetlegesen sz\u00fcks\u00e9ges k\u00fcl\u00f6nleges gy\u00f3gyszer, inhal\u00e1l\u00f3 k\u00e9sz\u00fcl\u00e9k, orvostechnikai eszk\u00f6z<\/li>\n<li>tiszt\u00e1lkod\u00e1si szereit<\/li>\n<li>papucsot, k\u00f6nt\u00f6st, pizsam\u00e1t vagy h\u00e1l\u00f3inget, ev\u0151eszk\u00f6zt<\/li>\n<\/ul>\n<\/div>\n<p>\u00c9rt\u00e9kt\u00e1rgyak\u00e9rt felel\u0151ss\u00e9get nem tudunk v\u00e1llalni, ez\u00e9rt k\u00e9rj\u00fck, hogy csak a sz\u00fcks\u00e9ges dolgokat hozza mag\u00e1val.<\/p>\n<p>M\u0171t\u00e9t el\u0151tti teend\u0151kr\u0151l felv\u00e9tel sor\u00e1n kapnak a betegek r\u00e9szletes t\u00e1j\u00e9koztat\u00e1st.<\/p>\n<p><strong>Bennfekv\u00e9s alatt a k\u00f6vetkez\u0151 munkarend szerint zajlik a betegell\u00e1t\u00e1s (aktu\u00e1lisan v\u00e1ltozhat):<\/strong><\/p>\n<ul>\n<li>Oszt\u00e1lyos vizit: 7.00-7.15<\/li>\n<li>F\u0151orvosi vizit: 7.30-7.45<\/li>\n<li>M\u0171t\u00e9tek: 8.30-t\u00f3l kezd\u0151dnek<\/li>\n<\/ul>\n<p>Vizitek alatt k\u00e9rj\u00fck betegeinket, hogy tart\u00f3zkodjanak a k\u00f3rtermeikben.<\/p>\n<p>Hozz\u00e1tartoz\u00f3k \u00e9rdekl\u0151dni az int\u00e9zet k\u00f6zponti telefonsz\u00e1m\u00e1n <br \/>\n+36-1-224-8600 tudnak.<\/p>\n<p>&nbsp;<\/p>\n","protected":false},"excerpt":{"rendered":"<p>Klinik\u00e1nk fekv\u0151beteg oszt\u00e1lya az <a href=\"https:\/\/onkol.hu\/betegeknek\/fekvobeteg\/mellkassebeszet\/\">Orsz\u00e1gos Onkol\u00f3giai Int\u00e9zet<\/a> b\u00e1zis\u00e1n tal\u00e1lhat\u00f3 (1122 Budapest R\u00e1th Gy\u00f6rgy utca 7-9.) a 3-as \u00e9p\u00fclet 4. emelet\u00e9n. A Mellkasi K\u00f6zpont k\u00f6nnyen megk\u00f6zel\u00edthet\u0151 a D\u00e9li p\u00e1lyaudvar fel\u0151l. A betegforgalom K\u00e9kgoly\u00f3 utcai bej\u00e1raton t\u00f6rt\u00e9nik. A F\u0151\u00e9p\u00fcletb\u0151l (14-es \u00e9p\u00fclet) kil\u00e9pve a telephely k\u00f6zep\u00e9n tal\u00e1lj\u00e1k a 3-as \u00e9p\u00fcletet, mely egy hat emeletes, modern \u00e9p\u00fclet.\u00a0 A befekv\u00e9s ambul\u00e1nci\u00e1nkon t\u00f6rt\u00e9n\u0151 el\u0151jegyz\u00e9s &hellip;<\/p>\n","protected":false},"author":102006,"featured_media":0,"parent":207,"menu_order":1,"comment_status":"closed","ping_status":"closed","template":"","meta":{"_acf_changed":false,"footnotes":""},"categories":[],"tags":[],"class_list":["post-891","page","type-page","status-publish","hentry"],"acf":[],"_links":{"self":[{"href":"https:\/\/semmelweis.hu\/mellkassebeszet\/wp-json\/wp\/v2\/pages\/891","targetHints":{"allow":["GET"]}}],"collection":[{"href":"https:\/\/semmelweis.hu\/mellkassebeszet\/wp-json\/wp\/v2\/pages"}],"about":[{"href":"https:\/\/semmelweis.hu\/mellkassebeszet\/wp-json\/wp\/v2\/types\/page"}],"author":[{"embeddable":true,"href":"https:\/\/semmelweis.hu\/mellkassebeszet\/wp-json\/wp\/v2\/users\/102006"}],"replies":[{"embeddable":true,"href":"https:\/\/semmelweis.hu\/mellkassebeszet\/wp-json\/wp\/v2\/comments?post=891"}],"version-history":[{"count":10,"href":"https:\/\/semmelweis.hu\/mellkassebeszet\/wp-json\/wp\/v2\/pages\/891\/revisions"}],"predecessor-version":[{"id":987,"href":"https:\/\/semmelweis.hu\/mellkassebeszet\/wp-json\/wp\/v2\/pages\/891\/revisions\/987"}],"up":[{"embeddable":true,"href":"https:\/\/semmelweis.hu\/mellkassebeszet\/wp-json\/wp\/v2\/pages\/207"}],"wp:attachment":[{"href":"https:\/\/semmelweis.hu\/mellkassebeszet\/wp-json\/wp\/v2\/media?parent=891"}],"wp:term":[{"taxonomy":"category","embeddable":true,"href":"https:\/\/semmelweis.hu\/mellkassebeszet\/wp-json\/wp\/v2\/categories?post=891"},{"taxonomy":"post_tag","embeddable":true,"href":"https:\/\/semmelweis.hu\/mellkassebeszet\/wp-json\/wp\/v2\/tags?post=891"}],"curies":[{"name":"wp","href":"https:\/\/api.w.org\/{rel}","templated":true}]}}