{"id":326,"date":"2014-11-10T13:43:09","date_gmt":"2014-11-10T12:43:09","guid":{"rendered":"http:\/\/semmelweis.hu\/mellkassebeszet\/?page_id=326"},"modified":"2025-04-17T12:16:53","modified_gmt":"2025-04-17T10:16:53","slug":"lehre","status":"publish","type":"page","link":"https:\/\/semmelweis.hu\/mellkassebeszet\/lehre\/","title":{"rendered":"Lehre"},"content":{"rendered":"<p>Sehr geehrte Studentin, sehr geehrter Student,<\/p>\n<p>F\u00fcr die klinische Ausbildung in der Pneumologie ist das Lehrangebot unserer thoraxchirurgischen Klinik in den reformierten Studiengang integriert. Im dreiw\u00f6chigen Blockkurs der Lungenheilkunde bieten wir eine eint\u00e4gige Lehrveranstaltung f\u00fcr die Studierende an.<\/p>\n<p>Bei dieser Gelegenheit organisiert das Team unserer Klinik Vorlesungen, Visitenbegleitungen, Simulationen und vieles, vieles mehr. W\u00e4hrend der Seminare werden die Studierende die Grundlage des Lungenkrebses, des Pneumothorax, des Pleuraergusses und der Lungentransplantation erlernen. Zus\u00e4tzlich steht die M\u00f6glichkeit zur Verf\u00fcgung, die praktische F\u00e4higkeit einer Thoraxdrainage mit einer \u00dcbungspuppe zu verbessern. Im Rahmen des Tages k\u00fcmmern sich die \u00c4rzte unserer Klinik um die Betreuung der Studierenden und geben wir einen Einblick in die Patientenversorgung. Als ein Teil der Ausbildung ist es obligatorisch, ein Online-Praxistest abzulegen, weil der eine Voraussetzung f\u00fcr die erfolgreiche Lungenheilkundepr\u00fcfung ist.<\/p>\n<p>Die Lehrveranstaltung findet in der thoraxchirurgischen Abteilung des Nationalen Institutes f\u00fcr Onkologie statt, das auch als die beauftragte thoraxchirurgischen Klinik der Semmelweis Universit\u00e4t funktioniert.<\/p>\n<p>Die Adresse: 1122 Budapest, R\u00e1th Gy\u00f6rgy Stra\u00dfe 7-9.<\/p>\n<p>Das Institut ist vom Hauptbahnhof S\u00fcd (D\u00e9li P\u00e1lyaudvar) leicht erreichbar. Wir empfehlen Sie den Eintritt von der K\u00e9k Goly\u00f3 Stra\u00dfe. Benutzen Sie bitte den Haupteingang. Nachdem Sie das Hauptgeb\u00e4ude verlassen haben, wird sich das Geb\u00e4ude 3. links befinden (eine sechsst\u00f6ckige, moderne Klinik in der Mitte des Areals).<\/p>\n<p>Vor dem Anfang der Seminare werden die Studierenden gebeten, sich im 3. Stock des Geb\u00e4udes 3. im Konferenzraum zu versammeln.<\/p>\n<p>Falls die Gruppeneinteilung f\u00fcr jemanden nicht passt, gibt es die M\u00f6glichkeit nachzuholen. Bei diesem Fall ist eine vorherige Abstimmung unumg\u00e4nglich.<\/p>\n<p>Lehrmaterial finden Sie online auf der MOODLE-Webseite der thoraxchirurgischen Klinik, wovon sie das nach Wunsch herunterladen k\u00f6nnen: <a href=\"https:\/\/itc.semmelweis.hu\/moodle\/login\/index.php\">https:\/\/itc.semmelweis.hu\/moodle\/login\/index.php<\/a><\/p>\n<p>Sollten Sie als Medizinstudent R\u00fcckfragen zur Betreuung innerhalb unserer Klinik haben, wenden Sie sich jederzeit vertrauensvoll an unser Team.<\/p>\n<p>Der Ausbildungsleiter der Klinik und ihre Ansprechpartner:<\/p>\n<p><strong>Dr. Tihanyi Hanna<\/strong><\/p>\n<p><strong><br \/>\n<\/strong>Tel:+36-1-224-8600\/3778<br \/>\nMobil: +36-20-670-1626<\/p>\n<p>E-mail: <a href=\"mailto:tihanyi.hanna@semmelweis.hu\">tihanyi.hanna@semmelweis.hu<\/a><\/p>\n<p>&nbsp;<\/p>\n","protected":false},"excerpt":{"rendered":"<p>Sehr geehrte Studentin, sehr geehrter Student, F\u00fcr die klinische Ausbildung in der Pneumologie ist das Lehrangebot unserer thoraxchirurgischen Klinik in den reformierten Studiengang integriert. Im dreiw\u00f6chigen Blockkurs der Lungenheilkunde bieten wir eine eint\u00e4gige Lehrveranstaltung f\u00fcr die Studierende an. Bei dieser Gelegenheit organisiert das Team unserer Klinik Vorlesungen, Visitenbegleitungen, Simulationen und vieles, vieles mehr. W\u00e4hrend der &hellip;<\/p>\n","protected":false},"author":358,"featured_media":0,"parent":0,"menu_order":5,"comment_status":"open","ping_status":"closed","template":"","meta":{"_acf_changed":false,"footnotes":""},"categories":[],"tags":[],"class_list":["post-326","page","type-page","status-publish","hentry"],"acf":[],"_links":{"self":[{"href":"https:\/\/semmelweis.hu\/mellkassebeszet\/wp-json\/wp\/v2\/pages\/326","targetHints":{"allow":["GET"]}}],"collection":[{"href":"https:\/\/semmelweis.hu\/mellkassebeszet\/wp-json\/wp\/v2\/pages"}],"about":[{"href":"https:\/\/semmelweis.hu\/mellkassebeszet\/wp-json\/wp\/v2\/types\/page"}],"author":[{"embeddable":true,"href":"https:\/\/semmelweis.hu\/mellkassebeszet\/wp-json\/wp\/v2\/users\/358"}],"replies":[{"embeddable":true,"href":"https:\/\/semmelweis.hu\/mellkassebeszet\/wp-json\/wp\/v2\/comments?post=326"}],"version-history":[{"count":10,"href":"https:\/\/semmelweis.hu\/mellkassebeszet\/wp-json\/wp\/v2\/pages\/326\/revisions"}],"predecessor-version":[{"id":1074,"href":"https:\/\/semmelweis.hu\/mellkassebeszet\/wp-json\/wp\/v2\/pages\/326\/revisions\/1074"}],"wp:attachment":[{"href":"https:\/\/semmelweis.hu\/mellkassebeszet\/wp-json\/wp\/v2\/media?parent=326"}],"wp:term":[{"taxonomy":"category","embeddable":true,"href":"https:\/\/semmelweis.hu\/mellkassebeszet\/wp-json\/wp\/v2\/categories?post=326"},{"taxonomy":"post_tag","embeddable":true,"href":"https:\/\/semmelweis.hu\/mellkassebeszet\/wp-json\/wp\/v2\/tags?post=326"}],"curies":[{"name":"wp","href":"https:\/\/api.w.org\/{rel}","templated":true}]}}