{"id":313,"date":"2014-10-21T09:04:52","date_gmt":"2014-10-21T07:04:52","guid":{"rendered":"http:\/\/semmelweis.hu\/mellkassebeszet\/?page_id=313"},"modified":"2025-04-17T12:13:18","modified_gmt":"2025-04-17T10:13:18","slug":"education","status":"publish","type":"page","link":"https:\/\/semmelweis.hu\/mellkassebeszet\/education\/","title":{"rendered":"Education"},"content":{"rendered":"<p style=\"text-align: justify\">The Thoracic Surgery practice will take place at the National Institute of Oncology (Orsz\u00e1gos Onkol\u00f3giai Int\u00e9zet) at the Thoracic Surgery Department (Mellkasseb\u00e9szeti Oszt\u00e1ly). This is where the Thoracic Surgery Department of the Semmelweis University operates.<\/p>\n<h4><strong>Practice<\/strong><\/h4>\n<p style=\"text-align: justify\">In this practice, we aim to develeope practical knowledge through interactive cases (Pneumothorax, Lung Cancer, Pleural Effusion, Lungtransplantation) and practical routine in thoracic drainage. Students will have the opportunity to try and practice both chest drainage on special models.<\/p>\n<p style=\"text-align: justify\">The address is 1122 Budapest, R\u00e1th Gy\u00f6rgy street 7-9.<\/p>\n<p style=\"text-align: justify\">At the beginning of the practice, please wait on the 3. floor of Building Nr. 3 at the conference room. The approach is easiest from the Southern Railway Station (D\u00e9li P\u00e1lyaudvar). After you left the main building you will find the Building 3 in the middle of the hospital site. It is easily recognizable, because it is a new, modern, six floors building. Please go up to the third floor and wait patiently for your teachers at the conference room.<\/p>\n<p style=\"text-align: justify\">We kindly ask everybody to come to the practice on the date, which she\/he has signed up beforehand in the Neptun system.<\/p>\n<p style=\"text-align: justify\">It will be possible to make up for missed practices just contact us directly.<\/p>\n<p style=\"text-align: justify\"><strong>The presentations are available on our MOODLE site:<\/strong><br \/>\n<strong> <a href=\"https:\/\/itc.semmelweis.hu\/moodle\/course\/view.php?id=1060\">https:\/\/itc.semmelweis.hu\/moodle\/course\/view.php?id=1060<\/a><\/strong><\/p>\n<div class=\"keretes w-100\">\n<p style=\"text-align: justify\"><strong>Education contact details:<\/strong><\/p>\n<p><strong>Dr. Tihanyi Hanna<\/strong><\/p>\n<p><strong><br \/>\n<\/strong>Tel:+36-1-224-8600\/3778<br \/>\nMobil: +36-20-670-1626<\/p>\n<p>E-mail: <a href=\"mailto:tihanyi.hanna@semmelweis.hu\">tihanyi.hanna@semmelweis.hu<\/a><\/p>\n<\/div>\n","protected":false},"excerpt":{"rendered":"<p>The Thoracic Surgery practice will take place at the National Institute of Oncology (Orsz\u00e1gos Onkol\u00f3giai Int\u00e9zet) at the Thoracic Surgery Department (Mellkasseb\u00e9szeti Oszt\u00e1ly). This is where the Thoracic Surgery Department of the Semmelweis University operates. Practice In this practice, we aim to develeope practical knowledge through interactive cases (Pneumothorax, Lung Cancer, Pleural Effusion, Lungtransplantation) and &hellip;<\/p>\n","protected":false},"author":358,"featured_media":0,"parent":0,"menu_order":4,"comment_status":"closed","ping_status":"closed","template":"","meta":{"_acf_changed":false,"footnotes":""},"categories":[],"tags":[],"class_list":["post-313","page","type-page","status-publish","hentry"],"acf":[],"_links":{"self":[{"href":"https:\/\/semmelweis.hu\/mellkassebeszet\/wp-json\/wp\/v2\/pages\/313","targetHints":{"allow":["GET"]}}],"collection":[{"href":"https:\/\/semmelweis.hu\/mellkassebeszet\/wp-json\/wp\/v2\/pages"}],"about":[{"href":"https:\/\/semmelweis.hu\/mellkassebeszet\/wp-json\/wp\/v2\/types\/page"}],"author":[{"embeddable":true,"href":"https:\/\/semmelweis.hu\/mellkassebeszet\/wp-json\/wp\/v2\/users\/358"}],"replies":[{"embeddable":true,"href":"https:\/\/semmelweis.hu\/mellkassebeszet\/wp-json\/wp\/v2\/comments?post=313"}],"version-history":[{"count":11,"href":"https:\/\/semmelweis.hu\/mellkassebeszet\/wp-json\/wp\/v2\/pages\/313\/revisions"}],"predecessor-version":[{"id":1071,"href":"https:\/\/semmelweis.hu\/mellkassebeszet\/wp-json\/wp\/v2\/pages\/313\/revisions\/1071"}],"wp:attachment":[{"href":"https:\/\/semmelweis.hu\/mellkassebeszet\/wp-json\/wp\/v2\/media?parent=313"}],"wp:term":[{"taxonomy":"category","embeddable":true,"href":"https:\/\/semmelweis.hu\/mellkassebeszet\/wp-json\/wp\/v2\/categories?post=313"},{"taxonomy":"post_tag","embeddable":true,"href":"https:\/\/semmelweis.hu\/mellkassebeszet\/wp-json\/wp\/v2\/tags?post=313"}],"curies":[{"name":"wp","href":"https:\/\/api.w.org\/{rel}","templated":true}]}}