{"id":230,"date":"2014-07-04T09:51:09","date_gmt":"2014-07-04T07:51:09","guid":{"rendered":"http:\/\/semmelweis.hu\/mellkassebeszet\/?page_id=230"},"modified":"2026-02-20T16:42:39","modified_gmt":"2026-02-20T15:42:39","slug":"munkatarsak","status":"publish","type":"page","link":"https:\/\/semmelweis.hu\/mellkassebeszet\/a-mellkassebeszeti-klinika-bemutatkozasa\/munkatarsak\/","title":{"rendered":"Munkat\u00e1rsak"},"content":{"rendered":"<p><img loading=\"lazy\" decoding=\"async\" class=\"wp-image-873 alignright\" src=\"https:\/\/semmelweis.hu\/mellkassebeszet\/files\/2022\/03\/Prof-Dr-Renyi-Vamos-Ferenc-267x400.jpg\" alt=\"\" width=\"141\" height=\"212\" srcset=\"https:\/\/semmelweis.hu\/mellkassebeszet\/files\/2022\/03\/Prof-Dr-Renyi-Vamos-Ferenc-267x400.jpg 267w, https:\/\/semmelweis.hu\/mellkassebeszet\/files\/2022\/03\/Prof-Dr-Renyi-Vamos-Ferenc-683x1024.jpg 683w, https:\/\/semmelweis.hu\/mellkassebeszet\/files\/2022\/03\/Prof-Dr-Renyi-Vamos-Ferenc-768x1151.jpg 768w, https:\/\/semmelweis.hu\/mellkassebeszet\/files\/2022\/03\/Prof-Dr-Renyi-Vamos-Ferenc-200x300.jpg 200w, https:\/\/semmelweis.hu\/mellkassebeszet\/files\/2022\/03\/Prof-Dr-Renyi-Vamos-Ferenc.jpg 934w\" sizes=\"auto, (max-width: 141px) 100vw, 141px\" \/>KLINIKAIGAZGAT\u00d3<br \/>\n<strong>Prof. Dr. R\u00e9nyi-V\u00e1mos Ferenc Ph.D.<br \/>\negyetemi tan\u00e1r<br \/>\n<\/strong><\/p>\n<p>Tel: +36-1-224-8600\/3539<br \/>\nMobil: +36-20-663-2340<\/p>\n<p>E-mail:\u00a0<a href=\"mailto:renyi-vamos.ferenc@semmelweis.hu\">renyi-vamos.ferenc@semmelweis.hu<\/a><\/p>\n<hr \/>\n<p><strong><img loading=\"lazy\" decoding=\"async\" class=\"wp-image-867 alignright\" src=\"https:\/\/semmelweis.hu\/mellkassebeszet\/files\/2022\/03\/Dr-Radeczky-Peter-267x400.jpg\" alt=\"\" width=\"142\" height=\"213\" srcset=\"https:\/\/semmelweis.hu\/mellkassebeszet\/files\/2022\/03\/Dr-Radeczky-Peter-267x400.jpg 267w, https:\/\/semmelweis.hu\/mellkassebeszet\/files\/2022\/03\/Dr-Radeczky-Peter-683x1024.jpg 683w, https:\/\/semmelweis.hu\/mellkassebeszet\/files\/2022\/03\/Dr-Radeczky-Peter-768x1151.jpg 768w, https:\/\/semmelweis.hu\/mellkassebeszet\/files\/2022\/03\/Dr-Radeczky-Peter-200x300.jpg 200w, https:\/\/semmelweis.hu\/mellkassebeszet\/files\/2022\/03\/Dr-Radeczky-Peter.jpg 934w\" sizes=\"auto, (max-width: 142px) 100vw, 142px\" \/><\/strong><\/p>\n<p>KLINIKAIGAZGAT\u00d3 HELYETTES<br \/>\n<strong>Dr. Radeczky P\u00e9ter Ph.D.<br \/>\nklinikai f\u0151orvos<br \/>\n<\/strong><\/p>\n<p>Tel:+36-1-224-8600\/3538<br \/>\nMobil: +36-20-663-2335<\/p>\n<p>E-mail: <a href=\"mailto:radeczky.peter@semmelweis.hu\">radeczky.peter@semmelweis.hu<\/a><\/p>\n<hr \/>\n<p><img loading=\"lazy\" decoding=\"async\" class=\"wp-image-692 alignright\" src=\"https:\/\/semmelweis.hu\/mellkassebeszet\/files\/2018\/10\/D\u00f6me-Bal\u00e1zs-202x300.jpg\" alt=\"\" width=\"140\" height=\"208\" srcset=\"https:\/\/semmelweis.hu\/mellkassebeszet\/files\/2018\/10\/D\u00f6me-Bal\u00e1zs-202x300.jpg 202w, https:\/\/semmelweis.hu\/mellkassebeszet\/files\/2018\/10\/D\u00f6me-Bal\u00e1zs.jpg 403w\" sizes=\"auto, (max-width: 140px) 100vw, 140px\" \/>KUTAT\u00c1SI HELYETTES<br \/>\n<strong>Dr. D\u00f6me Bal\u00e1zs Ph.D. <br \/>\ntudom\u00e1nyos f\u0151munkat\u00e1rs<\/strong><\/p>\n<p>Tel: +36-20-313-1869<\/p>\n<p>E-mail: <a href=\"mailto:dome.balazs@semmelweis.hu\">dome.balazs@semmelweis.hu<\/a><\/p>\n<hr \/>\n<p><strong><img loading=\"lazy\" decoding=\"async\" class=\"wp-image-1007 alignright\" src=\"https:\/\/semmelweis.hu\/mellkassebeszet\/files\/2022\/05\/Dr-Megyesfalvi-Zsolt-267x400.jpg\" alt=\"\" width=\"140\" height=\"210\" srcset=\"https:\/\/semmelweis.hu\/mellkassebeszet\/files\/2022\/05\/Dr-Megyesfalvi-Zsolt-267x400.jpg 267w, https:\/\/semmelweis.hu\/mellkassebeszet\/files\/2022\/05\/Dr-Megyesfalvi-Zsolt-683x1024.jpg 683w, https:\/\/semmelweis.hu\/mellkassebeszet\/files\/2022\/05\/Dr-Megyesfalvi-Zsolt-768x1151.jpg 768w, https:\/\/semmelweis.hu\/mellkassebeszet\/files\/2022\/05\/Dr-Megyesfalvi-Zsolt-200x300.jpg 200w, https:\/\/semmelweis.hu\/mellkassebeszet\/files\/2022\/05\/Dr-Megyesfalvi-Zsolt-753x1129.jpg 753w, https:\/\/semmelweis.hu\/mellkassebeszet\/files\/2022\/05\/Dr-Megyesfalvi-Zsolt.jpg 934w\" sizes=\"auto, (max-width: 140px) 100vw, 140px\" \/>Dr. Megyesfalvi Zsolt<\/strong><br \/>\n<strong>tudom\u00e1nyos munkat\u00e1rs<\/strong><\/p>\n<p>Tel: +36-20-424-3934<\/p>\n<p>E-mail: <a href=\"mailto:megyesfalvi_2007@yahoo.com\">megyesfalvi_2007@yahoo.com<\/a><\/p>\n<hr \/>\n<p><strong><a href=\"https:\/\/semmelweis.hu\/mellkassebeszet\/files\/2018\/10\/Ag\u00f3cs-L\u00e1szl\u00f3.jpg\"><img loading=\"lazy\" decoding=\"async\" class=\"alignright  wp-image-624\" src=\"https:\/\/semmelweis.hu\/mellkassebeszet\/files\/2018\/10\/Ag\u00f3cs-L\u00e1szl\u00f3.jpg\" alt=\"\" width=\"140\" height=\"209\" \/><\/a>Dr. Ag\u00f3cs L\u00e1szl\u00f3<br \/>\nklinikai f\u0151orvos<\/strong><\/p>\n<p>Tel: +36-1-224-8600\/3618<br \/>\nMobil: +36-30-534-1590<\/p>\n<p>E-mail: <a href=\"mailto:agocs.laszlo.dr@gmail.com\">agocs.laszlo.dr@gmail.com<\/a><\/p>\n<hr \/>\n<p style=\"text-align: left\"><strong><img loading=\"lazy\" decoding=\"async\" class=\"wp-image-862 alignright\" src=\"https:\/\/semmelweis.hu\/mellkassebeszet\/files\/2022\/03\/Dr-Bogyo-Levente-267x400.jpg\" alt=\"\" width=\"140\" height=\"210\" srcset=\"https:\/\/semmelweis.hu\/mellkassebeszet\/files\/2022\/03\/Dr-Bogyo-Levente-267x400.jpg 267w, https:\/\/semmelweis.hu\/mellkassebeszet\/files\/2022\/03\/Dr-Bogyo-Levente-683x1024.jpg 683w, https:\/\/semmelweis.hu\/mellkassebeszet\/files\/2022\/03\/Dr-Bogyo-Levente-768x1151.jpg 768w, https:\/\/semmelweis.hu\/mellkassebeszet\/files\/2022\/03\/Dr-Bogyo-Levente-200x300.jpg 200w, https:\/\/semmelweis.hu\/mellkassebeszet\/files\/2022\/03\/Dr-Bogyo-Levente.jpg 934w\" sizes=\"auto, (max-width: 140px) 100vw, 140px\" \/>Dr. Bogy\u00f3 Levente<br \/>\nklinikai szakorvos<\/strong><\/p>\n<p style=\"text-align: left\">Tel:+36-1-224-8600\/3757<br \/>\nMobil: +36-20-670-1199<\/p>\n<p style=\"text-align: left\">E-mail: <a href=\"mailto:levente.bogyo.dr@gmail.com\">levente.bogyo.dr@gmail.com<\/a>\u00a0<\/p>\n<hr \/>\n<p><strong><img loading=\"lazy\" decoding=\"async\" class=\" wp-image-870 alignright\" src=\"https:\/\/semmelweis.hu\/mellkassebeszet\/files\/2022\/03\/Dr-Torok-Klara-267x400.jpg\" alt=\"\" width=\"140\" height=\"210\" srcset=\"https:\/\/semmelweis.hu\/mellkassebeszet\/files\/2022\/03\/Dr-Torok-Klara-267x400.jpg 267w, https:\/\/semmelweis.hu\/mellkassebeszet\/files\/2022\/03\/Dr-Torok-Klara-683x1024.jpg 683w, https:\/\/semmelweis.hu\/mellkassebeszet\/files\/2022\/03\/Dr-Torok-Klara-768x1151.jpg 768w, https:\/\/semmelweis.hu\/mellkassebeszet\/files\/2022\/03\/Dr-Torok-Klara-200x300.jpg 200w, https:\/\/semmelweis.hu\/mellkassebeszet\/files\/2022\/03\/Dr-Torok-Klara.jpg 934w\" sizes=\"auto, (max-width: 140px) 100vw, 140px\" \/>Dr. T\u00f6r\u00f6k Kl\u00e1ra<br \/>\nklinikai szakorvos<\/strong><\/p>\n<p>Tel:+36-1-224-8600\/3780<br \/>\nMobil: +36-20-666-3745<\/p>\n<p>E-mail: \u00a0\u00a0<a href=\"mailto:torok.klara@semmelweis.hu\">torok.klara@semmelweis.hu<\/a><br \/>\n<a href=\"mailto:torok.klara@gmail.com\">torok.klara@gmail.com<\/a><\/p>\n<hr \/>\n<p><strong><img loading=\"lazy\" decoding=\"async\" class=\"wp-image-866 alignright\" src=\"https:\/\/semmelweis.hu\/mellkassebeszet\/files\/2022\/03\/Dr-Madurka-Ildiko-267x400.jpg\" alt=\"\" width=\"140\" height=\"210\" srcset=\"https:\/\/semmelweis.hu\/mellkassebeszet\/files\/2022\/03\/Dr-Madurka-Ildiko-267x400.jpg 267w, https:\/\/semmelweis.hu\/mellkassebeszet\/files\/2022\/03\/Dr-Madurka-Ildiko-683x1024.jpg 683w, https:\/\/semmelweis.hu\/mellkassebeszet\/files\/2022\/03\/Dr-Madurka-Ildiko-768x1151.jpg 768w, https:\/\/semmelweis.hu\/mellkassebeszet\/files\/2022\/03\/Dr-Madurka-Ildiko-200x300.jpg 200w, https:\/\/semmelweis.hu\/mellkassebeszet\/files\/2022\/03\/Dr-Madurka-Ildiko.jpg 934w\" sizes=\"auto, (max-width: 140px) 100vw, 140px\" \/>Dr. Madurka Ildik\u00f3 Eszter Ph.D.<br \/>\nklinikai f\u0151orvos<\/strong><\/p>\n<p><strong>\u00a0<\/strong>Tel: +36-1-224-8600\/3215<br \/>\nMobil: +36-20-670-1624<\/p>\n<p>Email: <a href=\"mailto:pindurkamadurka@gmail.com\">pindurkamadurka@gmail.com<\/a><a href=\"pindurkamadurka@gmail.com\"><br \/>\n<\/a><\/p>\n<hr \/>\n<p><strong><a href=\"https:\/\/semmelweis.hu\/mellkassebeszet\/files\/2018\/10\/M\u00e9sz\u00e1ros-L\u00e1szl\u00f3.jpg\"><img loading=\"lazy\" decoding=\"async\" class=\"wp-image-242 alignright\" src=\"https:\/\/semmelweis.hu\/mellkassebeszet\/files\/2018\/10\/M\u00e9sz\u00e1ros-L\u00e1szl\u00f3.jpg\" alt=\"Dr_Meszaros_Laszlo\" width=\"140\" height=\"209\" \/><\/a>Dr. M\u00e9sz\u00e1ros L\u00e1szl\u00f3 Tibor<br \/>\nklinikai szakorvos<\/strong><\/p>\n<p><strong>\u00a0<\/strong>Tel: +36-1-224-8600\/3230<br \/>\nMobil: +36-20-396-1550<\/p>\n<p>Email:\u00a0<a href=\"mailto:meszaros.laszlo@semmelweis.hu\">meszaros.laszlo@semmelweis.hu<br \/>\n<\/a><a href=\"mailto:mail@meszarosdoktor.hu\">mail@meszarosdoktor.hu<\/a>\u00a0<\/p>\n<hr \/>\n<p><strong><img loading=\"lazy\" decoding=\"async\" class=\"wp-image-864 alignright\" src=\"https:\/\/semmelweis.hu\/mellkassebeszet\/files\/2022\/03\/Dr-Ghimessy-Aron-267x400.jpg\" alt=\"\" width=\"140\" height=\"210\" srcset=\"https:\/\/semmelweis.hu\/mellkassebeszet\/files\/2022\/03\/Dr-Ghimessy-Aron-267x400.jpg 267w, https:\/\/semmelweis.hu\/mellkassebeszet\/files\/2022\/03\/Dr-Ghimessy-Aron-683x1024.jpg 683w, https:\/\/semmelweis.hu\/mellkassebeszet\/files\/2022\/03\/Dr-Ghimessy-Aron-768x1151.jpg 768w, https:\/\/semmelweis.hu\/mellkassebeszet\/files\/2022\/03\/Dr-Ghimessy-Aron-200x300.jpg 200w, https:\/\/semmelweis.hu\/mellkassebeszet\/files\/2022\/03\/Dr-Ghimessy-Aron.jpg 934w\" sizes=\"auto, (max-width: 140px) 100vw, 140px\" \/>Dr. Ghimessy \u00c1ron Ph.D.<br \/>\nklinikai f\u0151orvos<br \/>\n<\/strong><\/p>\n<p>Tel:+36-1-224-8600\/3819<br \/>\nMobil: +36-20-670-1126<\/p>\n<p>E-mail: <a href=\"mailto:aronghimessy@gmail.com\">aronghimessy@gmail.com<\/a><\/p>\n<hr \/>\n<p><strong><img loading=\"lazy\" decoding=\"async\" class=\"wp-image-865 alignright\" src=\"https:\/\/semmelweis.hu\/mellkassebeszet\/files\/2022\/03\/Dr-Gieszer-Balazs-267x400.jpg\" alt=\"\" width=\"140\" height=\"210\" srcset=\"https:\/\/semmelweis.hu\/mellkassebeszet\/files\/2022\/03\/Dr-Gieszer-Balazs-267x400.jpg 267w, https:\/\/semmelweis.hu\/mellkassebeszet\/files\/2022\/03\/Dr-Gieszer-Balazs-683x1024.jpg 683w, https:\/\/semmelweis.hu\/mellkassebeszet\/files\/2022\/03\/Dr-Gieszer-Balazs-768x1151.jpg 768w, https:\/\/semmelweis.hu\/mellkassebeszet\/files\/2022\/03\/Dr-Gieszer-Balazs-200x300.jpg 200w, https:\/\/semmelweis.hu\/mellkassebeszet\/files\/2022\/03\/Dr-Gieszer-Balazs.jpg 934w\" sizes=\"auto, (max-width: 140px) 100vw, 140px\" \/>Dr. Gieszer Bal\u00e1zs Ph.D.<br \/>\nklinikai szakorvos<br \/>\n<\/strong>Tel: +36-1-224-8600\/3791<br \/>\nMobil: +36-20-666-3742<\/p>\n<p>E-mail:\u00a0<a href=\"mailto:gieszer.balazs@semmelweis.hu\">gieszer.balazs@semmelweis.hu<\/a><br \/>\n<a href=\"mailto:dr.gieszer@gmail.com\">dr.gieszer@gmail.com<\/a><\/p>\n<hr \/>\n<p><strong><img loading=\"lazy\" decoding=\"async\" class=\"wp-image-863 alignright\" src=\"https:\/\/semmelweis.hu\/mellkassebeszet\/files\/2022\/03\/Dr-Csende-Kristof-267x400.jpg\" alt=\"\" width=\"140\" height=\"210\" srcset=\"https:\/\/semmelweis.hu\/mellkassebeszet\/files\/2022\/03\/Dr-Csende-Kristof-267x400.jpg 267w, https:\/\/semmelweis.hu\/mellkassebeszet\/files\/2022\/03\/Dr-Csende-Kristof-683x1024.jpg 683w, https:\/\/semmelweis.hu\/mellkassebeszet\/files\/2022\/03\/Dr-Csende-Kristof-768x1151.jpg 768w, https:\/\/semmelweis.hu\/mellkassebeszet\/files\/2022\/03\/Dr-Csende-Kristof-200x300.jpg 200w, https:\/\/semmelweis.hu\/mellkassebeszet\/files\/2022\/03\/Dr-Csende-Kristof.jpg 934w\" sizes=\"auto, (max-width: 140px) 100vw, 140px\" \/>Dr. Csende Krist\u00f3f<br \/>\nklinikai szakorvos <\/strong><\/p>\n<p>Tel:+36-1-224-8600\/3946<br \/>\nMobil: +36-20-670-1388<\/p>\n<p>E-mail: <a href=\"mailto:kristofcsende.m@gmail.com\">kristofcsende.m@gmail.com<\/a><\/p>\n<hr \/>\n<p><strong><img loading=\"lazy\" decoding=\"async\" class=\"wp-image-869 alignright\" src=\"https:\/\/semmelweis.hu\/mellkassebeszet\/files\/2022\/03\/Dr-Tihanyi-Hanna-267x400.jpg\" alt=\"\" width=\"140\" height=\"210\" srcset=\"https:\/\/semmelweis.hu\/mellkassebeszet\/files\/2022\/03\/Dr-Tihanyi-Hanna-267x400.jpg 267w, https:\/\/semmelweis.hu\/mellkassebeszet\/files\/2022\/03\/Dr-Tihanyi-Hanna-683x1024.jpg 683w, https:\/\/semmelweis.hu\/mellkassebeszet\/files\/2022\/03\/Dr-Tihanyi-Hanna-768x1151.jpg 768w, https:\/\/semmelweis.hu\/mellkassebeszet\/files\/2022\/03\/Dr-Tihanyi-Hanna-200x300.jpg 200w, https:\/\/semmelweis.hu\/mellkassebeszet\/files\/2022\/03\/Dr-Tihanyi-Hanna.jpg 934w\" sizes=\"auto, (max-width: 140px) 100vw, 140px\" \/>Dr. Tihanyi Hanna<br \/>\nklinikai szakorvos <\/strong><\/p>\n<p>Tel:+36-1-224-8600\/3778<br \/>\nMobil: +36-20-670-1626<\/p>\n<p>E-mail: <a href=\"mailto:tihanyi.hanna@semmelweis.hu\">tihanyi.hanna@semmelweis.hu<\/a><\/p>\n<hr \/>\n<p><strong><img loading=\"lazy\" decoding=\"async\" class=\"wp-image-868 alignright\" src=\"https:\/\/semmelweis.hu\/mellkassebeszet\/files\/2022\/03\/Dr-Tarsoly-Gabor-267x400.jpg\" alt=\"\" width=\"140\" height=\"209\" srcset=\"https:\/\/semmelweis.hu\/mellkassebeszet\/files\/2022\/03\/Dr-Tarsoly-Gabor-267x400.jpg 267w, https:\/\/semmelweis.hu\/mellkassebeszet\/files\/2022\/03\/Dr-Tarsoly-Gabor-683x1024.jpg 683w, https:\/\/semmelweis.hu\/mellkassebeszet\/files\/2022\/03\/Dr-Tarsoly-Gabor-768x1151.jpg 768w, https:\/\/semmelweis.hu\/mellkassebeszet\/files\/2022\/03\/Dr-Tarsoly-Gabor-200x300.jpg 200w, https:\/\/semmelweis.hu\/mellkassebeszet\/files\/2022\/03\/Dr-Tarsoly-Gabor.jpg 934w\" sizes=\"auto, (max-width: 140px) 100vw, 140px\" \/>Dr. Tarsoly G\u00e1bor<br \/>\nklinikai szakorvos <\/strong><\/p>\n<p>Tel:+36-1-224-8600\/3965<\/p>\n<p>E-mail: <a href=\"mailto:tarsoly.elemer@semmelweis.hu\">tarsoly.elemer@semmelweis.hu<\/a><\/p>\n<p>&nbsp;<\/p>\n<hr \/>\n<p><strong><img loading=\"lazy\" decoding=\"async\" class=\"wp-image-1025 alignright\" src=\"https:\/\/semmelweis.hu\/mellkassebeszet\/files\/2023\/03\/SKY04855-267x400.jpg\" alt=\"\" width=\"139\" height=\"209\" srcset=\"https:\/\/semmelweis.hu\/mellkassebeszet\/files\/2023\/03\/SKY04855-267x400.jpg 267w, https:\/\/semmelweis.hu\/mellkassebeszet\/files\/2023\/03\/SKY04855-683x1024.jpg 683w, https:\/\/semmelweis.hu\/mellkassebeszet\/files\/2023\/03\/SKY04855-768x1151.jpg 768w, https:\/\/semmelweis.hu\/mellkassebeszet\/files\/2023\/03\/SKY04855-753x1129.jpg 753w, https:\/\/semmelweis.hu\/mellkassebeszet\/files\/2023\/03\/SKY04855.jpg 934w\" sizes=\"auto, (max-width: 139px) 100vw, 139px\" \/>Dr. Csaba M\u00e1rton<\/strong><br \/>\n<strong>klinikai orvos<\/strong><\/p>\n<p>Tel:+36-1-224-8600\/3875<\/p>\n<p>E-mail: <a href=\"mailto:csaba.marton@semmelweis.hu\">csaba.marton@semmelweis.hu<\/a><\/p>\n<hr \/>\n<p><strong>Lantos-T\u00f3th Anina<br \/>\n<\/strong><strong>tansz\u00e9ki titk\u00e1rs\u00e1gvezet\u0151<\/strong><\/p>\n<p>Mobil: +36-20-670-1623<\/p>\n<p>E-mail: <a href=\"mailto:toth.anina@semmelweis.hu\">toth.anina@semmelweis.hu<\/a><\/p>\n<hr \/>\n<p><strong>Erd\u0151fi-Nagy \u00c9va<br \/>\nklinika titk\u00e1rs\u00e1gvezet\u0151<br \/>\n<\/strong><\/p>\n<p>Tel:+36-1-224-8600\/3385<br \/>\nMobil: +36-20-825-0250<\/p>\n<p>E-mail: <a href=\"mailto:mellkasseb@semmelweis.hu\">mellkasseb@semmelweis.hu<\/a><\/p>\n<hr \/>\n<p><strong>\u00d6nk\u00e9ntes Seg\u00edt\u0151k:<\/strong><\/p>\n<p>Dr. Bogos Krisztina<br \/>\nDr. Sz\u00e9kelyn\u00e9 Dr. G\u00e1lffy Gabriella<br \/>\nDr. Sch\u00f6ller Andrea<br \/>\nDr. Pipek Orsolya<br \/>\nDr. T\u00f6r\u00f6k Szilvia<br \/>\nDr. Magyar Csaba<br \/>\nDr. Berta Judit<br \/>\nNagy L\u00e1szl\u00f3<br \/>\nSzalontai \u00c1bel<br \/>\nSchlegl Erzs\u00e9bet<\/p>\n<hr \/>\n<p>&nbsp;<\/p>\n","protected":false},"excerpt":{"rendered":"<p>KLINIKAIGAZGAT\u00d3 Prof. Dr. R\u00e9nyi-V\u00e1mos Ferenc Ph.D. egyetemi tan\u00e1r Tel: +36-1-224-8600\/3539 Mobil: +36-20-663-2340 E-mail:\u00a0 <a href=\"mailto:renyi-vamos.ferenc@semmelweis.hu\">renyi-vamos.ferenc@semmelweis.hu<\/a> KLINIKAIGAZGAT\u00d3 HELYETTES Dr. Radeczky P\u00e9ter Ph.D. klinikai f\u0151orvos Tel:+36-1-224-8600\/3538 Mobil: +36-20-663-2335 E-mail: <a href=\"mailto:radeczky.peter@semmelweis.hu\">radeczky.peter@semmelweis.hu<\/a> KUTAT\u00c1SI HELYETTES Dr. D\u00f6me Bal\u00e1zs Ph.D. tudom\u00e1nyos f\u0151munkat\u00e1rs Tel: +36-20-313-1869 E-mail: <a href=\"mailto:dome.balazs@semmelweis.hu\">dome.balazs@semmelweis.hu<\/a> Dr. Megyesfalvi Zsolt tudom\u00e1nyos munkat\u00e1rs Tel: +36-20-424-3934 E-mail: <a href=\"mailto:megyesfalvi_2007@yahoo.com\">megyesfalvi_2007@yahoo.com<\/a> <a href=\"https:\/\/semmelweis.hu\/mellkassebeszet\/files\/2018\/10\/Ag\u00f3cs-L\u00e1szl\u00f3.jpg\"><\/a> Dr. Ag\u00f3cs L\u00e1szl\u00f3 klinikai f\u0151orvos Tel: +36-1-224-8600\/3618 Mobil: +36-30-534-1590 E-mail: <a href=\"mailto:agocs.laszlo.dr@gmail.com\">agocs.laszlo.dr@gmail.com<\/a> Dr. &hellip;<\/p>\n","protected":false},"author":12,"featured_media":0,"parent":205,"menu_order":1,"comment_status":"closed","ping_status":"closed","template":"","meta":{"_acf_changed":false,"footnotes":""},"categories":[],"tags":[],"class_list":["post-230","page","type-page","status-publish","hentry"],"acf":[],"_links":{"self":[{"href":"https:\/\/semmelweis.hu\/mellkassebeszet\/wp-json\/wp\/v2\/pages\/230","targetHints":{"allow":["GET"]}}],"collection":[{"href":"https:\/\/semmelweis.hu\/mellkassebeszet\/wp-json\/wp\/v2\/pages"}],"about":[{"href":"https:\/\/semmelweis.hu\/mellkassebeszet\/wp-json\/wp\/v2\/types\/page"}],"author":[{"embeddable":true,"href":"https:\/\/semmelweis.hu\/mellkassebeszet\/wp-json\/wp\/v2\/users\/12"}],"replies":[{"embeddable":true,"href":"https:\/\/semmelweis.hu\/mellkassebeszet\/wp-json\/wp\/v2\/comments?post=230"}],"version-history":[{"count":12,"href":"https:\/\/semmelweis.hu\/mellkassebeszet\/wp-json\/wp\/v2\/pages\/230\/revisions"}],"predecessor-version":[{"id":1085,"href":"https:\/\/semmelweis.hu\/mellkassebeszet\/wp-json\/wp\/v2\/pages\/230\/revisions\/1085"}],"up":[{"embeddable":true,"href":"https:\/\/semmelweis.hu\/mellkassebeszet\/wp-json\/wp\/v2\/pages\/205"}],"wp:attachment":[{"href":"https:\/\/semmelweis.hu\/mellkassebeszet\/wp-json\/wp\/v2\/media?parent=230"}],"wp:term":[{"taxonomy":"category","embeddable":true,"href":"https:\/\/semmelweis.hu\/mellkassebeszet\/wp-json\/wp\/v2\/categories?post=230"},{"taxonomy":"post_tag","embeddable":true,"href":"https:\/\/semmelweis.hu\/mellkassebeszet\/wp-json\/wp\/v2\/tags?post=230"}],"curies":[{"name":"wp","href":"https:\/\/api.w.org\/{rel}","templated":true}]}}