{"id":213,"date":"2014-06-30T09:18:48","date_gmt":"2014-06-30T07:18:48","guid":{"rendered":"http:\/\/semmelweis.hu\/mellkassebeszet\/?page_id=213"},"modified":"2025-04-17T12:01:57","modified_gmt":"2025-04-17T10:01:57","slug":"elerhetoseg","status":"publish","type":"page","link":"https:\/\/semmelweis.hu\/mellkassebeszet\/elerhetoseg\/","title":{"rendered":"El\u00e9rhet\u0151s\u00e9g"},"content":{"rendered":"<p><strong>Orsz\u00e1gos Onkol\u00f3giai Int\u00e9zet b\u00e1zis\u00e1n m\u0171k\u00f6d\u0151 Semmelweis Egyetem Mellkasseb\u00e9szeti Klinika<\/strong><\/p>\n<p>Post\u00e1z\u00e1si c\u00edm: 1085 Budapest, \u00dcll\u0151i \u00fat 26., 1428 Budapest, Pf.2. <br \/>\nT\u00fcd\u0151transzplant\u00e1ci\u00f3val kapcsolatban:\u00a0 +36 20 663 2857<\/p>\n<p>IGAZGAT\u00d3:<br \/>\nProf. Dr. R\u00e9nyi-V\u00e1mos Ferenc egyetemi tan\u00e1r<\/p>\n<p>Telephely: 1122 Budapest, R\u00e1th Gy\u00f6rgy u. 7-9. 3. \u00e9p. IV. em.<br \/>\nTelefon: 06-1-224-8600\/3385<br \/>\nE-mail: <a href=\"mailto:mellkasseb@semmelweis.hu\" target=\"_blank\" rel=\"noopener noreferrer\">mellkasseb@semmelweis.hu<\/a><\/p>\n\n<!-- iframe plugin v.4.9 wordpress.org\/plugins\/iframe\/ -->\n<iframe loading=\"lazy\" src=\"https:\/\/www.google.com\/maps\/embed?pb=!1m18!1m12!1m3!1d2695.483388760396!2d19.021363599999994!3d47.49997660000002!2m3!1f0!2f0!3f0!3m2!1i1024!2i768!4f13.1!3m3!1m2!1s0x4741de9e108e32e9%3A0xe1d6c9bfbd8f3955!2sR%C3%A1th+Gy%C3%B6rgy+utca+7-9!5e0!3m2!1shu!2shu!4v1404112967903\" width=\"100%\" height=\"200\" scrolling=\"yes\" class=\"iframe-class\" frameborder=\"0\"><\/iframe>\n\n<hr \/>\n<p><strong>Orsz\u00e1gos Kor\u00e1nyi Pulmonol\u00f3giai Int\u00e9zet b\u00e1zis\u00e1n, a\u00a0 Mellkasseb\u00e9szeti Klinik\u00e1hoz rendelten m\u0171k\u00f6d\u0151 kutat\u00f3csoport -Tumorbiol\u00f3gia Tansz\u00e9ki Csoport<\/strong><\/p>\n<p>VEZET\u0150: Dr. D\u00f6me Bal\u00e1zs Ph.D.<br \/>\nTelephely: 1121 Budapest, Pihen\u0151 \u00fat 1.<br \/>\nTelefon: 06-1-391 3310<br \/>\nE-mail: <a href=\"mailto:tumorbiologia@gmail.com\" target=\"_blank\" rel=\"noopener noreferrer\">tumorbiologia@gmail.com<\/a><br \/>\nHonlap: <a href=\"http:\/\/tumorbiologia.koranyi.hu\" target=\"_blank\" rel=\"noopener noreferrer\">tumorbiologia.koranyi.hu<\/a><\/p>\n\n<!-- iframe plugin v.4.9 wordpress.org\/plugins\/iframe\/ -->\n<iframe loading=\"lazy\" src=\"https:\/\/www.google.com\/maps\/embed?pb=!1m18!1m12!1m3!1d2694.4794619561926!2d18.943444415627454!3d47.51952777917903!2m3!1f0!2f0!3f0!3m2!1i1024!2i768!4f13.1!3m3!1m2!1s0x4741df405d1f9d65%3A0x999c02e7b495ab70!2zQnVkYXBlc3QsIFBpaGVuxZEgw7p0IDEsIDExMjE!5e0!3m2!1shu!2shu!4v1505725737835\" width=\"100%\" height=\"200\" scrolling=\"yes\" class=\"iframe-class\" frameborder=\"0\"><\/iframe>\n\n","protected":false},"excerpt":{"rendered":"<p>Orsz\u00e1gos Onkol\u00f3giai Int\u00e9zet b\u00e1zis\u00e1n m\u0171k\u00f6d\u0151 Semmelweis Egyetem Mellkasseb\u00e9szeti Klinika Post\u00e1z\u00e1si c\u00edm: 1085 Budapest, \u00dcll\u0151i \u00fat 26., 1428 Budapest, Pf.2. T\u00fcd\u0151transzplant\u00e1ci\u00f3val kapcsolatban:\u00a0 +36 20 663 2857 IGAZGAT\u00d3: Prof. Dr. R\u00e9nyi-V\u00e1mos Ferenc egyetemi tan\u00e1r Telephely: 1122 Budapest, R\u00e1th Gy\u00f6rgy u. 7-9. 3. \u00e9p. IV. em. Telefon: 06-1-224-8600\/3385 E-mail: <a href=\"mailto:mellkasseb@semmelweis.hu\" target=\"_blank\" rel=\"noopener noreferrer\">mellkasseb@semmelweis.hu<\/a> Orsz\u00e1gos Kor\u00e1nyi Pulmonol\u00f3giai Int\u00e9zet b\u00e1zis\u00e1n, a\u00a0 Mellkasseb\u00e9szeti Klinik\u00e1hoz rendelten &hellip;<\/p>\n","protected":false},"author":12,"featured_media":0,"parent":0,"menu_order":8,"comment_status":"closed","ping_status":"closed","template":"","meta":{"_acf_changed":false,"footnotes":""},"categories":[],"tags":[],"class_list":["post-213","page","type-page","status-publish","hentry"],"acf":[],"_links":{"self":[{"href":"https:\/\/semmelweis.hu\/mellkassebeszet\/wp-json\/wp\/v2\/pages\/213","targetHints":{"allow":["GET"]}}],"collection":[{"href":"https:\/\/semmelweis.hu\/mellkassebeszet\/wp-json\/wp\/v2\/pages"}],"about":[{"href":"https:\/\/semmelweis.hu\/mellkassebeszet\/wp-json\/wp\/v2\/types\/page"}],"author":[{"embeddable":true,"href":"https:\/\/semmelweis.hu\/mellkassebeszet\/wp-json\/wp\/v2\/users\/12"}],"replies":[{"embeddable":true,"href":"https:\/\/semmelweis.hu\/mellkassebeszet\/wp-json\/wp\/v2\/comments?post=213"}],"version-history":[{"count":11,"href":"https:\/\/semmelweis.hu\/mellkassebeszet\/wp-json\/wp\/v2\/pages\/213\/revisions"}],"predecessor-version":[{"id":1069,"href":"https:\/\/semmelweis.hu\/mellkassebeszet\/wp-json\/wp\/v2\/pages\/213\/revisions\/1069"}],"wp:attachment":[{"href":"https:\/\/semmelweis.hu\/mellkassebeszet\/wp-json\/wp\/v2\/media?parent=213"}],"wp:term":[{"taxonomy":"category","embeddable":true,"href":"https:\/\/semmelweis.hu\/mellkassebeszet\/wp-json\/wp\/v2\/categories?post=213"},{"taxonomy":"post_tag","embeddable":true,"href":"https:\/\/semmelweis.hu\/mellkassebeszet\/wp-json\/wp\/v2\/tags?post=213"}],"curies":[{"name":"wp","href":"https:\/\/api.w.org\/{rel}","templated":true}]}}