{"id":211,"date":"2014-06-30T09:16:44","date_gmt":"2014-06-30T07:16:44","guid":{"rendered":"http:\/\/semmelweis.hu\/mellkassebeszet\/?page_id=211"},"modified":"2025-04-17T12:16:09","modified_gmt":"2025-04-17T10:16:09","slug":"oktatas","status":"publish","type":"page","link":"https:\/\/semmelweis.hu\/mellkassebeszet\/oktatas\/","title":{"rendered":"Oktat\u00e1s"},"content":{"rendered":"<p style=\"text-align: justify\">A mellkasseb\u00e9szeti oktat\u00e1s a pulmonol\u00f3gia \u00e9s mellkasseb\u00e9szet tant\u00e1rgy keretein bel\u00fcl t\u00f6rt\u00e9nik. A h\u00e1rom hetes blokkos\u00edtott k\u00e9pz\u00e9sben egy napos gyakorlati oktat\u00e1st biztos\u00edtunk a hallgat\u00f3knak. A szemin\u00e1riumon el\u0151ad\u00e1s form\u00e1j\u00e1ban \u00e1ttekintj\u00fck a t\u00fcd\u0151r\u00e1k, l\u00e9gmell, pleur\u00e1lis folyad\u00e9k \u00e9s t\u00fcd\u0151transzplant\u00e1ci\u00f3 mellkasseb\u00e9szeti vonatkoz\u00e1sait, majd ezt k\u00f6vet\u0151en szimul\u00e1ci\u00f3s eszk\u00f6z\u00f6k seg\u00edts\u00e9g\u00e9vel lehet\u0151s\u00e9get adunk a medikusoknak a mellkasi drainage gyakorl\u00e1s\u00e1ra. A szemin\u00e1rium r\u00e9szek\u00e9nt bemutatjuk Mellkasseb\u00e9szeti Oszt\u00e1lyunk m\u0171k\u00f6d\u00e9s\u00e9t \u00e9s betekint\u00e9st adunk a betegell\u00e1t\u00e1sba. A k\u00e9pz\u00e9s r\u00e9sze egy gyakorlati teszt meg\u00edr\u00e1sa, ami el\u0151felt\u00e9tele a sikeres vizsg\u00e1nak.<\/p>\n<h4><strong>A gyakorlat helysz\u00edne:<\/strong><\/h4>\n<p style=\"text-align: justify\">Orsz\u00e1gos Onkol\u00f3giai Int\u00e9zet Mellkasseb\u00e9szeti K\u00f6zpont, b\u00e1zis\u00e1n m\u0171k\u00f6d\u0151 Semmelweis Egyetem Mellkasseb\u00e9szeti Klinika.<br \/>\nC\u00edm: 1122 Budapest R\u00e1th Gy\u00f6rgy utca 7-9.<\/p>\n<p style=\"text-align: justify\">A gyakorlati id\u0151 kezdetekor k\u00e9rj\u00fck a hallgat\u00f3kat gy\u00fclekezzenek a 3-as \u00e9p\u00fclet 3. emelet\u00e9n a konferencia teremn\u00e9l. A gyakorlati helysz\u00edn k\u00f6nnyen megk\u00f6zel\u00edthet\u0151 a D\u00e9li p\u00e1lyaudvar fel\u0151l. A F\u0151\u00e9p\u00fcletb\u0151l kil\u00e9pve a telephely k\u00f6zep\u00e9n tal\u00e1lj\u00e1k a 3-s \u00e9p\u00fcletet, ami egy hat emeletes, modern m\u00e1rv\u00e1ny\u00e9p\u00fclet.<\/p>\n<p style=\"text-align: justify\">Gyakorlatot p\u00f3tolni el\u0151zetes egyeztet\u00e9st k\u00f6vet\u0151en lehets\u00e9ges.<\/p>\n<p style=\"text-align: justify\"><strong>A gyakorlat anyaga el\u00e9rhet\u0151 \u00e9s let\u00f6lthet\u0151 a MOODLE-b\u0151l:<\/strong><br \/>\n<strong> <a href=\"https:\/\/itc.semmelweis.hu\/moodle\/course\/view.php?id=1060\">https:\/\/itc.semmelweis.hu\/moodle\/course\/view.php?id=1060<\/a><\/strong><\/p>\n<p style=\"text-align: justify\">Amennyiben k\u00e9rd\u00e9s\u00fck, k\u00e9r\u00e9s\u00fck van, forduljanak hozz\u00e1nk bizalommal!<\/p>\n<div class=\"keretes w-100\">\n<p style=\"text-align: justify\"><strong>A klinika oktat\u00e1si felel\u0151se:<\/strong><\/p>\n<p><strong>Dr. Tihanyi Hanna<\/strong><\/p>\n<p><strong><br \/>\n<\/strong>Tel:+36-1-224-8600\/3778<br \/>\nMobil: +36-20-670-1626<\/p>\n<p>E-mail: <a href=\"mailto:tihanyi.hanna@semmelweis.hu\">tihanyi.hanna@semmelweis.hu<\/a><\/p>\n<\/div>\n","protected":false},"excerpt":{"rendered":"<p>A mellkasseb\u00e9szeti oktat\u00e1s a pulmonol\u00f3gia \u00e9s mellkasseb\u00e9szet tant\u00e1rgy keretein bel\u00fcl t\u00f6rt\u00e9nik. A h\u00e1rom hetes blokkos\u00edtott k\u00e9pz\u00e9sben egy napos gyakorlati oktat\u00e1st biztos\u00edtunk a hallgat\u00f3knak. A szemin\u00e1riumon el\u0151ad\u00e1s form\u00e1j\u00e1ban \u00e1ttekintj\u00fck a t\u00fcd\u0151r\u00e1k, l\u00e9gmell, pleur\u00e1lis folyad\u00e9k \u00e9s t\u00fcd\u0151transzplant\u00e1ci\u00f3 mellkasseb\u00e9szeti vonatkoz\u00e1sait, majd ezt k\u00f6vet\u0151en szimul\u00e1ci\u00f3s eszk\u00f6z\u00f6k seg\u00edts\u00e9g\u00e9vel lehet\u0151s\u00e9get adunk a medikusoknak a mellkasi drainage gyakorl\u00e1s\u00e1ra. A szemin\u00e1rium r\u00e9szek\u00e9nt bemutatjuk &hellip;<\/p>\n","protected":false},"author":12,"featured_media":0,"parent":0,"menu_order":3,"comment_status":"open","ping_status":"closed","template":"","meta":{"_acf_changed":false,"footnotes":""},"categories":[],"tags":[],"class_list":["post-211","page","type-page","status-publish","hentry"],"acf":[],"_links":{"self":[{"href":"https:\/\/semmelweis.hu\/mellkassebeszet\/wp-json\/wp\/v2\/pages\/211","targetHints":{"allow":["GET"]}}],"collection":[{"href":"https:\/\/semmelweis.hu\/mellkassebeszet\/wp-json\/wp\/v2\/pages"}],"about":[{"href":"https:\/\/semmelweis.hu\/mellkassebeszet\/wp-json\/wp\/v2\/types\/page"}],"author":[{"embeddable":true,"href":"https:\/\/semmelweis.hu\/mellkassebeszet\/wp-json\/wp\/v2\/users\/12"}],"replies":[{"embeddable":true,"href":"https:\/\/semmelweis.hu\/mellkassebeszet\/wp-json\/wp\/v2\/comments?post=211"}],"version-history":[{"count":12,"href":"https:\/\/semmelweis.hu\/mellkassebeszet\/wp-json\/wp\/v2\/pages\/211\/revisions"}],"predecessor-version":[{"id":1073,"href":"https:\/\/semmelweis.hu\/mellkassebeszet\/wp-json\/wp\/v2\/pages\/211\/revisions\/1073"}],"wp:attachment":[{"href":"https:\/\/semmelweis.hu\/mellkassebeszet\/wp-json\/wp\/v2\/media?parent=211"}],"wp:term":[{"taxonomy":"category","embeddable":true,"href":"https:\/\/semmelweis.hu\/mellkassebeszet\/wp-json\/wp\/v2\/categories?post=211"},{"taxonomy":"post_tag","embeddable":true,"href":"https:\/\/semmelweis.hu\/mellkassebeszet\/wp-json\/wp\/v2\/tags?post=211"}],"curies":[{"name":"wp","href":"https:\/\/api.w.org\/{rel}","templated":true}]}}