{"id":207,"date":"2014-06-30T09:15:56","date_gmt":"2014-06-30T07:15:56","guid":{"rendered":"http:\/\/semmelweis.hu\/mellkassebeszet\/?page_id=207"},"modified":"2023-12-28T16:32:36","modified_gmt":"2023-12-28T15:32:36","slug":"klinikai-tevekenyseg","status":"publish","type":"page","link":"https:\/\/semmelweis.hu\/mellkassebeszet\/klinikai-tevekenyseg\/","title":{"rendered":"Klinikai tev\u00e9kenys\u00e9g"},"content":{"rendered":"<p style=\"text-align: justify\">A Mellkasseb\u00e9szeti Klinika f\u0151 profilja onkol\u00f3giai jelleg\u0171, ide tartozik a t\u00fcd\u0151r\u00e1k, a mesothelioma, a mediastinalis daganatok \u00e9s a tracheobronchi\u00e1lis tumorok seb\u00e9szi kezel\u00e9se, ill. sz\u00e1mos mell\u0171ri diagnosztikus beavatkoz\u00e1s. A m\u00e1sik profil a funkcion\u00e1lis mellkasseb\u00e9szeti beavatkoz\u00e1sok k\u00f6re, mint a myasthenia gravis seb\u00e9szi kezel\u00e9se, a rekeszizom, a mellkasfali deformit\u00e1sok (ty\u00fakmell, t\u00f6lcs\u00e9rmell), a TOS, vagy pl. a fels\u0151 v\u00e9gtagi hyperhidrozis seb\u00e9szi kezel\u00e9se. A klinika munkat\u00e1rsai a b\u00e9csi egyetemmel kialak\u00edtott nemzetk\u00f6zi egy\u00fcttm\u0171k\u00f6d\u00e9s keret\u00e9ben v\u00e9gzik a hazai betegek t\u00fcd\u0151transzplant\u00e1ci\u00f3j\u00e1t.<\/p>\n<p style=\"text-align: justify\">Int\u00e9zet\u00fcnkben nagy hangs\u00falyt fektet\u00fcnk a minim\u00e1l invaz\u00edv seb\u00e9szeti szeml\u00e9letre, m\u0171t\u00e9teink nagy r\u00e9sz\u00e9t videothoracoscop (VATS), vagy robotassziszt\u00e1lt technika (RATS) seg\u00edts\u00e9g\u00e9vel v\u00e9gezz\u00fck. Orsz\u00e1gos szinten is kimagasl\u00f3 sz\u00e1mban VATS technik\u00e1val oper\u00e1ljuk a t\u00fcd\u0151lebeny elt\u00e1vol\u00edt\u00e1sokat, valamint a 2023-as \u00e9vben elind\u00edtottuk robotseb\u00e9szeti programunkat, mellyel Eur\u00f3pa \u00e9lmez\u0151ny\u00e9be ker\u00fclt\u00fcnk. Magyarorsz\u00e1gon egyed\u00fcl\u00e1ll\u00f3an van lehet\u0151s\u00e9g\u00fcnk l\u00e9zeres t\u00fcd\u0151m\u0171t\u00e9tek v\u00e9gz\u00e9s\u00e9re, melynek seg\u00edts\u00e9g\u00e9vel a t\u00fcd\u0151\u00e1llom\u00e1ny nagy r\u00e9sz\u00e9nek meg\u0151rz\u00e9s\u00e9vel tudunk tumoros g\u00f3cokat elt\u00e1vol\u00edtani.<\/p>\n<p>\u00dajonnan \u00e9p\u00fclt mellkasseb\u00e9szeti m\u0171t\u0151blokkunk h\u00e1rom vil\u00e1gsz\u00ednvonalon felszerelt m\u0171t\u0151vel rendelkezik, melyekben a legmagasabb sz\u00ednvonalon l\u00e1thatjuk el betegeinket.<\/p>\n<p style=\"text-align: justify\">A Daganatseb\u00e9szeti Centrumban integr\u00e1lt Rekonstrukci\u00f3s Seb\u00e9szeti oszt\u00e1lyon dolgoz\u00f3 plasztikai seb\u00e9szekkel egy\u00fctt lehet\u0151s\u00e9g\u00fcnk ny\u00edlik komplex mellkasfali torzul\u00e1sok helyre\u00e1ll\u00edt\u00e1s\u00e1ra is. A nagy mellkasseb\u00e9szeti beavatkoz\u00e1sok term\u00e9szetesen elk\u00e9pzelhetetlenek lenn\u00e9nek az int\u00e9zetben m\u0171k\u00f6d\u0151 modern, j\u00f3l felszerelt Intenz\u00edv Ter\u00e1pi\u00e1s Oszt\u00e1ly, valamint ECMO r\u00e9szleg n\u00e9lk\u00fcl.<\/p>\n<p><a href=\"https:\/\/semmelweis.hu\/mellkassebeszet\/files\/2022\/03\/SKY04927-HDR.jpg\"><img loading=\"lazy\" decoding=\"async\" class=\"aligncenter wp-image-925 size-large\" src=\"https:\/\/semmelweis.hu\/mellkassebeszet\/files\/2022\/03\/SKY04927-HDR-1024x683.jpg\" alt=\"\" width=\"753\" height=\"502\" srcset=\"https:\/\/semmelweis.hu\/mellkassebeszet\/files\/2022\/03\/SKY04927-HDR-1024x683.jpg 1024w, https:\/\/semmelweis.hu\/mellkassebeszet\/files\/2022\/03\/SKY04927-HDR-400x267.jpg 400w, https:\/\/semmelweis.hu\/mellkassebeszet\/files\/2022\/03\/SKY04927-HDR-768x512.jpg 768w, https:\/\/semmelweis.hu\/mellkassebeszet\/files\/2022\/03\/SKY04927-HDR-450x300.jpg 450w, https:\/\/semmelweis.hu\/mellkassebeszet\/files\/2022\/03\/SKY04927-HDR.jpg 1400w\" sizes=\"auto, (max-width: 753px) 100vw, 753px\" \/><\/a><\/p>\n","protected":false},"excerpt":{"rendered":"<p>A Mellkasseb\u00e9szeti Klinika f\u0151 profilja onkol\u00f3giai jelleg\u0171, ide tartozik a t\u00fcd\u0151r\u00e1k, a mesothelioma, a mediastinalis daganatok \u00e9s a tracheobronchi\u00e1lis tumorok seb\u00e9szi kezel\u00e9se, ill. sz\u00e1mos mell\u0171ri diagnosztikus beavatkoz\u00e1s. A m\u00e1sik profil a funkcion\u00e1lis mellkasseb\u00e9szeti beavatkoz\u00e1sok k\u00f6re, mint a myasthenia gravis seb\u00e9szi kezel\u00e9se, a rekeszizom, a mellkasfali deformit\u00e1sok (ty\u00fakmell, t\u00f6lcs\u00e9rmell), a TOS, vagy pl. a fels\u0151 v\u00e9gtagi &hellip;<\/p>\n","protected":false},"author":12,"featured_media":0,"parent":0,"menu_order":1,"comment_status":"open","ping_status":"closed","template":"","meta":{"_acf_changed":false,"footnotes":""},"categories":[],"tags":[],"class_list":["post-207","page","type-page","status-publish","hentry"],"acf":[],"_links":{"self":[{"href":"https:\/\/semmelweis.hu\/mellkassebeszet\/wp-json\/wp\/v2\/pages\/207","targetHints":{"allow":["GET"]}}],"collection":[{"href":"https:\/\/semmelweis.hu\/mellkassebeszet\/wp-json\/wp\/v2\/pages"}],"about":[{"href":"https:\/\/semmelweis.hu\/mellkassebeszet\/wp-json\/wp\/v2\/types\/page"}],"author":[{"embeddable":true,"href":"https:\/\/semmelweis.hu\/mellkassebeszet\/wp-json\/wp\/v2\/users\/12"}],"replies":[{"embeddable":true,"href":"https:\/\/semmelweis.hu\/mellkassebeszet\/wp-json\/wp\/v2\/comments?post=207"}],"version-history":[{"count":7,"href":"https:\/\/semmelweis.hu\/mellkassebeszet\/wp-json\/wp\/v2\/pages\/207\/revisions"}],"predecessor-version":[{"id":1030,"href":"https:\/\/semmelweis.hu\/mellkassebeszet\/wp-json\/wp\/v2\/pages\/207\/revisions\/1030"}],"wp:attachment":[{"href":"https:\/\/semmelweis.hu\/mellkassebeszet\/wp-json\/wp\/v2\/media?parent=207"}],"wp:term":[{"taxonomy":"category","embeddable":true,"href":"https:\/\/semmelweis.hu\/mellkassebeszet\/wp-json\/wp\/v2\/categories?post=207"},{"taxonomy":"post_tag","embeddable":true,"href":"https:\/\/semmelweis.hu\/mellkassebeszet\/wp-json\/wp\/v2\/tags?post=207"}],"curies":[{"name":"wp","href":"https:\/\/api.w.org\/{rel}","templated":true}]}}