{"id":205,"date":"2014-06-30T09:13:04","date_gmt":"2014-06-30T07:13:04","guid":{"rendered":"http:\/\/semmelweis.hu\/mellkassebeszet\/?page_id=205"},"modified":"2022-05-11T14:06:59","modified_gmt":"2022-05-11T12:06:59","slug":"a-mellkassebeszeti-klinika-bemutatkozasa","status":"publish","type":"page","link":"https:\/\/semmelweis.hu\/mellkassebeszet\/a-mellkassebeszeti-klinika-bemutatkozasa\/","title":{"rendered":"A Mellkasseb\u00e9szeti Klinika bemutatkoz\u00e1sa"},"content":{"rendered":"<p style=\"text-align: justify;\">A Semmelweis Egyetem Mellkasseb\u00e9szeti Klinik\u00e1ja az Orsz\u00e1gos Onkol\u00f3giai Int\u00e9zet b\u00e1zis\u00e1n m\u0171k\u00f6dik. A magas szint\u0171 klinikai tev\u00e9kenys\u00e9g z\u00e1loga az Orsz\u00e1gos Onkol\u00f3giai Int\u00e9zetben m\u0171k\u00f6d\u0151 t\u00e1rsszakm\u00e1k \u00e1ltal biztos\u00edtott interdisciplin\u00e1ris k\u00f6rnyezet \u00e9s a rendelkez\u00e9sre \u00e1ll\u00f3 modern infrastrukt\u00fara.<\/p>\n\r\n        [slb_exclude]\r\n        <div class=\"row galeria-wrapper mx-0 h-auto\">\r\n            <div class=\"col-9 pl-0 pr-2\">\r\n            <span class=\"gallery-item frame\">\r\n\t\t\t\t<div class=\"galeria-left-img\"><a href=\"https:\/\/semmelweis.hu\/mellkassebeszet\/files\/2022\/03\/SKY04728.jpg\"><img src=https:\/\/semmelweis.hu\/mellkassebeszet\/files\/2022\/03\/SKY04728.jpg  \r\n                            alt=\"\" \r\n                            class=\"attachment-sote-gallery-big size-sote-gallery-big\" \r\n                            srcset=\"https:\/\/semmelweis.hu\/mellkassebeszet\/files\/2022\/03\/SKY04728-400x267.jpg 400w, https:\/\/semmelweis.hu\/mellkassebeszet\/files\/2022\/03\/SKY04728-1024x684.jpg 1024w, https:\/\/semmelweis.hu\/mellkassebeszet\/files\/2022\/03\/SKY04728-768x513.jpg 768w, https:\/\/semmelweis.hu\/mellkassebeszet\/files\/2022\/03\/SKY04728-449x300.jpg 449w, https:\/\/semmelweis.hu\/mellkassebeszet\/files\/2022\/03\/SKY04728-753x503.jpg 753w, https:\/\/semmelweis.hu\/mellkassebeszet\/files\/2022\/03\/SKY04728-203x135.jpg 203w, https:\/\/semmelweis.hu\/mellkassebeszet\/files\/2022\/03\/SKY04728.jpg 1200w\" ><\/a><\/div>\r\n            <\/span>\r\n\r\n            <\/div>\r\n\r\n\t\t\t<div class=\"col-3 pl-0 pr-0\">\r\n\t\t\t\t<div class=\"galeria-right-img d-flex justify-content-between flex-column h-100 w-100 px-0 mx-0 \">\r\n                <div class=\"galeria-box\">\r\n\t\t\t\t\t<h3 class=\"galeria-title\">Gal\u00e9ria<\/h3>\r\n\t\t\t\t\t<div class=\"galeria-subtitle\">\r\n\r\n\t\t\t\t\t\t<div class=\"galeria-page-counter\"><span>15<\/span>k\u00e9p<\/div>\r\n                    <\/div> <\/div>\r\n                    <span class=\"gallery-item frame d-none d-md-flex\">\r\n\t\t\t\t\t<div class=\"galeria-small-img mt-0\"><a href=\"https:\/\/semmelweis.hu\/mellkassebeszet\/files\/2022\/03\/CSOPORTKEP.jpg\"><img src=https:\/\/semmelweis.hu\/mellkassebeszet\/files\/2022\/03\/CSOPORTKEP.jpg \r\n                                alt=\"\"  \r\n                                class=\"attachment-sote-gallery-small size-sote-gallery-small\" \r\n                                srcset=\"https:\/\/semmelweis.hu\/mellkassebeszet\/files\/2022\/03\/CSOPORTKEP-400x267.jpg 400w, https:\/\/semmelweis.hu\/mellkassebeszet\/files\/2022\/03\/CSOPORTKEP-1024x683.jpg 1024w, https:\/\/semmelweis.hu\/mellkassebeszet\/files\/2022\/03\/CSOPORTKEP-768x512.jpg 768w, https:\/\/semmelweis.hu\/mellkassebeszet\/files\/2022\/03\/CSOPORTKEP-450x300.jpg 450w, https:\/\/semmelweis.hu\/mellkassebeszet\/files\/2022\/03\/CSOPORTKEP.jpg 1280w\" ><\/a><\/div>\r\n                    <\/span>\r\n                    <span class=\"gallery-item frame d-none d-md-flex\">\r\n\t\t\t\t\t<div class=\"galeria-small-img mt-0\"><a href=\"https:\/\/semmelweis.hu\/mellkassebeszet\/files\/2022\/04\/Mellkassebeszeti-oktatas.jpg\"><img src=https:\/\/semmelweis.hu\/mellkassebeszet\/files\/2022\/04\/Mellkassebeszeti-oktatas.jpg \r\n                                alt=\"\" \r\n                                class=\"attachment-sote-gallery-small size-sote-gallery-small\" \r\n                                srcset=\"https:\/\/semmelweis.hu\/mellkassebeszet\/files\/2022\/04\/Mellkassebeszeti-oktatas-400x267.jpg 400w, https:\/\/semmelweis.hu\/mellkassebeszet\/files\/2022\/04\/Mellkassebeszeti-oktatas-1024x683.jpg 1024w, https:\/\/semmelweis.hu\/mellkassebeszet\/files\/2022\/04\/Mellkassebeszeti-oktatas-768x512.jpg 768w, https:\/\/semmelweis.hu\/mellkassebeszet\/files\/2022\/04\/Mellkassebeszeti-oktatas-450x300.jpg 450w, https:\/\/semmelweis.hu\/mellkassebeszet\/files\/2022\/04\/Mellkassebeszeti-oktatas.jpg 1280w\" ><\/a><\/div>\r\n                    <\/span>\r\n\r\n                <\/div>\r\n\r\n            <\/div>\r\n\r\n            <span class=\"gallery-item\"><div class=\"hidden\"><a href=\"https:\/\/semmelweis.hu\/mellkassebeszet\/files\/2022\/03\/SKY04896.jpg\">\r\n        <img src=https:\/\/semmelweis.hu\/mellkassebeszet\/files\/2022\/03\/SKY04896.jpg alt=\"\" class=\"attachment-sote-gallery-big size-sote-gallery-big\" srcset=\"https:\/\/semmelweis.hu\/mellkassebeszet\/files\/2022\/03\/SKY04896-267x400.jpg 267w, https:\/\/semmelweis.hu\/mellkassebeszet\/files\/2022\/03\/SKY04896-683x1024.jpg 683w, https:\/\/semmelweis.hu\/mellkassebeszet\/files\/2022\/03\/SKY04896-768x1151.jpg 768w, https:\/\/semmelweis.hu\/mellkassebeszet\/files\/2022\/03\/SKY04896-200x300.jpg 200w, https:\/\/semmelweis.hu\/mellkassebeszet\/files\/2022\/03\/SKY04896.jpg 934w\" >\r\n        <\/a><\/div><\/span><span class=\"gallery-item\"><div class=\"hidden\"><a href=\"https:\/\/semmelweis.hu\/mellkassebeszet\/files\/2022\/03\/SKY05035-HDR.jpg\">\r\n        <img src=https:\/\/semmelweis.hu\/mellkassebeszet\/files\/2022\/03\/SKY05035-HDR.jpg alt=\"\" class=\"attachment-sote-gallery-big size-sote-gallery-big\" srcset=\"https:\/\/semmelweis.hu\/mellkassebeszet\/files\/2022\/03\/SKY05035-HDR-400x267.jpg 400w, https:\/\/semmelweis.hu\/mellkassebeszet\/files\/2022\/03\/SKY05035-HDR-1024x683.jpg 1024w, https:\/\/semmelweis.hu\/mellkassebeszet\/files\/2022\/03\/SKY05035-HDR-768x512.jpg 768w, https:\/\/semmelweis.hu\/mellkassebeszet\/files\/2022\/03\/SKY05035-HDR-450x300.jpg 450w, https:\/\/semmelweis.hu\/mellkassebeszet\/files\/2022\/03\/SKY05035-HDR.jpg 1400w\" >\r\n        <\/a><\/div><\/span><span class=\"gallery-item\"><div class=\"hidden\"><a href=\"https:\/\/semmelweis.hu\/mellkassebeszet\/files\/2022\/03\/SKY04927-HDR.jpg\">\r\n        <img src=https:\/\/semmelweis.hu\/mellkassebeszet\/files\/2022\/03\/SKY04927-HDR.jpg alt=\"\" class=\"attachment-sote-gallery-big size-sote-gallery-big\" srcset=\"https:\/\/semmelweis.hu\/mellkassebeszet\/files\/2022\/03\/SKY04927-HDR-400x267.jpg 400w, https:\/\/semmelweis.hu\/mellkassebeszet\/files\/2022\/03\/SKY04927-HDR-1024x683.jpg 1024w, https:\/\/semmelweis.hu\/mellkassebeszet\/files\/2022\/03\/SKY04927-HDR-768x512.jpg 768w, https:\/\/semmelweis.hu\/mellkassebeszet\/files\/2022\/03\/SKY04927-HDR-450x300.jpg 450w, https:\/\/semmelweis.hu\/mellkassebeszet\/files\/2022\/03\/SKY04927-HDR.jpg 1400w\" >\r\n        <\/a><\/div><\/span><span class=\"gallery-item\"><div class=\"hidden\"><a href=\"https:\/\/semmelweis.hu\/mellkassebeszet\/files\/2022\/05\/mellkassebeszet-betegellatas-desktop-slide.jpg\">\r\n        <img src=https:\/\/semmelweis.hu\/mellkassebeszet\/files\/2022\/05\/mellkassebeszet-betegellatas-desktop-slide.jpg alt=\"\" class=\"attachment-sote-gallery-big size-sote-gallery-big\" srcset=\"https:\/\/semmelweis.hu\/mellkassebeszet\/files\/2022\/05\/mellkassebeszet-betegellatas-desktop-slide-400x131.jpg 400w, https:\/\/semmelweis.hu\/mellkassebeszet\/files\/2022\/05\/mellkassebeszet-betegellatas-desktop-slide-1024x336.jpg 1024w, https:\/\/semmelweis.hu\/mellkassebeszet\/files\/2022\/05\/mellkassebeszet-betegellatas-desktop-slide-768x252.jpg 768w, https:\/\/semmelweis.hu\/mellkassebeszet\/files\/2022\/05\/mellkassebeszet-betegellatas-desktop-slide-580x190.jpg 580w, https:\/\/semmelweis.hu\/mellkassebeszet\/files\/2022\/05\/mellkassebeszet-betegellatas-desktop-slide.jpg 1280w\" >\r\n        <\/a><\/div><\/span><span class=\"gallery-item\"><div class=\"hidden\"><a href=\"https:\/\/semmelweis.hu\/mellkassebeszet\/files\/2022\/03\/SKY04725.jpg\">\r\n        <img src=https:\/\/semmelweis.hu\/mellkassebeszet\/files\/2022\/03\/SKY04725.jpg alt=\"\" class=\"attachment-sote-gallery-big size-sote-gallery-big\" srcset=\"https:\/\/semmelweis.hu\/mellkassebeszet\/files\/2022\/03\/SKY04725-400x267.jpg 400w, https:\/\/semmelweis.hu\/mellkassebeszet\/files\/2022\/03\/SKY04725-1024x683.jpg 1024w, https:\/\/semmelweis.hu\/mellkassebeszet\/files\/2022\/03\/SKY04725-768x512.jpg 768w, https:\/\/semmelweis.hu\/mellkassebeszet\/files\/2022\/03\/SKY04725-450x300.jpg 450w, https:\/\/semmelweis.hu\/mellkassebeszet\/files\/2022\/03\/SKY04725.jpg 1400w\" >\r\n        <\/a><\/div><\/span><span class=\"gallery-item\"><div class=\"hidden\"><a href=\"https:\/\/semmelweis.hu\/mellkassebeszet\/files\/2022\/03\/SKY04787.jpg\">\r\n        <img src=https:\/\/semmelweis.hu\/mellkassebeszet\/files\/2022\/03\/SKY04787.jpg alt=\"\" class=\"attachment-sote-gallery-big size-sote-gallery-big\" srcset=\"https:\/\/semmelweis.hu\/mellkassebeszet\/files\/2022\/03\/SKY04787-400x267.jpg 400w, https:\/\/semmelweis.hu\/mellkassebeszet\/files\/2022\/03\/SKY04787-1024x683.jpg 1024w, https:\/\/semmelweis.hu\/mellkassebeszet\/files\/2022\/03\/SKY04787-768x512.jpg 768w, https:\/\/semmelweis.hu\/mellkassebeszet\/files\/2022\/03\/SKY04787-450x300.jpg 450w, https:\/\/semmelweis.hu\/mellkassebeszet\/files\/2022\/03\/SKY04787.jpg 1400w\" >\r\n        <\/a><\/div><\/span><span class=\"gallery-item\"><div class=\"hidden\"><a href=\"https:\/\/semmelweis.hu\/mellkassebeszet\/files\/2022\/03\/SKY04780.jpg\">\r\n        <img src=https:\/\/semmelweis.hu\/mellkassebeszet\/files\/2022\/03\/SKY04780.jpg alt=\"\" class=\"attachment-sote-gallery-big size-sote-gallery-big\" srcset=\"https:\/\/semmelweis.hu\/mellkassebeszet\/files\/2022\/03\/SKY04780-400x267.jpg 400w, https:\/\/semmelweis.hu\/mellkassebeszet\/files\/2022\/03\/SKY04780-1024x683.jpg 1024w, https:\/\/semmelweis.hu\/mellkassebeszet\/files\/2022\/03\/SKY04780-768x512.jpg 768w, https:\/\/semmelweis.hu\/mellkassebeszet\/files\/2022\/03\/SKY04780-450x300.jpg 450w, https:\/\/semmelweis.hu\/mellkassebeszet\/files\/2022\/03\/SKY04780.jpg 1400w\" >\r\n        <\/a><\/div><\/span><span class=\"gallery-item\"><div class=\"hidden\"><a href=\"https:\/\/semmelweis.hu\/mellkassebeszet\/files\/2022\/03\/SKY04775.jpg\">\r\n        <img src=https:\/\/semmelweis.hu\/mellkassebeszet\/files\/2022\/03\/SKY04775.jpg alt=\"\" class=\"attachment-sote-gallery-big size-sote-gallery-big\" srcset=\"https:\/\/semmelweis.hu\/mellkassebeszet\/files\/2022\/03\/SKY04775-400x267.jpg 400w, https:\/\/semmelweis.hu\/mellkassebeszet\/files\/2022\/03\/SKY04775-1024x683.jpg 1024w, https:\/\/semmelweis.hu\/mellkassebeszet\/files\/2022\/03\/SKY04775-768x512.jpg 768w, https:\/\/semmelweis.hu\/mellkassebeszet\/files\/2022\/03\/SKY04775-450x300.jpg 450w, https:\/\/semmelweis.hu\/mellkassebeszet\/files\/2022\/03\/SKY04775.jpg 1400w\" >\r\n        <\/a><\/div><\/span><span class=\"gallery-item\"><div class=\"hidden\"><a href=\"https:\/\/semmelweis.hu\/mellkassebeszet\/files\/2022\/03\/SKY04767-Edit.jpg\">\r\n        <img src=https:\/\/semmelweis.hu\/mellkassebeszet\/files\/2022\/03\/SKY04767-Edit.jpg alt=\"\" class=\"attachment-sote-gallery-big size-sote-gallery-big\" srcset=\"https:\/\/semmelweis.hu\/mellkassebeszet\/files\/2022\/03\/SKY04767-Edit-400x267.jpg 400w, https:\/\/semmelweis.hu\/mellkassebeszet\/files\/2022\/03\/SKY04767-Edit-1024x683.jpg 1024w, https:\/\/semmelweis.hu\/mellkassebeszet\/files\/2022\/03\/SKY04767-Edit-768x512.jpg 768w, https:\/\/semmelweis.hu\/mellkassebeszet\/files\/2022\/03\/SKY04767-Edit-450x300.jpg 450w, https:\/\/semmelweis.hu\/mellkassebeszet\/files\/2022\/03\/SKY04767-Edit.jpg 1400w\" >\r\n        <\/a><\/div><\/span><span class=\"gallery-item\"><div class=\"hidden\"><a href=\"https:\/\/semmelweis.hu\/mellkassebeszet\/files\/2022\/03\/SKY04760.jpg\">\r\n        <img src=https:\/\/semmelweis.hu\/mellkassebeszet\/files\/2022\/03\/SKY04760.jpg alt=\"\" class=\"attachment-sote-gallery-big size-sote-gallery-big\" srcset=\"https:\/\/semmelweis.hu\/mellkassebeszet\/files\/2022\/03\/SKY04760-400x267.jpg 400w, https:\/\/semmelweis.hu\/mellkassebeszet\/files\/2022\/03\/SKY04760-1024x683.jpg 1024w, https:\/\/semmelweis.hu\/mellkassebeszet\/files\/2022\/03\/SKY04760-768x512.jpg 768w, https:\/\/semmelweis.hu\/mellkassebeszet\/files\/2022\/03\/SKY04760-450x300.jpg 450w, https:\/\/semmelweis.hu\/mellkassebeszet\/files\/2022\/03\/SKY04760.jpg 1400w\" >\r\n        <\/a><\/div><\/span><span class=\"gallery-item\"><div class=\"hidden\"><a href=\"https:\/\/semmelweis.hu\/mellkassebeszet\/files\/2022\/03\/SKY04722.jpg\">\r\n        <img src=https:\/\/semmelweis.hu\/mellkassebeszet\/files\/2022\/03\/SKY04722.jpg alt=\"\" class=\"attachment-sote-gallery-big size-sote-gallery-big\" srcset=\"https:\/\/semmelweis.hu\/mellkassebeszet\/files\/2022\/03\/SKY04722-267x400.jpg 267w, https:\/\/semmelweis.hu\/mellkassebeszet\/files\/2022\/03\/SKY04722-683x1024.jpg 683w, https:\/\/semmelweis.hu\/mellkassebeszet\/files\/2022\/03\/SKY04722-768x1151.jpg 768w, https:\/\/semmelweis.hu\/mellkassebeszet\/files\/2022\/03\/SKY04722-200x300.jpg 200w, https:\/\/semmelweis.hu\/mellkassebeszet\/files\/2022\/03\/SKY04722.jpg 934w\" >\r\n        <\/a><\/div><\/span><span class=\"gallery-item\"><div class=\"hidden\"><a href=\"https:\/\/semmelweis.hu\/mellkassebeszet\/files\/2022\/03\/OOI-foepulet.jpg\">\r\n        <img src=https:\/\/semmelweis.hu\/mellkassebeszet\/files\/2022\/03\/OOI-foepulet.jpg alt=\"\" class=\"attachment-sote-gallery-big size-sote-gallery-big\" srcset=\"https:\/\/semmelweis.hu\/mellkassebeszet\/files\/2022\/03\/OOI-foepulet-400x150.jpg 400w, https:\/\/semmelweis.hu\/mellkassebeszet\/files\/2022\/03\/OOI-foepulet-1024x384.jpg 1024w, https:\/\/semmelweis.hu\/mellkassebeszet\/files\/2022\/03\/OOI-foepulet-768x288.jpg 768w, https:\/\/semmelweis.hu\/mellkassebeszet\/files\/2022\/03\/OOI-foepulet-580x218.jpg 580w, https:\/\/semmelweis.hu\/mellkassebeszet\/files\/2022\/03\/OOI-foepulet-1536x576.jpg 1536w, https:\/\/semmelweis.hu\/mellkassebeszet\/files\/2022\/03\/OOI-foepulet.jpg 1920w\" >\r\n        <\/a><\/div><\/span>\r\n            <\/div>\r\n\r\n            [\/slb_exclude]\r\n\t\n<p style=\"text-align: justify;\">A betegek komplex onkol\u00f3giai ell\u00e1t\u00e1s\u00e1nak minden felt\u00e9tele adott: a diagnosztikai h\u00e1tteret korszer\u0171 CT \u00e9s MRI, komplex laborat\u00f3riumi, patol\u00f3giai \u00e9s molekul\u00e1ris patol\u00f3giai vizsg\u00e1latok t\u00e1mogatj\u00e1k, a seb\u00e9szi kezel\u00e9s mellett a kemoter\u00e1pia \u00e9s sug\u00e1rter\u00e1pia is biztos\u00edtott. Az egy\u00e9nre szabott onkol\u00f3giai kezel\u00e9si terveket az egyes szakter\u00fcletek kiemelked\u0151 k\u00e9pvisel\u0151inek k\u00f6zrem\u0171k\u00f6d\u00e9s\u00e9vel Onkol\u00f3gia Bizotts\u00e1gok \u00e1ll\u00edtj\u00e1k \u00f6ssze.<\/p>\n<p style=\"text-align: justify;\">A Mellkasseb\u00e9szeti Klinika az Orsz\u00e1gos Onkol\u00f3giai Int\u00e9zet (<span class=\"LrzXr\">Budapest, R\u00e1th Gy\u00f6rgy u. 7-9, 1122<\/span>) 3. sz\u00e1m\u00fa \u00e9p\u00fclet\u00e9nek 4. emelet\u00e9n tal\u00e1lhat\u00f3, betegeink gy\u00f3gyul\u00e1sa 2 vagy 4 \u00e1gyas, klimatiz\u00e1lt, f\u00fcrd\u0151szob\u00e1s k\u00f3rtermekben biztos\u00edtott.<\/p>\n","protected":false},"excerpt":{"rendered":"<p>A Semmelweis Egyetem Mellkasseb\u00e9szeti Klinik\u00e1ja az Orsz\u00e1gos Onkol\u00f3giai Int\u00e9zet b\u00e1zis\u00e1n m\u0171k\u00f6dik. A magas szint\u0171 klinikai tev\u00e9kenys\u00e9g z\u00e1loga az Orsz\u00e1gos Onkol\u00f3giai Int\u00e9zetben m\u0171k\u00f6d\u0151 t\u00e1rsszakm\u00e1k \u00e1ltal biztos\u00edtott interdisciplin\u00e1ris k\u00f6rnyezet \u00e9s a rendelkez\u00e9sre \u00e1ll\u00f3 modern infrastrukt\u00fara. A betegek komplex onkol\u00f3giai ell\u00e1t\u00e1s\u00e1nak minden felt\u00e9tele adott: a diagnosztikai h\u00e1tteret korszer\u0171 CT \u00e9s MRI, komplex laborat\u00f3riumi, patol\u00f3giai \u00e9s molekul\u00e1ris patol\u00f3giai vizsg\u00e1latok &hellip;<\/p>\n","protected":false},"author":12,"featured_media":914,"parent":0,"menu_order":0,"comment_status":"open","ping_status":"open","template":"","meta":{"_acf_changed":false,"footnotes":""},"categories":[],"tags":[],"class_list":["post-205","page","type-page","status-publish","has-post-thumbnail","hentry"],"acf":[],"_links":{"self":[{"href":"https:\/\/semmelweis.hu\/mellkassebeszet\/wp-json\/wp\/v2\/pages\/205","targetHints":{"allow":["GET"]}}],"collection":[{"href":"https:\/\/semmelweis.hu\/mellkassebeszet\/wp-json\/wp\/v2\/pages"}],"about":[{"href":"https:\/\/semmelweis.hu\/mellkassebeszet\/wp-json\/wp\/v2\/types\/page"}],"author":[{"embeddable":true,"href":"https:\/\/semmelweis.hu\/mellkassebeszet\/wp-json\/wp\/v2\/users\/12"}],"replies":[{"embeddable":true,"href":"https:\/\/semmelweis.hu\/mellkassebeszet\/wp-json\/wp\/v2\/comments?post=205"}],"version-history":[{"count":8,"href":"https:\/\/semmelweis.hu\/mellkassebeszet\/wp-json\/wp\/v2\/pages\/205\/revisions"}],"predecessor-version":[{"id":981,"href":"https:\/\/semmelweis.hu\/mellkassebeszet\/wp-json\/wp\/v2\/pages\/205\/revisions\/981"}],"wp:featuredmedia":[{"embeddable":true,"href":"https:\/\/semmelweis.hu\/mellkassebeszet\/wp-json\/wp\/v2\/media\/914"}],"wp:attachment":[{"href":"https:\/\/semmelweis.hu\/mellkassebeszet\/wp-json\/wp\/v2\/media?parent=205"}],"wp:term":[{"taxonomy":"category","embeddable":true,"href":"https:\/\/semmelweis.hu\/mellkassebeszet\/wp-json\/wp\/v2\/categories?post=205"},{"taxonomy":"post_tag","embeddable":true,"href":"https:\/\/semmelweis.hu\/mellkassebeszet\/wp-json\/wp\/v2\/tags?post=205"}],"curies":[{"name":"wp","href":"https:\/\/api.w.org\/{rel}","templated":true}]}}