{"id":742,"date":"2018-08-10T00:00:00","date_gmt":"2018-08-09T22:00:00","guid":{"rendered":"http:\/\/semmelweis.hu\/prevencio\/kapcsolat\/"},"modified":"2020-09-08T15:11:29","modified_gmt":"2020-09-08T13:11:29","slug":"kapcsolat","status":"publish","type":"page","link":"https:\/\/semmelweis.hu\/medicinatortenet\/kapcsolat\/","title":{"rendered":"Kapcsolat"},"content":{"rendered":"<p><strong><a href=\"https:\/\/semmelweis.hu\/nepegeszsegtan\/hu\/\">\u00c1OK N\u00e9peg\u00e9szs\u00e9gtani Int\u00e9zet<\/a><a href=\"https:\/\/semmelweis.hu\/medicinatortenet\/files\/2020\/04\/NET-scaled.jpg\"><img loading=\"lazy\" decoding=\"async\" class=\"alignright  wp-image-1208\" src=\"https:\/\/semmelweis.hu\/medicinatortenet\/files\/2020\/04\/NET-200x300.jpg\" alt=\"\" width=\"141\" height=\"212\" srcset=\"https:\/\/semmelweis.hu\/medicinatortenet\/files\/2020\/04\/NET-200x300.jpg 200w, https:\/\/semmelweis.hu\/medicinatortenet\/files\/2020\/04\/NET-683x1024.jpg 683w, https:\/\/semmelweis.hu\/medicinatortenet\/files\/2020\/04\/NET-768x1152.jpg 768w, https:\/\/semmelweis.hu\/medicinatortenet\/files\/2020\/04\/NET-1024x1536.jpg 1024w, https:\/\/semmelweis.hu\/medicinatortenet\/files\/2020\/04\/NET-1365x2048.jpg 1365w, https:\/\/semmelweis.hu\/medicinatortenet\/files\/2020\/04\/NET-scaled.jpg 1707w\" sizes=\"auto, (max-width: 141px) 100vw, 141px\" \/><\/a><\/strong><br \/>\n1089 Budapest, Nagyv\u00e1rad t\u00e9r 4.<\/p>\n<p><strong>Dr. habil. Forrai Judit DSc.<\/strong><\/p>\n<p>forrai.judit@med.semmelweis-univ.hu<\/p>\n<p><strong>Dr. Fazekas-Pongor Vince MD<\/strong><\/p>\n<p>pongor.vince@med.semmelweis-univ.hu<\/p>\n<p>&nbsp;<\/p>\n<p>\n<!-- iframe plugin v.4.9 wordpress.org\/plugins\/iframe\/ -->\n<iframe loading=\"lazy\" src=\"https:\/\/www.google.com\/maps\/embed?pb=!1m18!1m12!1m3!1d2696.6056486675816!2d19.08934471562611!3d47.478113679176495!2m3!1f0!2f0!3f0!3m2!1i1024!2i768!4f13.1!3m3!1m2!1s0x4741dce6dd31377d%3A0x3b9c6617a56a1483!2zQnVkYXBlc3QsIDQgJiBOYWd5dsOhcmFkIHTDqXIsIDEwODk!5e0!3m2!1shu!2shu!4v1588751425822!5m2!1shu!2shu\" width=\"100%\" height=\"450\" scrolling=\"yes\" class=\"iframe-class\" frameborder=\"0\"><\/iframe>\n<span data-mce-type=\"bookmark\" style=\"width: 0px;overflow: hidden;line-height: 0\" class=\"mce_SELRES_start\">\ufeff<\/span><\/p>\n","protected":false},"excerpt":{"rendered":"<p><a href=\"https:\/\/semmelweis.hu\/nepegeszsegtan\/hu\/\">\u00c1OK N\u00e9peg\u00e9szs\u00e9gtani Int\u00e9zet<\/a><a href=\"https:\/\/semmelweis.hu\/medicinatortenet\/files\/2020\/04\/NET-scaled.jpg\"><\/a><br \/>\n1089 Budapest, Nagyv\u00e1rad t\u00e9r 4.<br \/>\nDr. habil. Forrai Judit DSc.<br \/>\nforrai.judit@med.semmelweis-univ.hu<br \/>\nDr. Fazekas-Pongor Vince MD<br \/>\npongor.vince@med.semmelweis-univ.hu<br \/>\n&nbsp;<br \/>\n\ufeff<\/p>\n","protected":false},"author":101084,"featured_media":0,"parent":0,"menu_order":7,"comment_status":"closed","ping_status":"closed","template":"","meta":{"_acf_changed":false,"footnotes":""},"categories":[],"tags":[],"class_list":["post-742","page","type-page","status-publish","hentry"],"acf":[],"_links":{"self":[{"href":"https:\/\/semmelweis.hu\/medicinatortenet\/wp-json\/wp\/v2\/pages\/742","targetHints":{"allow":["GET"]}}],"collection":[{"href":"https:\/\/semmelweis.hu\/medicinatortenet\/wp-json\/wp\/v2\/pages"}],"about":[{"href":"https:\/\/semmelweis.hu\/medicinatortenet\/wp-json\/wp\/v2\/types\/page"}],"author":[{"embeddable":true,"href":"https:\/\/semmelweis.hu\/medicinatortenet\/wp-json\/wp\/v2\/users\/101084"}],"replies":[{"embeddable":true,"href":"https:\/\/semmelweis.hu\/medicinatortenet\/wp-json\/wp\/v2\/comments?post=742"}],"version-history":[{"count":11,"href":"https:\/\/semmelweis.hu\/medicinatortenet\/wp-json\/wp\/v2\/pages\/742\/revisions"}],"predecessor-version":[{"id":1365,"href":"https:\/\/semmelweis.hu\/medicinatortenet\/wp-json\/wp\/v2\/pages\/742\/revisions\/1365"}],"wp:attachment":[{"href":"https:\/\/semmelweis.hu\/medicinatortenet\/wp-json\/wp\/v2\/media?parent=742"}],"wp:term":[{"taxonomy":"category","embeddable":true,"href":"https:\/\/semmelweis.hu\/medicinatortenet\/wp-json\/wp\/v2\/categories?post=742"},{"taxonomy":"post_tag","embeddable":true,"href":"https:\/\/semmelweis.hu\/medicinatortenet\/wp-json\/wp\/v2\/tags?post=742"}],"curies":[{"name":"wp","href":"https:\/\/api.w.org\/{rel}","templated":true}]}}