{"id":1207,"date":"2020-04-22T14:46:52","date_gmt":"2020-04-22T12:46:52","guid":{"rendered":"http:\/\/semmelweis.hu\/medicinatortenet\/?page_id=1207"},"modified":"2024-08-01T09:22:14","modified_gmt":"2024-08-01T07:22:14","slug":"bemutatkozas","status":"publish","type":"page","link":"https:\/\/semmelweis.hu\/medicinatortenet\/bemutatkozas\/","title":{"rendered":"Bemutatkoz\u00e1s"},"content":{"rendered":"<p style=\"text-align: justify\"><a href=\"https:\/\/semmelweis.hu\/medicinatortenet\/files\/2020\/04\/Bemutatkoz\u00e1s.jpg\"><img loading=\"lazy\" decoding=\"async\" class=\"alignright size-medium wp-image-1204\" src=\"https:\/\/semmelweis.hu\/medicinatortenet\/files\/2020\/04\/Bemutatkoz\u00e1s-300x300.jpg\" alt=\"\" width=\"300\" height=\"300\" srcset=\"https:\/\/semmelweis.hu\/medicinatortenet\/files\/2020\/04\/Bemutatkoz\u00e1s-300x300.jpg 300w, https:\/\/semmelweis.hu\/medicinatortenet\/files\/2020\/04\/Bemutatkoz\u00e1s-1024x1024.jpg 1024w, https:\/\/semmelweis.hu\/medicinatortenet\/files\/2020\/04\/Bemutatkoz\u00e1s-150x150.jpg 150w, https:\/\/semmelweis.hu\/medicinatortenet\/files\/2020\/04\/Bemutatkoz\u00e1s-768x768.jpg 768w, https:\/\/semmelweis.hu\/medicinatortenet\/files\/2020\/04\/Bemutatkoz\u00e1s-1536x1536.jpg 1536w, https:\/\/semmelweis.hu\/medicinatortenet\/files\/2020\/04\/Bemutatkoz\u00e1s-144x144.jpg 144w, https:\/\/semmelweis.hu\/medicinatortenet\/files\/2020\/04\/Bemutatkoz\u00e1s-90x90.jpg 90w, https:\/\/semmelweis.hu\/medicinatortenet\/files\/2020\/04\/Bemutatkoz\u00e1s.jpg 2018w\" sizes=\"auto, (max-width: 300px) 100vw, 300px\" \/><\/a>A medicina t\u00f6rt\u00e9nete, \u00e9s \u00e1ltal\u00e1ban egy tudom\u00e1ny t\u00f6rt\u00e9net\u00e9nek ismerete igen fontos, ha nem tudjuk honnan j\u00f6tt\u00fcnk eddig milyen tapasztalatok, tal\u00e1lm\u00e1nyok, te\u00f3ri\u00e1k voltak nem tudjuk most, hogy \u00e1llunk \u00e9s merre tartunk.<\/p>\n<p style=\"text-align: justify\">Az orvost\u00f6rt\u00e9net els\u0151 eur\u00f3pai tant\u00e1rgy bevezet\u00e9se 1795-ben kezd\u0151d\u00f6tt P\u00e1rizsban, azt\u00e1n eg\u00e9sz Eur\u00f3p\u00e1ban lassan k\u00f6telez\u0151, \u00e1lland\u00f3 tant\u00e1rggy\u00e1 v\u00e1lt. A Nagyszombati Egyetemen az orvosi Kar alap\u00edt\u00e1s\u00e1t\u00f3l 1769-t\u0151l foglalkoztak az oktat\u00e1s gondolat\u00e1val, de csak 1827-ben dolgozta ki Lenhoss\u00e9k Mih\u00e1ly a t\u00e1rgyat: <em>Historia pragmatica cum literatura medica <\/em>n\u00e9ven.<\/p>\n<p style=\"text-align: justify\">Az orvost\u00f6rt\u00e9net multidiszciplin\u00e1ris t\u00e1rgy, amely mag\u00e1ba foglalja a gy\u00f3gy\u00edt\u00e1s, a betegs\u00e9gek, az eszk\u00f6z\u00f6k, az emberi kapcsolatoknak k\u00fcl\u00f6nleges form\u00e1it bele\u00e1gyazva a mindennapi \u00e9let kult\u00far\u00e1j\u00e1ba, szoci\u00e1lis-gazdas\u00e1gi helyzet\u00e9be. Fontos, hogy a t\u00e1rgy oktat\u00e1s\u00e1val a betegs\u00e9gek, a betegek, a kutat\u00e1sok, a felfedez\u00e9sek probl\u00e9m\u00e1i ir\u00e1nti \u00e9rz\u00e9kenny\u00e9 tegye a hallgat\u00f3t, \u00e1tfog\u00f3 k\u00e9pet adjon az orvosl\u00e1s kult\u00fart\u00f6rt\u00e9net\u00e9b\u0151l. C\u00e9lja tov\u00e1bb\u00e1 c\u00e9lja az egyetemes orvost\u00f6rt\u00e9net megismer\u00e9se, mely az orvosi gondolkod\u00e1s \u00e9s a gy\u00f3gy\u00edt\u00f3 gyakorlat, az orvostudom\u00e1ny \u00e9s szak\u00e1gainak fejl\u0151d\u00e9st\u00f6rt\u00e9nete az \u00f3kort\u00f3l a 21. sz\u00e1zadig.<\/p>\n<p style=\"text-align: justify\">Kiemelked\u0151 csom\u00f3pontok a paradigmav\u00e1lt\u00e1sok az orvosl\u00e1sban, mely meghat\u00e1rozza az orvostudom\u00e1ny fejl\u0151d\u00e9s\u00e9nek f\u0151bb ir\u00e1nyait. A kutat\u00e1sok, felfedez\u00e9sek, \u00e9s azok m\u00f3dszertana k\u00fcl\u00f6n fejezetet k\u00e9pez a szakmat\u00f6rt\u00e9netben, melyeknek k\u00f6vetkezm\u00e9nyei a gy\u00f3gy\u00edt\u00f3 elj\u00e1r\u00e1sok v\u00e1ltoz\u00e1sai, \u00faj seg\u00e9deszk\u00f6z\u00f6k kialak\u00edt\u00e1sa, \u00faj felt\u00e9telrendszer-ell\u00e1t\u00e1srendszer megteremt\u00e9se, az orvos-beteg kapcsolat\u00e1nak \u00e1trendez\u0151d\u00e9se. Oktat\u00e1s tematik\u00e1ja egyben bemutatja minden korszak szoros kapcsol\u00f3d\u00e1s\u00e1t a t\u00f6bbi tudom\u00e1nnyal, \u00e1tfog\u00f3 k\u00e9pet mutatva m\u0171vel\u0151d\u00e9st\u00f6rt\u00e9neti, kult\u00fart\u00f6rt\u00e9neti \u00e9s sokr\u00e9t\u0171 aspektusait a medicin\u00e1nak \u00e9s az orvosi gondolkod\u00e1snak.<\/p>\n<p style=\"text-align: justify\"><strong>MUNKAT\u00c1RSAINK:<\/strong><\/p>\n<p style=\"text-align: justify\"><strong>Dr. habil. Forrai Judit<\/strong> az MTA doktora 1989-\u00f3ta oktatja az orvost\u00f6rt\u00e9netet gradu\u00e1lis \u00e9s postgradu\u00e1lis szinten, R\u00e1cz K\u00e1roly doktori iskola orvost\u00f6rt\u00e9neti t\u00e9mavezet\u0151je. Alapszakm\u00e1i: fogszakorvos, t\u00f6rt\u00e9n\u00e9sz \u00e9s muzeol\u00f3gus, alap\u00edt\u00f3 f\u0151szerkeszt\u0151je a Kaleidoscopehistory M\u0171vel\u0151d\u00e9s- Tudom\u00e1ny- \u00e9s Orvost\u00f6rt\u00e9neti online nemzetk\u00f6zi lapnak.<\/p>\n<p style=\"text-align: justify\"><strong>Dr. Janik Leon\u00e1rd<\/strong> tan\u00e1rseg\u00e9d 19.. \u00f3ta dolgozik Int\u00e9zet\u00fcnkben. A magyar AOK, FOK, GYTK orvost\u00f6rt\u00e9neti t\u00e1rgy oktat\u00f3ja. Alapszakm\u00e1ja fogszakorvos.<\/p>\n<p style=\"text-align: justify\"><strong>Dr. Fazekas-Pongor Vince<\/strong> tan\u00e1rseg\u00e9d, doktorandusz. 2011 \u00f3ta Int\u00e9zet\u00fcnkben oktat\u00f3. Medicina t\u00f6rt\u00e9net honlap szerkeszt\u0151je. AOK, FOK, GYTK angol orvost\u00f6rt\u00e9netet oktat. \u00c1ltal\u00e1nos orvos.<\/p>\n<p style=\"text-align: justify\"><strong>Dr. Madar\u00e1sz B\u00e1lint<\/strong> gy\u00f3gyszer\u00e9sz, orvost\u00f6rt\u00e9neti t\u00e9m\u00e1ban doktorandusz. Kutat\u00e1si ter\u00fclete a toxinok \u00e9s antid\u00f3tumok alkalmaz\u00e1s\u00e1nak fejl\u0151d\u00e9s t\u00f6rt\u00e9nete a K\u00e1rp\u00e1t-medenc\u00e9ben az \u00f3kort\u00f3l napjainkig.<\/p>\n<p style=\"text-align: justify\"><strong>Dr. Kir\u00e1ly L\u00e1szl\u00f3 PhD.<\/strong> c. docens. Gyereksz\u00edvseb\u00e9sz. 2007-t\u0151l az abu dhabi SKMC k\u00f3rh\u00e1z Kongenit\u00e1lis Sz\u00edvseb\u00e9szeti K\u00f6zpontj\u00e1t alap\u00edtotta meg \u00e9s vezeti. R\u00e1cz K\u00e1roly doktori iskola orvost\u00f6rt\u00e9neti t\u00e9mavezet\u0151je angol nyelven.<\/p>\n","protected":false},"excerpt":{"rendered":"<p>Az orvost\u00f6rt\u00e9net multidiszciplin\u00e1ris t\u00e1rgy, amely mag\u00e1ba foglalja a gy\u00f3gy\u00edt\u00e1s, a betegs\u00e9gek, az eszk\u00f6z\u00f6k, az emberi kapcsolatoknak k\u00fcl\u00f6nleges form\u00e1it bele\u00e1gyazva a mindennapi \u00e9let kult\u00far\u00e1j\u00e1ba, szoci\u00e1lis-gazdas\u00e1gi helyzet\u00e9be.<\/p>\n<p>C\u00e9lunk, hogy a t\u00e1rgy oktat\u00e1s\u00e1val a betegs\u00e9gek, a betegek, a kutat\u00e1sok, a felfedez\u00e9sek probl\u00e9m\u00e1i ir\u00e1nti \u00e9rz\u00e9kenny\u00e9 tegy\u00fck a hallgat\u00f3kat, \u00e1tfog\u00f3 k\u00e9pet adjunk az orvosl\u00e1s kult\u00fart\u00f6rt\u00e9net\u00e9b\u0151l. A tant\u00e1rgy emellett az egyetemes orvost\u00f6rt\u00e9nettel is megismerteti a r\u00e9sztvev\u0151ket, amely az orvosi gondolkod\u00e1s \u00e9s a gy\u00f3gy\u00edt\u00f3 gyakorlat, az orvostudom\u00e1ny \u00e9s szak\u00e1gainak fejl\u0151d\u00e9st\u00f6rt\u00e9nete az \u00f3kort\u00f3l a 21. sz\u00e1zadig.<\/p>\n","protected":false},"author":101084,"featured_media":1204,"parent":0,"menu_order":0,"comment_status":"closed","ping_status":"closed","template":"","meta":{"_acf_changed":false,"footnotes":""},"categories":[],"tags":[],"class_list":["post-1207","page","type-page","status-publish","has-post-thumbnail","hentry"],"acf":[],"_links":{"self":[{"href":"https:\/\/semmelweis.hu\/medicinatortenet\/wp-json\/wp\/v2\/pages\/1207","targetHints":{"allow":["GET"]}}],"collection":[{"href":"https:\/\/semmelweis.hu\/medicinatortenet\/wp-json\/wp\/v2\/pages"}],"about":[{"href":"https:\/\/semmelweis.hu\/medicinatortenet\/wp-json\/wp\/v2\/types\/page"}],"author":[{"embeddable":true,"href":"https:\/\/semmelweis.hu\/medicinatortenet\/wp-json\/wp\/v2\/users\/101084"}],"replies":[{"embeddable":true,"href":"https:\/\/semmelweis.hu\/medicinatortenet\/wp-json\/wp\/v2\/comments?post=1207"}],"version-history":[{"count":6,"href":"https:\/\/semmelweis.hu\/medicinatortenet\/wp-json\/wp\/v2\/pages\/1207\/revisions"}],"predecessor-version":[{"id":1656,"href":"https:\/\/semmelweis.hu\/medicinatortenet\/wp-json\/wp\/v2\/pages\/1207\/revisions\/1656"}],"wp:featuredmedia":[{"embeddable":true,"href":"https:\/\/semmelweis.hu\/medicinatortenet\/wp-json\/wp\/v2\/media\/1204"}],"wp:attachment":[{"href":"https:\/\/semmelweis.hu\/medicinatortenet\/wp-json\/wp\/v2\/media?parent=1207"}],"wp:term":[{"taxonomy":"category","embeddable":true,"href":"https:\/\/semmelweis.hu\/medicinatortenet\/wp-json\/wp\/v2\/categories?post=1207"},{"taxonomy":"post_tag","embeddable":true,"href":"https:\/\/semmelweis.hu\/medicinatortenet\/wp-json\/wp\/v2\/tags?post=1207"}],"curies":[{"name":"wp","href":"https:\/\/api.w.org\/{rel}","templated":true}]}}