{"id":1116,"date":"2020-04-06T21:02:53","date_gmt":"2020-04-06T19:02:53","guid":{"rendered":"http:\/\/semmelweis.hu\/medicinatortenet\/?page_id=1116"},"modified":"2022-07-06T14:38:52","modified_gmt":"2022-07-06T12:38:52","slug":"magyar-eloadasok","status":"publish","type":"page","link":"https:\/\/semmelweis.hu\/medicinatortenet\/magyar-eloadasok\/","title":{"rendered":"El\u0151ad\u00e1sok"},"content":{"rendered":"<p>Kiemelt t\u00e9m\u00e1kban k\u00e9sz\u00edtett vide\u00f3el\u0151ad\u00e1sok megtekinthet\u0151k az al\u00e1bbiakban:<\/p>\n<p><strong>A medicina kezdetei<\/strong><\/p>\n<p><iframe loading=\"lazy\" src=\"\/\/www.youtube.com\/embed\/D0oF83qreeQ\" width=\"560\" height=\"314\"><\/iframe><\/p>\n<p><strong>\u00d3kori magaskult\u00far\u00e1k medicin\u00e1ja, t\u00e1vol-keleti Kina \u00e9s India<\/strong><\/p>\n<p><iframe loading=\"lazy\" src=\"\/\/www.youtube.com\/embed\/htpaW-6C_EU\" width=\"560\" height=\"314\"><\/iframe><\/p>\n<p><strong>A mezopot\u00e1miai, egyiptomi \u00e9s a zsid\u00f3 orvosl\u00e1s<\/strong><\/p>\n<p><iframe loading=\"lazy\" src=\"\/\/www.youtube.com\/embed\/zni91QOXB70?list=PLpY1ZQZzLoI7a5KMiTrpLi_ZTaAZKH9PC&amp;index=6\" width=\"560\" height=\"314\"><\/iframe><\/p>\n<p><strong>A g\u00f6r\u00f6g-r\u00f3mai orvosl\u00e1s t\u00f6rt\u00e9nete<\/strong><\/p>\n<p><iframe loading=\"lazy\" src=\"\/\/www.youtube.com\/embed\/meN7J63LQPw\" width=\"560\" height=\"314\"><\/iframe><\/p>\n<p><strong>A k\u00f6z\u00e9pkori medicina<\/strong><\/p>\n<p><iframe loading=\"lazy\" src=\"\/\/www.youtube.com\/embed\/nE-4JX8SswQ?list=PLpY1ZQZzLoI7a5KMiTrpLi_ZTaAZKH9PC&amp;index=5\" width=\"560\" height=\"314\"><\/iframe><\/p>\n<p><strong>A renesz\u00e1nsz medicina<\/strong><\/p>\n<p><iframe loading=\"lazy\" src=\"\/\/www.youtube.com\/embed\/1AE6Ji3elK8?list=PLpY1ZQZzLoI7a5KMiTrpLi_ZTaAZKH9PC&amp;index=7\" width=\"560\" height=\"314\"><\/iframe><\/p>\n<p><strong> Fert\u0151z\u00e9sek \u00e9s j\u00e1rv\u00e1nyok a pestist\u0151l az AIDS-ig<\/strong><\/p>\n<p><iframe loading=\"lazy\" src=\"\/\/www.youtube.com\/embed\/pA3v7Xj83B0?list=PLpY1ZQZzLoI7a5KMiTrpLi_ZTaAZKH9PC&amp;index=8\" width=\"560\" height=\"314\"><\/iframe><\/p>\n<p><strong>Sz\u00fcl\u00e9szet \u00e9s n\u0151gy\u00f3gy\u00e1szat t\u00f6rt\u00e9neti \u00e1ttekint\u00e9se<\/strong><\/p>\n<p><iframe loading=\"lazy\" src=\"\/\/www.youtube.com\/embed\/emfoIXx25BA\" width=\"560\" height=\"314\"><\/iframe><\/p>\n<p><strong>A klinikai oktat\u00e1s kezdetei<\/strong><\/p>\n<p><iframe loading=\"lazy\" src=\"https:\/\/www.youtube.com\/embed\/Drz69qFGUY0\" width=\"560\" height=\"315\"><\/iframe><\/p>\n<p><strong>A sejttani \u00e9s mikrobiol\u00f3giai kutata\u0301sok kezdetei <\/strong><\/p>\n<p><iframe loading=\"lazy\" src=\"\/\/www.youtube.com\/embed\/phArjVV8Zmc\" width=\"560\" height=\"315\"><\/iframe><\/p>\n<p><strong>A v\u00edz szerepe a gy\u00f3gy\u00edt\u00e1sban: balneol\u00f3gia<\/strong><\/p>\n<p><iframe loading=\"lazy\" src=\"\/\/www.youtube.com\/embed\/h_UkuY8oF3Y\" width=\"560\" height=\"315\"><\/iframe><\/p>\n","protected":false},"excerpt":{"rendered":"<p>Kiemelt t\u00e9m\u00e1kban k\u00e9sz\u00edtett vide\u00f3el\u0151ad\u00e1sok megtekinthet\u0151k az al\u00e1bbiakban: A medicina kezdetei \u00d3kori magaskult\u00far\u00e1k medicin\u00e1ja, t\u00e1vol-keleti Kina \u00e9s India A mezopot\u00e1miai, egyiptomi \u00e9s a zsid\u00f3 orvosl\u00e1s A g\u00f6r\u00f6g-r\u00f3mai orvosl\u00e1s t\u00f6rt\u00e9nete A k\u00f6z\u00e9pkori medicina A renesz\u00e1nsz medicina Fert\u0151z\u00e9sek \u00e9s j\u00e1rv\u00e1nyok a pestist\u0151l az AIDS-ig Sz\u00fcl\u00e9szet \u00e9s n\u0151gy\u00f3gy\u00e1szat t\u00f6rt\u00e9neti \u00e1ttekint\u00e9se A klinikai oktat\u00e1s kezdetei A sejttani \u00e9s mikrobiol\u00f3giai kutata\u0301sok &hellip;<\/p>\n","protected":false},"author":101084,"featured_media":0,"parent":0,"menu_order":2,"comment_status":"closed","ping_status":"closed","template":"","meta":{"_acf_changed":false,"footnotes":""},"categories":[],"tags":[],"class_list":["post-1116","page","type-page","status-publish","hentry"],"acf":[],"_links":{"self":[{"href":"https:\/\/semmelweis.hu\/medicinatortenet\/wp-json\/wp\/v2\/pages\/1116","targetHints":{"allow":["GET"]}}],"collection":[{"href":"https:\/\/semmelweis.hu\/medicinatortenet\/wp-json\/wp\/v2\/pages"}],"about":[{"href":"https:\/\/semmelweis.hu\/medicinatortenet\/wp-json\/wp\/v2\/types\/page"}],"author":[{"embeddable":true,"href":"https:\/\/semmelweis.hu\/medicinatortenet\/wp-json\/wp\/v2\/users\/101084"}],"replies":[{"embeddable":true,"href":"https:\/\/semmelweis.hu\/medicinatortenet\/wp-json\/wp\/v2\/comments?post=1116"}],"version-history":[{"count":11,"href":"https:\/\/semmelweis.hu\/medicinatortenet\/wp-json\/wp\/v2\/pages\/1116\/revisions"}],"predecessor-version":[{"id":1563,"href":"https:\/\/semmelweis.hu\/medicinatortenet\/wp-json\/wp\/v2\/pages\/1116\/revisions\/1563"}],"wp:attachment":[{"href":"https:\/\/semmelweis.hu\/medicinatortenet\/wp-json\/wp\/v2\/media?parent=1116"}],"wp:term":[{"taxonomy":"category","embeddable":true,"href":"https:\/\/semmelweis.hu\/medicinatortenet\/wp-json\/wp\/v2\/categories?post=1116"},{"taxonomy":"post_tag","embeddable":true,"href":"https:\/\/semmelweis.hu\/medicinatortenet\/wp-json\/wp\/v2\/tags?post=1116"}],"curies":[{"name":"wp","href":"https:\/\/api.w.org\/{rel}","templated":true}]}}