{"id":32041,"date":"2013-08-27T14:50:35","date_gmt":"2013-08-27T12:50:35","guid":{"rendered":"http:\/\/semmelweis-egyetem.hu\/mediasarok\/?page_id=32041"},"modified":"2026-01-05T11:19:52","modified_gmt":"2026-01-05T10:19:52","slug":"ujsagiroknak","status":"publish","type":"page","link":"https:\/\/semmelweis.hu\/mediasarok\/ujsagiroknak\/","title":{"rendered":"Interj\u00faalanyt keres?"},"content":{"rendered":"<p style=\"text-align: justify\"><strong>Ha az egyetem oktat\u00e1si, gy\u00f3gy\u00edt\u00e1si vagy kutat\u00e1si tev\u00e9kenys\u00e9g\u00e9vel, szolg\u00e1ltat\u00e1saival kapcsolatban k\u00e9rd\u00e9se van, nyilatkoz\u00f3t keres, k\u00e9rj\u00fck, vegye fel a kapcsolatot a Kommunik\u00e1ci\u00f3s Igazgat\u00f3s\u00e1g munkat\u00e1rsaival a hirek@semmelweis.hu e-mail c\u00edmen.\u00a0<\/strong><\/p>\n<p style=\"text-align: justify\">A Semmelweis Egyetem sajt\u00f3list\u00e1j\u00e1ra <strong><a href=\"https:\/\/wgpro.semmelweis.hu\/form.php?f=k7f6a96ee7\">itt tud feliratkozni.<\/a><\/strong><\/p>\n<p style=\"text-align: justify\">A Semmelweis Egyetem ter\u00fclet\u00e9n kiz\u00e1r\u00f3lag a kommunik\u00e1ci\u00f3s igazgat\u00f3 vagy a sajt\u00f3referens tudt\u00e1val lehet nyilatkozatot tenni, illet\u0151leg b\u00e1rmilyen (k\u00e9p-, hang-, stb.) felv\u00e9telt k\u00e9sz\u00edteni.\u00a0<\/p>\n<p>Sajt\u00f3referensek:<strong>\u00a0Csat\u00e1ri-F\u00f6ldv\u00e1ry Eszter, Haiman \u00c9va<\/strong><br \/>\nTelefonsz\u00e1m:\u00a0<strong>\u00a0+36-30\/269-6302, +36-20\/670-1574<br \/>\n<\/strong>E-mail:\u00a0<strong><a href=\"mailto:hirek@semmelweis.hu\">hirek@semmelweis.hu<\/a><\/strong><br \/>\nC\u00edm:\u00a0<strong>1085 Budapest, \u00dcll\u0151i \u00fat 26., 3. emelet, T 25-26<\/strong><\/p>\n<p><strong>AMIT TENNIE KELL:<\/strong><\/p>\n<ul>\n<li style=\"text-align: justify\">Amennyiben interj\u00faalanyra, megsz\u00f3lal\u00f3ra van sz\u00fcks\u00e9ge, h\u00edvja sajt\u00f3\u00fcgyeleti telefonsz\u00e1munkat, megpr\u00f3b\u00e1lunk gyorsan seg\u00edteni, ehhez azonban <em><strong>mindenk\u00e9ppen sz\u00fcks\u00e9ges, hogy a hirek@semmelweis.hu e-mail c\u00edmre k\u00fcldj\u00f6n egy \u00edr\u00e1sos k\u00e9relmet is<\/strong><\/em>. Ebben jel\u00f6lje meg, hogy milyen t\u00e9m\u00e1ban, mikor, milyen m\u00f3don (telefonon, szem\u00e9lyesen) lenne sz\u00fcks\u00e9ge nyilatkozatra \u00e9s azt is, hogy \u00d6n milyen m\u00e9diumt\u00f3l, milyen m\u0171sort\u00f3l jelentkezik. Mindez az\u00e9rt sz\u00fcks\u00e9ges, hogy megtal\u00e1lhassuk \u00d6nnek a t\u00e9m\u00e1ban, szakter\u00fcleten legmegfelel\u0151bb nyilatkoz\u00f3t.<\/li>\n<li style=\"text-align: justify\">F\u00e9nyk\u00e9pek, videofelv\u00e9tel k\u00e9sz\u00edt\u00e9s\u00e9hez sz\u00fcks\u00e9ges a Kommunik\u00e1ci\u00f3s Igazgat\u00f3s\u00e1g enged\u00e9lye, melyet szint\u00e9n a <strong>hirek@semmelweis.hu<\/strong> e-mail c\u00edmre elk\u00fcld\u00f6tt k\u00e9relem \u00fatj\u00e1n szerezhet be.<\/li>\n<li>Ha olyan felv\u00e9telt szeretne k\u00e9sz\u00edteni az egyetem ter\u00fclet\u00e9n, amelyen beteg, hozz\u00e1tartoz\u00f3 is l\u00e1tszik, az csak el\u0151zetesen kit\u00f6lt\u00f6tt beleegyez\u0151 nyilatkozat ellen\u00e9ben lehets\u00e9ges. A nyilatkozat <a href=\"https:\/\/semmelweis.hu\/mediasarok\/files\/2025\/02\/Adatkezelesi-tajekoztato_felnott-kepmasanak-kezelesehez.docx\">innen t\u00f6lthet\u0151 le<\/a>.\u00a0<\/li>\n<li style=\"text-align: justify\">Amennyiben gyermeket (18 \u00e9v alatti szem\u00e9lyt) k\u00e9rdez, f\u00e9nyk\u00e9pez vagy filmez le az egyetem ter\u00fclet\u00e9n, ehhez a sz\u00fcl\u0151 \u00edr\u00e1sos enged\u00e9lye sz\u00fcks\u00e9ges, <a href=\"https:\/\/semmelweis.hu\/mediasarok\/files\/2025\/02\/Adatkezelesi-tajekoztato_kiksoru-kepmasanak-kezelesehez.docx\">mely itt \u00e9rhet\u0151 el (let\u00f6lt\u00e9s). <\/a><\/li>\n<\/ul>\n","protected":false},"excerpt":{"rendered":"<p>Ha az egyetem oktat\u00e1si, gy\u00f3gy\u00edt\u00e1si vagy kutat\u00e1si tev\u00e9kenys\u00e9g\u00e9vel, szolg\u00e1ltat\u00e1saival kapcsolatban k\u00e9rd\u00e9se van, nyilatkoz\u00f3t keres, k\u00e9rj\u00fck, vegye fel a kapcsolatot a Kommunik\u00e1ci\u00f3s \u00e9s Rendezv\u00e9nyszervez\u00e9si Igazgat\u00f3s\u00e1g munkat\u00e1rsaival a <strong>hirek@semmelweis.hu<\/strong> email c\u00edmen.<\/p>\n<p>A Semmelweis Egyetem ter\u00fclet\u00e9n kiz\u00e1r\u00f3lag a kommunik\u00e1ci\u00f3s igazgat\u00f3 vagy a sajt\u00f3referens tudt\u00e1val lehet nyilatkozatot tenni, illet\u0151leg b\u00e1rmilyen (k\u00e9p-, hang-, stb.) felv\u00e9telt k\u00e9sz\u00edteni.\u00a0<\/p>\n<p>Sajt\u00f3referensek: <strong>Csat\u00e1ri-F\u00f6ldv\u00e1ry Eszter,\u00a0Haiman \u00c9va<\/strong><br \/>\nTelefonsz\u00e1m: <strong>+36-30\/269-6302,\u00a0+36-20\/670-1574<br \/>\n<\/strong>E-mail: <strong>hirek@semmelweis.hu<\/strong><\/p>\n","protected":false},"author":12,"featured_media":97720,"parent":0,"menu_order":2,"comment_status":"closed","ping_status":"closed","template":"","meta":{"_acf_changed":false,"footnotes":""},"categories":[],"tags":[],"class_list":["post-32041","page","type-page","status-publish","has-post-thumbnail","hentry"],"acf":[],"_links":{"self":[{"href":"https:\/\/semmelweis.hu\/mediasarok\/wp-json\/wp\/v2\/pages\/32041","targetHints":{"allow":["GET"]}}],"collection":[{"href":"https:\/\/semmelweis.hu\/mediasarok\/wp-json\/wp\/v2\/pages"}],"about":[{"href":"https:\/\/semmelweis.hu\/mediasarok\/wp-json\/wp\/v2\/types\/page"}],"author":[{"embeddable":true,"href":"https:\/\/semmelweis.hu\/mediasarok\/wp-json\/wp\/v2\/users\/12"}],"replies":[{"embeddable":true,"href":"https:\/\/semmelweis.hu\/mediasarok\/wp-json\/wp\/v2\/comments?post=32041"}],"version-history":[{"count":14,"href":"https:\/\/semmelweis.hu\/mediasarok\/wp-json\/wp\/v2\/pages\/32041\/revisions"}],"predecessor-version":[{"id":176751,"href":"https:\/\/semmelweis.hu\/mediasarok\/wp-json\/wp\/v2\/pages\/32041\/revisions\/176751"}],"wp:featuredmedia":[{"embeddable":true,"href":"https:\/\/semmelweis.hu\/mediasarok\/wp-json\/wp\/v2\/media\/97720"}],"wp:attachment":[{"href":"https:\/\/semmelweis.hu\/mediasarok\/wp-json\/wp\/v2\/media?parent=32041"}],"wp:term":[{"taxonomy":"category","embeddable":true,"href":"https:\/\/semmelweis.hu\/mediasarok\/wp-json\/wp\/v2\/categories?post=32041"},{"taxonomy":"post_tag","embeddable":true,"href":"https:\/\/semmelweis.hu\/mediasarok\/wp-json\/wp\/v2\/tags?post=32041"}],"curies":[{"name":"wp","href":"https:\/\/api.w.org\/{rel}","templated":true}]}}