{"id":9819,"date":"2021-03-02T15:31:42","date_gmt":"2021-03-02T14:31:42","guid":{"rendered":"https:\/\/semmelweis.hu\/magtud\/?page_id=9819"},"modified":"2023-06-22T15:13:45","modified_gmt":"2023-06-22T13:13:45","slug":"kommunikations-und-informationsnetze","status":"publish","type":"page","link":"https:\/\/semmelweis.hu\/magtud\/de\/lehre\/fakultaet-fuer-pharmazeutische\/kommunikations-und-informationsnetze\/","title":{"rendered":"Kommunikations- und Informationsnetze"},"content":{"rendered":"<table style=\"width: 110%\" width=\"786\">\n<tbody>\n<tr>\n<td style=\"width: 99.8152%\" colspan=\"2\" width=\"786\">\n<p><strong>KURS<\/strong><strong>PROGRAMM<\/strong><\/p>\n<p><strong>2020\/21<\/strong><\/p>\n<\/td>\n<\/tr>\n<tr>\n<td style=\"width: 99.8152%\" colspan=\"2\" width=\"786\"><strong>Name des Faches: <\/strong>Kommunikations- und Informationsnetze<\/td>\n<\/tr>\n<tr>\n<td style=\"width: 99.8152%\" colspan=\"2\" width=\"786\"><strong>Studiengang: <\/strong>Pharmazie (einheitlich, ungeteilt)<\/td>\n<\/tr>\n<tr>\n<td style=\"width: 99.8152%\" colspan=\"2\" width=\"786\"><strong>Neptun-Kode des Faches: <\/strong>GYKMAG120G1N<\/td>\n<\/tr>\n<tr>\n<td style=\"width: 99.8152%\" colspan=\"2\" width=\"786\"><strong>Einordnung des Faches: <u>Pflichtfach<\/u><\/strong><\/td>\n<\/tr>\n<tr>\n<td style=\"width: 99.8152%\" colspan=\"2\" width=\"786\"><strong>Den Unterricht durchf\u00fchrende Organisationseinheit: <\/strong>Semmelweis Universit\u00e4t, Medizinische Fakult\u00e4t, Institut f\u00fcr Verhaltenswissenschaften<\/td>\n<\/tr>\n<tr>\n<td style=\"width: 68.0222%\" width=\"490\">\n<p><strong>Name der Lehrbeauftragter: <\/strong><\/p>\n<p><strong>Dr. Orsolya Sz\u00e9pe, PhD<\/strong><\/p>\n<p><strong>E-mail: <\/strong>szepe.orsolya_katalin@pharma.semmelweis-univ.hu<\/p>\n<p>&nbsp;<\/p>\n<\/td>\n<td style=\"width: 31.793%\" width=\"295\">\n<p><strong>Stellung, akademischer Grad:<\/strong><\/p>\n<p>wissenschaftliche Mitarbeiterin<\/p>\n<p>&nbsp;<\/p>\n<\/td>\n<\/tr>\n<tr>\n<td style=\"width: 68.0222%\" width=\"490\">\n<p><strong>Zahl der Kontaktstunden pro Woche: <\/strong><\/p>\n<p>1 Std\/Vorlesung<\/p>\n<p>1 Std\/Praktikum<\/p>\n<\/td>\n<td style=\"width: 31.793%\" width=\"295\">\n<p><strong>Kreditpunkt des Faches:<\/strong><\/p>\n<p>2 Kreditpunkte<\/p>\n<\/td>\n<\/tr>\n<tr>\n<td style=\"width: 99.8152%\" colspan=\"2\" width=\"786\"><strong><em>Programm des Semesters<\/em><\/strong><\/td>\n<\/tr>\n<tr>\n<td style=\"width: 99.8152%\" colspan=\"2\" width=\"786\">\n<p><strong>Thematik der Vorlesungen<\/strong> <strong>(pro Woche): <\/strong><\/p>\n<p><strong>Thematik der Vorlesungen<\/strong> <strong>(pro Woche): <\/strong><\/p>\n<ol>\n<li>Vorlesung: <a href=\"https:\/\/semmelweis.hu\/magtud\/files\/2021\/03\/1-Vorlesung-Komm-und-infnetze-St_Honlapra.pdf\">Die Rolle der Kommunikation in der Apothekenarbeit. Grundlegende Verhaltensetikette in der Apotheke. Die Rolle des aktiven Zuh\u00f6rens, Empathie in der Arbeit von Apotheker\/Apothekerinnen.<\/a><\/li>\n<li>Vorlesung: <a href=\"https:\/\/semmelweis.hu\/magtud\/files\/2021\/03\/2-Vorlesung-Komm-und-infnetze-St_Honlapra.pdf\">Kommunikationsschwierigkeiten der Patienteninformation und m\u00f6gliche L\u00f6sungen. Hindernisse f\u00fcr die Erlangung korrekter Informationen, Fragen und Patienteninformationen.<\/a><\/li>\n<li>Vorlesung: <a href=\"https:\/\/semmelweis.hu\/magtud\/files\/2021\/03\/3-Vorlesung-Komm-und-infnetze-St_Honlapra.pdf\">Stufenmodell der Verhaltens\u00e4nderung. Unterst\u00fctzung der \u00c4nderung des Lebensstils. (5A, 5R, Motivationsinterview)<\/a><\/li>\n<li>Vorlesung: <a href=\"https:\/\/semmelweis.hu\/magtud\/files\/2021\/03\/Sz\u00e9peOrsi_4.-Verhaltenveranderung-Stufen-\u00dcberzeugung-Internet-St_Honlapra.pdf\">Stufenmodell der Verhaltens\u00e4nderung. Wege der \u00dcberzeugung<\/a><\/li>\n<li>Vorlesung: <a href=\"https:\/\/semmelweis.hu\/magtud\/files\/2021\/03\/Sz\u00e9peOrsi_5-Volsg-Nutzung-soz-medien-f\u00fcr-St_Honlapra.pdf\">Suche nach Informationen im Internet: professionelle und Laien-Informationsquellen. Grundlegende Fragen der Nutzung sozialer Medien. Pharmazeutische M\u00f6glichkeiten bei der Nutzung von sozialen Medien. Nutzung moderner Infokommunikationsoptionen in der Pharmazeutik<\/a><\/li>\n<li>Vorlesung:Neue Wege und Perspektiven f\u00fcr soziale Medien und Infokommunikation. Moderne Wege zur Entwicklung des Gesundheitsbewusstseins<\/li>\n<li>Woche: Konsultationsm\u00f6glichkeit. Vorbereitung auf die schriftliche Klausur<\/li>\n<\/ol>\n<p>&nbsp;<\/p>\n<\/td>\n<\/tr>\n<tr>\n<td style=\"width: 99.8152%\" colspan=\"2\" width=\"786\"><strong><em>Kursanforderungen<\/em><\/strong><\/td>\n<\/tr>\n<tr>\n<td style=\"width: 99.8152%\" colspan=\"2\" width=\"786\">\n<p><strong>Voraussetzung der Unterschrift am Ende des Semesters:<\/strong><\/p>\n<p>&#8211; Teilnahme an mindestens 75 % der Gesamtzahl der Stunden des Kurses<\/p>\n<p>&#8211; Anfertigung der Projektarbeit<\/p>\n<p>&#8211; erfolgreicher Abschluss (mehr als 50 %) der schriftlichen Klausur<\/p>\n<\/td>\n<\/tr>\n<tr>\n<td style=\"width: 99.8152%\" colspan=\"2\" width=\"786\">\n<p>Lehrmaterialien: (Vorgeschriebene und empfohlene Fachb\u00fccher, Skripte usw.)<\/p>\n<p><strong>Vorgeschrieben:<\/strong><\/p>\n<p>Pilling, J\u00e1nos. \u00e4rztliche Kommunikation in der Praxis. Medicina Buchverlag, Budapest. 2020.<\/p>\n<p><strong>Empfohlen:<\/strong><\/p>\n<p>Beardsley, RS. \u2013 Skrabal, MZ. \u2013 Kimberlin, CL: Communication Skills in Pharmacy Practice. Wolters Kluwer. Seventh edition. 2020.<\/p>\n<p>Deutsche Apotheker Zeitung. Unabh\u00e4ngige pharmazeutische Zeitschrift f\u00fcr Wissenschaft und Praxis. 2021. Erscheinungsweise: w\u00f6chentlich <a href=\"https:\/\/www.deutsche-apotheker-zeitung.de\/\">https:\/\/www.deutsche-apotheker-zeitung.de\/<\/a><\/p>\n<p>Die ABDA \u2013 Bundesvereinigung Deutscher Apothekerverb\u00e4nde <a href=\"https:\/\/www.abda.de\/ueber-uns\/die-abda\/\">https:\/\/www.abda.de\/ueber-uns\/die-abda\/<\/a><\/p>\n<p>\u00d6sterreichischen Apotheker-Verlag <a href=\"https:\/\/www.apoverlag.at\/\">https:\/\/www.apoverlag.at\/<\/a><\/p>\n<\/td>\n<\/tr>\n<tr>\n<td style=\"width: 99.8152%\" colspan=\"2\" width=\"786\"><strong>Die Kursbeschreinung wurde von <\/strong>Universit\u00e4tsdocent Dr. J\u00e1nos, Pilling, PhD hergestellt.<\/td>\n<\/tr>\n<\/tbody>\n<\/table>\n","protected":false},"excerpt":{"rendered":"<p>KURSPROGRAMM 2020\/21 Name des Faches: Kommunikations- und Informationsnetze Studiengang: Pharmazie (einheitlich, ungeteilt) Neptun-Kode des Faches: GYKMAG120G1N Einordnung des Faches: Pflichtfach Den Unterricht durchf\u00fchrende Organisationseinheit: Semmelweis Universit\u00e4t, Medizinische Fakult\u00e4t, Institut f\u00fcr Verhaltenswissenschaften Name der Lehrbeauftragter: Dr. Orsolya Sz\u00e9pe, PhD E-mail: szepe.orsolya_katalin@pharma.semmelweis-univ.hu &nbsp; Stellung, akademischer Grad: wissenschaftliche Mitarbeiterin &nbsp; Zahl der Kontaktstunden pro Woche: 1 Std\/Vorlesung 1 &hellip;<\/p>\n","protected":false},"author":101277,"featured_media":0,"parent":11832,"menu_order":8,"comment_status":"closed","ping_status":"closed","template":"","meta":{"_acf_changed":false,"footnotes":""},"categories":[],"tags":[],"class_list":["post-9819","page","type-page","status-publish","hentry"],"acf":[],"_links":{"self":[{"href":"https:\/\/semmelweis.hu\/magtud\/wp-json\/wp\/v2\/pages\/9819","targetHints":{"allow":["GET"]}}],"collection":[{"href":"https:\/\/semmelweis.hu\/magtud\/wp-json\/wp\/v2\/pages"}],"about":[{"href":"https:\/\/semmelweis.hu\/magtud\/wp-json\/wp\/v2\/types\/page"}],"author":[{"embeddable":true,"href":"https:\/\/semmelweis.hu\/magtud\/wp-json\/wp\/v2\/users\/101277"}],"replies":[{"embeddable":true,"href":"https:\/\/semmelweis.hu\/magtud\/wp-json\/wp\/v2\/comments?post=9819"}],"version-history":[{"count":7,"href":"https:\/\/semmelweis.hu\/magtud\/wp-json\/wp\/v2\/pages\/9819\/revisions"}],"predecessor-version":[{"id":11834,"href":"https:\/\/semmelweis.hu\/magtud\/wp-json\/wp\/v2\/pages\/9819\/revisions\/11834"}],"up":[{"embeddable":true,"href":"https:\/\/semmelweis.hu\/magtud\/wp-json\/wp\/v2\/pages\/11832"}],"wp:attachment":[{"href":"https:\/\/semmelweis.hu\/magtud\/wp-json\/wp\/v2\/media?parent=9819"}],"wp:term":[{"taxonomy":"category","embeddable":true,"href":"https:\/\/semmelweis.hu\/magtud\/wp-json\/wp\/v2\/categories?post=9819"},{"taxonomy":"post_tag","embeddable":true,"href":"https:\/\/semmelweis.hu\/magtud\/wp-json\/wp\/v2\/tags?post=9819"}],"curies":[{"name":"wp","href":"https:\/\/api.w.org\/{rel}","templated":true}]}}