{"id":9807,"date":"2021-03-02T15:11:13","date_gmt":"2021-03-02T14:11:13","guid":{"rendered":"https:\/\/semmelweis.hu\/magtud\/?page_id=9807"},"modified":"2023-06-09T12:33:01","modified_gmt":"2023-06-09T10:33:01","slug":"kommunikacio-es-informacios-halozatok-gyok","status":"publish","type":"page","link":"https:\/\/semmelweis.hu\/magtud\/oktatas\/gyogyszeresztudomanyi-kar\/kommunikacio-es-informacios-halozatok-gyok\/","title":{"rendered":"Kommunik\u00e1ci\u00f3 \u00e9s inform\u00e1ci\u00f3s h\u00e1l\u00f3zatok (GYTK)"},"content":{"rendered":"<p><strong>K\u00f6vetelm\u00e9nyrendszer<\/strong><\/p>\n<ul>\n<li><a href=\"https:\/\/semmelweis.hu\/magtud\/files\/2023\/02\/SzO_Kommunikacio-es-informacios-halozatok-23-02-02.pdf\">GYTK Kommunik\u00e1ci\u00f3 \u00e9s inform\u00e1ci\u00f3s h\u00e1l\u00f3zatok 2022\/2023 II. f\u00e9l\u00e9v (pdf)<\/a><\/li>\n<\/ul>\n<p><strong>Gyakorlatok-\u00d3rarend<\/strong><\/p>\n<ul>\n<li><a href=\"https:\/\/semmelweis.hu\/magtud\/files\/2023\/02\/SzO_Kommunikacio-es-informacios-halozatok-ORAREND-2023-magyar.pdf\">GYTK Kommunik\u00e1ci\u00f3 \u00e9s inform\u00e1ci\u00f3s h\u00e1l\u00f3zatok- \u00d3rarend (pdf)<\/a><\/li>\n<\/ul>\n<p>&nbsp;<\/p>\n<p>&nbsp;<\/p>\n","protected":false},"excerpt":{"rendered":"<p>K\u00f6vetelm\u00e9nyrendszer<\/p>\n<p><a href=\"https:\/\/semmelweis.hu\/magtud\/files\/2023\/02\/SzO_Kommunikacio-es-informacios-halozatok-23-02-02.pdf\">GYTK Kommunik\u00e1ci\u00f3 \u00e9s inform\u00e1ci\u00f3s h\u00e1l\u00f3zatok 2022\/2023 II. f\u00e9l\u00e9v (pdf)<\/a><\/p>\n<p>Gyakorlatok-\u00d3rarend<\/p>\n<p><a href=\"https:\/\/semmelweis.hu\/magtud\/files\/2023\/02\/SzO_Kommunikacio-es-informacios-halozatok-ORAREND-2023-magyar.pdf\">GYTK Kommunik\u00e1ci\u00f3 \u00e9s inform\u00e1ci\u00f3s h\u00e1l\u00f3zatok- \u00d3rarend (pdf)<\/a><\/p>\n<p>&nbsp;<br \/>\n&nbsp;<\/p>\n","protected":false},"author":101277,"featured_media":0,"parent":4925,"menu_order":3,"comment_status":"closed","ping_status":"closed","template":"","meta":{"_acf_changed":false,"footnotes":""},"categories":[],"tags":[],"class_list":["post-9807","page","type-page","status-publish","hentry"],"acf":[],"_links":{"self":[{"href":"https:\/\/semmelweis.hu\/magtud\/wp-json\/wp\/v2\/pages\/9807","targetHints":{"allow":["GET"]}}],"collection":[{"href":"https:\/\/semmelweis.hu\/magtud\/wp-json\/wp\/v2\/pages"}],"about":[{"href":"https:\/\/semmelweis.hu\/magtud\/wp-json\/wp\/v2\/types\/page"}],"author":[{"embeddable":true,"href":"https:\/\/semmelweis.hu\/magtud\/wp-json\/wp\/v2\/users\/101277"}],"replies":[{"embeddable":true,"href":"https:\/\/semmelweis.hu\/magtud\/wp-json\/wp\/v2\/comments?post=9807"}],"version-history":[{"count":10,"href":"https:\/\/semmelweis.hu\/magtud\/wp-json\/wp\/v2\/pages\/9807\/revisions"}],"predecessor-version":[{"id":11800,"href":"https:\/\/semmelweis.hu\/magtud\/wp-json\/wp\/v2\/pages\/9807\/revisions\/11800"}],"up":[{"embeddable":true,"href":"https:\/\/semmelweis.hu\/magtud\/wp-json\/wp\/v2\/pages\/4925"}],"wp:attachment":[{"href":"https:\/\/semmelweis.hu\/magtud\/wp-json\/wp\/v2\/media?parent=9807"}],"wp:term":[{"taxonomy":"category","embeddable":true,"href":"https:\/\/semmelweis.hu\/magtud\/wp-json\/wp\/v2\/categories?post=9807"},{"taxonomy":"post_tag","embeddable":true,"href":"https:\/\/semmelweis.hu\/magtud\/wp-json\/wp\/v2\/tags?post=9807"}],"curies":[{"name":"wp","href":"https:\/\/api.w.org\/{rel}","templated":true}]}}