{"id":9697,"date":"2021-02-02T16:23:51","date_gmt":"2021-02-02T15:23:51","guid":{"rendered":"https:\/\/semmelweis.hu\/magtud\/?page_id=9697"},"modified":"2023-06-23T08:48:21","modified_gmt":"2023-06-23T06:48:21","slug":"diplomarbeit-themen","status":"publish","type":"page","link":"https:\/\/semmelweis.hu\/magtud\/de\/lehre\/diplomarbeit-themen\/","title":{"rendered":"Diplomarbeit-Themen"},"content":{"rendered":"<p><strong>Medizinische Ethik <\/strong><\/p>\n<p>1.Bioethische Fragen der klinischen Forschung<br \/>\nThemenleiter: Dr. \u00c1gnes D\u00f3sa (NET, XX. 2007)<\/p>\n<p>2.Bioethische Fragen der Gerechtigkeit in der Medizin<br \/>\nThemenleiter: Dr. \u00c1gnes D\u00f3sa<\/p>\n<p>3.Menschenrechte in der Medizin<br \/>\nThemenleiter: Dr. Attila G\u00e1bor T\u00f3th<\/p>\n<p>4.Sterbehilfe<br \/>\nThemenleiter: Dr. Attila G\u00e1bor T\u00f3th<\/p>\n<p>5. Schweigepflicht<br \/>\nThemenleiter: Dr. Attila G\u00e1bor T\u00f3th<\/p>\n<p>6. Gleichbehandlung und das Verbot der Diskriminierung in der Medizin<br \/>\nThemenleiter: Dr. Attila G\u00e1bor T\u00f3th<\/p>\n<p>&nbsp;<\/p>\n<p><strong>Medizinische Psychologie <\/strong><\/p>\n<p>1.Psychosomatik<br \/>\nThemenleiter: Dr. Andor Harrach (E-Mail: <a href=\"mailto:andorh41@gmail.com\">andorh41@gmail.com<\/a>)<\/p>\n<p>&nbsp;<\/p>\n<p><strong>Medizinische Soziologie <\/strong><\/p>\n<p>1.Soziale Unterst\u00fctzung in der Krankheitsbew\u00e4ltigung der Patienten bei verschiedenen Krankheitsgruppen.<br \/>\nThemenleiterin: Dr. Vir\u00e1g Katalin Bogn\u00e1r (E-Mail: viragbognar@gmail.com)<\/p>\n<p>2.Soziale Kompetenzen in der Arzt-Patient Beziehung.<br \/>\nThemenleiterin: Dr. Vir\u00e1g Katalin Bogn\u00e1r (E-Mail: <a href=\"mailto:viragbognar@gmail.com\">viragbognar@gmail.com<\/a>)<\/p>\n<p>Weitere allgemeine organisatorische Informationen auf der Seite des Deutschen Sekretariats:<\/p>\n<p>&nbsp;<\/p>\n<blockquote class=\"wp-embedded-content\" data-secret=\"CZr4IiYZnn\"><p><a href=\"https:\/\/semmelweis.hu\/deutsch\/studium\/forschungs-und-diplomarbeit-pj\/\">Diplomarbeit, Forschungsarbeit, PJ<\/a><\/p><\/blockquote>\n<p><iframe loading=\"lazy\" class=\"wp-embedded-content\" sandbox=\"allow-scripts\" security=\"restricted\" style=\"position: absolute; clip: rect(1px, 1px, 1px, 1px);\" title=\"&#8222;Diplomarbeit, Forschungsarbeit, PJ&#8220; &#8212; Deutschsprachiges Studium\" src=\"https:\/\/semmelweis.hu\/deutsch\/studium\/forschungs-und-diplomarbeit-pj\/embed\/#?secret=CZr4IiYZnn\" data-secret=\"CZr4IiYZnn\" width=\"600\" height=\"338\" frameborder=\"0\" marginwidth=\"0\" marginheight=\"0\" scrolling=\"no\"><\/iframe><\/p>\n<p>&nbsp;<\/p>\n<p>&nbsp;<\/p>\n<p>&nbsp;<\/p>\n","protected":false},"excerpt":{"rendered":"<p>Medizinische Ethik 1.Bioethische Fragen der klinischen Forschung Themenleiter: Dr. \u00c1gnes D\u00f3sa (NET, XX. 2007) 2.Bioethische Fragen der Gerechtigkeit in der Medizin Themenleiter: Dr. \u00c1gnes D\u00f3sa 3.Menschenrechte in der Medizin Themenleiter: Dr. Attila G\u00e1bor T\u00f3th 4.Sterbehilfe Themenleiter: Dr. Attila G\u00e1bor T\u00f3th 5. Schweigepflicht Themenleiter: Dr. Attila G\u00e1bor T\u00f3th 6. Gleichbehandlung und das Verbot der Diskriminierung in &hellip;<\/p>\n","protected":false},"author":101277,"featured_media":0,"parent":4087,"menu_order":5,"comment_status":"closed","ping_status":"closed","template":"","meta":{"_acf_changed":false,"footnotes":""},"categories":[],"tags":[],"class_list":["post-9697","page","type-page","status-publish","hentry"],"acf":[],"_links":{"self":[{"href":"https:\/\/semmelweis.hu\/magtud\/wp-json\/wp\/v2\/pages\/9697","targetHints":{"allow":["GET"]}}],"collection":[{"href":"https:\/\/semmelweis.hu\/magtud\/wp-json\/wp\/v2\/pages"}],"about":[{"href":"https:\/\/semmelweis.hu\/magtud\/wp-json\/wp\/v2\/types\/page"}],"author":[{"embeddable":true,"href":"https:\/\/semmelweis.hu\/magtud\/wp-json\/wp\/v2\/users\/101277"}],"replies":[{"embeddable":true,"href":"https:\/\/semmelweis.hu\/magtud\/wp-json\/wp\/v2\/comments?post=9697"}],"version-history":[{"count":7,"href":"https:\/\/semmelweis.hu\/magtud\/wp-json\/wp\/v2\/pages\/9697\/revisions"}],"predecessor-version":[{"id":11811,"href":"https:\/\/semmelweis.hu\/magtud\/wp-json\/wp\/v2\/pages\/9697\/revisions\/11811"}],"up":[{"embeddable":true,"href":"https:\/\/semmelweis.hu\/magtud\/wp-json\/wp\/v2\/pages\/4087"}],"wp:attachment":[{"href":"https:\/\/semmelweis.hu\/magtud\/wp-json\/wp\/v2\/media?parent=9697"}],"wp:term":[{"taxonomy":"category","embeddable":true,"href":"https:\/\/semmelweis.hu\/magtud\/wp-json\/wp\/v2\/categories?post=9697"},{"taxonomy":"post_tag","embeddable":true,"href":"https:\/\/semmelweis.hu\/magtud\/wp-json\/wp\/v2\/tags?post=9697"}],"curies":[{"name":"wp","href":"https:\/\/api.w.org\/{rel}","templated":true}]}}