{"id":9580,"date":"2020-12-10T09:30:03","date_gmt":"2020-12-10T08:30:03","guid":{"rendered":"https:\/\/semmelweis.hu\/magtud\/?page_id=9580"},"modified":"2023-06-23T10:53:00","modified_gmt":"2023-06-23T08:53:00","slug":"regelung-der-fernpruefungen","status":"publish","type":"page","link":"https:\/\/semmelweis.hu\/magtud\/de\/lehre\/regelung-der-fernpruefungen\/","title":{"rendered":"Regelung der Fernpr\u00fcfungen"},"content":{"rendered":"<p><strong>Diese Regelung basiert auf den Verordnungen durch den Rektor Nr. R\/4\/2020. (IV.22.) und Nr. R\/5\/2020. (IV.23.) \u00fcber Organisation und Abwicklung tempor\u00e4rer Studien- und Pr\u00fcfungsregelungen, sowie auf den Vorschriften des Rundschreibens des Dekans Nr. <\/strong><strong>53092-3\/AOATO\/2020 <\/strong><strong>\u00fcber die Durchf\u00fchrung der Pr\u00fcfungen.<\/strong><\/p>\n<p><strong>M\u00fcndliche Pr\u00fcfung<\/strong><\/p>\n<ul>\n<li>An der m\u00fcndlichen Pr\u00fcfung k\u00f6nnen diejenigen Studierenden teilnehmen, die sich f\u00fcr die Pr\u00fcfung durch das NEPTUN-System angemeldet haben.<\/li>\n<li>Die Anmeldung f\u00fcr die Pr\u00fcfung, sowie die Um- oder Abmeldung sind bis 12.00 Uhr mittags am Vortag der Pr\u00fcfung m\u00f6glich, damit gen\u00fcgend Zeit f\u00fcr die entsprechende technische Vorbereitung bleibt.<\/li>\n<li>Die m\u00fcndliche Pr\u00fcfung l\u00e4uft durch das Zoom-System ab.<\/li>\n<li>Der Zoom-Link f\u00fcr die Pr\u00fcfung wird in der zweiten H\u00e4lfte des Vortages der Pr\u00fcfung an die Studierenden durch das NEPTUN-System gesendet.<\/li>\n<li>Die Studierenden nehmen nach der alphabetischen Ordnung (ABC) ihres Familiennamens an der Pr\u00fcfung teil.<\/li>\n<li>Der Pr\u00fcfungskandidat best\u00e4tigt seine Identit\u00e4t durch Benennung seines NEPTUN-Kodes, sowie durch Vorzeigen des Studentenausweises in einer Weise, dass die Nummer des Studentenausweises ablesbar ist.<\/li>\n<li>Die Pr\u00fcfungskandidaten sind verpflichtet, w\u00e4hrend der ganzen Zeit der Pr\u00fcfung ein Bild in Echtzeit \u00fcber sich selbst zu \u00fcbertragen. H\u00e4nde und Oberk\u00f6rper sollen durchgehend f\u00fcr die Pr\u00fcfer sichtbar sein.<\/li>\n<li>Die Pr\u00fcfungskandidaten d\u00fcrfen w\u00e4hrend der Fernpr\u00fcfung kein Headset\/keinen Kopfh\u00f6rer benutzen.<\/li>\n<li>Nach der Bestimmung der These soll der Pr\u00fcfungskandidat sofort, ohne Vorbereitungszeit mit seiner Antwort anfangen.<\/li>\n<li>Im Laufe der m\u00fcndlichen Pr\u00fcfung stellt der Pr\u00fcfer auch sofort zu beantwortende Fragen an den Pr\u00fcfungskandidaten. Diese Fragen k\u00f6nnen sich auch auf Themenkreise au\u00dferhalb der These beziehen.<\/li>\n<li>Insofern die Internetverbindung zwischen dem Pr\u00fcfer und dem Pr\u00fcfungskandidaten abbricht \u2013 d.h. der Pr\u00fcfungskandidat aus der Zoom-Konferenz austritt, oder die Video\u00fcbetragung aufh\u00f6rt -, schlie\u00dft der Pr\u00fcfer mit der Bezeichnung \u201cnicht anwesend\u201d die Pr\u00fcfung ab. In diesem Fall wird die Anzahl der Pr\u00fcfungsm\u00f6glichkeiten des Kandidaten um eine M\u00f6glichkeit vermindert.<\/li>\n<li>Die Zoom-Pr\u00fcfung wird aufgezeichnet, die Aufnahme wird drei Tage lang im System aufbewahrt.<\/li>\n<li><em>\u00a0<\/em>Die registrierte Kommunikation im Rahmen der Fernpr\u00fcfung darf weder vom Pr\u00fcfer, noch vom Pr\u00fcfungskandidaten weitergeleitet oder geteilt werden, keiner unbefugten Person darf der Zugang erm\u00f6glicht werden.<\/li>\n<\/ul>\n<p><strong><u>Schriftliche Pr\u00fcfung<\/u><\/strong><\/p>\n<ul>\n<li>Die schriftliche Pr\u00fcfung l\u00e4uft durch das Moodle-System ab.<\/li>\n<li>Die Studierenden m\u00fcssen vor der Pr\u00fcfung kontrollieren, ob sie im Moodle-System Zugang zu dem Kurs haben, in dem sie die Pr\u00fcfung ablegen wollen. Insofern der\/die Studierende im Moodle-System zum entsprechenden Kurs keinen Zugang hat, soll er\/sie 48 Stunden vor der Pr\u00fcfung dar\u00fcber das Sekretariat des Verhaltensforschungsinstitutes per Email benachrichtigen.<br \/>\nEmail-Adresse: <a href=\"mailto:titkarsag.magatartastudom\u00e1ny@semmelweis-univ.hu\">magatartastudom\u00e1ny@semmelweis-univ.hu<\/a><\/li>\n<li>An der schriftlichen Pr\u00fcfung k\u00f6nnen diejenigen Studierenden teilnehmen, die sich f\u00fcr die Pr\u00fcfung durch das NEPTUN-System angemeldet haben.<\/li>\n<li>Die Anmeldung f\u00fcr die Pr\u00fcfung, sowie die Um- oder Abmeldung sind sp\u00e4testens bis 12.00 Uhr mittags am Vortag der Pr\u00fcfung m\u00f6glich, damit gen\u00fcgend Zeit f\u00fcr die entsprechende technische Vorbereitung bleibt.<\/li>\n<li>Die schriftliche Pr\u00fcfung l\u00e4uft mit Zoom-Aufsicht ab. Die sich f\u00fcr die Pr\u00fcfung angemeldeten Studierenden erhalten in der zweiten H\u00e4lfte des Vortages der Pr\u00fcfung den Zoom-Link zum Meeting in Form einer NEPTUN-Nachricht.<\/li>\n<li>Die Studierenden sollen sich mindestens 10 Minuten vor dem Pr\u00fcfungsanfang zum Zoom-Meeting der Pr\u00fcfung anmelden, und im Laufe der Pr\u00fcfung sollen sie durchgehend und in Echtzeit Bild und Ton \u00fcber sich selbst \u00fcbermitteln.<\/li>\n<li>Der Pr\u00fcfungskandidat best\u00e4tigt seine Identit\u00e4t durch Benennung seines NEPTUN-Kodes, sowie mit dem Vorzeigen des Studentenausweises in einer Weise, dass die Nummer des Studentenausweises ablesbar ist.<\/li>\n<li>Der Pr\u00fcfer fotografiert ein Bildschirmfoto des Studentenausweises, das bis zum Ende der Pr\u00fcfungszeit des zuerst Semesters des Unterrichtsjahres von 2020-2021 aufbewahrt wird.<\/li>\n<li>Jede(r) Studierende, der sich f\u00fcr die Pr\u00fcfung im NEPTUN angemeldet hat, und sich erfolgreich im Zoom identifiziert hat, bekommt eine Bescheiningung (Note oder Bemerkung) im NEPTUN-System.<\/li>\n<li>Insofern die Internetverbindung zwischen dem Pr\u00fcfer und dem Pr\u00fcfungskandidaten abbricht \u2013 d.h. der Pr\u00fcfungskandidat aus der Zoom-Konferenz austritt, oder das Videozeichen aufh\u00f6rt -, schlie\u00dft der Pr\u00fcfer mit der Bezeichnung \u201cnicht anwesend\u201d die Pr\u00fcfung ab. In diesem Fall wird die Anzahl der Pr\u00fcfungsm\u00f6glichkeiten des Kandidaten um eine M\u00f6glichkeit vermindert.<\/li>\n<li>Die Pr\u00fcfungskandidaten d\u00fcrfen w\u00e4hrend der Fernpr\u00fcfung kein Headset\/Kopfh\u00f6rer benutzen.<\/li>\n<li>Die registrierte Kommunikation im Rahmen der Fernpr\u00fcfung darf weder vom Pr\u00fcfer, noch vom Pr\u00fcfungskandidaten weitergeleitet oder geteilt werden, keiner unbefugten Person darf der Zugang erm\u00f6glicht werden.<\/li>\n<\/ul>\n","protected":false},"excerpt":{"rendered":"<p>Diese Regelung basiert auf den Verordnungen durch den Rektor Nr. R\/4\/2020. (IV.22.) und Nr. R\/5\/2020. (IV.23.) \u00fcber Organisation und Abwicklung tempor\u00e4rer Studien- und Pr\u00fcfungsregelungen, sowie auf den Vorschriften des Rundschreibens des Dekans Nr. 53092-3\/AOATO\/2020 \u00fcber die Durchf\u00fchrung der Pr\u00fcfungen. M\u00fcndliche Pr\u00fcfung An der m\u00fcndlichen Pr\u00fcfung k\u00f6nnen diejenigen Studierenden teilnehmen, die sich f\u00fcr die Pr\u00fcfung durch &hellip;<\/p>\n","protected":false},"author":110,"featured_media":0,"parent":4087,"menu_order":9,"comment_status":"closed","ping_status":"closed","template":"","meta":{"_acf_changed":false,"footnotes":""},"categories":[],"tags":[],"class_list":["post-9580","page","type-page","status-publish","hentry"],"acf":[],"_links":{"self":[{"href":"https:\/\/semmelweis.hu\/magtud\/wp-json\/wp\/v2\/pages\/9580","targetHints":{"allow":["GET"]}}],"collection":[{"href":"https:\/\/semmelweis.hu\/magtud\/wp-json\/wp\/v2\/pages"}],"about":[{"href":"https:\/\/semmelweis.hu\/magtud\/wp-json\/wp\/v2\/types\/page"}],"author":[{"embeddable":true,"href":"https:\/\/semmelweis.hu\/magtud\/wp-json\/wp\/v2\/users\/110"}],"replies":[{"embeddable":true,"href":"https:\/\/semmelweis.hu\/magtud\/wp-json\/wp\/v2\/comments?post=9580"}],"version-history":[{"count":2,"href":"https:\/\/semmelweis.hu\/magtud\/wp-json\/wp\/v2\/pages\/9580\/revisions"}],"predecessor-version":[{"id":11927,"href":"https:\/\/semmelweis.hu\/magtud\/wp-json\/wp\/v2\/pages\/9580\/revisions\/11927"}],"up":[{"embeddable":true,"href":"https:\/\/semmelweis.hu\/magtud\/wp-json\/wp\/v2\/pages\/4087"}],"wp:attachment":[{"href":"https:\/\/semmelweis.hu\/magtud\/wp-json\/wp\/v2\/media?parent=9580"}],"wp:term":[{"taxonomy":"category","embeddable":true,"href":"https:\/\/semmelweis.hu\/magtud\/wp-json\/wp\/v2\/categories?post=9580"},{"taxonomy":"post_tag","embeddable":true,"href":"https:\/\/semmelweis.hu\/magtud\/wp-json\/wp\/v2\/tags?post=9580"}],"curies":[{"name":"wp","href":"https:\/\/api.w.org\/{rel}","templated":true}]}}