{"id":9509,"date":"2020-11-12T21:51:11","date_gmt":"2020-11-12T20:51:11","guid":{"rendered":"https:\/\/semmelweis.hu\/magtud\/?page_id=9509"},"modified":"2023-06-23T10:55:46","modified_gmt":"2023-06-23T08:55:46","slug":"umgangsformen-mit-online-vorlesungen-und-praktikas","status":"publish","type":"page","link":"https:\/\/semmelweis.hu\/magtud\/de\/lehre\/umgangsformen-mit-online-vorlesungen-und-praktikas\/","title":{"rendered":"Umgangsformen mit Online-Vorlesungen und Praktikas"},"content":{"rendered":"<p>F\u00fcr den Fernunterricht sind dieselben Regeln g\u00fcltig, die an den Vorlesungen und Praktikas der Universit\u00e4t g\u00e4ngig sind. Entsprechend den Charakteristika des Online-Unterrichtes m\u00f6chten wir Ihre Aufmerksamkeit\u00a0 auf einige neuere, und in der aktuellen Situation besonders wichtige Regeln lenken.<\/p>\n<p>\u2013 Der Fernunterricht ist ein interaktiver Prozess, wo die aktive Teilnahme der Studierenden erw\u00fcnscht ist. Wir bitten Sie deshalb, dass Sie Ihre Kameras in den Praktikas des Verhaltensforschungsinstutes einschalten.<br \/>\n\u2013 Nehmen Sie an den Praktikas aktiv teil, geben SieIhren Beitrag zu den Themen des Praktikums, stellen Sie Fragen an die Dozenten! Um den L\u00e4rm aus dem Hintergrund zu vermeiden, schalten Sie Ihre Mikrofone nur dann ein, wenn Sie einen m\u00fcndlichen Beitrag leisten m\u00f6chten.<br \/>\n\u2013 Wenn Sie nicht allein im Raum sind, benutzen Sie ein Headset.<br \/>\n\u2013 Wenn Sie etwas sagen m\u00f6chten, melden Sie sich oder benutzen Sie die \u2019Raise hand\u2019 Funktion (je nach dem, wie in dem jeweiligen Praktikum \u00fcblich).<br \/>\n\u2013 Halten Sie sich w\u00e4hrend des Praktikums m\u00f6glichst in einem stillen, getrennten Teil der Wohnung auf.<br \/>\n\u2013 Stellen Sie ein virtuelles Hintergrundbild ein, wenn Sie mit anderen Personen zusammen sind, oder wenn Sie es nicht w\u00fcnschen, dass das Bild Ihrer Umgebung erscheint. Das virtuelle Hintergrundbild sollneutral sein (z. B. Innenraum, Naturbild).<br \/>\n\u2013 Wenn es m\u00f6glich ist, benutzen Sie einen stabilen Internetanschluss (z. B. Internet vom Festnetz statt Wifi oder Mobilnet, bzw. PC, Laptop oder Tablet statt Handy etc).<br \/>\n\u2013 Wenn Sie technische Schwierigkeiten haben (mit dem Computer oder Mikrofon, mit der Kamera), dann benutzen Sie vor\u00fcbergehend Ihr Handy \u2013 so k\u00f6nnen Sie sich dem Praktikum trotz technischer Schwierigkeiten mit Bild und Ton anschlie\u00dfen.<br \/>\n\u2013 Wenn Sie aus technischen Gr\u00fcnden am Praktikum zeitweilig ohne Kamera teilnehmen m\u00fcssen, dann \u00e4u\u00dfern Sie sich oft, und wenn Ihr Mikrofon nicht funktioniert, schreiben Sie Beitr\u00e4ge im Chat zu den Themen des Praktikums.<br \/>\n\u2013 Melden Sie sich nicht von mehreren Ger\u00e4ten f\u00fcr dasselbe Praktikum an. Das verursacht verschiedene Probleme, z. B. bei Kleingruppen werden Sie zwei Minigruppen zugeordnet.<br \/>\n\u2013 W\u00e4hrend der Online-Stunden tragen Sie Kleidungsst\u00fccke, die Sie in den R\u00e4umen der Universit\u00e4t auch anhaben w\u00fcrden.<br \/>\n\u2013 Im Laufe des Unterrichtes befassen Sie sich nur mit dem aktuellen Lernstoff \u2013 wir bitten Sie, dass Sie w\u00e4hrend der Stunden nicht telefonieren, dass Sie keine SMS-Nachrichten schreiben, dass Sie nicht privat chatten, dass Sie sich nicht mit Ihren Haustieren besch\u00e4ftigen und dass Sie nicht essen.<br \/>\n\u2013 Ver\u00f6ffentlichen Sie die Einladung zur Zoom-Stunde und die Angaben zum Eintritt nicht, da auf dieser Weise sich auch Unbefugte zur Stunde anmelden k\u00f6nnen. Wenn Ihr Dozent die Stunde mit Bild und Ton aufnimmt, und diese mit den Studenten teilt, geben Sie keinen Zugang f\u00fcr andere Personen, da das Pers\u00f6nlichkeitsrechte verletzten kann.<\/p>\n<p>Vielen Dank f\u00fcr Ihre Mitwirkung!<\/p>\n<p>Lehrkr\u00e4fte des Verhaltensforschungsinstitutes<\/p>\n","protected":false},"excerpt":{"rendered":"<p>F\u00fcr den Fernunterricht sind dieselben Regeln g\u00fcltig, die an den Vorlesungen und Praktikas der Universit\u00e4t g\u00e4ngig sind. Entsprechend den Charakteristika des Online-Unterrichtes m\u00f6chten wir Ihre Aufmerksamkeit\u00a0 auf einige neuere, und in der aktuellen Situation besonders wichtige Regeln lenken. \u2013 Der Fernunterricht ist ein interaktiver Prozess, wo die aktive Teilnahme der Studierenden erw\u00fcnscht ist. Wir bitten &hellip;<\/p>\n","protected":false},"author":110,"featured_media":0,"parent":4087,"menu_order":5,"comment_status":"closed","ping_status":"closed","template":"","meta":{"_acf_changed":false,"footnotes":""},"categories":[],"tags":[],"class_list":["post-9509","page","type-page","status-publish","hentry"],"acf":[],"_links":{"self":[{"href":"https:\/\/semmelweis.hu\/magtud\/wp-json\/wp\/v2\/pages\/9509","targetHints":{"allow":["GET"]}}],"collection":[{"href":"https:\/\/semmelweis.hu\/magtud\/wp-json\/wp\/v2\/pages"}],"about":[{"href":"https:\/\/semmelweis.hu\/magtud\/wp-json\/wp\/v2\/types\/page"}],"author":[{"embeddable":true,"href":"https:\/\/semmelweis.hu\/magtud\/wp-json\/wp\/v2\/users\/110"}],"replies":[{"embeddable":true,"href":"https:\/\/semmelweis.hu\/magtud\/wp-json\/wp\/v2\/comments?post=9509"}],"version-history":[{"count":2,"href":"https:\/\/semmelweis.hu\/magtud\/wp-json\/wp\/v2\/pages\/9509\/revisions"}],"predecessor-version":[{"id":11929,"href":"https:\/\/semmelweis.hu\/magtud\/wp-json\/wp\/v2\/pages\/9509\/revisions\/11929"}],"up":[{"embeddable":true,"href":"https:\/\/semmelweis.hu\/magtud\/wp-json\/wp\/v2\/pages\/4087"}],"wp:attachment":[{"href":"https:\/\/semmelweis.hu\/magtud\/wp-json\/wp\/v2\/media?parent=9509"}],"wp:term":[{"taxonomy":"category","embeddable":true,"href":"https:\/\/semmelweis.hu\/magtud\/wp-json\/wp\/v2\/categories?post=9509"},{"taxonomy":"post_tag","embeddable":true,"href":"https:\/\/semmelweis.hu\/magtud\/wp-json\/wp\/v2\/tags?post=9509"}],"curies":[{"name":"wp","href":"https:\/\/api.w.org\/{rel}","templated":true}]}}