{"id":9385,"date":"2020-10-09T14:24:34","date_gmt":"2020-10-09T12:24:34","guid":{"rendered":"https:\/\/semmelweis.hu\/magtud\/?page_id=9385"},"modified":"2020-10-12T14:59:10","modified_gmt":"2020-10-12T12:59:10","slug":"judit-sule","status":"publish","type":"page","link":"https:\/\/semmelweis.hu\/magtud\/en\/institute\/staff\/judit-sule\/","title":{"rendered":"Judit S\u00fcle"},"content":{"rendered":"<p><img loading=\"lazy\" decoding=\"async\" class=\"wp-image-9386 alignright\" src=\"https:\/\/semmelweis.hu\/magtud\/files\/2020\/10\/SuleJudit_kep-1.jpg\" alt=\"\" width=\"185\" height=\"214\" \/><\/p>\n<p>&nbsp;<\/p>\n<div class=\"responsive-tabs\">\n<h2 class=\"tabtitle\">Curriculum vitae<\/h2>\n<div class=\"tabcontent\">\n\n<p><strong>Education<\/strong><\/p>\n<p>2006-2010 Semmelweis University, Adult clinical and mental health psychologist, MA<\/p>\n<p>1993-1998 E\u00f6tv\u00f6s Lor\u00e1nd University, Psychology Programme, MA<\/p>\n<p>1993-1999 E\u00f6tv\u00f6s Lor\u00e1nd University, German Studies, MA<\/p>\n<p>&nbsp;<\/p>\n<p><strong>Professional experience<\/strong><\/p>\n<p><strong>in education<\/strong><\/p>\n<p>2008 &#8211; Semmelweis University of Medicine and Dentistry\u2013 teaching graduate courses in Hungarian and German: Medical psychology, Medical communication and Psychotherapy in medical practice (from 2020)<\/p>\n<p>&nbsp;<\/p>\n<p><strong>in clinical practice<\/strong><\/p>\n<p><strong>2020 \u2013\u00a0\u00a0 Semmelweis University Psychosomatic Ambulance of the Institute of Behavioral Sciences<\/strong><\/p>\n<p><strong>2012- \u00a0\u00a0\u00a0\u00a0Semmelweis University, Student counselling<\/strong> in German<\/p>\n<p><strong>2011 \u2013 2020 Private practice (FirstMed Centers)<\/strong><\/p>\n<p><strong>2011 &#8211; 2017 CGP Europe (Employee Assistance Programs)<\/strong><\/p>\n<p>founder, clinical lead (overseeing network of psychologists, trainers in CEE region)<\/p>\n<p>organizing mental health services for multinational companies in CEE (psychosocial risk assessment, solution focused counselling, crisis intervention, 7\/24 hotline, mental health workshops)<\/p>\n<p><strong>2006-2010 Foundation for Mental Health \u2013 psychological counselling<\/strong><\/p>\n<p>&nbsp;<\/p>\n<p><strong>Language skills<\/strong><\/p>\n<p>German fluent<\/p>\n<p>English fluent<\/p>\n<p>French reading and writing skills<\/p>\n<p>Swedish reading and writing skills<\/p>\n<p>&nbsp;<\/p>\n\n<\/div><h2 class=\"tabtitle\">Publications<\/h2>\n<div class=\"tabcontent\">\n\n<p>&nbsp;<\/p>\n<\/div><\/div>\n","protected":false},"excerpt":{"rendered":"<p>&nbsp; Education 2006-2010 Semmelweis University, Adult clinical and mental health psychologist, MA 1993-1998 E\u00f6tv\u00f6s Lor\u00e1nd University, Psychology Programme, MA 1993-1999 E\u00f6tv\u00f6s Lor\u00e1nd University, German Studies, MA &nbsp; Professional experience in education 2008 &#8211; Semmelweis University of Medicine and Dentistry\u2013 teaching graduate courses in Hungarian and German: Medical psychology, Medical communication and Psychotherapy in medical practice &hellip;<\/p>\n","protected":false},"author":101277,"featured_media":0,"parent":3356,"menu_order":23,"comment_status":"closed","ping_status":"closed","template":"","meta":{"_acf_changed":false,"footnotes":""},"categories":[],"tags":[],"class_list":["post-9385","page","type-page","status-publish","hentry"],"acf":[],"_links":{"self":[{"href":"https:\/\/semmelweis.hu\/magtud\/wp-json\/wp\/v2\/pages\/9385","targetHints":{"allow":["GET"]}}],"collection":[{"href":"https:\/\/semmelweis.hu\/magtud\/wp-json\/wp\/v2\/pages"}],"about":[{"href":"https:\/\/semmelweis.hu\/magtud\/wp-json\/wp\/v2\/types\/page"}],"author":[{"embeddable":true,"href":"https:\/\/semmelweis.hu\/magtud\/wp-json\/wp\/v2\/users\/101277"}],"replies":[{"embeddable":true,"href":"https:\/\/semmelweis.hu\/magtud\/wp-json\/wp\/v2\/comments?post=9385"}],"version-history":[{"count":1,"href":"https:\/\/semmelweis.hu\/magtud\/wp-json\/wp\/v2\/pages\/9385\/revisions"}],"predecessor-version":[{"id":9387,"href":"https:\/\/semmelweis.hu\/magtud\/wp-json\/wp\/v2\/pages\/9385\/revisions\/9387"}],"up":[{"embeddable":true,"href":"https:\/\/semmelweis.hu\/magtud\/wp-json\/wp\/v2\/pages\/3356"}],"wp:attachment":[{"href":"https:\/\/semmelweis.hu\/magtud\/wp-json\/wp\/v2\/media?parent=9385"}],"wp:term":[{"taxonomy":"category","embeddable":true,"href":"https:\/\/semmelweis.hu\/magtud\/wp-json\/wp\/v2\/categories?post=9385"},{"taxonomy":"post_tag","embeddable":true,"href":"https:\/\/semmelweis.hu\/magtud\/wp-json\/wp\/v2\/tags?post=9385"}],"curies":[{"name":"wp","href":"https:\/\/api.w.org\/{rel}","templated":true}]}}