{"id":8952,"date":"2020-09-06T21:34:14","date_gmt":"2020-09-06T19:34:14","guid":{"rendered":"https:\/\/semmelweis.hu\/magtud\/?page_id=8952"},"modified":"2023-06-23T10:27:45","modified_gmt":"2023-06-23T08:27:45","slug":"ekk","status":"publish","type":"page","link":"https:\/\/semmelweis.hu\/magtud\/oktatas\/ekk\/","title":{"rendered":"EKK"},"content":{"rendered":"<p>Az Eg\u00e9szs\u00e9g\u00fcgyi K\u00f6zszolg\u00e1lati Kar eg\u00e9szs\u00e9g\u00fcgyi szervez\u0151 szak (BSc) sz\u00e1m\u00e1ra a <strong>Bioetika 1 f\u00e9l\u00e9ve <\/strong>(28 elm\u00e9leti \u00f3ra \/ 2 kredit)<strong> tant\u00e1rgy tematik\u00e1ja<\/strong> az al\u00e1bbiakban t\u00f6lthet\u0151 le.<\/p>\n<p><a href=\"https:\/\/semmelweis.hu\/magtud\/files\/2023\/05\/Bioetika.pdf\">Bioetika Eg\u00e9szs\u00e9g\u00fcgyi szervez\u0151knek (pdf)<\/a><\/p>\n","protected":false},"excerpt":{"rendered":"<p>Az Eg\u00e9szs\u00e9g\u00fcgyi K\u00f6zszolg\u00e1lati Kar eg\u00e9szs\u00e9g\u00fcgyi szervez\u0151 szak (BSc) sz\u00e1m\u00e1ra a Bioetika 1 f\u00e9l\u00e9ve (28 elm\u00e9leti \u00f3ra \/ 2 kredit) tant\u00e1rgy tematik\u00e1ja az al\u00e1bbiakban t\u00f6lthet\u0151 le.<br \/>\n<a href=\"https:\/\/semmelweis.hu\/magtud\/files\/2023\/05\/Bioetika.pdf\">Bioetika Eg\u00e9szs\u00e9g\u00fcgyi szervez\u0151knek (pdf)<\/a><\/p>\n","protected":false},"author":101277,"featured_media":0,"parent":2383,"menu_order":4,"comment_status":"closed","ping_status":"closed","template":"","meta":{"_acf_changed":false,"footnotes":""},"categories":[],"tags":[],"class_list":["post-8952","page","type-page","status-publish","hentry"],"acf":[],"_links":{"self":[{"href":"https:\/\/semmelweis.hu\/magtud\/wp-json\/wp\/v2\/pages\/8952","targetHints":{"allow":["GET"]}}],"collection":[{"href":"https:\/\/semmelweis.hu\/magtud\/wp-json\/wp\/v2\/pages"}],"about":[{"href":"https:\/\/semmelweis.hu\/magtud\/wp-json\/wp\/v2\/types\/page"}],"author":[{"embeddable":true,"href":"https:\/\/semmelweis.hu\/magtud\/wp-json\/wp\/v2\/users\/101277"}],"replies":[{"embeddable":true,"href":"https:\/\/semmelweis.hu\/magtud\/wp-json\/wp\/v2\/comments?post=8952"}],"version-history":[{"count":7,"href":"https:\/\/semmelweis.hu\/magtud\/wp-json\/wp\/v2\/pages\/8952\/revisions"}],"predecessor-version":[{"id":11910,"href":"https:\/\/semmelweis.hu\/magtud\/wp-json\/wp\/v2\/pages\/8952\/revisions\/11910"}],"up":[{"embeddable":true,"href":"https:\/\/semmelweis.hu\/magtud\/wp-json\/wp\/v2\/pages\/2383"}],"wp:attachment":[{"href":"https:\/\/semmelweis.hu\/magtud\/wp-json\/wp\/v2\/media?parent=8952"}],"wp:term":[{"taxonomy":"category","embeddable":true,"href":"https:\/\/semmelweis.hu\/magtud\/wp-json\/wp\/v2\/categories?post=8952"},{"taxonomy":"post_tag","embeddable":true,"href":"https:\/\/semmelweis.hu\/magtud\/wp-json\/wp\/v2\/tags?post=8952"}],"curies":[{"name":"wp","href":"https:\/\/api.w.org\/{rel}","templated":true}]}}