{"id":8543,"date":"2020-07-30T10:56:00","date_gmt":"2020-07-30T08:56:00","guid":{"rendered":"https:\/\/semmelweis.hu\/magtud\/?page_id=8543"},"modified":"2020-07-30T15:05:29","modified_gmt":"2020-07-30T13:05:29","slug":"dr-agnes-dosa-deputy-director","status":"publish","type":"page","link":"https:\/\/semmelweis.hu\/magtud\/en\/institute\/staff\/dr-agnes-dosa-deputy-director\/","title":{"rendered":"Dr. \u00c1gnes D\u00f3sa, Deputy Director"},"content":{"rendered":"<p style=\"text-align: right\"><img loading=\"lazy\" decoding=\"async\" class=\"wp-image-8576 alignright\" src=\"https:\/\/semmelweis.hu\/magtud\/files\/2020\/07\/DosaAgi4.jpg\" alt=\"\" width=\"183\" height=\"244\" srcset=\"https:\/\/semmelweis.hu\/magtud\/files\/2020\/07\/DosaAgi4.jpg 768w, https:\/\/semmelweis.hu\/magtud\/files\/2020\/07\/DosaAgi4-225x300.jpg 225w\" sizes=\"auto, (max-width: 183px) 100vw, 183px\" \/><\/p>\n<p>&nbsp;<\/p>\n<p>&nbsp;<\/p>\n<p><strong>Dr. Agnes Karola Dosa<\/strong><br \/>\nSemmelweis University<br \/>\nInstitute of Behavioural Sciences<br \/>\n1428 Budapest, P.O.Box 2<br \/>\nE-mail: dosaagi@gmail.com<br \/>\nPhone: +36 30 991 2462<\/p>\n<p>&nbsp;<\/p>\n<p>&nbsp;<\/p>\n<div class=\"responsive-tabs\">\n<h2 class=\"tabtitle\">Curriculum vitae<\/h2>\n<div class=\"tabcontent\">\n\n<p>WORK EXPERIENCE<\/p>\n<p>01\/09\/2018 &#8211; current<br \/>\nassociate professor, deputy director<br \/>\nSemmelweis University, Institute of Behavioural Sciences<br \/>\nTeaching bioethics and health care law for graduate and postgraduate students<br \/>\nhttps:\/\/semmelweis.hu\/magtud\/en<\/p>\n<p>01\/09\/2013-31\/08\/2018<br \/>\nassociate professor, deputy director<br \/>\nSemmelweis University, Institute of Forensic and Insurance Medicine<br \/>\nTeaching health care law for graduate and undergraduate students<br \/>\nForensic medical expert duties<\/p>\n<p>01\/05\/1990-30\/04\/2015<br \/>\nresearch fellow<br \/>\nHungarian Academy of Sciences<br \/>\nresearch on the field of medical law, comparative health care law, comparative tort law<\/p>\n<p>01\/09\/1998-31\/08\/2013<br \/>\nassistant professor (part time)<br \/>\nSemmelweis University, Institute of Behavioural Sciences<br \/>\nTeaching bioethics and health care law for graduate and postgraduate students<br \/>\nResearch on the same field<\/p>\n<p>01\/09\/1998-01\/09\/2008<br \/>\nforensic medical expert (part time)<br \/>\nNational Institute of Forensic Medicine<br \/>\nForensic medical expert duties<\/p>\n<p>01\/05\/1998-31\/08\/2010<br \/>\nlegal counsel (contractual, part time)<br \/>\nMinistry of Justice<\/p>\n<p>01\/07\/1995-01\/06\/1998<br \/>\nMinistry of Health, PHARE Programme Office<br \/>\nHarmonisation, health care law<\/p>\n<p>&nbsp;<\/p>\n<p>EDUCATION AND TRAINING<\/p>\n<p>01\/09\/1983-31\/08\/1989<br \/>\nMD, doctor of medicine<br \/>\nSemmelweis University, Faculty of General Medicine<br \/>\nwww.semmelweis.hu<\/p>\n<p>01\/09\/1988-01\/02\/1993<br \/>\nJD, doctor of law<br \/>\nE\u00f6tv\u00f6s L\u00f3r\u00e1nd University, Faculty of Law<br \/>\nwww.ajk.elte.hu<\/p>\n<p>01\/12\/2004<br \/>\nPhD<br \/>\nE\u00f6tv\u00f6s L\u00f3r\u00e1nd University, Faculty of Law<\/p>\n<p>30\/06\/2003<br \/>\nSpecialisation in Forensic Medicine<br \/>\nSemmelweis University<br \/>\nhttps:\/\/semmelweis.hu\/english\/<\/p>\n<p>30\/11\/2011<br \/>\nSpecialisation in Insurance Medicine<br \/>\nSemmelweis University<br \/>\nhttps:\/\/semmelweis.hu\/english\/<\/p>\n<p>15\/05\/1996<br \/>\nbar exam<br \/>\nMinistry of Justice<br \/>\nwww.kormany.hu\/hu\/igazsagugyi-miniszterium<\/p>\n<p>21\/11\/2017<br \/>\nSpecialization in Occupational Medicine<br \/>\nSemmelweis University<br \/>\nhttps:\/\/semmelweis.hu\/english\/<\/p>\n<p>&nbsp;<\/p>\n<p>LANGUAGE SKILLS<\/p>\n<p>Mother tongue: Hungarian<br \/>\nEnglish &#8211; advanced level<br \/>\nGerman &#8211; advanced level<\/p>\n<p>&nbsp;<\/p>\n<p>DIGITAL SKILS<\/p>\n<p>Microsoft Word \/Excel\/PowerPoint<br \/>\nGoogle Drive<br \/>\nVideo Conferencing (Zoom Cisco Webex Skype)<br \/>\nSocial Media<br \/>\nGoogle Docs<\/p>\n\n<\/div><h2 class=\"tabtitle\">Publications<\/h2>\n<div class=\"tabcontent\">\n\n<p>The full list of my publications is available in the MTMT database: <a href=\"https:\/\/m2.mtmt.hu\/gui2\/?type=authors&amp;mode=browse&amp;sel=10012862\" target=\"_blank\" rel=\"noopener noreferrer\">click here<\/a><\/p>\n<\/div><\/div>\n","protected":false},"excerpt":{"rendered":"<p>&nbsp; &nbsp; Dr. Agnes Karola Dosa Semmelweis University Institute of Behavioural Sciences 1428 Budapest, P.O.Box 2 E-mail: dosaagi@gmail.com Phone: +36 30 991 2462 &nbsp; &nbsp; WORK EXPERIENCE 01\/09\/2018 &#8211; current associate professor, deputy director Semmelweis University, Institute of Behavioural Sciences Teaching bioethics and health care law for graduate and postgraduate students https:\/\/semmelweis.hu\/magtud\/en 01\/09\/2013-31\/08\/2018 associate professor, &hellip;<\/p>\n","protected":false},"author":101277,"featured_media":0,"parent":3356,"menu_order":2,"comment_status":"closed","ping_status":"closed","template":"","meta":{"_acf_changed":false,"footnotes":""},"categories":[],"tags":[],"class_list":["post-8543","page","type-page","status-publish","hentry"],"acf":[],"_links":{"self":[{"href":"https:\/\/semmelweis.hu\/magtud\/wp-json\/wp\/v2\/pages\/8543","targetHints":{"allow":["GET"]}}],"collection":[{"href":"https:\/\/semmelweis.hu\/magtud\/wp-json\/wp\/v2\/pages"}],"about":[{"href":"https:\/\/semmelweis.hu\/magtud\/wp-json\/wp\/v2\/types\/page"}],"author":[{"embeddable":true,"href":"https:\/\/semmelweis.hu\/magtud\/wp-json\/wp\/v2\/users\/101277"}],"replies":[{"embeddable":true,"href":"https:\/\/semmelweis.hu\/magtud\/wp-json\/wp\/v2\/comments?post=8543"}],"version-history":[{"count":10,"href":"https:\/\/semmelweis.hu\/magtud\/wp-json\/wp\/v2\/pages\/8543\/revisions"}],"predecessor-version":[{"id":8577,"href":"https:\/\/semmelweis.hu\/magtud\/wp-json\/wp\/v2\/pages\/8543\/revisions\/8577"}],"up":[{"embeddable":true,"href":"https:\/\/semmelweis.hu\/magtud\/wp-json\/wp\/v2\/pages\/3356"}],"wp:attachment":[{"href":"https:\/\/semmelweis.hu\/magtud\/wp-json\/wp\/v2\/media?parent=8543"}],"wp:term":[{"taxonomy":"category","embeddable":true,"href":"https:\/\/semmelweis.hu\/magtud\/wp-json\/wp\/v2\/categories?post=8543"},{"taxonomy":"post_tag","embeddable":true,"href":"https:\/\/semmelweis.hu\/magtud\/wp-json\/wp\/v2\/tags?post=8543"}],"curies":[{"name":"wp","href":"https:\/\/api.w.org\/{rel}","templated":true}]}}