{"id":7648,"date":"2020-01-30T15:53:18","date_gmt":"2020-01-30T14:53:18","guid":{"rendered":"http:\/\/semmelweis.hu\/magtud\/?page_id=7648"},"modified":"2020-01-30T15:54:38","modified_gmt":"2020-01-30T14:54:38","slug":"behavioural-questions-of-obstetric-care","status":"publish","type":"page","link":"https:\/\/semmelweis.hu\/magtud\/en\/research\/research-groups\/behavioural-questions-of-obstetric-care\/","title":{"rendered":"Behavioural questions of obstetric care"},"content":{"rendered":"<p>Leader of research group: dr. Szebik Imre<br \/>\nMemebers of research group: dr. Sz\u00e1nt\u00f3 Zsuzsa, dr. Sus\u00e1nszky Anna, dr. Sus\u00e1nszky \u00c9va Associates: dr. Nicolas Rubashkin, Sus\u00e1nszky P\u00e1l<br \/>\nStudent researcher: Volford Kinga<\/p>\n<p><strong>Research interests:<\/strong><\/p>\n<p>Our interdisciplinary research group analyses the social, anthropological and ethical questions of pregnany and maternity care. The aim of our research is to map and analyse<\/p>\n<ul>\n<li>events related to childbearing and birth<\/li>\n<li>the different models of obstetric care<\/li>\n<li>Hungarian aspects of obstetric care<\/li>\n<\/ul>\n<p>with qualitative and quantitative methods.<\/p>\n<p><strong>Most important publications:<\/strong><\/p>\n<p>Szebik I, Susanszky E, Szanto Z, Susanszky A, Rubashkin N: ETHICAL IMPLICATIONS OF OBSTETRIC CARE IN HUNGARY: Results from the Mother-Centred Pregnancy Care Survey EUROPEAN JOURNAL OF MENTAL HEALTH 13:(1) pp. 51-69. (2018)<\/p>\n<p>Baji P, Rubashkin N, Szebik I, Stoll K, Vedam S: Informal cash payments for birth in Hungary: Are women paying to secure a known provider, respect, or quality of care? SOCIAL SCIENCE &amp; MEDICINE 189: pp. 86-95. (2017)<\/p>\n<p>Nicholas Rubashkin, Imre Szebik, Petra Baji, Zsuzsa Sz\u00e1nt\u00f3, \u00c9va Sus\u00e1nszky, Saraswathi Vedam: Assessing quality of maternity care in Hungary: expert validation and testing of the mother-centered prenatal care (MCPC) survey instrument REPRODUCTIVE HEALTH 14: Paper 152. 10 p. (2017)<\/p>\n<p>&nbsp;<\/p>\n","protected":false},"excerpt":{"rendered":"<p>Leader of research group: dr. Szebik Imre Memebers of research group: dr. Sz\u00e1nt\u00f3 Zsuzsa, dr. Sus\u00e1nszky Anna, dr. Sus\u00e1nszky \u00c9va Associates: dr. Nicolas Rubashkin, Sus\u00e1nszky P\u00e1l Student researcher: Volford Kinga Research interests: Our interdisciplinary research group analyses the social, anthropological and ethical questions of pregnany and maternity care. The aim of our research is to &hellip;<\/p>\n","protected":false},"author":101277,"featured_media":0,"parent":4877,"menu_order":15,"comment_status":"closed","ping_status":"closed","template":"","meta":{"_acf_changed":false,"footnotes":""},"categories":[],"tags":[],"class_list":["post-7648","page","type-page","status-publish","hentry"],"acf":[],"_links":{"self":[{"href":"https:\/\/semmelweis.hu\/magtud\/wp-json\/wp\/v2\/pages\/7648","targetHints":{"allow":["GET"]}}],"collection":[{"href":"https:\/\/semmelweis.hu\/magtud\/wp-json\/wp\/v2\/pages"}],"about":[{"href":"https:\/\/semmelweis.hu\/magtud\/wp-json\/wp\/v2\/types\/page"}],"author":[{"embeddable":true,"href":"https:\/\/semmelweis.hu\/magtud\/wp-json\/wp\/v2\/users\/101277"}],"replies":[{"embeddable":true,"href":"https:\/\/semmelweis.hu\/magtud\/wp-json\/wp\/v2\/comments?post=7648"}],"version-history":[{"count":2,"href":"https:\/\/semmelweis.hu\/magtud\/wp-json\/wp\/v2\/pages\/7648\/revisions"}],"predecessor-version":[{"id":7651,"href":"https:\/\/semmelweis.hu\/magtud\/wp-json\/wp\/v2\/pages\/7648\/revisions\/7651"}],"up":[{"embeddable":true,"href":"https:\/\/semmelweis.hu\/magtud\/wp-json\/wp\/v2\/pages\/4877"}],"wp:attachment":[{"href":"https:\/\/semmelweis.hu\/magtud\/wp-json\/wp\/v2\/media?parent=7648"}],"wp:term":[{"taxonomy":"category","embeddable":true,"href":"https:\/\/semmelweis.hu\/magtud\/wp-json\/wp\/v2\/categories?post=7648"},{"taxonomy":"post_tag","embeddable":true,"href":"https:\/\/semmelweis.hu\/magtud\/wp-json\/wp\/v2\/tags?post=7648"}],"curies":[{"name":"wp","href":"https:\/\/api.w.org\/{rel}","templated":true}]}}