{"id":7267,"date":"2019-10-02T14:42:55","date_gmt":"2019-10-02T12:42:55","guid":{"rendered":"http:\/\/semmelweis.hu\/magtud\/?page_id=7267"},"modified":"2025-08-01T08:37:56","modified_gmt":"2025-08-01T06:37:56","slug":"jelentkezesi-feltetelek","status":"publish","type":"page","link":"https:\/\/semmelweis.hu\/magtud\/kutatas\/tdk\/jelentkezesi-feltetelek\/","title":{"rendered":"Jelentkez\u00e9si felt\u00e9telek"},"content":{"rendered":"<p>Mivel a TDK-munka <strong>kredites t\u00e1rgy<\/strong>nak min\u0151s\u00fcl, ez\u00e9rt a f\u00e9l\u00e9v elfogad\u00e1snak ugyan\u00fagy felt\u00e9telei vannak, mint a t\u00f6bbi tant\u00e1rgy eset\u00e9ben. K\u00fcl\u00f6n felh\u00edvn\u00e1m a figyelmet a <strong>kutat\u00e1si terv<\/strong> lead\u00e1s\u00e1ra.<\/p>\n<p><strong>A jelentkez\u00e9s\/regisztr\u00e1ci\u00f3 l\u00e9p\u00e9sei:<\/strong><\/p>\n<ol>\n<li><em> Egyeztet\u00e9s a leend\u0151 t\u00e9mavezet\u0151vel (<a href=\"https:\/\/semmelweis.hu\/magtud\/kutatas\/tdk\/tdk-temak\/\" target=\"_blank\" rel=\"noopener noreferrer\">TDK t\u00e9ma v\u00e1laszt\u00e1s<\/a> \u00e9s TDK munka)<br \/>\n<\/em><\/li>\n<li><em>Regisztr\u00e1ci\u00f3 szem\u00e9lyesen a Magatart\u00e1studom\u00e1nyi Int\u00e9zetben (NET XX.em. 2013-as irod\u00e1ban Raduch Csill\u00e1n\u00e1l), vagy a <\/em><em><strong>raduch.csilla@med.semmelweis-univ.hu<\/strong> e-mail c\u00edmen az innen let\u00f6lthet\u0151\u00a0<\/em><em><a href=\"https:\/\/semmelweis.hu\/magtud\/files\/2025\/08\/TDK_Jelentkezesi_lap_2025_2026.doc\">TDK Jelentkez\u00e9si lap<\/a>\u00a0 kit\u00f6lt\u00e9se \u00e9s visszak\u00fcld\u00e9se r\u00e9v\u00e9n<\/em><\/li>\n<li><em>A t\u00e9mavezet\u0151vel val\u00f3 egyeztet\u00e9s \u00e9s az int\u00e9zetben val\u00f3 regisztr\u00e1l\u00e1st k\u00f6vet\u0151en\u00a0 a hallgat\u00f3nak fel kell vennie a TDK munka t\u00e1rgyat a Neptun rendszerben is.<\/em><\/li>\n<\/ol>\n<p>A fent le\u00edrt regisztr\u00e1ci\u00f3s folyamat a TDK-munka \u00e9s a f\u00e9l\u00e9v elfogad\u00e1s\u00e1nak felt\u00e9tele.<\/p>\n","protected":false},"excerpt":{"rendered":"<p>Mivel a TDK-munka kredites t\u00e1rgynak min\u0151s\u00fcl, ez\u00e9rt a f\u00e9l\u00e9v elfogad\u00e1snak ugyan\u00fagy felt\u00e9telei vannak, mint a t\u00f6bbi tant\u00e1rgy eset\u00e9ben. K\u00fcl\u00f6n felh\u00edvn\u00e1m a figyelmet a kutat\u00e1si terv lead\u00e1s\u00e1ra. A jelentkez\u00e9s\/regisztr\u00e1ci\u00f3 l\u00e9p\u00e9sei: Egyeztet\u00e9s a leend\u0151 t\u00e9mavezet\u0151vel ( <a href=\"https:\/\/semmelweis.hu\/magtud\/kutatas\/tdk\/tdk-temak\/\" target=\"_blank\" rel=\"noopener noreferrer\">TDK t\u00e9ma v\u00e1laszt\u00e1s<\/a> \u00e9s TDK munka) Regisztr\u00e1ci\u00f3 szem\u00e9lyesen a Magatart\u00e1studom\u00e1nyi Int\u00e9zetben (NET XX.em. 2013-as irod\u00e1ban Raduch Csill\u00e1n\u00e1l), vagy a raduch.csilla@med.semmelweis-univ.hu e-mail c\u00edmen az innen &hellip;<\/p>\n","protected":false},"author":101277,"featured_media":0,"parent":4264,"menu_order":2,"comment_status":"closed","ping_status":"closed","template":"","meta":{"_acf_changed":false,"footnotes":""},"categories":[],"tags":[],"class_list":["post-7267","page","type-page","status-publish","hentry"],"acf":[],"_links":{"self":[{"href":"https:\/\/semmelweis.hu\/magtud\/wp-json\/wp\/v2\/pages\/7267","targetHints":{"allow":["GET"]}}],"collection":[{"href":"https:\/\/semmelweis.hu\/magtud\/wp-json\/wp\/v2\/pages"}],"about":[{"href":"https:\/\/semmelweis.hu\/magtud\/wp-json\/wp\/v2\/types\/page"}],"author":[{"embeddable":true,"href":"https:\/\/semmelweis.hu\/magtud\/wp-json\/wp\/v2\/users\/101277"}],"replies":[{"embeddable":true,"href":"https:\/\/semmelweis.hu\/magtud\/wp-json\/wp\/v2\/comments?post=7267"}],"version-history":[{"count":9,"href":"https:\/\/semmelweis.hu\/magtud\/wp-json\/wp\/v2\/pages\/7267\/revisions"}],"predecessor-version":[{"id":12906,"href":"https:\/\/semmelweis.hu\/magtud\/wp-json\/wp\/v2\/pages\/7267\/revisions\/12906"}],"up":[{"embeddable":true,"href":"https:\/\/semmelweis.hu\/magtud\/wp-json\/wp\/v2\/pages\/4264"}],"wp:attachment":[{"href":"https:\/\/semmelweis.hu\/magtud\/wp-json\/wp\/v2\/media?parent=7267"}],"wp:term":[{"taxonomy":"category","embeddable":true,"href":"https:\/\/semmelweis.hu\/magtud\/wp-json\/wp\/v2\/categories?post=7267"},{"taxonomy":"post_tag","embeddable":true,"href":"https:\/\/semmelweis.hu\/magtud\/wp-json\/wp\/v2\/tags?post=7267"}],"curies":[{"name":"wp","href":"https:\/\/api.w.org\/{rel}","templated":true}]}}