{"id":6877,"date":"2019-08-23T10:57:18","date_gmt":"2019-08-23T08:57:18","guid":{"rendered":"http:\/\/semmelweis.hu\/magtud\/?page_id=6877"},"modified":"2024-09-25T10:26:31","modified_gmt":"2024-09-25T08:26:31","slug":"bioethics-faculty-of-dentistry","status":"publish","type":"page","link":"https:\/\/semmelweis.hu\/magtud\/en\/education\/faculty-of-dentistry\/bioethics-faculty-of-dentistry\/","title":{"rendered":"Bioethics &#8211; Faculty of Dentistry"},"content":{"rendered":"<div class=\"responsive-tabs\">\n<h2 class=\"tabtitle\">2024\/2025 year I. semester<\/h2>\n<div class=\"tabcontent\">\n\n<p>Bioethics Course Syllabus.<\/p>\n<p>(FOKVMAG259_1A)<\/p>\n<p>(Faculty of Dentistry, 4th year)<\/p>\n<p>(28 hours)<\/p>\n<p>2024\/2025 year I. semester<\/p>\n<p><u>Course objectives:<\/u><\/p>\n<ul>\n<li>To enable students to recognize ethical issues when encountered in everyday clinical practice and research<\/li>\n<li>To provide students with a conceptual-logical system, which helps them to address ethical questions and\u00a0 toresolve ethical dilemmas in an efficent way<\/li>\n<li>To introduce students to a body of knowledge, which helps them to understand, respect and protect the rights of patienst research subjects and fellow health care professionals<\/li>\n<li>To help the would be health care professional to undertand the responsibility of the individual, of the health care system and of the society as a whole in maintaining health<\/li>\n<\/ul>\n<p>Lectures:<\/p>\n<p>Time: Thursdays, 13.00-14.30<\/p>\n<p>Venue: \u00c1rk\u00f6vy Lecture Hall (1088. Budapest, Szentkir\u00e1ly\u00a0 u. 47.)<\/p>\n<p>&nbsp;<\/p>\n<ol>\n<li>week (Lecture) (5 September, 2024)<\/li>\n<\/ol>\n<p>Principles of Medical Ethics (Jozsef Kovacs)<\/p>\n<p>&nbsp;<\/p>\n<ol start=\"2\">\n<li>week. (Lecture) (12 September, 2024)<\/li>\n<\/ol>\n<p>Informed Consent I. (Jozsef Kovacs)<\/p>\n<p>&nbsp;<\/p>\n<ol start=\"3\">\n<li>week. (Lecture) (19 September, 2024)<\/li>\n<\/ol>\n<p>Infomed Consent II. (Jozsef Kovacs)<\/p>\n<p>&nbsp;<\/p>\n<ol start=\"4\">\n<li>week. (Lecture) (26 September, 2024)<\/li>\n<\/ol>\n<p>Competence and Capacity to Make Health Care Decisions (Orsolya Peter)<\/p>\n<p>Information Disclosure\u00a0 to Terminally Ill Patients. Telling the Truth to Patients (Orsolya Peter)<\/p>\n<p>&nbsp;<\/p>\n<ol start=\"5\">\n<li>week. (Lecture) (3 October, 2024)<\/li>\n<\/ol>\n<p>Information Disclosure\u00a0 to Terminally Ill Patients. Telling the Truth to Patients (Orsolya Peter)<\/p>\n<p>&nbsp;<\/p>\n<ol start=\"6\">\n<li>week (Lecture) (10 October, 2024)<\/li>\n<\/ol>\n<p>Reproductive Issues (Orsolya Peter)<\/p>\n<p>&nbsp;<\/p>\n<ol start=\"7\">\n<li>week. (17 October, 2024)<\/li>\n<\/ol>\n<p>End of Life Issues\u00a0 (Jozsef Kovacs)<\/p>\n<p>&nbsp;<\/p>\n<ol start=\"8\">\n<li>week. (24 October, 2024)<\/li>\n<\/ol>\n<p>Malpractice (Orsolya P\u00e9ter) \u00a0<\/p>\n<p>&nbsp;<\/p>\n<ol start=\"9\">\n<li>week. (Lecture) (31 October, 2024)<\/li>\n<\/ol>\n<p>Confidentiality and Medical Records. Reportable Illnesses, HIV-Related Issues, Sexually Transmitted Diseases (STDs) (Orsolya P\u00e9ter)<\/p>\n<p>&nbsp;<\/p>\n<ol start=\"10\">\n<li>week (Lecture) (7 November, 2024)<\/li>\n<\/ol>\n<p>Organ and Tissue\u00a0 Transplantation (Jozsef Kovacs)<\/p>\n<p>&nbsp;<\/p>\n<ol start=\"11\">\n<li>week. (14 November , 2024)<\/li>\n<\/ol>\n<p>Doctor-Patient, \u00a0Doctor-Doctor Relationship (Jozsef Kovacs)<\/p>\n<p>&nbsp;<\/p>\n<ol start=\"12\">\n<li>week (Lecture). (21 November, 2024)<\/li>\n<\/ol>\n<p>Doctor and Society (Jozsef Kovacs)<\/p>\n<p>&nbsp;<\/p>\n<ol start=\"13\">\n<li>week (Lecture). (28 November, 2024)<\/li>\n<\/ol>\n<p>Ethical Questions of Human Reasearch (Jozsef Kovacs)<\/p>\n<p>&nbsp;<\/p>\n<ol start=\"14\">\n<li>week (Lecture) (5 December, 2024)<\/li>\n<\/ol>\n<p>The Rights of Patients (Orsolya P\u00e9ter)<\/p>\n<p>&nbsp;<\/p>\n<p><u>Course Faculty:<\/u><\/p>\n<p>Jozsef Kovacs, MD, PhD,\u00a0 (Head of the Department of Bioethics), 210-2953; e-mail: <a href=\"mailto:kovacs.jozsef@med.semmelweis-univ.hu\">kovacs.jozsef@med.semmelweis-univ.hu<\/a> (Room 2003)<\/p>\n<p>\u00c1gnes D\u00f3sa, MD, JD, PhD e-mail: dosaagi@yahoo.com \u00a0(Tel: +36-30-9-912-462)<\/p>\n<p>Imre Szebik, MD, PhD e-mail: <a href=\"mailto:szebik.imre@med.semmelweis-univ.hu\">szebik.imre@med.semmelweis-univ.hu<\/a> (Room\u00a0 1914) (Tel: +36-20-824-3195)<\/p>\n<p>Jen\u0151 L\u0151rincz, MD, JD\u00a0 e-mail: <a href=\"mailto:lorincz.jeno@med.semmelweis-univ.hu\">lorincz.jeno@med.semmelweis-univ.hu<\/a>\u00a0 (Room 2007)\u00a0 (Tel: +36-30-749-4768)<\/p>\n<p>\u00c1gnes Zana, PhD e-mail: <a href=\"mailto:zana.agnes@med.semmelweis-univ.hu\">zana.agnes@med.semmelweis-univ.hu<\/a> (Room 2008) (Tel: +36-30-53-01-647)<\/p>\n<p>Orsolya P\u00e9ter, JD, PhD, <a href=\"mailto:peter.orsolya@med.semmelweis-univ.hu\">peter.orsolya@med.semmelweis-univ.hu<\/a>; <a href=\"mailto:peterorsolya@gmail.com\">peterorsolya@gmail.com<\/a> \u00a0(Room 2012) (Tel: +36-30-906-5787)<\/p>\n<p><u>\u00a0<\/u><\/p>\n<p><u>Department: <\/u><\/p>\n<p>Institute of Behavioral Sciences<\/p>\n<p>Department of Bioethics<\/p>\n<p>NET Building, 19th, 20th floor<\/p>\n<ol start=\"1089\">\n<li>Budapest, Nagyv\u00e1rad t\u00e9r 4.<\/li>\n<\/ol>\n<p>Tel: 210-2953<\/p>\n<p><strong>\u00a0<\/strong><strong>\u00a0<\/strong><\/p>\n<p><strong>Secretary:<\/strong> Csilla Motyovszki, e-mail:\u00a0 <a href=\"mailto:motyovszki.csilla@med.semmelweis-univ.hu\">motyovszki.csilla@med.semmelweis-univ.hu<\/a><\/p>\n<p>Tel: 210-2930\/56114,<\/p>\n<p>NET Building, 20th floor, Room-2015<\/p>\n<p><strong>\u00a0<\/strong>Course attandance statitstics can be found on NEPTUN in the following way:<\/p>\n<p>Taken courses &#8212; options &#8212; Course details &#8212; Attendance statistics.<\/p>\n<p><strong>\u00a0<\/strong><\/p>\n<p>List of questions<\/p>\n<p>&nbsp;<\/p>\n<ol>\n<li>The principles of medical ethics<\/li>\n<li>Competence and the capacity to make decisions<\/li>\n<li>Paternalism in medical practice<\/li>\n<li>Informed consent<\/li>\n<li>Information disclosure for terminally ill patients<\/li>\n<li>Withholding and withdrawal of medical treatment<\/li>\n<li>Advance Directives<\/li>\n<li>Do not resuscitate (DNR) orders<\/li>\n<li>Withholding Fluids and Nutrition in terminally ill patients<\/li>\n<li>Physician assisted suicide<\/li>\n<li>Active and Passive Euthanasia<\/li>\n<li>Terminal sedation and the law of double effect<\/li>\n<li>Futile medical care<\/li>\n<li>Determination of death and brain death<\/li>\n<li>Ethical probems of live organ donation<\/li>\n<li>Organd donation from brain-dead donors: the system of donor cards.<\/li>\n<li>Organd donation form brain-dead donors: presumed consent<\/li>\n<li>Reproductive issues (abortion, contraception, sterilization, donation of sperm and eggs)<\/li>\n<li>HIV related issues (confidentiality, partner notification, HIV-positive health-care workers,<\/li>\n<li>refusal to treat HIV-positive patients) and sexually transmitted diseases (STDs)<\/li>\n<li>Malpractice<\/li>\n<li>Doctor-patient relationship (beginning and ending the relationship, gifts from patients, doctor\/patient sexual contact)<\/li>\n<li>Doctor and society (child abuse, elder abuse, impaired drivers, physician participation in executions, torture, spousal abuse, gunshot wounds, gifts and industry funding)<\/li>\n<li>Doctor-doctor relationship (reporting impaired phyisicians, physician disagreements)<\/li>\n<li>Confidentiality and medical records<\/li>\n<li>Ethical Questions of Human Research<\/li>\n<\/ol>\n<p><u>\u00a0<\/u><\/p>\n<p><u>Textbook: <\/u><\/p>\n<p><strong>Conrad Fischer\u2014Caterina Oneto (2016): Medical Ethics fot the Boards.\u00a0 (Third edition) New York: McGraw-Hill Education.<\/strong><\/p>\n<p><strong>ISBN: 978-1-259-64121-3<\/strong><\/p>\n<p><strong>MHID 1-25-964121-X<\/strong><\/p>\n<p>The textbook can be ordered in the following bookshop: Medicina k\u00f6nyvesbolt, Budapest, IX. \u00dcll\u0151i \u00fat 91\/a (tel: 06-1-215-3786)<\/p>\n<p><u>Lectures: <\/u>The power point slides of the lectures can be found at:<\/p>\n<p><a href=\"http:\/\/semmelweis.hu\/magtud\/en\/education\/faculty-of-dentistry\">http:\/\/semmelweis.hu\/magtud\/en\/education\/faculty-of-dentistry<\/a>\u00a0<\/p>\n<p>amd on the Moodle site of the course<\/p>\n<p>Password is given on the lectures<\/p>\n<p>A thorough knowledge of the textbook\u00a0 is the absolute minimum for passing the exam, although\u00a0 in itself it may not be enough to pass it.<\/p>\n<p>Because the power point\u00a0 slides contain only the outline of each\u00a0 lecture, participation on the lectures\u00a0 is indispensable for a full understanding of the subject.<\/p>\n<p>&nbsp;<\/p>\n\n<\/div><h2 class=\"tabtitle\">2023\/2024 year I. semester<\/h2>\n<div class=\"tabcontent\">\n\n<p>Bioethics Course Syllabus.<\/p>\n<p>(FOKVMAG259_1A)<\/p>\n<p>(Faculty of Dentistry, 4th year)<\/p>\n<p>(28 hours)<\/p>\n<p>2023\/2024 year I. semester<\/p>\n<p><u>\u00a0<\/u><\/p>\n<p><u>Course objectives:<\/u><\/p>\n<ul>\n<li>To enable students to recognize ethical issues when encountered in everyday clinical practice and research<\/li>\n<li>To provide students with a conceptual-logical system, which helps them to address ethical questions and\u00a0 toresolve ethical dilemmas in an efficent way<\/li>\n<li>To introduce students to a body of knowledge, which helps them to understand, respect and protect the rights of patienst research subjects and fellow health care professionals<\/li>\n<li>To help the would be health care professional to undertand the responsibility of the individual, of the health care system and of the society as a whole in maintaining health<\/li>\n<\/ul>\n<p>&nbsp;<\/p>\n<p>Lectures:<\/p>\n<p>Time: Thursdays, 13.00-14.30<\/p>\n<p>Venue: \u00c1rk\u00f6vy Lecture Hall (1088. Budapest, Szentkir\u00e1ly\u00a0 u. 47.)<\/p>\n<p>&nbsp;<\/p>\n<p>&nbsp;<\/p>\n<ol>\n<li>week (Lecture) (7 September, 2023)<\/li>\n<\/ol>\n<p>Principles of Medical Ethics (Jozsef Kovacs)<\/p>\n<p>&nbsp;<\/p>\n<p>&nbsp;<\/p>\n<ol start=\"2\">\n<li>week. (Lecture) (14 September, 2023)<\/li>\n<\/ol>\n<p>&nbsp;<\/p>\n<p>Informed Consent I. (Jozsef Kovacs)<\/p>\n<p>&nbsp;<\/p>\n<p><u>\u00a0<\/u><\/p>\n<p>&nbsp;<\/p>\n<ol start=\"3\">\n<li>week. (Lecture) (21 September, 2023)<\/li>\n<\/ol>\n<p>Infomed Consent II. (Jozsef Kovacs)<\/p>\n<p>&nbsp;<\/p>\n<p>&nbsp;<\/p>\n<p>&nbsp;<\/p>\n<ol start=\"4\">\n<li>week. (Lecture) (28 September, 2023)<\/li>\n<\/ol>\n<p>Competence and Capacity to Make Health Care Decisions (Orsolya Peter)<\/p>\n<p>Information Disclosure\u00a0 to Terminally Ill Patients. Telling the Truth to Patients (Orsolya Peter)<\/p>\n<p>&nbsp;<\/p>\n<p>&nbsp;<\/p>\n<p>&nbsp;<\/p>\n<ol start=\"5\">\n<li>week. (Lecture) (5 October, 2023)<\/li>\n<\/ol>\n<p>Information Disclosure\u00a0 to Terminally Ill Patients. Telling the Truth to Patients (Orsolya Peter)<\/p>\n<p>&nbsp;<\/p>\n<ol start=\"6\">\n<li>week (Lecture) (12 October, 2023)<\/li>\n<\/ol>\n<p>End of Life Issues\u00a0 (Jozsef Kovacs)<\/p>\n<p>&nbsp;<\/p>\n<p>&nbsp;<\/p>\n<ol start=\"7\">\n<li>week. (19 October, 2023)<\/li>\n<\/ol>\n<p>Reproductive Issues (Orsolya Peter)<\/p>\n<p>&nbsp;<\/p>\n<p>&nbsp;<\/p>\n<ol start=\"8\">\n<li>week. (26 October, 2023)<\/li>\n<\/ol>\n<p>\u00a0Organ and Tissue\u00a0 Transplantation (Jozsef Kovacs)<\/p>\n<p>&nbsp;<\/p>\n<p>&nbsp;<\/p>\n<ol start=\"9\">\n<li>week. (Lecture) (2 November, 2023)<\/li>\n<\/ol>\n<p>Malpractice (Orsolya P\u00e9ter)<\/p>\n<p>&nbsp;<\/p>\n<p>&nbsp;<\/p>\n<ol start=\"10\">\n<li>week (Lecture) (9 November, 2023)<\/li>\n<\/ol>\n<p>Doctor-Patient, \u00a0Doctor-Doctor Relationship (Jozsef Kovacs)<\/p>\n<p>&nbsp;<\/p>\n<p>&nbsp;<\/p>\n<ol start=\"11\">\n<li>week. (16 November , 2023)<\/li>\n<\/ol>\n<p>Doctor and Society (Jozsef Kovacs)<\/p>\n<p>&nbsp;<\/p>\n<ol start=\"12\">\n<li>week (Lecture). (23 November, 2023)<\/li>\n<\/ol>\n<p>Ethical Questions of Human Reasearch (Jozsef Kovacs)<\/p>\n<p>&nbsp;<\/p>\n<p>&nbsp;<\/p>\n<ol start=\"13\">\n<li>week (Lecture). (30 Novembe3, 2023)<\/li>\n<\/ol>\n<p>&nbsp;<\/p>\n<p>Confidentiality and Medical Records. Reportable Illnesses, HIV-Related Issues, Sexually Transmitted Diseases (STDs) (Orsolya P\u00e9ter)<\/p>\n<p>&nbsp;<\/p>\n<p>&nbsp;<\/p>\n<ol start=\"14\">\n<li>week (Lecture) (7 December, 2023)<\/li>\n<\/ol>\n<p>&nbsp;<\/p>\n<p>The Rights of Patients (Orsolya P\u00e9ter)<\/p>\n<p>&nbsp;<\/p>\n<p>&nbsp;<\/p>\n<p><u>Course Faculty:<\/u><\/p>\n<p>Jozsef Kovacs, MD, PhD,\u00a0 (Head of the Department of Bioethics), 210-2953; e-mail: <a href=\"mailto:kovacs.jozsef@med.semmelweis-univ.hu\">kovacs.jozsef@med.semmelweis-univ.hu<\/a> (Room 2003)<\/p>\n<p>\u00c1gnes D\u00f3sa, MD, JD, PhD e-mail: dosaagi@yahoo.com \u00a0(Tel: +36-30-9-912-462)<\/p>\n<p>Imre Szebik, MD, PhD e-mail: <a href=\"mailto:szebik.imre@med.semmelweis-univ.hu\">szebik.imre@med.semmelweis-univ.hu<\/a> (Room\u00a0 1914) (Tel: +36-20-824-3195)<\/p>\n<p>Jen\u0151 L\u0151rincz, MD, JD\u00a0 e-mail: <a href=\"mailto:lorincz.jeno@med.semmelweis-univ.hu\">lorincz.jeno@med.semmelweis-univ.hu<\/a>\u00a0 (Room 2007)\u00a0 (Tel: +36-30-749-4768)<\/p>\n<p>\u00c1gnes Zana, PhD e-mail: <a href=\"mailto:zana.agnes@med.semmelweis-univ.hu\">zana.agnes@med.semmelweis-univ.hu<\/a> (Room 2008) (Tel: +36-30-53-01-647)<\/p>\n<p>Orsolya P\u00e9ter, JD, PhD, <a href=\"mailto:peter.orsolya@med.semmelweis-univ.hu\">peter.orsolya@med.semmelweis-univ.hu<\/a>; <a href=\"mailto:peterorsolya@gmail.com\">peterorsolya@gmail.com<\/a> \u00a0(Room 2012) (Tel: +36-30-906-5787)<\/p>\n<p><u>\u00a0<\/u><\/p>\n<p><u>Department: <\/u><\/p>\n<p>Institute of Behavioral Sciences<\/p>\n<p>Department of Bioethics<\/p>\n<p>NET Building, 19th, 20th floor<\/p>\n<ol start=\"1089\">\n<li>Budapest, Nagyv\u00e1rad t\u00e9r 4.<\/li>\n<\/ol>\n<p>Tel: 210-2953<\/p>\n<p><strong>\u00a0<\/strong><\/p>\n<p><strong>\u00a0<\/strong><\/p>\n<p><strong>Secretary:<\/strong> Csilla Motyovszki, e-mail:\u00a0 <a href=\"mailto:motyovszki.csilla@med.semmelweis-univ.hu\">motyovszki.csilla@med.semmelweis-univ.hu<\/a><\/p>\n<p>Tel: 210-2930\/56114,<\/p>\n<p>NET Building, 20th floor, Room-2015<\/p>\n<p><strong>\u00a0<\/strong><\/p>\n<p>Course attandance statitstics can be found on NEPTUN in the following way:<\/p>\n<p>Taken courses &#8212; options &#8212; Course details &#8212; Attendance statistics.<\/p>\n<p><strong>\u00a0<\/strong><\/p>\n<p><strong>\u00a0<\/strong><\/p>\n<p><strong>\u00a0<\/strong><\/p>\n<h2>List of questions<\/h2>\n<p>&nbsp;<\/p>\n<p>&nbsp;<\/p>\n<ol>\n<li>The principles of medical ethics<\/li>\n<li>Competence and the capacity to make decisions<\/li>\n<li>Paternalism in medical practice<\/li>\n<li>Informed consent<\/li>\n<li>Information disclosure for terminally ill patients<\/li>\n<li>Withholding and withdrawal of medical treatment<\/li>\n<li>Advance Directives<\/li>\n<li>Do not resuscitate (DNR) orders<\/li>\n<li>Withholding Fluids and Nutrition in terminally ill patients<\/li>\n<li>Physician assisted suicide<\/li>\n<li>Active and Passive Euthanasia<\/li>\n<li>Terminal sedation and the law of double effect<\/li>\n<li>Futile medical care<\/li>\n<li>Determination of death and brain death<\/li>\n<li>Ethical probems of live organ donation<\/li>\n<li>Organd donation from brain-dead donors: the system of donor cards.<\/li>\n<li>Organd donation form brain-dead donors: presumed consent<\/li>\n<li>Reproductive issues (abortion, contraception, sterilization, donation of sperm and eggs)<\/li>\n<li>HIV related issues (confidentiality, partner notification, HIV-positive health-care workers,<\/li>\n<li>refusal to treat HIV-positive patients) and sexually transmitted diseases (STDs)<\/li>\n<li>Malpractice<\/li>\n<li>Doctor-patient relationship (beginning and ending the relationship, gifts from patients, doctor\/patient sexual contact)<\/li>\n<li>Doctor and society (child abuse, elder abuse, impaired drivers, physician participation in executions, torture, spousal abuse, gunshot wounds, gifts and industry funding)<\/li>\n<li>Doctor-doctor relationship (reporting impaired phyisicians, physician disagreements)<\/li>\n<li>Confidentiality and medical records<\/li>\n<li>Ethical Questions of Human Research<\/li>\n<\/ol>\n<p><u>\u00a0<\/u><\/p>\n<p><u>\u00a0<\/u><\/p>\n<p><u>Textbook: <\/u><\/p>\n<p><strong>Conrad Fischer\u2014Caterina Oneto (2016): Medical Ethics fot the Boards.\u00a0 (Third edition) New York: McGraw-Hill Education.<\/strong><\/p>\n<p><strong>ISBN: 978-1-259-64121-3<\/strong><\/p>\n<p><strong>MHID 1-25-964121-X<\/strong><\/p>\n<p>&nbsp;<\/p>\n<p>The textbook can be ordered in the following bookshop: Medicina k\u00f6nyvesbolt, Budapest, IX. \u00dcll\u0151i \u00fat 91\/a (tel: 06-1-215-3786)<\/p>\n<p>&nbsp;<\/p>\n<p><u>Lectures: <\/u>The power point slides of the lectures can be found at:<\/p>\n<p><a href=\"http:\/\/semmelweis.hu\/magtud\/en\/education\/faculty-of-dentistry\">http:\/\/semmelweis.hu\/magtud\/en\/education\/faculty-of-dentistry<\/a>\u00a0<\/p>\n<p>amd on the Moodle site of the course<\/p>\n<p>&nbsp;<\/p>\n<p>Password is given on the lectures<\/p>\n<p>&nbsp;<\/p>\n<p>A thorough knowledge of the textbook\u00a0 is the absolute minimum for passing the exam, although\u00a0 in itself it may not be enough to pass it.<\/p>\n<p>Because the power point\u00a0 slides contain only the outline of each\u00a0 lecture, participation on the lectures\u00a0 is indispensable for a full understanding of the subject.<\/p>\n<\/div><\/div>\n","protected":false},"excerpt":{"rendered":"<p>Bioethics Course Syllabus. (FOKVMAG259_1A) (Faculty of Dentistry, 4th year) (28 hours) 2024\/2025 year I. semester Course objectives: To enable students to recognize ethical issues when encountered in everyday clinical practice and research To provide students with a conceptual-logical system, which helps them to address ethical questions and\u00a0 toresolve ethical dilemmas in an efficent way To &hellip;<\/p>\n","protected":false},"author":101277,"featured_media":0,"parent":3367,"menu_order":0,"comment_status":"closed","ping_status":"closed","template":"","meta":{"_acf_changed":false,"footnotes":""},"categories":[],"tags":[],"class_list":["post-6877","page","type-page","status-publish","hentry"],"acf":[],"_links":{"self":[{"href":"https:\/\/semmelweis.hu\/magtud\/wp-json\/wp\/v2\/pages\/6877","targetHints":{"allow":["GET"]}}],"collection":[{"href":"https:\/\/semmelweis.hu\/magtud\/wp-json\/wp\/v2\/pages"}],"about":[{"href":"https:\/\/semmelweis.hu\/magtud\/wp-json\/wp\/v2\/types\/page"}],"author":[{"embeddable":true,"href":"https:\/\/semmelweis.hu\/magtud\/wp-json\/wp\/v2\/users\/101277"}],"replies":[{"embeddable":true,"href":"https:\/\/semmelweis.hu\/magtud\/wp-json\/wp\/v2\/comments?post=6877"}],"version-history":[{"count":10,"href":"https:\/\/semmelweis.hu\/magtud\/wp-json\/wp\/v2\/pages\/6877\/revisions"}],"predecessor-version":[{"id":12491,"href":"https:\/\/semmelweis.hu\/magtud\/wp-json\/wp\/v2\/pages\/6877\/revisions\/12491"}],"up":[{"embeddable":true,"href":"https:\/\/semmelweis.hu\/magtud\/wp-json\/wp\/v2\/pages\/3367"}],"wp:attachment":[{"href":"https:\/\/semmelweis.hu\/magtud\/wp-json\/wp\/v2\/media?parent=6877"}],"wp:term":[{"taxonomy":"category","embeddable":true,"href":"https:\/\/semmelweis.hu\/magtud\/wp-json\/wp\/v2\/categories?post=6877"},{"taxonomy":"post_tag","embeddable":true,"href":"https:\/\/semmelweis.hu\/magtud\/wp-json\/wp\/v2\/tags?post=6877"}],"curies":[{"name":"wp","href":"https:\/\/api.w.org\/{rel}","templated":true}]}}