{"id":6830,"date":"2019-08-08T10:56:30","date_gmt":"2019-08-08T08:56:30","guid":{"rendered":"http:\/\/semmelweis.hu\/magtud\/?page_id=6830"},"modified":"2020-05-25T18:19:02","modified_gmt":"2020-05-25T16:19:02","slug":"szilvia-zorgo","status":"publish","type":"page","link":"https:\/\/semmelweis.hu\/magtud\/en\/institute\/staff\/szilvia-zorgo\/","title":{"rendered":"Dr. Szilvia Z\u00f6rg\u0151"},"content":{"rendered":"<p><img loading=\"lazy\" decoding=\"async\" class=\"wp-image-6831 alignright\" src=\"https:\/\/semmelweis.hu\/magtud\/files\/2019\/08\/Zorgo_Szilvi-1.jpg\" alt=\"\" width=\"209\" height=\"176\" srcset=\"https:\/\/semmelweis.hu\/magtud\/files\/2019\/08\/Zorgo_Szilvi-1.jpg 704w, https:\/\/semmelweis.hu\/magtud\/files\/2019\/08\/Zorgo_Szilvi-1-300x253.jpg 300w, https:\/\/semmelweis.hu\/magtud\/files\/2019\/08\/Zorgo_Szilvi-1-356x300.jpg 356w\" sizes=\"auto, (max-width: 209px) 100vw, 209px\" \/><\/p>\n<div class=\"responsive-tabs\">\n<h2 class=\"tabtitle\">Curriculum vitae<\/h2>\n<div class=\"tabcontent\">\n\n<p><strong>Dr. Szilvia Z\u00f6rg\u0151<br \/>\n<\/strong>Position: Assistant professor<\/p>\n<p><strong>Personal information<br \/>\n<\/strong>Nationality: Hungarian<br \/>\nTelephone: 06 30 86 22 466<br \/>\nE-mail: zorgoszilvia@gmail.com<\/p>\n<p><strong>Education<br \/>\n<\/strong>Mental Health Sciences (PhD), Semmelweis University, Budapest<br \/>\nCultural Anthropology (MA), E\u00f6tv\u00f6s Lor\u00e1nd University, Budapest<br \/>\nAmerican Studies (MA), Teacher of American Studies, E\u00f6tv\u00f6s Lor\u00e1nd University, Budapest<\/p>\n<p><strong>Language skills<br \/>\n<\/strong>English \u2013 Native speaker<br \/>\nSpanish \u2013 Beginner<\/p>\n<p>&nbsp;<\/p>\n<p><strong>Employment<\/strong><\/p>\n<p>2019.08 &#8211; present<strong><br \/>\nSemmelweis University, Institute of Behavioural Sciences<br \/>\n<\/strong>Assistant Professor<\/p>\n<p>2016.05 \u2013 present<br \/>\n<strong>Milestone Institute<br \/>\n<\/strong>Module leader: Cultural\/social anthropology, medical anthropology, cultural theory, academic writing (EN)<\/p>\n<p>2015\/2016 Fall \u2013 present<br \/>\n<strong>E\u00f6tv\u00f6s Lor\u00e1nd University, Center for Intercultural Psychology and Education<\/strong> (ELTE-PPK)<br \/>\nCourse: Culture definitions and dimensions (HU, EN)<\/p>\n<p>2018\/2019 Fall<br \/>\n<strong>E\u00f6tv\u00f6s Lor\u00e1nd University, Department of Cultural Anthropology<\/strong> (ELTE-T\u00c1TK)<br \/>\nCourse: Psychological and Neuroanthropology (EN)<\/p>\n<p>&nbsp;<\/p>\n<p><strong>Fellowships, vocational training, awards<\/strong><\/p>\n<p><strong>Fulbright Scholarship \u2013 Visiting student researcher<br \/>\n<\/strong>University of California, San Diego, 2017.09 \u2013 2018.01 (5 months)<\/p>\n<p><strong>Rosztoczy Foundation Scholarship \u2013 Visiting student researcher<br \/>\n<\/strong>University of California, San Diego, 2018.02 \u2013 2018.07 (5 months)<\/p>\n<p><strong>\u00a0<\/strong><\/p>\n<p><strong>Predoctoral Fellowship (EFOP-3.6.3-VEKOP-16-2017-00009)<br \/>\n<\/strong>Semmelweis University, 2017.09 \u2013 2018.08 (12 months)<\/p>\n<p>&nbsp;<\/p>\n<p><strong>New National Excellence Program (\u00daNKP-18)<br \/>\n<\/strong>Ministry of Human Capacities, 2018.09 \u2013 2019.06 (10 months)<br \/>\nProject title: \u201cSemiotic network analysis of information filtering mechanisms, interpretive processes, and patient behavior\u201d<\/p>\n<p>&nbsp;<\/p>\n<p><strong>\u201cBest Presenter\u201d award<br \/>\n<\/strong>Semmelweis University, PhD Scientific Days 2019, Mental Health Sciences Division<\/p>\n\n<\/div><h2 class=\"tabtitle\">Publications<\/h2>\n<div class=\"tabcontent\">\n\n<p>The full list of publications can be found <a href=\"https:\/\/m2.mtmt.hu\/gui2\/?type=authors&amp;mode=browse&amp;sel=10052956\" target=\"_blank\" rel=\"noopener noreferrer\"><strong>here<\/strong><\/a><\/p>\n<p><strong>Publications<br \/>\n<\/strong>Hungarian journal first author: 10, total: 11<br \/>\nInternational journal first author: 2, total: 3<br \/>\nHungarian book chapter first author: 2<br \/>\nInternational conference proceedings: 5, total: 27<\/p>\n<\/div><\/div>\n","protected":false},"excerpt":{"rendered":"<p>Dr. Szilvia Z\u00f6rg\u0151 Position: Assistant professor Personal information Nationality: Hungarian Telephone: 06 30 86 22 466 E-mail: zorgoszilvia@gmail.com Education Mental Health Sciences (PhD), Semmelweis University, Budapest Cultural Anthropology (MA), E\u00f6tv\u00f6s Lor\u00e1nd University, Budapest American Studies (MA), Teacher of American Studies, E\u00f6tv\u00f6s Lor\u00e1nd University, Budapest Language skills English \u2013 Native speaker Spanish \u2013 Beginner &nbsp; Employment &hellip;<\/p>\n","protected":false},"author":101277,"featured_media":0,"parent":3356,"menu_order":40,"comment_status":"closed","ping_status":"closed","template":"","meta":{"_acf_changed":false,"footnotes":""},"categories":[],"tags":[],"class_list":["post-6830","page","type-page","status-publish","hentry"],"acf":[],"_links":{"self":[{"href":"https:\/\/semmelweis.hu\/magtud\/wp-json\/wp\/v2\/pages\/6830","targetHints":{"allow":["GET"]}}],"collection":[{"href":"https:\/\/semmelweis.hu\/magtud\/wp-json\/wp\/v2\/pages"}],"about":[{"href":"https:\/\/semmelweis.hu\/magtud\/wp-json\/wp\/v2\/types\/page"}],"author":[{"embeddable":true,"href":"https:\/\/semmelweis.hu\/magtud\/wp-json\/wp\/v2\/users\/101277"}],"replies":[{"embeddable":true,"href":"https:\/\/semmelweis.hu\/magtud\/wp-json\/wp\/v2\/comments?post=6830"}],"version-history":[{"count":6,"href":"https:\/\/semmelweis.hu\/magtud\/wp-json\/wp\/v2\/pages\/6830\/revisions"}],"predecessor-version":[{"id":8323,"href":"https:\/\/semmelweis.hu\/magtud\/wp-json\/wp\/v2\/pages\/6830\/revisions\/8323"}],"up":[{"embeddable":true,"href":"https:\/\/semmelweis.hu\/magtud\/wp-json\/wp\/v2\/pages\/3356"}],"wp:attachment":[{"href":"https:\/\/semmelweis.hu\/magtud\/wp-json\/wp\/v2\/media?parent=6830"}],"wp:term":[{"taxonomy":"category","embeddable":true,"href":"https:\/\/semmelweis.hu\/magtud\/wp-json\/wp\/v2\/categories?post=6830"},{"taxonomy":"post_tag","embeddable":true,"href":"https:\/\/semmelweis.hu\/magtud\/wp-json\/wp\/v2\/tags?post=6830"}],"curies":[{"name":"wp","href":"https:\/\/api.w.org\/{rel}","templated":true}]}}