{"id":6788,"date":"2019-07-29T13:12:44","date_gmt":"2019-07-29T11:12:44","guid":{"rendered":"http:\/\/semmelweis.hu\/magtud\/?page_id=6788"},"modified":"2021-10-15T14:39:57","modified_gmt":"2021-10-15T12:39:57","slug":"dr-edmond-girasek","status":"publish","type":"page","link":"https:\/\/semmelweis.hu\/magtud\/en\/institute\/staff\/dr-edmond-girasek\/","title":{"rendered":"Dr. Edmond Girasek"},"content":{"rendered":"<p><img loading=\"lazy\" decoding=\"async\" class=\"wp-image-6789 alignright\" src=\"https:\/\/semmelweis.hu\/magtud\/files\/2019\/07\/GirasekEdmond-1.jpg\" alt=\"\" width=\"132\" height=\"176\" srcset=\"https:\/\/semmelweis.hu\/magtud\/files\/2019\/07\/GirasekEdmond-1.jpg 2232w, https:\/\/semmelweis.hu\/magtud\/files\/2019\/07\/GirasekEdmond-1-225x300.jpg 225w, https:\/\/semmelweis.hu\/magtud\/files\/2019\/07\/GirasekEdmond-1-768x1024.jpg 768w\" sizes=\"auto, (max-width: 132px) 100vw, 132px\" \/><\/p>\n<p>&nbsp;<\/p>\n<p>&nbsp;<\/p>\n<p>&nbsp;<\/p>\n<div class=\"responsive-tabs\">\n<h2 class=\"tabtitle\">Curriculum vitae<\/h2>\n<div class=\"tabcontent\">\n\n<p>&nbsp;<\/p>\n<p>&nbsp;<\/p>\n<p><strong>Work experience<\/strong><\/p>\n<p>2019 &#8211;\u00a0 <strong>Semmelweis University, Faculty of Medicine, Institute of Behavioural Sciences<\/strong>, <strong>Assistant Professor<br \/>\n<\/strong><\/p>\n<ul>\n<li>Teaching, research and publication activies \u2013 medical sociology on Hungarian and English language<\/li>\n<li>Course development<\/li>\n<li>Data analysis, data mining, data visualisation<\/li>\n<\/ul>\n<p>2018 &#8211; 2019\u00a0\u00a0\u00a0 <strong>National Education Authority, Department of Higher Education Research <\/strong>\u00a0 <strong>&#8211; Leader expert on Administrative Data Integration<\/strong><\/p>\n<ul>\n<li>Professional leader of administrative data integration<\/li>\n<li>Data warehouse specification, and the elaboration of related processes<\/li>\n<li>Consultation and collaboration with different actors (data owner, IT, policy)<\/li>\n<li>Data visualisation and dashboard development<\/li>\n<li>Data mining, data analysis<\/li>\n<\/ul>\n<p>2016 &#8211;\u00a0 2019\u00a0\u00a0 <strong>National Healthcare Services Center (\u00c1EEK)<br \/>\n<\/strong>\u00a0\u00a0\u00a0\u00a0\u00a0\u00a0\u00a0\u00a0\u00a0\u00a0\u00a0\u00a0\u00a0\u00a0\u00a0\u00a0\u00a0\u00a0\u00a0\u00a0\u00a0\u00a0\u00a0 Healthy Budapest Program<br \/>\n<strong>\u00a0\u00a0\u00a0\u00a0\u00a0\u00a0\u00a0\u00a0\u00a0\u00a0\u00a0\u00a0\u00a0\u00a0\u00a0\u00a0\u00a0\u00a0\u00a0\u00a0\u00a0\u00a0 Expert, member of health workforce working group<\/strong><\/p>\n<ul>\n<li>Elaboration of policy recommendations on health workforce<\/li>\n<li>Liaison with professional organisations (chambers) and hospitals<\/li>\n<li>Review and analysis of available data<\/li>\n<\/ul>\n<p>Employer: <strong>Semmelweis University, Health Services Management Traning Centre<br \/>\n<\/strong>2013 &#8211; 2017\u00a0\u00a0\u00a0\u00a0 <strong>Assistant professor<\/strong> \u2013 main tasks:<\/p>\n<ul>\n<li>Quantitative research activities, statistical data analysis (SPSS), research consultancy, data mining, negotiations with the data providers<\/li>\n<li>Execution of research programmes in national and international environment \u2013 negotiation, continuous collaboration with partners, research, analysis, publication and presentation<\/li>\n<li>Liaison with health policy actors (national and international)<\/li>\n<li>Support of IT development \u2013 specification, testing, operation, database planning, planning of data visualisation<\/li>\n<li>Project management<\/li>\n<li>Project planning, project preparation<\/li>\n<li>Consulting activities<\/li>\n<li>Teaching \u2013 Lectures and seminars (health management, and SPSS software)<\/li>\n<li>Curriculum development \u2013 consider the knowledge and need of students<\/li>\n<\/ul>\n<p>2012 &#8211; 2014\u00a0\u00a0\u00a0 Office for Health Authorisation and Administrative Procedures<br \/>\n<strong>Expert on Data warehouse development and data analysis\u00a0\u00a0\u00a0 <\/strong><\/p>\n<ul>\n<li>Data warehouse specification, and the elaboration of related processes<\/li>\n<li>Development of healthcare career paths based on data<\/li>\n<li>Continuous collaboration with the IT development team, interpreting the business requirements<\/li>\n<\/ul>\n<p>2009 &#8211; 2013\u00a0\u00a0\u00a0\u00a0 <strong>Assistant lecturer<\/strong><\/p>\n<p>2007 &#8211;\u00a0\u00a0\u00a0\u00a0\u00a0\u00a0\u00a0\u00a0\u00a0\u00a0\u00a0\u00a0\u00a0 <strong>Junior fellow <\/strong><\/p>\n<p><strong>\u00a0<\/strong>2006 &#8211;\u00a0 <strong>Freelancer researcher, advisor<\/strong><\/p>\n<ul>\n<li>Quantitative research activities, data analysis, research consultancy, project management<\/li>\n<li>Teaching<\/li>\n<li>Support of IT development \u2013 specification, testing, operation, database planning, planning of data visualisation<\/li>\n<\/ul>\n<p>2004\u00a0\u00a0\u00a0\u00a0\u00a0\u00a0 NRC Market research company<br \/>\n<strong>\u00a0\u00a0\u00a0\u00a0\u00a0\u00a0\u00a0\u00a0\u00a0\u00a0\u00a0\u00a0\u00a0\u00a0 Market research \u2013 trainee<\/strong><\/p>\n<p><strong>\u00a0<\/strong><\/p>\n<p><strong>\u00a0<\/strong><strong>Most important professional activities<\/strong><\/p>\n<p>2015 \u2013 \u00a0\u00a0 Expert activities on secondary use of health data, consultancy in EU level (Joint Action to Support eHealth Network project)<\/p>\n<p>2013 \u2013 \u00a0\u00a0 <strong>Interpreting business requirements, negotiations with data providers, data owners, match data, analysis, presentation<\/strong> in several health and health policy (big data) data analysis (not necessarily related to the project)<\/p>\n<p>2013 \u2013 2016\u00a0\u00a0\u00a0 European Joint Action on Health Workforce Planning and Forecasting project \u2013 <strong>review<\/strong> of national health workforce <strong>data collection systems, interpretation of data categories and process, analysis, publication and consultancy<\/strong><\/p>\n<p>2012 \u2013 2014\u00a0\u00a0\u00a0 National Human Resources for Health Monitoring System \u2013 <strong>data warehouse specification, interpreting role between the business and IT actors, specification of reporting system (with permissions), negotiation with data providers, establish collaborations, implementation and presenting the emerging issues to top leaders<\/strong><\/p>\n<p>2010 \u2013 2012\u00a0\u00a0\u00a0 Human Resources for Health Clearing House pilot project \u2013 <strong>data warehouse specification, understanding and interpreting the business requirements to project members, establishment collaboration with data providers, data analysis, presentation<\/strong><\/p>\n<p>2010 \u2013 \u00a0\u00a0 Elaboration, operation and continuous development<strong> of Semmelweis University Graduate Tracking System<\/strong><\/p>\n<p>2009 \u2013 2011 \u00a0\u00a0 Elaboration and operation of European <strong>data collection system, data analysis and publication<\/strong><\/p>\n<p>2008 \u2013 \u00a0\u00a0 Development and teaching several <strong>statistical and data analytics training<\/strong> (from beginner to advanced level)<\/p>\n<p><strong>\u00a0<\/strong><\/p>\n<p><strong>Education<\/strong><\/p>\n<p>2016 &#8211; 2018\u00a0\u00a0 Budapest Corvinus University \u2013 <strong>Business analytics \/ Data science<\/strong><\/p>\n<p>2008 &#8211; 2013\u00a0\u00a0 <strong>Semmelweis University School of Ph.D Studies<\/strong> PhD Studies in Health Sciences<\/p>\n<p>2001 &#8211; 2006 \u00a0 E\u00f6tv\u00f6s Lor\u00e1nd University (ELTE, Budapest) <strong>M.Sc. in Sociology<\/strong> (main subjects: quantitative research and social mobility)<\/p>\n<p><strong>\u00a0<\/strong><\/p>\n<p><strong>Other education<\/strong><\/p>\n<p>2016\u00a0\u00a0 <strong>Negotiation techniques<\/strong> on Harvard basics<\/p>\n<p>2016\u00a0\u00a0 <strong>Python intermediate<\/strong> \u2013 online course on Codecademy.com<\/p>\n<p>2015\u00a0\u00a0\u00a0 <strong>The Data Scientist\u2019s toolbox<\/strong> \u2013 Johns Hopkins University, online course<\/p>\n<p>2015\u00a0\u00a0\u00a0\u00a0 <strong>Project management<\/strong> training<\/p>\n<p>2013\u00a0 \u00a0 Semmelweis University <strong>e-Learning Train-The-Trainers course<\/strong> on e-learning teaching material development<\/p>\n<p>2010\u00a0\u00a0\u00a0 <strong>Pedagogy training<\/strong>, Semmelweis University<\/p>\n<p>2003 &#8211; 2006\u00a0\u00a0\u00a0 <strong>Social Sciences Special College<\/strong> (T\u00e1rsadalomtudom\u00e1nyi Szakkoll\u00e9gium) of E\u00f6tv\u00f6s Lor\u00e1nd University (founder member)<\/p>\n<p><strong>\u00a0<\/strong><\/p>\n<p><strong>Foreign Experiences<\/strong><\/p>\n<p>2019 &#8211; \u00a0 <strong>Co-chair<\/strong> \u2013 European Expert Group on Graduate Tracking, Taskforce on the pilot exchanging data on migrant graduates<\/p>\n<p>2018 &#8211; \u00a0 <strong>Advisory board member<\/strong> \u2013 Eurograduate, European Graduate Tracking pilot project<\/p>\n<p>2009 (May)\u00a0\u00a0 One month residency at the <strong>WHO European Observatory on Health Systems and Policies<\/strong> in Brussels. The objectives of the internship were participation in the Health PROMeTHEUS project management<\/p>\n<p>2008 \u00a0 Study tour and statistical training: <strong>Assessment of the impact of health financing reform on financial protection and equity in finance and service delivery in Hungary<\/strong>, WHO Barcelona Office<\/p>\n<p><strong>\u00a0<\/strong><\/p>\n<p><strong>Other experience<\/strong><\/p>\n<p>2013\u00a0 Participation in the elaboration of <strong>Prezi.com Hungarian localization<\/strong> (English-Hungarian translation in online environment)<\/p>\n<p><strong>\u00a0<\/strong><\/p>\n<p><strong>\u00a0<\/strong><strong>Personal strengths<\/strong><\/p>\n<ul>\n<li>Statistics, data analytics experience and interesting in quantitative methods<\/li>\n<li>Strong IT and database basics \u2013 can be the bridge between the IT developers and business side<\/li>\n<li>Problem and solution focused\/solution finder approach<\/li>\n<li>International experiences<\/li>\n<li>Team player, establishment and operation of cooperation<\/li>\n<li>Developing capacity and the need for continuous improvement<\/li>\n<\/ul>\n<p><strong>Languages<br \/>\n<\/strong>Hungarian &#8211; native language<br \/>\nEnglish\u00a0 &#8211;\u00a0 fluent<\/p>\n<p><strong>Computer Skills <\/strong><\/p>\n<ul>\n<li>MS Office applications (Word, Excel, PowerPoint, Outlook)<\/li>\n<li>SPSS \/ IBM Statistics \u2013 statistical software, advanced user, trainer<\/li>\n<li>Data mining: Rapidminer, MS Azure ML Studio<\/li>\n<li>Data visualisation and BI: Tableau, PowerBI<\/li>\n<li>Lotus Notes<\/li>\n<li>SQL basic<\/li>\n<li>Python basic<\/li>\n<\/ul>\n<p><strong><br \/>\nTeaching Experiences<\/strong><\/p>\n<p>2013\u00a0\u00a0\u00a0\u00a0\u00a0\u00a0 Healthcare management for BSc students: <strong>e-learning teaching material development<\/strong> (e-book writing and editing, e-learning learning modules development)<\/p>\n<p>2007 &#8211; \u00a0\u00a0 <strong>Introduction to healthcare management<\/strong> for heatlhcare informatician students \u2013 <strong>lecturer and course leader<\/strong><\/p>\n<p>2008 &#8211; \u00a0 <strong>SPSS training<\/strong> in various levels at more institutions<\/p>\n<p>2005 &#8211; 2006\u00a0 \u00a0 <strong>Introduction to the quantitative data analysis <\/strong>\u2013 seminar for sociology students<\/p>\n<p>2005 &#8211; 2007\u00a0\u00a0\u00a0 <strong>SPSS Advanced<\/strong> \u2013 seminar for social science college students<\/p>\n<p><strong>\u00a0<\/strong><strong>Other<br \/>\n<\/strong>Married,<br \/>\nNon-smoker,<br \/>\nDriving license B,<br \/>\nProject management knowledge<br \/>\nHobbies: Cycling tour, lake Balaton<\/p>\n\n<\/div><h2 class=\"tabtitle\">Publications<\/h2>\n<div class=\"tabcontent\">\n\n<p>The list of publications <a href=\"https:\/\/m2.mtmt.hu\/gui2\/?type=authors&amp;mode=browse&amp;sel=10024210\" target=\"_blank\" rel=\"noopener noreferrer\">click here<\/a><\/p>\n<\/div><\/div>\n","protected":false},"excerpt":{"rendered":"<p>&nbsp; &nbsp; &nbsp; &nbsp; &nbsp; Work experience 2019 &#8211;\u00a0 Semmelweis University, Faculty of Medicine, Institute of Behavioural Sciences, Assistant Professor Teaching, research and publication activies \u2013 medical sociology on Hungarian and English language Course development Data analysis, data mining, data visualisation 2018 &#8211; 2019\u00a0\u00a0\u00a0 National Education Authority, Department of Higher Education Research \u00a0 &#8211; Leader &hellip;<\/p>\n","protected":false},"author":101277,"featured_media":0,"parent":3356,"menu_order":16,"comment_status":"closed","ping_status":"closed","template":"","meta":{"_acf_changed":false,"footnotes":""},"categories":[],"tags":[],"class_list":["post-6788","page","type-page","status-publish","hentry"],"acf":[],"_links":{"self":[{"href":"https:\/\/semmelweis.hu\/magtud\/wp-json\/wp\/v2\/pages\/6788","targetHints":{"allow":["GET"]}}],"collection":[{"href":"https:\/\/semmelweis.hu\/magtud\/wp-json\/wp\/v2\/pages"}],"about":[{"href":"https:\/\/semmelweis.hu\/magtud\/wp-json\/wp\/v2\/types\/page"}],"author":[{"embeddable":true,"href":"https:\/\/semmelweis.hu\/magtud\/wp-json\/wp\/v2\/users\/101277"}],"replies":[{"embeddable":true,"href":"https:\/\/semmelweis.hu\/magtud\/wp-json\/wp\/v2\/comments?post=6788"}],"version-history":[{"count":4,"href":"https:\/\/semmelweis.hu\/magtud\/wp-json\/wp\/v2\/pages\/6788\/revisions"}],"predecessor-version":[{"id":6897,"href":"https:\/\/semmelweis.hu\/magtud\/wp-json\/wp\/v2\/pages\/6788\/revisions\/6897"}],"up":[{"embeddable":true,"href":"https:\/\/semmelweis.hu\/magtud\/wp-json\/wp\/v2\/pages\/3356"}],"wp:attachment":[{"href":"https:\/\/semmelweis.hu\/magtud\/wp-json\/wp\/v2\/media?parent=6788"}],"wp:term":[{"taxonomy":"category","embeddable":true,"href":"https:\/\/semmelweis.hu\/magtud\/wp-json\/wp\/v2\/categories?post=6788"},{"taxonomy":"post_tag","embeddable":true,"href":"https:\/\/semmelweis.hu\/magtud\/wp-json\/wp\/v2\/tags?post=6788"}],"curies":[{"name":"wp","href":"https:\/\/api.w.org\/{rel}","templated":true}]}}