{"id":6645,"date":"2019-06-12T15:29:41","date_gmt":"2019-06-12T13:29:41","guid":{"rendered":"http:\/\/semmelweis.hu\/magtud\/?page_id=6645"},"modified":"2021-09-10T15:01:08","modified_gmt":"2021-09-10T13:01:08","slug":"valaszthato-tantargy-tdk-hallgatok-reszere","status":"publish","type":"page","link":"https:\/\/semmelweis.hu\/magtud\/kutatas\/tdk\/valaszthato-tantargy-tdk-hallgatok-reszere\/","title":{"rendered":"V\u00e1laszthat\u00f3 tant\u00e1rgy TDK hallgat\u00f3k r\u00e9sz\u00e9re"},"content":{"rendered":"<p><span style=\"color: #000000\"> <div class=\"responsive-tabs\">\n<h2 class=\"tabtitle\">Hum\u00e1ntudom\u00e1nyok \u00e9s medicina di\u00e1kk\u00f6r 2021\/2022<\/h2>\n<div class=\"tabcontent\">\n<\/span><\/p>\n<p>A Hum\u00e1ntudom\u00e1nyok \u00e9s medicina di\u00e1kk\u00f6r minden p\u00e1ros h\u00e9ten kedden 18:00-kor a NET \u00e9p\u00fclet 10. szemin\u00e1riumban lesz.<\/p>\n<p>A Magatart\u00e1studom\u00e1nyi Int\u00e9zet rendhagy\u00f3 di\u00e1kk\u00f6ri tev\u00e9kenys\u00e9gre ad lehet\u0151s\u00e9get.<\/p>\n<p>A di\u00e1kk\u00f6rbe olyan hallgat\u00f3k jelentkez\u00e9s\u00e9t v\u00e1rjuk, akik orvosi tanulm\u00e1nyaik mellett \u00e9rdekl\u0151dnek a hum\u00e1ntudom\u00e1nyok ir\u00e1nt \u00e9s szeretn\u00e9nek a filoz\u00f3fia, eszt\u00e9tika, szociol\u00f3gia, \u00e9s irodalom ter\u00e9n alapm\u0171velts\u00e9gre szert tenni vagy megl\u00e9v\u0151 ismereteiket b\u0151v\u00edteni. A k\u00e9thetente lev\u0151 szemin\u00e1riumi alkalmak sor\u00e1n neves el\u0151ad\u00f3k seg\u00edts\u00e9g\u00e9vel j\u00e1runk k\u00f6rbe egy-egy t\u00e9m\u00e1t. A di\u00e1kk\u00f6r minden alkalma teljesen nyitott b\u00e1rki sz\u00e1m\u00e1ra, valamint TDK-munkak\u00e9nt is felvehet\u0151 (ebben az esetben 2 kredit j\u00e1r \u00e9rte \u00e9s jelentkez\u00e9s raduch.csilla@med.semmelweis-univ.hu c\u00edmen).<\/p>\n<p>Tervezett tematika a 2021\/22-es tan\u00e9v \u0151szi szemeszter\u00e9re:<\/p>\n<p>&#8211; Tudom\u00e1nyegyetemen tanulunk, de miben rejlik a tud\u00e1s?.; Megh\u00edvott el\u0151ad\u00f3: T\u0151zs\u00e9r J\u00e1nos ELTE BTK<\/p>\n<p>&#8211; Egzisztencializmus alapjai. Hal\u00e1l, mag\u00e1ny, \u00e9rtelem, szabads\u00e1g; Megh\u00edvott el\u0151ad\u00f3: K\u0151v\u00e1ry Zolt\u00e1n ELTE PPK<\/p>\n<p>&#8211; Eszt\u00e9tika bevezet\u0151: Byung-Chul Han: A sz\u00e9p megment\u00e9se;<\/p>\n<p>&#8211; Szabad akarat \u00e9s mor\u00e1lis felel\u0151ss\u00e9g<\/p>\n<p>&#8211; A tudat \u00e9s tudattalan viszonya, a fenomenol\u00f3giai elme;<\/p>\n<p>&#8211; Cogito ergo sum\/Test-l\u00e9lek probl\u00e9ma alapjai;<\/p>\n<p>&#8211; Nagy k\u00f6z\u00f6s olvas\u00f3k\u00f6r: Susan Sontag: A betegs\u00e9g, mint metafora\/ Az AIDS \u00e9s<br \/>\nmetafor\u00e1i; megbesz\u00e9l\u00e9s<\/p>\n<p>Tov\u00e1bbi inform\u00e1ci\u00f3\u00e9rt csatlakozz a di\u00e1kk\u00f6r facebook csoportj\u00e1ba:<br \/>\nhttps:\/\/www.facebook.com\/groups\/1264556627332720<br \/>\nvagy \u00edrj emailt: davidbalogh01@gmail.hu<\/p>\n\n<\/div><h2 class=\"tabtitle\">Bevezet\u00e9s a TDK munka alapjaihoz 2021\/2022<\/h2>\n<div class=\"tabcontent\">\n\n<p>A Semmelweis Egyetemen 2019\/2020-as tan\u00e9vt\u0151l a TDT kezdem\u00e9nyez\u00e9s\u00e9re indul a \u201eBevezet\u00e9s a tudom\u00e1nyos di\u00e1kk\u00f6ri munka alapjaihoz\u201d c\u00edm\u0171 v\u00e1laszthat\u00f3 tant\u00e1rgy. C\u00e9lunk az, hogy megismertess\u00fck a tudom\u00e1nyos di\u00e1kk\u00f6ri munka elkezd\u00e9s\u00e9hez sz\u00fcks\u00e9ges alapvet\u0151 k\u00e9szs\u00e9geket a hallgat\u00f3kkal.<\/p>\n<p>A t\u00e1rgy betekint\u00e9st ad TDK munk\u00e1t kezd\u0151\/v\u00e9gz\u0151 hallgat\u00f3k sz\u00e1m\u00e1ra a tudom\u00e1nyos di\u00e1kk\u00f6ri munk\u00e1hoz sz\u00fcks\u00e9ges m\u00f3dszertani, biostatisztikai, kutat\u00e1sszervez\u00e9si, bioetikai ismeretekbe, tov\u00e1bb\u00e1 a kurzus az el\u0151ad\u00f3i k\u00e9pess\u00e9gek fejleszt\u00e9s\u00e9re is t\u00f6rekv\u00e9seket tesz.<\/p>\n<p>A t\u00e1rgy feladata, hogy a TDK munka megkezd\u00e9se el\u0151tt, vagy a m\u00e1r megkezdett TDK munka sor\u00e1n ezen ismeretekkel felv\u00e9rtezze a hallgat\u00f3t.<\/p>\n<p>Az el\u0151ad\u00e1sok minden cs\u00fct\u00f6rt\u00f6k\u00f6n 17:00 \u00f3rai kezdettel ker\u00fclnek megtart\u00e1sra I. Sz. Seb\u00e9szeti \u00e9s Intervenci\u00f3s Gasztroenterol\u00f3giai Klinik\u00e1n.<br \/>\nAz el\u0151ad\u00e1sok 90 percesek.<\/p>\n<p><strong>1.h\u00e9t \u2013 2021.09.09.<\/strong><\/p>\n<p><strong>Bevezet\u00e9s a tudom\u00e1nyos di\u00e1kk\u00f6ri munk\u00e1ba. M\u00falt \u00e9s jelen. Az inform\u00e1ci\u00f3 feldolgoz\u00e1s menete \u00e9s buktat\u00f3i. <\/strong><\/p>\n<p>Prof. Dr. Szij\u00e1rt\u00f3 Attila<br \/>\negyetemi tan\u00e1r, igazgat\u00f3, a TDT eln\u00f6ke<br \/>\nI. Sz. Seb\u00e9szeti \u00e9s Intervenci\u00f3s Gasztroenterol\u00f3giai Klinika<\/p>\n<p>&nbsp;<\/p>\n<p><strong>2.h\u00e9t \u2013 2021.09.16.<\/strong><\/p>\n<p><strong>Merre tart a tudom\u00e1ny?<\/strong><\/p>\n<p>Dr. Szigeti Gyula<br \/>\nigazgat\u00f3<br \/>\nInnov\u00e1ci\u00f3s K\u00f6zpont<\/p>\n<p>&nbsp;<\/p>\n<p><strong>3.h\u00e9t -2021.09.23.<\/strong><\/p>\n<p><strong>Kutat\u00e1sok tervez\u00e9se, alap \u00e9s elm\u00e9leti kutat\u00e1sok a XXI sz\u00e1zadban. F\u0151bb ir\u00e1nyvonalak<br \/>\n<\/strong><br \/>\nProf. Dr. M\u00f3csai Attila<br \/>\negyetemi tan\u00e1r, MTA doktora<br \/>\n\u00c9lettani Int\u00e9zet<\/p>\n<p>&nbsp;<\/p>\n<p><strong>4. h\u00e9t \u2013 2021.09.30.<\/strong><\/p>\n<p><strong>\u00c1llatk\u00eds\u00e9rletekkel kapcsolatos ismertek <\/strong><\/p>\n<p>Dr. Szab\u00f3 Gy\u00f6rgyi<br \/>\negyetemi adjunktus, int\u00e9zetvezet\u0151 helyettes<br \/>\nK\u00eds\u00e9rletes \u00e9s Seb\u00e9szeti M\u0171t\u00e9ttani Int\u00e9zet<\/p>\n<p>&nbsp;<\/p>\n<p><strong>5.h\u00e9t \u2013 2021.10.07.<\/strong><\/p>\n<p><strong>Kutat\u00e1sok bioetikai k\u00e9rd\u00e9sei. <\/strong><\/p>\n<p>Prof. Dr. Kov\u00e1cs J\u00f3zsef<br \/>\negyetemi tan\u00e1r, igazgat\u00f3<br \/>\nMagatart\u00e1studom\u00e1nyi Int\u00e9zet<\/p>\n<p>&nbsp;<\/p>\n<p><strong>6.h\u00e9t \u2013 2021.10.14.<\/strong><\/p>\n<p><strong>Biostatisztika a napi gyakorlatban\u00a0<\/strong><\/p>\n<p>Prof. Dr. Proh\u00e1szka Zolt\u00e1n<br \/>\negyetemi tan\u00e1r<br \/>\nIII. Sz. Belgy\u00f3gy\u00e1szati Klinika<\/p>\n<p>&nbsp;<\/p>\n<p><strong>7.h\u00e9t \u2013 2021.10.21.<\/strong><\/p>\n<p>&nbsp;<\/p>\n<p>&nbsp;<\/p>\n<p><strong>8. h\u00e9t \u2013 2021.10.28.<\/strong><\/p>\n<p><strong>Biostatisztika halad\u00f3knak\u00a0<\/strong><\/p>\n<p>Dr. K\u00f6k\u00e9ny G\u00e1bor<br \/>\negyetemi docens<br \/>\nK\u00f3r\u00e9lettani Int\u00e9zet<\/p>\n<p>&nbsp;<\/p>\n<p><strong>9. h\u00e9t \u2013 2021.11.04.<\/strong><\/p>\n<p><strong>Rektori p\u00e1ly\u00e1zatok, szakdolgozatok, publik\u00e1ci\u00f3k, tudom\u00e1nyos m\u0171vek k\u00e9sz\u00edt\u00e9se<\/strong><\/p>\n<p>Dr. F\u00fcl\u00f6p Andr\u00e1s<br \/>\nszakorvos<br \/>\nI. Sz. Seb\u00e9szeti \u00e9s Intervenci\u00f3s Gasztroenterol\u00f3giai Klinika<\/p>\n<p>&nbsp;<\/p>\n<p><strong>10. h\u00e9t \u2013 2021.11.11.<\/strong><\/p>\n<p><strong>El\u0151ad\u00f3i k\u00e9szs\u00e9gek, technik\u00e1k<\/strong><\/p>\n<p><strong>Irodalomkutat\u00e1s <\/strong><\/p>\n<p>Szluka P\u00e9ter<br \/>\nigazgat\u00f3<br \/>\nSE Egyetemi K\u00f6nyvt\u00e1r<\/p>\n<p>&nbsp;<\/p>\n<p><strong>11.h\u00e9t \u2013 2021.11.18.<\/strong><\/p>\n<p><strong>El\u0151ad\u00f3i k\u00e9szs\u00e9gek, technik\u00e1k<\/strong><\/p>\n<p>Leindler Mil\u00e1n<br \/>\ntan\u00e1rseg\u00e9d<br \/>\nETK, Alkalmazott Pszichol\u00f3giai Tansz\u00e9k<\/p>\n<p>&nbsp;<\/p>\n<p><strong>12.h\u00e9t \u2013 2021.11.25.<\/strong><\/p>\n<p><strong>Adatb\u00e1zisok kezel\u00e9se, big data jelent\u0151s\u00e9ge<\/strong><\/p>\n<p>Dr. Sz\u00f3cska Mikl\u00f3s<br \/>\negyetemi docens, igazgat\u00f3<br \/>\nEg\u00e9szs\u00e9g\u00fcgyi Menedzserk\u00e9pz\u0151 K\u00f6zpont<\/p>\n<p>&nbsp;<\/p>\n<p><strong>13.h\u00e9t \u2013 2021.12.02.<\/strong><\/p>\n<p><strong>Kurzus z\u00e1r\u00e1sa, \u00f6sszefoglal\u00f3, teszt\u00edr\u00e1s <\/strong><\/p>\n<p>Prof. Dr. Szij\u00e1rt\u00f3 Attila<br \/>\negyetemi tan\u00e1r, igazgat\u00f3, a TDT eln\u00f6ke<br \/>\nI. Sz. Seb\u00e9szeti \u00e9s Intervenci\u00f3s Gasztroenterol\u00f3giai Klinika<\/p>\n<\/div><\/div>\n<p>&nbsp;<\/p>\n","protected":false},"excerpt":{"rendered":"<p>A Hum\u00e1ntudom\u00e1nyok \u00e9s medicina di\u00e1kk\u00f6r minden p\u00e1ros h\u00e9ten kedden 18:00-kor a NET \u00e9p\u00fclet 10. szemin\u00e1riumban lesz. A Magatart\u00e1studom\u00e1nyi Int\u00e9zet rendhagy\u00f3 di\u00e1kk\u00f6ri tev\u00e9kenys\u00e9gre ad lehet\u0151s\u00e9get. A di\u00e1kk\u00f6rbe olyan hallgat\u00f3k jelentkez\u00e9s\u00e9t v\u00e1rjuk, akik orvosi tanulm\u00e1nyaik mellett \u00e9rdekl\u0151dnek a hum\u00e1ntudom\u00e1nyok ir\u00e1nt \u00e9s szeretn\u00e9nek a filoz\u00f3fia, eszt\u00e9tika, szociol\u00f3gia, \u00e9s irodalom ter\u00e9n alapm\u0171velts\u00e9gre szert tenni vagy megl\u00e9v\u0151 ismereteiket b\u0151v\u00edteni. A &hellip;<\/p>\n","protected":false},"author":101277,"featured_media":0,"parent":4264,"menu_order":4,"comment_status":"closed","ping_status":"closed","template":"","meta":{"_acf_changed":false,"footnotes":""},"categories":[],"tags":[],"class_list":["post-6645","page","type-page","status-publish","hentry"],"acf":[],"_links":{"self":[{"href":"https:\/\/semmelweis.hu\/magtud\/wp-json\/wp\/v2\/pages\/6645","targetHints":{"allow":["GET"]}}],"collection":[{"href":"https:\/\/semmelweis.hu\/magtud\/wp-json\/wp\/v2\/pages"}],"about":[{"href":"https:\/\/semmelweis.hu\/magtud\/wp-json\/wp\/v2\/types\/page"}],"author":[{"embeddable":true,"href":"https:\/\/semmelweis.hu\/magtud\/wp-json\/wp\/v2\/users\/101277"}],"replies":[{"embeddable":true,"href":"https:\/\/semmelweis.hu\/magtud\/wp-json\/wp\/v2\/comments?post=6645"}],"version-history":[{"count":10,"href":"https:\/\/semmelweis.hu\/magtud\/wp-json\/wp\/v2\/pages\/6645\/revisions"}],"predecessor-version":[{"id":10196,"href":"https:\/\/semmelweis.hu\/magtud\/wp-json\/wp\/v2\/pages\/6645\/revisions\/10196"}],"up":[{"embeddable":true,"href":"https:\/\/semmelweis.hu\/magtud\/wp-json\/wp\/v2\/pages\/4264"}],"wp:attachment":[{"href":"https:\/\/semmelweis.hu\/magtud\/wp-json\/wp\/v2\/media?parent=6645"}],"wp:term":[{"taxonomy":"category","embeddable":true,"href":"https:\/\/semmelweis.hu\/magtud\/wp-json\/wp\/v2\/categories?post=6645"},{"taxonomy":"post_tag","embeddable":true,"href":"https:\/\/semmelweis.hu\/magtud\/wp-json\/wp\/v2\/tags?post=6645"}],"curies":[{"name":"wp","href":"https:\/\/api.w.org\/{rel}","templated":true}]}}