{"id":6138,"date":"2019-02-06T08:35:14","date_gmt":"2019-02-06T07:35:14","guid":{"rendered":"http:\/\/semmelweis.hu\/magtud\/?page_id=6138"},"modified":"2020-09-03T13:43:34","modified_gmt":"2020-09-03T11:43:34","slug":"pszichiatria-es-pszichoterapia","status":"publish","type":"page","link":"https:\/\/semmelweis.hu\/magtud\/oktatas\/altalanos-orvostudomanyi-kar\/pszichiatria-es-pszichoterapia\/","title":{"rendered":"Pszichi\u00e1tria \u00e9s Pszichoter\u00e1pia"},"content":{"rendered":"<p>Munkat\u00e1rsaink r\u00e9szt vesznek az \u00f6t\u00f6d\u00e9ves &#8222;Pszichi\u00e1tria \u00e9s Pszichoter\u00e1pia&#8221; t\u00e1rgy gradu\u00e1lis oktat\u00e1s\u00e1ban.<\/p>\n<p>A t\u00e1rgy tematik\u00e1ja megtal\u00e1lhat\u00f3 az al\u00e1bbi linken:<\/p>\n<blockquote class=\"wp-embedded-content\" data-secret=\"K4AzPnbucx\"><p><a href=\"https:\/\/semmelweis.hu\/pszichiatria\/oktatas\/gradualis-kepzes\/\">Gradu\u00e1lis K\u00e9pz\u00e9s<\/a><\/p><\/blockquote>\n<p><iframe loading=\"lazy\" class=\"wp-embedded-content\" sandbox=\"allow-scripts\" security=\"restricted\" style=\"position: absolute; clip: rect(1px, 1px, 1px, 1px);\" title=\"&#8220;Gradu\u00e1lis K\u00e9pz\u00e9s&#8221; &#8212; Pszichi\u00e1triai \u00e9s Pszichoter\u00e1pi\u00e1s Klinika\" src=\"https:\/\/semmelweis.hu\/pszichiatria\/oktatas\/gradualis-kepzes\/embed\/#?secret=K4AzPnbucx\" data-secret=\"K4AzPnbucx\" width=\"600\" height=\"338\" frameborder=\"0\" marginwidth=\"0\" marginheight=\"0\" scrolling=\"no\"><\/iframe><\/p>\n<p>&nbsp;<\/p>\n","protected":false},"excerpt":{"rendered":"<p>Munkat\u00e1rsaink r\u00e9szt vesznek az \u00f6t\u00f6d\u00e9ves &#8222;Pszichi\u00e1tria \u00e9s Pszichoter\u00e1pia&#8221; t\u00e1rgy gradu\u00e1lis oktat\u00e1s\u00e1ban.<br \/>\nA t\u00e1rgy tematik\u00e1ja megtal\u00e1lhat\u00f3 az al\u00e1bbi linken:<br \/>\n<a href=\"https:\/\/semmelweis.hu\/pszichiatria\/oktatas\/gradualis-kepzes\/\">Gradu\u00e1lis K\u00e9pz\u00e9s<\/a><\/p>\n<p>&nbsp;<\/p>\n","protected":false},"author":110,"featured_media":0,"parent":4921,"menu_order":0,"comment_status":"closed","ping_status":"closed","template":"","meta":{"_acf_changed":false,"footnotes":""},"categories":[],"tags":[],"class_list":["post-6138","page","type-page","status-publish","hentry"],"acf":[],"_links":{"self":[{"href":"https:\/\/semmelweis.hu\/magtud\/wp-json\/wp\/v2\/pages\/6138","targetHints":{"allow":["GET"]}}],"collection":[{"href":"https:\/\/semmelweis.hu\/magtud\/wp-json\/wp\/v2\/pages"}],"about":[{"href":"https:\/\/semmelweis.hu\/magtud\/wp-json\/wp\/v2\/types\/page"}],"author":[{"embeddable":true,"href":"https:\/\/semmelweis.hu\/magtud\/wp-json\/wp\/v2\/users\/110"}],"replies":[{"embeddable":true,"href":"https:\/\/semmelweis.hu\/magtud\/wp-json\/wp\/v2\/comments?post=6138"}],"version-history":[{"count":6,"href":"https:\/\/semmelweis.hu\/magtud\/wp-json\/wp\/v2\/pages\/6138\/revisions"}],"predecessor-version":[{"id":8814,"href":"https:\/\/semmelweis.hu\/magtud\/wp-json\/wp\/v2\/pages\/6138\/revisions\/8814"}],"up":[{"embeddable":true,"href":"https:\/\/semmelweis.hu\/magtud\/wp-json\/wp\/v2\/pages\/4921"}],"wp:attachment":[{"href":"https:\/\/semmelweis.hu\/magtud\/wp-json\/wp\/v2\/media?parent=6138"}],"wp:term":[{"taxonomy":"category","embeddable":true,"href":"https:\/\/semmelweis.hu\/magtud\/wp-json\/wp\/v2\/categories?post=6138"},{"taxonomy":"post_tag","embeddable":true,"href":"https:\/\/semmelweis.hu\/magtud\/wp-json\/wp\/v2\/tags?post=6138"}],"curies":[{"name":"wp","href":"https:\/\/api.w.org\/{rel}","templated":true}]}}