{"id":6114,"date":"2019-01-31T15:12:22","date_gmt":"2019-01-31T14:12:22","guid":{"rendered":"http:\/\/semmelweis.hu\/magtud\/?page_id=6114"},"modified":"2026-03-23T13:25:25","modified_gmt":"2026-03-23T12:25:25","slug":"medical-psychology","status":"publish","type":"page","link":"https:\/\/semmelweis.hu\/magtud\/en\/education\/faculty-of-medicine\/medical-psychology\/","title":{"rendered":"Medical Psychology"},"content":{"rendered":"<div class=\"responsive-tabs\">\n<h2 class=\"tabtitle\">Requirements<\/h2>\n<div class=\"tabcontent\">\n\n<p><a href=\"https:\/\/semmelweis.hu\/magtud\/files\/2026\/03\/SzT_Thematics-Medical-Psychology-2026_03_20.docx\">Medical Psychology 2026 Requirements<\/a><\/p>\n<p><a href=\"https:\/\/semmelweis.hu\/magtud\/files\/2025\/05\/Question-bank-Medical-psychology-Spring-2025-1.pdf\">Question bank &#8211; Medical psychology<\/a><\/p>\n\n<\/div><h2 class=\"tabtitle\">Lectures and Practice<\/h2>\n<div class=\"tabcontent\">\n\n<p><em>LECTURES:<\/em><\/p>\n<p>19 FEB: <a href=\"https:\/\/prezi.com\/view\/52oPfCMvSBkb1s2FsL0H\/\" target=\"_blank\" rel=\"noopener\">Major Schools of Psychology<\/a><\/p>\n<p>26 FEB: <a href=\"https:\/\/semmelweis.hu\/magtud\/files\/2022\/02\/UP_OP_Introduction-to-Human-Behavior-2022_HONLAPRA.pdf\">Introduction to Human Behavior<\/a><\/p>\n<p>5 MAR: <a href=\"https:\/\/prezi.com\/view\/I5DupmKT374qIZnFqIji\/\">People Living with Disabilities<\/a><\/p>\n<p>12 MAR: <a href=\"https:\/\/semmelweis.hu\/magtud\/files\/2022\/03\/PureblGyorgy_Depr-crisis-TMDPGY_HONLAPRA.pdf\">Depression and Suicide \u2013 The Role of Online Intervention<\/a><\/p>\n<p>19 MAR: <a href=\"https:\/\/semmelweis.hu\/magtud\/files\/2024\/02\/BR_Conscious-states-sleep-dreaming-and-general-anesthesia_2024_Honlapra.pdf\">Conscious States, Sleep, Dreaming and General Anesthesia<\/a><\/p>\n<p>26 MAR: <a href=\"https:\/\/semmelweis.hu\/magtud\/files\/2022\/03\/AOK_psychology_stress_behavioral-interventions_StauderA_2022March3_honlapra.pdf\">Stress and illness; Behavioral Interventions<\/a><\/p>\n<p>2 APR: Clinical Management of Eating and Body Image Disorders<\/p>\n<p><strong>Date and place<\/strong>: Week 1 &#8211; Week 7, Thursday, 13:30 \u2013 15:00, NET, Brown Lecture Hall<\/p>\n<p>&nbsp;<\/p>\n<table style=\"width: 87.853%\" width=\"612\">\n<tbody>\n<tr>\n<td style=\"width: 100%\" width=\"612\">\n<p><em>Practices:<\/em><\/p>\n<table style=\"width: 101.933%;height: 432px\" width=\"449\">\n<tbody>\n<tr style=\"height: 24px\">\n<td style=\"height: 24px;width: 10.0256%\" width=\"77\">Week 1.<\/td>\n<td style=\"height: 24px;width: 91.496%\" width=\"372\"><a href=\"https:\/\/semmelweis.hu\/magtud\/files\/2025\/05\/1.-Attachment-and-developmental-psychology-2025.pdf\">Developmental psychology, attachment theories<\/a><\/td>\n<\/tr>\n<tr style=\"height: 24px\">\n<td style=\"height: 24px;width: 10.0256%\" width=\"77\">Week 2.<\/td>\n<td style=\"height: 24px;width: 91.496%\" width=\"372\"><a href=\"https:\/\/semmelweis.hu\/magtud\/files\/2025\/05\/2.-Personality-theories-2025.pdf\">Personality theories<\/a><\/td>\n<\/tr>\n<tr style=\"height: 48px\">\n<td style=\"height: 48px;width: 10.0256%\" width=\"77\">Week 3.<\/td>\n<td style=\"height: 48px;width: 91.496%\" width=\"372\"><a href=\"https:\/\/semmelweis.hu\/magtud\/files\/2025\/05\/3.-Human-sexuality-and-sexual-disorders-2025.pdf\">Human sexuality and sexual disorders; psychology of reproduction, psychology of birth<\/a><\/td>\n<\/tr>\n<tr style=\"height: 24px\">\n<td style=\"height: 24px;width: 10.0256%\" width=\"77\">Week 4.<\/td>\n<td style=\"height: 24px;width: 91.496%\" width=\"372\"><a href=\"https:\/\/semmelweis.hu\/magtud\/files\/2025\/05\/4.-Depresssion-and-mood-disorders-2025.pdf\">Depression and mood disorders<\/a><\/td>\n<\/tr>\n<tr style=\"height: 24px\">\n<td style=\"height: 24px;width: 10.0256%\" width=\"77\">Week 5.<\/td>\n<td style=\"height: 24px;width: 91.496%\" width=\"372\"><a href=\"https:\/\/semmelweis.hu\/magtud\/files\/2025\/05\/5.-Anxiety-and-anxiety-disorders-2025.pdf\">Anxiety and medical illnesses<\/a><\/td>\n<\/tr>\n<tr style=\"height: 24px\">\n<td style=\"height: 24px;width: 10.0256%\" width=\"77\">Week 6.<\/td>\n<td style=\"height: 24px;width: 91.496%\" width=\"372\"><a href=\"https:\/\/semmelweis.hu\/magtud\/files\/2025\/05\/6.-Eating-disorders-2025.pdf\">Eating disorders<\/a><\/td>\n<\/tr>\n<tr style=\"height: 48px\">\n<td style=\"height: 48px;width: 10.0256%\" width=\"77\">Week 7.<\/td>\n<td style=\"height: 48px;width: 91.496%\" width=\"372\"><a href=\"https:\/\/semmelweis.hu\/magtud\/files\/2025\/05\/7.-Psychosomatics-disorders-2025.pdf\">Psychosomatic disorders \u2013 case studies; somatization and dissociative disorders<\/a><\/td>\n<\/tr>\n<tr style=\"height: 24px\">\n<td style=\"height: 24px;width: 10.0256%\" width=\"77\">Week 8.<\/td>\n<td style=\"height: 24px;width: 91.496%\" width=\"372\"><a href=\"https:\/\/semmelweis.hu\/magtud\/files\/2025\/05\/8.-Personality-disorders-2025.pdf\">Personality disorders<\/a><\/td>\n<\/tr>\n<tr style=\"height: 24px\">\n<td style=\"height: 24px;width: 10.0256%\" width=\"77\">Week 9.<\/td>\n<td style=\"height: 24px;width: 91.496%\" width=\"372\"><a href=\"https:\/\/semmelweis.hu\/magtud\/files\/2025\/05\/9.-Sleep-disorders-and-sleep-hygiene-2025.pdf\">Sleep disorders<\/a><\/td>\n<\/tr>\n<tr style=\"height: 24px\">\n<td style=\"height: 24px;width: 10.0256%\" width=\"77\">Week 10.<\/td>\n<td style=\"height: 24px;width: 91.496%\" width=\"372\"><a href=\"https:\/\/semmelweis.hu\/magtud\/files\/2025\/05\/10.-Addictions-sustance-use-DSM-2025.pdf\">Addiction, substance use<\/a><\/td>\n<\/tr>\n<tr style=\"height: 24px\">\n<td style=\"height: 24px;width: 10.0256%\" width=\"77\">Week 11.<\/td>\n<td style=\"height: 24px;width: 91.496%\" width=\"372\"><a href=\"https:\/\/semmelweis.hu\/magtud\/files\/2025\/05\/11.-Suicide-crisis-intervention-2025.pdf\">Suicide, cry for help, crisis intervention<\/a><\/td>\n<\/tr>\n<tr style=\"height: 24px\">\n<td style=\"height: 24px;width: 10.0256%\" width=\"77\">Week 12.<\/td>\n<td style=\"height: 24px;width: 91.496%\" width=\"372\"><a href=\"https:\/\/semmelweis.hu\/magtud\/files\/2025\/05\/12.-Death-grief-dying-2025.pdf\">Psychology of death, grief, and dying<\/a><\/td>\n<\/tr>\n<tr style=\"height: 48px\">\n<td style=\"height: 48px;width: 10.0256%\" width=\"77\">Week 13.<\/td>\n<td style=\"height: 48px;width: 91.496%\" width=\"372\"><a href=\"https:\/\/semmelweis.hu\/magtud\/files\/2025\/05\/13.-Behavioural-change-and-psychotherapies-2025.pdf\">Behaviour change and psychotherapy. Stress management in medical practice<\/a><\/td>\n<\/tr>\n<tr style=\"height: 48px\">\n<td style=\"height: 48px;width: 10.0256%\" width=\"77\">Week 14.<\/td>\n<td style=\"height: 48px;width: 91.496%\" width=\"372\"><a href=\"https:\/\/semmelweis.hu\/magtud\/files\/2025\/05\/14.-Mental-health-of-medical-doctors-2025.pdf\">Mental health of medical doctors. Prevention and management of burn-out. B\u00e1lint-groups<\/a><\/td>\n<\/tr>\n<\/tbody>\n<\/table>\n<p><em>\u00a0<\/em><\/p>\n<\/td>\n<\/tr>\n<\/tbody>\n<\/table>\n<p><a href=\"https:\/\/semmelweis.hu\/magtud\/files\/2025\/05\/MedPsy-study-material-2025-updated.pdf\">Study Material &#8211; Medical Psychology<\/a><\/p>\n\n<\/div><h2 class=\"tabtitle\">Seminars<\/h2>\n<div class=\"tabcontent\">\n\n<p><a href=\"https:\/\/semmelweis.hu\/magtud\/files\/2025\/01\/SzT_Schedule-of-seminars_Honlapra.pdf\">Schedule of Seminars<\/a><\/p>\n<p>&nbsp;<\/p>\n<p><strong>Addresses<\/strong>:<br \/>\nNET Building: Budapest, Nagyv\u00e1rad t\u00e9r 4., 1089<br \/>\nEOK: Budapest, T\u0171zolt\u00f3 utca. 37-43., 1094<\/p>\n<p>&nbsp;<\/p>\n<p><strong>Contacts of seminar teachers:<\/strong><\/p>\n<p>J\u00falia Andr\u00f3czi &lt;julia.androczi@gmail.com&gt;<br \/>\nEszter B\u00e1lint &lt;eszter.blnt@gmail.com&gt;<br \/>\nDr. Zs\u00f3fia H\u00eddv\u00e9gi &lt;hidvegi.zsofi@gmail.com&gt;<br \/>\nViktor Kem\u00e9ny &lt;kemenyvik@gmail.com&gt;<\/p>\n<p>Dr. J\u00e1nos Koll\u00e1r &lt;janos.kollar@gmail.com&gt;<\/p>\n<p>Laura Losonczy &lt;losonczylaura01@gmail.com&gt;<br \/>\n\u00c1gnes Mezei &lt;mezei.agnes.psych@gmail.com&gt;<br \/>\nDr. M\u00f3nika S\u00e1ndor &lt;moni.sandor1@gmail.com&gt;<br \/>\nKarolina Szab\u00f3 &lt;karolinaa.szabo@gmail.com&gt;<br \/>\nDr. Tam\u00e1s Szalai &lt;szalai.domotor@gmail.com&gt;<\/p>\n<p>Krist\u00f3f Topa &lt;kristoftopa@gmail.com&gt;<br \/>\nDr. P\u00e9ter Ujma &lt;peteru88@gmail.com&gt;<\/p>\n<p>&nbsp;<\/p>\n<\/div><\/div>\n<p>&nbsp;<\/p>\n<p>&nbsp;<\/p>\n","protected":false},"excerpt":{"rendered":"<p><a href=\"https:\/\/semmelweis.hu\/magtud\/files\/2026\/03\/SzT_Thematics-Medical-Psychology-2026_03_20.docx\">Medical Psychology 2026 Requirements<\/a> <a href=\"https:\/\/semmelweis.hu\/magtud\/files\/2025\/05\/Question-bank-Medical-psychology-Spring-2025-1.pdf\">Question bank &#8211; Medical psychology<\/a> LECTURES: 19 FEB: <a href=\"https:\/\/prezi.com\/view\/52oPfCMvSBkb1s2FsL0H\/\" target=\"_blank\" rel=\"noopener\">Major Schools of Psychology<\/a> 26 FEB: <a href=\"https:\/\/semmelweis.hu\/magtud\/files\/2022\/02\/UP_OP_Introduction-to-Human-Behavior-2022_HONLAPRA.pdf\">Introduction to Human Behavior<\/a> 5 MAR: <a href=\"https:\/\/prezi.com\/view\/I5DupmKT374qIZnFqIji\/\">People Living with Disabilities<\/a> 12 MAR: <a href=\"https:\/\/semmelweis.hu\/magtud\/files\/2022\/03\/PureblGyorgy_Depr-crisis-TMDPGY_HONLAPRA.pdf\">Depression and Suicide \u2013 The Role of Online Intervention<\/a> 19 MAR: <a href=\"https:\/\/semmelweis.hu\/magtud\/files\/2024\/02\/BR_Conscious-states-sleep-dreaming-and-general-anesthesia_2024_Honlapra.pdf\">Conscious States, Sleep, Dreaming and General Anesthesia<\/a> 26 MAR: <a href=\"https:\/\/semmelweis.hu\/magtud\/files\/2022\/03\/AOK_psychology_stress_behavioral-interventions_StauderA_2022March3_honlapra.pdf\">Stress and illness; Behavioral Interventions<\/a> 2 APR: Clinical Management of Eating and Body Image Disorders Date and place: Week 1 &#8211; Week 7, Thursday, 13:30 \u2013 15:00, NET, Brown Lecture Hall &nbsp; Practices: Week 1. <a href=\"https:\/\/semmelweis.hu\/magtud\/files\/2025\/05\/1.-Attachment-and-developmental-psychology-2025.pdf\">Developmental psychology, attachment theories<\/a> Week 2. <a href=\"https:\/\/semmelweis.hu\/magtud\/files\/2025\/05\/2.-Personality-theories-2025.pdf\">Personality theories<\/a> Week 3. <a href=\"https:\/\/semmelweis.hu\/magtud\/files\/2025\/05\/3.-Human-sexuality-and-sexual-disorders-2025.pdf\">Human sexuality and sexual disorders; psychology of reproduction, psychology of birth<\/a> Week 4. <a href=\"https:\/\/semmelweis.hu\/magtud\/files\/2025\/05\/4.-Depresssion-and-mood-disorders-2025.pdf\">Depression and mood disorders<\/a> Week 5. <a href=\"https:\/\/semmelweis.hu\/magtud\/files\/2025\/05\/5.-Anxiety-and-anxiety-disorders-2025.pdf\">Anxiety and medical illnesses<\/a> Week 6. <a href=\"https:\/\/semmelweis.hu\/magtud\/files\/2025\/05\/6.-Eating-disorders-2025.pdf\">Eating disorders<\/a> Week 7. &hellip;<\/p>\n","protected":false},"author":110,"featured_media":0,"parent":3544,"menu_order":3,"comment_status":"closed","ping_status":"closed","template":"","meta":{"_acf_changed":false,"footnotes":""},"categories":[],"tags":[],"class_list":["post-6114","page","type-page","status-publish","hentry"],"acf":[],"_links":{"self":[{"href":"https:\/\/semmelweis.hu\/magtud\/wp-json\/wp\/v2\/pages\/6114","targetHints":{"allow":["GET"]}}],"collection":[{"href":"https:\/\/semmelweis.hu\/magtud\/wp-json\/wp\/v2\/pages"}],"about":[{"href":"https:\/\/semmelweis.hu\/magtud\/wp-json\/wp\/v2\/types\/page"}],"author":[{"embeddable":true,"href":"https:\/\/semmelweis.hu\/magtud\/wp-json\/wp\/v2\/users\/110"}],"replies":[{"embeddable":true,"href":"https:\/\/semmelweis.hu\/magtud\/wp-json\/wp\/v2\/comments?post=6114"}],"version-history":[{"count":11,"href":"https:\/\/semmelweis.hu\/magtud\/wp-json\/wp\/v2\/pages\/6114\/revisions"}],"predecessor-version":[{"id":13445,"href":"https:\/\/semmelweis.hu\/magtud\/wp-json\/wp\/v2\/pages\/6114\/revisions\/13445"}],"up":[{"embeddable":true,"href":"https:\/\/semmelweis.hu\/magtud\/wp-json\/wp\/v2\/pages\/3544"}],"wp:attachment":[{"href":"https:\/\/semmelweis.hu\/magtud\/wp-json\/wp\/v2\/media?parent=6114"}],"wp:term":[{"taxonomy":"category","embeddable":true,"href":"https:\/\/semmelweis.hu\/magtud\/wp-json\/wp\/v2\/categories?post=6114"},{"taxonomy":"post_tag","embeddable":true,"href":"https:\/\/semmelweis.hu\/magtud\/wp-json\/wp\/v2\/tags?post=6114"}],"curies":[{"name":"wp","href":"https:\/\/api.w.org\/{rel}","templated":true}]}}