{"id":6094,"date":"2019-01-31T14:07:11","date_gmt":"2019-01-31T13:07:11","guid":{"rendered":"http:\/\/semmelweis.hu\/magtud\/?page_id=6094"},"modified":"2023-02-10T11:22:48","modified_gmt":"2023-02-10T10:22:48","slug":"fogorvosi-etika-fok","status":"publish","type":"page","link":"https:\/\/semmelweis.hu\/magtud\/oktatas\/fogorvostudomanyi-kar\/fogorvosi-etika-fok\/","title":{"rendered":"Fogorvosi etika (FOK)"},"content":{"rendered":"<div class=\"responsive-tabs\">\n<h2 class=\"tabtitle\">2022\/2023. tan\u00e9v II. f\u00e9l\u00e9v<\/h2>\n<div class=\"tabcontent\">\n\n<p><a href=\"https:\/\/semmelweis.hu\/magtud\/files\/2023\/02\/DA_FOK-etika-TEMATIKA-IV_2022_2023_II-felev_vegleges.pdf\">Fogorvosi etika TEMATIKA IV 2022-2023. II. f\u00e9l\u00e9v<\/a><\/p>\n\n<\/div><h2 class=\"tabtitle\">2020\/2021. tan\u00e9v II. f\u00e9l\u00e9v<\/h2>\n<div class=\"tabcontent\">\n\n<p><strong>FOGORVOSI ETIKA<\/strong><\/p>\n<p><strong>(FOKVMAG259)<\/strong><\/p>\n<p><strong><u>2020\/2021. tan\u00e9v II. f\u00e9l\u00e9v<\/u><\/strong><\/p>\n<p><strong>Oktat\u00e1s ideje<\/strong>: FOK. IV. \u00e9vfolyam. II. f\u00e9l\u00e9v.<\/p>\n<p><strong>Vizsgaforma<\/strong>: kollokvium.<\/p>\n<p><strong>\u00a0<\/strong><\/p>\n<p><strong>A tant\u00e1rgy oktat\u00e1s\u00e1val el\u00e9rni k\u00edv\u00e1nt k\u00e9pz\u00e9si c\u00e9l.<\/strong><\/p>\n<p>a.) Az, hogy megk\u00f6nny\u00edtse a mindennapi fogorvosi gyakorlat sor\u00e1n felmer\u00fcl\u0151 etikai probl\u00e9m\u00e1k felismer\u00e9s\u00e9t, mintegy &#8222;r\u00e1nyissa&#8221; a hallgat\u00f3k szem\u00e9t az erk\u00f6lcsi probl\u00e9m\u00e1k \u00e9szrev\u00e9tel\u00e9re.<\/p>\n<p>b.)\u00a0 Olyan fogalmi\u2013logikai rendszer kimunk\u00e1l\u00e1sa, mely seg\u00edts\u00e9get ny\u00fajt a felmer\u00fcl\u0151 orvosetikai k\u00e9rd\u00e9sek elemz\u00e9s\u00e9ben, s lehet\u0151v\u00e9 teszi ezen probl\u00e9m\u00e1k hat\u00e9konyabb megold\u00e1s\u00e1t.<\/p>\n<p>c.) Olyan ismeretek \u00e1tad\u00e1sa, mely seg\u00edti a fogorvost abban, hogy a betegek, a k\u00eds\u00e9rleti alanyok, illetve az eg\u00e9szs\u00e9g\u00fcgyben dolgoz\u00f3k jogait megismerje, v\u00e9dje \u00e9s tiszteletben tartsa.<\/p>\n<p>d.) Seg\u00edteni a j\u00f6vend\u0151 fogorvost abban, hogy megismerje, mekkora az egy\u00e9n, az eg\u00e9szs\u00e9g\u00fcgy \u00e9s a t\u00e1rsadalom felel\u0151ss\u00e9ge az eg\u00e9szs\u00e9g fenntart\u00e1s\u00e1ban.<\/p>\n<p>&nbsp;<\/p>\n<ol>\n<li><strong>H\u00c9T FEBRU\u00c1R 15-19. GYAKORLAT<\/strong><\/li>\n<\/ol>\n<p><u>Az etika \u00e9s az erk\u00f6lcs \u00e1ltal\u00e1nos jellemz\u00e9se<\/u><\/p>\n<p>Az etika fogalma<\/p>\n<p>Az etika r\u00e9szei: deskript\u00edv etika, normat\u00edv etika, metaetika<\/p>\n<p>\u00c1ltal\u00e1nos \u00e9s alkalmazott normat\u00edv etika<\/p>\n<p>Bioetika, orvosi etika, eg\u00e9szs\u00e9g\u00fcgyi etika<\/p>\n<ul>\n<li>A f\u0151bb etikai elm\u00e9letek (deontol\u00f3giai \u00e9s utilitarisztikus erk\u00f6lcsi rendszerek) jellemz\u00e9se<\/li>\n<\/ul>\n<p>&nbsp;<\/p>\n<ol start=\"2\">\n<li><strong>H\u00c9T FEBRU\u00c1R 22-26. GYAKORLAT<\/strong><\/li>\n<\/ol>\n<p><u>Az orvosi etika legfontosabb alapelvei<\/u><\/p>\n<p>Az auton\u00f3mia elve<\/p>\n<p>A &#8222;Ne \u00e1rts!&#8221; elve<\/p>\n<p>A j\u00f3t\u00e9konys\u00e1g elve<\/p>\n<p>Az igazs\u00e1goss\u00e1g elve<\/p>\n<p>&nbsp;<\/p>\n<ol start=\"3\">\n<li><strong>H\u00c9T M\u00c1RCIUS 1-5. GYAKORLAT<\/strong><\/li>\n<\/ol>\n<p><u>A t\u00e1j\u00e9kozott beleegyez\u00e9s elve I.<\/u><\/p>\n<p>Egyszer\u0171 beleegyez\u00e9s<\/p>\n<ul>\n<li>T\u00e1j\u00e9kozott beleegyez\u00e9s<\/li>\n<li>A betegt\u00e1j\u00e9koztat\u00e1s standardjai<\/li>\n<\/ul>\n<p>&nbsp;<\/p>\n<ol start=\"4\">\n<li><strong>H\u00c9T M\u00c1RCIUS 8-12. GYAKORLAT<\/strong><\/li>\n<\/ol>\n<p><u>A t\u00e1j\u00e9kozott beleegyez\u00e9s gyakorlati esetek t\u00fckr\u00e9ben<\/u><\/p>\n<ul>\n<li>\u00d6nrendelkez\u00e9s<\/li>\n<li>Cselekv\u0151k\u00e9pess\u00e9g<\/li>\n<\/ul>\n<p><strong>\u00a0<\/strong><\/p>\n<ol start=\"5\">\n<li><strong>H\u00c9T M\u00c1RCIUS 15-19. GYAKORLAT (M\u00c1RCIUS 15. NEMZETI \u00dcNNEP)<\/strong><\/li>\n<\/ol>\n<p><u>A t\u00e1j\u00e9kozott beleegyez\u00e9s elve II.<\/u><\/p>\n<ul>\n<li>A kezel\u00e9s visszautas\u00edt\u00e1s\u00e1nak joga<\/li>\n<li>A bel\u00e1t\u00e1si k\u00e9pess\u00e9g<\/li>\n<li>T\u00e1j\u00e9kozott beleegyez\u00e9s speci\u00e1lis betegcsoportokn\u00e1l<\/li>\n<li><u>A rossz progn\u00f3zis\u00fa betegek t\u00e1j\u00e9koztat\u00e1s\u00e1nak etikai k\u00e9rd\u00e9sei<\/u><\/li>\n<\/ul>\n<p><strong>\u00a0<\/strong><\/p>\n<ol start=\"6\">\n<li><strong>H\u00c9T M\u00c1RCIUS 22-26. GYAKORLAT <\/strong><\/li>\n<\/ol>\n<p><u>Igazs\u00e1goss\u00e1g az eg\u00e9szs\u00e9g\u00fcgyben. Az eg\u00e9szs\u00e9g\u00fcgyi makro- \u00e9s mikroallok\u00e1ci\u00f3 etikai k\u00e9rd\u00e9sei<\/u><\/p>\n<p>A makroallok\u00e1ci\u00f3 \u00e9s a mikroallok\u00e1ci\u00f3 fogalma<\/p>\n<p>Az eg\u00e9szs\u00e9g\u00fcgyi ell\u00e1t\u00e1shoz val\u00f3 jog probl\u00e9m\u00e1ja<\/p>\n<p>A sorol\u00e1s fogalma<\/p>\n<p>Az \u00e9letment\u0151, ritka, \u00e1ltal\u00e1nosan nem el\u00e9rhet\u0151 eszk\u00f6z\u00f6k, gy\u00f3gyszerek, elj\u00e1r\u00e1sok eloszt\u00e1s\u00e1nak etikai probl\u00e9m\u00e1i<\/p>\n<p>A gyakorlatban haszn\u00e1lt mikroallok\u00e1ci\u00f3s krit\u00e9riumok etikai \u00e9rt\u00e9kel\u00e9se<\/p>\n<p>Az igazs\u00e1gos eg\u00e9szs\u00e9g\u00fcgyi rendszer<\/p>\n<p><strong>\u00a0<\/strong><\/p>\n<ol start=\"7\">\n<li><strong>H\u00c9T M\u00c1RCIUS 29-\u00c1PRILIS 2. GYAKORLAT (\u00c1PRILIS 2. NAGYP\u00c9NTEK) <\/strong><\/li>\n<\/ol>\n<p><u>Igazs\u00e1goss\u00e1g az eg\u00e9szs\u00e9g\u00fcgyben. Az eg\u00e9szs\u00e9g\u00fcgyi makro- \u00e9s mikroallok\u00e1ci\u00f3 etikai k\u00e9rd\u00e9sei<\/u><\/p>\n<ul>\n<li>A makroallok\u00e1ci\u00f3 \u00e9s a mikroallok\u00e1ci\u00f3 fogalma<\/li>\n<li>Az eg\u00e9szs\u00e9g\u00fcgyi ell\u00e1t\u00e1shoz val\u00f3 jog probl\u00e9m\u00e1ja<\/li>\n<li>A sorol\u00e1s fogalma<\/li>\n<li>Az \u00e9letment\u0151, ritka, \u00e1ltal\u00e1nosan nem el\u00e9rhet\u0151 eszk\u00f6z\u00f6k, gy\u00f3gyszerek, elj\u00e1r\u00e1sok eloszt\u00e1s\u00e1nak etikai probl\u00e9m\u00e1i<\/li>\n<li>A gyakorlatban haszn\u00e1lt mikroallok\u00e1ci\u00f3s krit\u00e9riumok etikai \u00e9rt\u00e9kel\u00e9se<\/li>\n<li>Az igazs\u00e1gos eg\u00e9szs\u00e9g\u00fcgyi rendszer<\/li>\n<\/ul>\n<p>&nbsp;<\/p>\n<ol start=\"8\">\n<li><strong>H\u00c9T \u00c1PRILIS 5-9. GYAKORLAT \u00c1PRILIS 5. (H\u00daSV\u00c9T H\u00c9TF\u0150)<\/strong><\/li>\n<\/ol>\n<p><u>Az embereken v\u00e9gzett kutat\u00e1sok etikai k\u00e9rd\u00e9sei<\/u><\/p>\n<ul>\n<li>Ellentmond\u00e1s az orvos kutat\u00f3i \u00e9s gy\u00f3gy\u00edt\u00f3i szerepe k\u00f6z\u00f6tt<\/li>\n<li>A Helsinki Deklar\u00e1ci\u00f3<\/li>\n<li>A Randomiz\u00e1lt Kontrollcsoportos Klinikai K\u00eds\u00e9rletek etikai k\u00e9rd\u00e9sei<\/li>\n<\/ul>\n<p>&nbsp;<\/p>\n<ol start=\"9\">\n<li><strong>H\u00c9T \u00c1PRILIS 12-16. GYAKORLAT<\/strong><\/li>\n<\/ol>\n<p><u>A reprodukt\u00edv medicina etikai k\u00e9rd\u00e9sei I<\/u><\/p>\n<ul>\n<li>A m\u0171vi abortusz k\u00e9rd\u00e9se<\/li>\n<li>Konzervat\u00edv, liber\u00e1lis \u00e9s m\u00e9rs\u00e9kelt \u00e1ll\u00e1spontok az abortusz kapcs\u00e1n<\/li>\n<\/ul>\n<p>&nbsp;<\/p>\n<ol start=\"10\">\n<li><strong>H\u00c9T \u00c1PRILIS 19-23. GYAKORLAT <\/strong><\/li>\n<\/ol>\n<p><u>A reprodukt\u00edv medicina etikai k\u00e9rd\u00e9sei II.<\/u><\/p>\n<ul>\n<li>Az assziszt\u00e1lt reprodukt\u00edv technik\u00e1k etikai k\u00e9rd\u00e9sei.<\/li>\n<li>Dajkaterhess\u00e9g<\/li>\n<li>A genetika etikai k\u00e9rd\u00e9sei<\/li>\n<\/ul>\n<p>&nbsp;<\/p>\n<ol start=\"11\">\n<li><strong>H\u00c9T \u00c1PRILIS 26-30. GYAKORLAT <\/strong><\/li>\n<\/ol>\n<p><u>A hal\u00e1l \u00e9s a haldokl\u00e1s filoz\u00f3fiai\u2013etikai k\u00e9rd\u00e9sei<\/u><\/p>\n<ul>\n<li>A hal\u00e1llal kapcsolatos f\u0151bb filoz\u00f3fiai \u00e9s vall\u00e1si felfog\u00e1sok, megk\u00f6zel\u00edt\u00e9si lehet\u0151s\u00e9gek<\/li>\n<li>Termin\u00e1lis \u00e1llapot\u00fa betegek ell\u00e1t\u00e1s\u00e1nak etikai k\u00e9rd\u00e9sei<\/li>\n<li>\u00d6ngyilkoss\u00e1g, eutan\u00e1zia, teratan\u00e1zia<\/li>\n<li>\u00c9letment\u0151, \u00e9letfenntart\u00f3 kezel\u00e9s megsz\u00fcntet\u00e9s\u00e9nek etikai k\u00e9rd\u00e9sei<\/li>\n<\/ul>\n<p>&nbsp;<\/p>\n<ol start=\"12\">\n<li><strong>h\u00e9t M\u00c1JUS 3-7. GYAKORLAT <\/strong><\/li>\n<\/ol>\n<p><u>A szerv\u00e1t\u00fcltet\u00e9s etikai k\u00e9rd\u00e9sei<\/u><\/p>\n<ul>\n<li>Az agyhal\u00e1l fogalma<\/li>\n<li>A halott test\u00e9vel kapcsolatos (boncol\u00e1s, szervkiv\u00e9tel) etikai k\u00e9rd\u00e9sek<\/li>\n<li>\u00c9l\u0151 szem\u00e9ly test\u00e9b\u0151l val\u00f3 szervkiv\u00e9tel (don\u00e1ci\u00f3) etikai k\u00e9rd\u00e9sei.<\/li>\n<\/ul>\n<p>&nbsp;<\/p>\n<ol start=\"13\">\n<li><strong>H\u00c9T M\u00c1JUS 10-14. GYAKORLAT <\/strong><\/li>\n<\/ol>\n<p><u>A betegek jogai<\/u><\/p>\n<ul>\n<li>A betegjogok szerepe \u00e9s jelent\u0151s\u00e9ge az eg\u00e9szs\u00e9g\u00fcgyben<\/li>\n<li>\u00c1ltal\u00e1nos \u00e9s speci\u00e1lis betegjogok<\/li>\n<li>A betegjogok \u00e9rv\u00e9nyes\u00edt\u00e9se<\/li>\n<\/ul>\n<p>&nbsp;<\/p>\n<ol start=\"14\">\n<li><strong>H\u00c9T M\u00c1JUS 17-21. GYAKORLAT <\/strong><\/li>\n<\/ol>\n<p><u>K\u00f6rnyezetetika<\/u><\/p>\n<ul>\n<li>A k\u00f6rnyezetetika jelent\u0151s\u00e9ge, a k\u00f6rnyezetetik\u00e1k filoz\u00f3fiai megalapoz\u00e1sa<\/li>\n<li>A k\u00f6rnyezetetik\u00e1k feloszt\u00e1sa<\/li>\n<li>K\u00f6rnyezetv\u00e9delem \u00e9s jog, k\u00f6rnyezetv\u00e9delem \u00e9s oktat\u00e1s. A k\u00f6rnyezetetika alapelvei, a fenntarthat\u00f3 fejl\u0151d\u00e9s fogalma<\/li>\n<\/ul>\n<p>&nbsp;<\/p>\n<p><strong>K\u00f6telez\u0151 irodalom<\/strong>:<\/p>\n<ul>\n<li>Kov\u00e1cs J\u00f3zsef: A modern orvosi etika alapjai. Bevezet\u00e9s a bioetik\u00e1ba. (2. \u00e1tdolgozott kiad\u00e1s.) Medicina k\u00f6nyvkiad\u00f3, Budapest, 2006. ( E-k\u00f6nyv: 2019) <strong>4,6,8,9,10,12,13,15,16. fejezet + f\u00fcggel\u00e9k<\/strong> Elektronikusan megv\u00e1s\u00e1rolhat\u00f3: <a href=\"https:\/\/www.medicina-kiado.hu\/kiadvanyaink\/szak-es-tankonyvek\/etika-jog\/a-modern-orvosi-etika-alapjai-e-book\/\">https:\/\/www.medicina-kiado.hu\/kiadvanyaink\/szak-es-tankonyvek\/etika-jog\/a-modern-orvosi-etika-alapjai-e-book\/<\/a><\/li>\n<li>A gyakorlatokon elhangzottakat b\u0151vebben tartalmazza a Kov\u00e1cs J\u00f3zsef: A modern orvosi etika alapjai. Bevezet\u00e9s a bioetik\u00e1ba. (2. \u00e1tdolgozott kiad\u00e1s.)\u00a0 Medicina k\u00f6nyvkiad\u00f3, Budapest, 2006. ( E-k\u00f6nyv: 2019) c. k\u00f6nyv 1,2,3, 7, 11,14. fejezetei, valamint a <strong><em>\u00a0<\/em><\/strong>Dr. Kov\u00e1cs J\u00f3zsef: K\u00f6rnyezetetika. In: Dr. Kov\u00e1cs J\u00f3zsef (szerk.): A biotechnol\u00f3gia etikai k\u00e9rd\u00e9sei. Semmelweis Kiad\u00f3, Budapest, 2017. (E-book: www.semmelweiskiado.hu)\u00a0 71-118. c. fejezete. Ez\u00e9rt aki m\u00e9lyebb meg\u00e9rt\u00e9sre t\u00f6rekszik, annak ezen fejezetek elolvas\u00e1sa is aj\u00e1nlott. <strong>A vizsg\u00e1n sz\u00e1monk\u00e9r\u00e9sre azonban csak a tank\u00f6nyv (ld. fenn) 4,6,8,9,10,12,13,15,16. fejezetei + f\u00fcggel\u00e9k + a gyakorlatok anyaga ker\u00fcl.\u00a0 <\/strong><\/li>\n<\/ul>\n<p>&nbsp;<\/p>\n<p><strong>Aj\u00e1nlott irodalom: <\/strong><\/p>\n<ul>\n<li>Kov\u00e1cs J\u00f3zsef: K\u00f6rnyezetetika. In: Dr. Kov\u00e1cs J\u00f3zsef (szerk.): A biotechnol\u00f3gia etikai k\u00e9rd\u00e9sei. Semmelweis Kiad\u00f3, Budapest, 2017. (E-book: www.semmelweiskiado.hu) 71-118.<\/li>\n<li>Kov\u00e1cs J\u00f3zsef: Bioetikai k\u00e9rd\u00e9sek a pszichi\u00e1tri\u00e1ban \u00e9s a pszichoter\u00e1pi\u00e1ban. Medicina Kiad\u00f3, Budapest, 2007. Teljes terjedelemben ingyenesen el\u00e9rhet\u0151 a k\u00f6vetkez\u0151 internet-c\u00edmen: <a href=\"http:\/\/real-d.mtak.hu\/347\/\">http:\/\/real-d.mtak.hu\/347\/<\/a><\/li>\n<\/ul>\n<p>&nbsp;<\/p>\n<p><strong><em>N\u00e9h\u00e1ny, oktat\u00e1ssal kapcsolatos hasznos inform\u00e1ci\u00f3<\/em><\/strong><\/p>\n<p><u>\u00a0<\/u><\/p>\n<p><u>A Magatart\u00e1studom\u00e1nyi Int\u00e9zet honlapja<\/u>: <a href=\"https:\/\/semmelweis.hu\/magtud\">https:\/\/semmelweis.hu\/magtud<\/a><\/p>\n<p>&nbsp;<\/p>\n<p><u>Bioetika csoport\u00a0 <\/u>NET, Magatart\u00e1studom\u00e1nyi Int\u00e9zet, 19-20. emelet<\/p>\n<p><u>\u00a0<\/u><\/p>\n<p><u>Titk\u00e1rs\u00e1g (tanulm\u00e1nyi \u00fcgyek): <\/u>:\u00a0 <a href=\"mailto:motyovszki.csilla@med.semmelweis-univ.hu\">motyovszki.csilla@med.semmelweis-univ.hu<\/a><\/p>\n<p><strong>Motyovszki Csilla<\/strong>, e-mail<\/p>\n<p>Tel: 210-2930\/56114,; NET 20. emelet ,\u00a0 2015-\u00f6s szoba<\/p>\n<p><strong>Bioetika csoportvezet\u0151<\/strong><u>:<\/u><\/p>\n<p><strong>Dr. Kov\u00e1cs J\u00f3zsef<\/strong> egyetemi tan\u00e1r, 2003-as szoba, tel.: 210-2953; <a href=\"mailto:kovacs.jozsef@med.semmelweis-univ.hu\">kovacs.jozsef@med.semmelweis-univ.hu<\/a><\/p>\n<p><strong>Bioetika r\u00e9szleg oktat\u00f3i: <\/strong><\/p>\n<p><strong>Dr. Csapody Tam\u00e1s<\/strong> egyetemi docens, 2013-as szoba, tel: 210-2930\/56350;<\/p>\n<p><a href=\"mailto:csapody.tamas@med.semmelweis-univ.hu\">csapody.tamas@med.semmelweis-univ.hu<\/a><\/p>\n<p><strong>Dr. D\u00f3sa \u00c1gnes<\/strong> egyetemi docens, 2007-es szoba, tel: 20-6663029<u> <strong>tanulm\u00e1nyi felel\u0151s<\/strong><\/u><\/p>\n<p><a href=\"mailto:dosa.agnes@med.semmelweis-univ.hu\">dosa.agnes@med.semmelweis-univ.hu<\/a><\/p>\n<p><strong>Dr. L\u0151rincz Jen\u0151<\/strong>, tud. tan\u00e1csad\u00f3, 2007-es szoba, tel: 210-2930\/56136; <a href=\"mailto:lorincz.jeno@med.semmelweis-univ.hu\">lorincz.jeno@med.semmelweis-univ.hu<\/a><\/p>\n<p><strong>Dr. Nemes L\u00e1szl\u00f3, egyetemi adjunktus, 2017-es szoba. Tel: 210-2930\/56116; <\/strong><a href=\"mailto:nemes.laszlo@med.semmelweis-univ.hu\">nemes.laszlo@med.semmelweis-univ.hu<\/a><\/p>\n<p><strong>Dr. P\u00e9ter Orsolya M\u00e1rta, <\/strong>egyetemi adjunktus, 2012-es szoba, tel.: 210-2930\/56404; <a href=\"mailto:peter.orsolya@med.semmelweis-univ.hu\">peter.orsolya@med.semmelweis-univ.hu<\/a><\/p>\n<p><strong>Dr. T\u00f3th G\u00e1bor Attila egyetemi docens <\/strong>2017-es szoba, tel: 210-2930\/56206<\/p>\n<p><a href=\"mailto:toth.gabor_attila@med.semmelweis-univ.hu\">toth.gabor_attila@med.semmelweis-univ.hu<\/a><\/p>\n<p><strong>Dr. Zana \u00c1gnes<\/strong>, egyetemi docens, 2014-es szoba, tel: 210-2930\/56356;<\/p>\n<p><a href=\"mailto:zana.agnes@med.semmelweis-univ.hu\">zana.agnes@med.semmelweis-univ.hu<\/a><\/p>\n<p><u>\u00a0<\/u><\/p>\n<p><u>A f\u00e9l\u00e9v elfogad\u00e1s\u00e1nak felt\u00e9tele<\/u>:<\/p>\n<p>A gyakorlatokr\u00f3l maximum k\u00e9t hi\u00e1nyz\u00e1s megengedett. Enn\u00e9l t\u00f6bb hi\u00e1nyz\u00e1s eset\u00e9n minden egyes hi\u00e1nyz\u00e1st p\u00f3tolni kell a gyakorlatvezet\u0151vel egyeztetett m\u00f3don, b\u00e1rmelyik gyakorlat vezet\u0151j\u00e9n\u00e9l.<\/p>\n<p>&nbsp;<\/p>\n<p><u>Vizsga<\/u>:<\/p>\n<ul>\n<li>vizsg\u00e1zni csak a vizsgaid\u0151szakban lehet<\/li>\n<li>a vizsga form\u00e1i (\u00edr\u00e1sbeli vagy sz\u00f3beli) &#8211; v\u00e1laszthat\u00f3:\n<ul>\n<li>\u00edr\u00e1sbeli tesztvizsga<\/li>\n<li>sz\u00f3beli vizsga<\/li>\n<\/ul>\n<\/li>\n<li>a sz\u00f3beli \u00e9s az \u00edr\u00e1sbeli vizsg\u00e1n sz\u00e1mon k\u00e9rt anyag ugyanaz:<\/li>\n<\/ul>\n<ul>\n<li style=\"list-style-type: none\">\n<ul>\n<li>Dr. Kov\u00e1cs J\u00f3zsef: A modern orvosi etika alapjai. Bevezet\u00e9s a bioetik\u00e1ba. (2. \u00e1tdolgozott kiad\u00e1s.)\u00a0 Medicina k\u00f6nyvkiad\u00f3, Budapest, 2006. (E-k\u00f6nyv: 2019) k\u00f6vetkez\u0151 fejezetei: <strong>4,6,8,9,10,12,13,15,16. fejezet + f\u00fcggel\u00e9k<\/strong> (Elektronikusan megv\u00e1s\u00e1rolhat\u00f3: <a href=\"https:\/\/www.medicina-kiado.hu\/kiadvanyaink\/szak-es-tankonyvek\/etika-jog\/a-modern-orvosi-etika-alapjai-e-book\/\">https:\/\/www.medicina-kiado.hu\/kiadvanyaink\/szak-es-tankonyvek\/etika-jog\/a-modern-orvosi-etika-alapjai-e-book\/<\/a><\/li>\n<\/ul>\n<\/li>\n<\/ul>\n<ul>\n<li>tesztvizsga<\/li>\n<\/ul>\n<ul>\n<li style=\"list-style-type: none\">\n<ul>\n<li>id\u0151pontok a Neptunban<\/li>\n<li>a teszt min. 40 k\u00e9rd\u00e9sb\u0151l \u00e1ll (k\u00e9rd\u00e9st\u00edpus: igaz-hamis k\u00e9rd\u00e9sek vagy feleletv\u00e1laszt\u00f3s k\u00e9rd\u00e9sek; a teszt kifejtend\u0151 k\u00e9rd\u00e9st nem tartalmaz)<\/li>\n<li>a tesztvizsga rendes vizsg\u00e1nak sz\u00e1m\u00edt, \u00edgy annak eredm\u00e9nye minden esetben felker\u00fcl a Neptunra<\/li>\n<\/ul>\n<\/li>\n<\/ul>\n<ul>\n<li>sz\u00f3beli vizsga<\/li>\n<\/ul>\n<ul>\n<li style=\"list-style-type: none\">\n<ul>\n<li>vizsgaid\u0151pontok a NEPTUN szerint<\/li>\n<li>a vizsg\u00e1n minden hallgat\u00f3 k\u00e9t fogalmat \u00e9s egy t\u00e9telt h\u00faz (ld. a vizsgak\u00e9rd\u00e9seket)<\/li>\n<\/ul>\n<\/li>\n<\/ul>\n<p><u>\u00a0<\/u><\/p>\n<p><strong>Vizsgak\u00e9rd\u00e9sek:<\/strong><\/p>\n<ol>\n<li><strong> Fogalmak:<\/strong><\/li>\n<\/ol>\n<p>&#8211; etika<\/p>\n<p>&#8211; bioetika<\/p>\n<p>&#8211; deontol\u00f3giai etika<\/p>\n<p>&#8211; a kett\u0151s hat\u00e1s elve<\/p>\n<p>&#8211; utilitarista etika<\/p>\n<p>&#8211; kateg\u00f3rikus imperat\u00edvusz elve<\/p>\n<p>&#8211; aranyszab\u00e1ly<\/p>\n<p>&#8211; auton\u00f3mia elve<\/p>\n<p>&#8211; &#8222;ne \u00e1rts&#8221; elve<\/p>\n<p>&#8211; j\u00f3t\u00e9konys\u00e1g elve<\/p>\n<p>&#8211; igazs\u00e1goss\u00e1g elve<\/p>\n<p>&#8211; orvosi paternalizmus<\/p>\n<p>&#8211; cselekv\u0151k\u00e9ptelen beteg<\/p>\n<p>&#8211; a kezel\u00e9s visszautas\u00edt\u00e1s\u00e1nak joga<\/p>\n<p>&#8211; \u00e9l\u0151 v\u00e9grendelet<\/p>\n<p>&#8211; agyhal\u00e1l<\/p>\n<p>&#8211; eutan\u00e1zia<\/p>\n<p>&#8211; Helsinki Deklar\u00e1ci\u00f3<\/p>\n<p>&nbsp;<\/p>\n<ol>\n<li><strong> Vizsgat\u00e9telek<\/strong><\/li>\n<\/ol>\n<p>&nbsp;<\/p>\n<ol>\n<li>A deontol\u00f3giai etikai rendszerek \u00e1ltal\u00e1nos jellemz\u0151i<\/li>\n<li>Konzekvencionalista (teleol\u00f3giai) etikai elm\u00e9letek<\/li>\n<li>A kanti etika \u00e9s az aranyszab\u00e1ly<\/li>\n<li>Az orvosetika alapelvei<\/li>\n<li>Egyszer\u0171 beleegyez\u00e9s; a t\u00e1j\u00e9kozott beleegyez\u00e9s fogalma \u00e9s kialakul\u00e1s\u00e1nak t\u00f6rt\u00e9nete; vit\u00e1k a t\u00e1j\u00e9kozott beleegyez\u00e9ssel kapcsolatban<\/li>\n<li>A betegek felvil\u00e1gos\u00edt\u00e1s\u00e1nak standardjai. Mit kell a felvil\u00e1gos\u00edt\u00e1snak tartalmaznia egy tervezett beavatkoz\u00e1s el\u0151tt?<\/li>\n<li>Mikor nem sz\u00fcks\u00e9ges a betegt\u0151l t\u00e1j\u00e9kozott beleegyez\u00e9st k\u00e9rni? A cselekv\u0151k\u00e9pess\u00e9g meg\u00e1llap\u00edt\u00e1s\u00e1nak elvei, a cselekv\u0151k\u00e9ptelen beteg ell\u00e1t\u00e1sakor k\u00f6vetend\u0151 elj\u00e1r\u00e1sok<\/li>\n<li>A kezel\u00e9s visszautas\u00edt\u00e1s\u00e1nak joga<\/li>\n<li>A t\u00e1j\u00e9kozott beleegyez\u00e9s pszichol\u00f3giai vonatkoz\u00e1sai. Bizonytalans\u00e1g az orvosi kommunik\u00e1ci\u00f3ban. Gyakorlati megfontol\u00e1sok a t\u00e1j\u00e9kozott beleegyez\u00e9ssel kapcsolatban<\/li>\n<li>A sorol\u00e1s etikai elvei \u00e9s gyakorlata a mai eg\u00e9szs\u00e9g\u00fcgyi rendszerekben (a puha \u00e9s a kem\u00e9ny sorol\u00e1s)<\/li>\n<li>Az eg\u00e9szs\u00e9g\u00fcgyi mikroallok\u00e1ci\u00f3 etikai k\u00e9rd\u00e9sei I.: a sorol\u00e1s probl\u00e9m\u00e1j\u00e1nak jellemz\u00e9se \u00e9s a szelekci\u00f3t elutas\u00edt\u00f3 \u00e9rvel\u00e9sek<\/li>\n<li>Az eg\u00e9szs\u00e9g\u00fcgyi mikroallok\u00e1ci\u00f3 etikai k\u00e9rd\u00e9sei II.: az \u00e9letment\u0151, ritka, \u00e1ltal\u00e1nosan nem el\u00e9rhet\u0151 eszk\u00f6z\u00f6k eloszt\u00e1s\u00e1nak etikai probl\u00e9m\u00e1i (a f\u0151bb krit\u00e9riumok, betegkiv\u00e1laszt\u00e1s a kutat\u00e1s sor\u00e1n, a betegkiv\u00e1laszt\u00e1s m\u00f3dszere \u00e9s elj\u00e1r\u00e1si felt\u00e9telei)<\/li>\n<li>A m\u0171vi abortusz etikai k\u00e9rd\u00e9sei I: \u00e9rvel\u00e9si hib\u00e1k, az abortusz \u00e9s a fogamz\u00e1sg\u00e1tl\u00e1s meg\u00edt\u00e9l\u00e9s\u00e9nek t\u00f6rt\u00e9nete<\/li>\n<li>A m\u0171vi abortusz etikai k\u00e9rd\u00e9sei II: a mai \u00e1ll\u00e1spontok jellemz\u00e9se, a konzervat\u00edv \u00e9s a liber\u00e1lis \u00e1ll\u00e1spont \u00e9s kritik\u00e1ja<\/li>\n<li>A m\u0171vi abortusz etikai k\u00e9rd\u00e9sei III: a mai \u00e1ll\u00e1spontok jellemz\u00e9se, a m\u00e9rs\u00e9kelt \u00e1ll\u00e1spontok<\/li>\n<li>A gy\u00f3gy\u00edthatatlan, rossz k\u00f3rj\u00f3slat\u00fa betegek felvil\u00e1gos\u00edt\u00e1s\u00e1nak etikai k\u00e9rd\u00e9sei<\/li>\n<li>Az eutan\u00e1zia probl\u00e9m\u00e1ja \u00e9s el\u0151t\u00e9rbe ker\u00fcl\u00e9s\u00e9nek okai; az \u00e9let szents\u00e9g\u00e9nek a doktr\u00edn\u00e1ja \u00e9s az \u00e9letmin\u0151s\u00e9g elve; az eutan\u00e1zia defin\u00edci\u00f3ja, fajt\u00e1i<\/li>\n<li>Az akt\u00edv \u00e9s a passz\u00edv eutan\u00e1zia<\/li>\n<li>A holland eutan\u00e1ziagyakorlat (a Remmelink-jelent\u00e9s)<\/li>\n<li>Passz\u00edv eutan\u00e1zia (orvosi priorit\u00e1sok, kezel\u00e9s abbahagy\u00e1sa \u00e9s el nem kezd\u00e9se, szok\u00e1sos \u00e9s rendk\u00edv\u00fcli eszk\u00f6z\u00f6k, mesters\u00e9ges t\u00e1pl\u00e1l\u00e1s \u00e9s folyad\u00e9kp\u00f3tl\u00e1s, haszontalan kezel\u00e9s)<\/li>\n<li>\u00c9letment\u0151, illetve \u00e9letfenntart\u00f3 orvosi kezel\u00e9s visszautas\u00edt\u00e1sa kompetens \u00e9s inkompetens beteg \u00e1ltal; az \u00e9l\u0151 v\u00e9grendelet<\/li>\n<li>A s\u00falyos fejl\u0151d\u00e9si rendelleness\u00e9ggel vil\u00e1gra j\u00f6tt \u00fajsz\u00fcl\u00f6ttek kezel\u00e9s\u00e9nek etikai probl\u00e9m\u00e1i<\/li>\n<li>Az \u00e9l\u0151b\u0151l val\u00f3 szervkiv\u00e9tel etikai k\u00e9rd\u00e9sei<\/li>\n<li>A holttestb\u0151l val\u00f3 szervkiv\u00e9tel etikai k\u00e9rd\u00e9sei; a hal\u00e1l fogalma; az embrion\u00e1lis \u00e9s magzati sz\u00f6vetek felhaszn\u00e1l\u00e1s\u00e1nak etikai k\u00e9rd\u00e9sei<\/li>\n<li>A szervek p\u00e9nz\u00e9rt val\u00f3 \u00e1rus\u00edt\u00e1s\u00e1nak etikai k\u00e9rd\u00e9sei<\/li>\n<li>Az embereken v\u00e9gzett kutat\u00e1sok etikai k\u00e9rd\u00e9sei; a Helsinki Deklar\u00e1ci\u00f3; a kutat\u00e1si alanyok jogai<\/li>\n<li>A betegjogok \u00e1ltal\u00e1nos k\u00e9rd\u00e9sei (a betegjogok megfogalmaz\u00e1s\u00e1nak okai \u00e9s el\u0151nyei, fenntart\u00e1sok a betegjogi megk\u00f6zel\u00edt\u00e9ssel szemben)<\/li>\n<li>A f\u0151bb betegjogok (\u00e1ltal\u00e1nos \u00e9s speci\u00e1lis betegjogok)<\/li>\n<li>A betegjogok \u00e9rv\u00e9nyes\u00edt\u00e9s\u00e9t el\u0151seg\u00edt\u0151 f\u0151bb m\u00f3dszerek \u00e9s int\u00e9zm\u00e9nyek<\/li>\n<li>Fontosabb orvosetikai k\u00f3dexek \u00e9s deklar\u00e1ci\u00f3k. (a hippokrat\u00e9szi esk\u00fc, a Genfi Deklar\u00e1ci\u00f3, az orvosi etika nemzetk\u00f6zi k\u00f3dexe, az emberen val\u00f3 orvosbiol\u00f3giai kutat\u00e1sok nemzetk\u00f6zi ir\u00e1nyelvei, az \u00e1llatokon v\u00e9gzett orvosbiol\u00f3giai kutat\u00e1sok nemzetk\u00f6zi ir\u00e1nyelvei)<\/li>\n<li>A k\u00f6rnyezetetika jelent\u0151s\u00e9ge, s a k\u00f6rnyezetetik\u00e1k filoz\u00f3fiai megalapoz\u00e1sa (A Meadows f\u00e9le vil\u00e1gmodellek, javaslatok a k\u00f6rnyezeti kr\u00edzis megold\u00e1s\u00e1ra, a megold\u00e1sok politikai korl\u00e1tai, a darwini evol\u00faci\u00f3s elm\u00e9let filoz\u00f3fiai k\u00f6vetkezm\u00e9nyei, a consilience \u00e9s a biophilia fogalma.)<\/li>\n<li>A k\u00f6rnyezetetik\u00e1k feloszt\u00e1sa. (A nyugati kult\u00fara hagyom\u00e1nyos felfog\u00e1sa a mor\u00e1lis st\u00e1tusszal kapcsolatban, az antropocentrikus, biocentrikus \u00e9s \u00f6kocentrikus k\u00f6rnyezeti etik\u00e1k. Az \u00f6kofeminizmus, a m\u00e9ly\u00f6kol\u00f3gia \u00e9s a f\u00f6ld-etika)<\/li>\n<\/ol>\n<\/div><\/div>\n","protected":false},"excerpt":{"rendered":"<p><a href=\"https:\/\/semmelweis.hu\/magtud\/files\/2023\/02\/DA_FOK-etika-TEMATIKA-IV_2022_2023_II-felev_vegleges.pdf\">Fogorvosi etika TEMATIKA IV 2022-2023. II. f\u00e9l\u00e9v<\/a> FOGORVOSI ETIKA (FOKVMAG259) 2020\/2021. tan\u00e9v II. f\u00e9l\u00e9v Oktat\u00e1s ideje: FOK. IV. \u00e9vfolyam. II. f\u00e9l\u00e9v. Vizsgaforma: kollokvium. \u00a0 A tant\u00e1rgy oktat\u00e1s\u00e1val el\u00e9rni k\u00edv\u00e1nt k\u00e9pz\u00e9si c\u00e9l. a.) Az, hogy megk\u00f6nny\u00edtse a mindennapi fogorvosi gyakorlat sor\u00e1n felmer\u00fcl\u0151 etikai probl\u00e9m\u00e1k felismer\u00e9s\u00e9t, mintegy &#8222;r\u00e1nyissa&#8221; a hallgat\u00f3k szem\u00e9t az erk\u00f6lcsi probl\u00e9m\u00e1k \u00e9szrev\u00e9tel\u00e9re. b.)\u00a0 Olyan fogalmi\u2013logikai rendszer kimunk\u00e1l\u00e1sa, mely seg\u00edts\u00e9get ny\u00fajt a &hellip;<\/p>\n","protected":false},"author":110,"featured_media":0,"parent":4923,"menu_order":0,"comment_status":"closed","ping_status":"closed","template":"","meta":{"_acf_changed":false,"footnotes":""},"categories":[],"tags":[],"class_list":["post-6094","page","type-page","status-publish","hentry"],"acf":[],"_links":{"self":[{"href":"https:\/\/semmelweis.hu\/magtud\/wp-json\/wp\/v2\/pages\/6094","targetHints":{"allow":["GET"]}}],"collection":[{"href":"https:\/\/semmelweis.hu\/magtud\/wp-json\/wp\/v2\/pages"}],"about":[{"href":"https:\/\/semmelweis.hu\/magtud\/wp-json\/wp\/v2\/types\/page"}],"author":[{"embeddable":true,"href":"https:\/\/semmelweis.hu\/magtud\/wp-json\/wp\/v2\/users\/110"}],"replies":[{"embeddable":true,"href":"https:\/\/semmelweis.hu\/magtud\/wp-json\/wp\/v2\/comments?post=6094"}],"version-history":[{"count":10,"href":"https:\/\/semmelweis.hu\/magtud\/wp-json\/wp\/v2\/pages\/6094\/revisions"}],"predecessor-version":[{"id":7640,"href":"https:\/\/semmelweis.hu\/magtud\/wp-json\/wp\/v2\/pages\/6094\/revisions\/7640"}],"up":[{"embeddable":true,"href":"https:\/\/semmelweis.hu\/magtud\/wp-json\/wp\/v2\/pages\/4923"}],"wp:attachment":[{"href":"https:\/\/semmelweis.hu\/magtud\/wp-json\/wp\/v2\/media?parent=6094"}],"wp:term":[{"taxonomy":"category","embeddable":true,"href":"https:\/\/semmelweis.hu\/magtud\/wp-json\/wp\/v2\/categories?post=6094"},{"taxonomy":"post_tag","embeddable":true,"href":"https:\/\/semmelweis.hu\/magtud\/wp-json\/wp\/v2\/tags?post=6094"}],"curies":[{"name":"wp","href":"https:\/\/api.w.org\/{rel}","templated":true}]}}