{"id":5958,"date":"2018-12-07T14:43:18","date_gmt":"2018-12-07T13:43:18","guid":{"rendered":"http:\/\/semmelweis.hu\/magtud\/?page_id=5958"},"modified":"2024-09-30T14:49:56","modified_gmt":"2024-09-30T12:49:56","slug":"research-alumni","status":"publish","type":"page","link":"https:\/\/semmelweis.hu\/magtud\/en\/research\/research-alumni\/","title":{"rendered":"Research Alumni"},"content":{"rendered":"<p><strong>Csilla CSOBOTH, MD, PhD<br \/>\n<\/strong>Researcher of the Institute of Behavioural Sciences between 1994-2009<br \/>\nResearch topics in the Institute: Psychosocial factors of women&#8217;s mental and physical health<br \/>\nCurrent work place: Genentech, Inc.<br \/>\nCurrent research topic: Psychosocial factors affecting the mental and physical health of single parents<br \/>\nLink to website: <a href=\"https:\/\/www.linkedin.com\/in\/csilla-csoboth-md-phd-9165633\/\">https:\/\/www.linkedin.com\/in\/csilla-csoboth-md-phd-9165633\/<\/a><\/p>\n<p><strong>Hayriye G\u00dcLEC, PhD<br \/>\n<\/strong>Researcher of the Institute of Behavioural Sciences between 2008-2014<br \/>\nResearch topics in the Institute: Eating disorders, e-health interventions<br \/>\nCurrent workplace: Department of Psychology, Bursa Uludag University, Bursa, Turkey<br \/>\nCurrent research topics: Eating disorders, e-health interventions, mental health literacy, stigmatization, immigration<br \/>\nLink to website: &#8211;<\/p>\n<p><strong>L\u00e1szl\u00f3 HARMAT, PhD<br \/>\n<\/strong>Researcher of the Institute of Behavioural Sciences between 2009-2014<br \/>\nResearch topics in the Institute: Investigation of the therapeutic effects of listening to music in reducing sleep problems and anxiety<br \/>\nCurrent work place: associate senior lecturer at the Dept. of Psychology at Linnaeus University, V\u00e4xj\u00f6, Sweden<br \/>\nCurrent research topics: music psychology, psychophysiological correlates of the flow experience, didactics of teaching psychology<br \/>\nLink to website: &#8211;<\/p>\n<p><strong>Imre JANSZKY, MD, PhD<br \/>\n<\/strong>PhD student\/Researcher of the Institute of Behavioural Sciences between 1997-2002<br \/>\nResearch topics in the Institute:\u00a0 psychophysiology of anxiety and emotions<br \/>\nCurrent work place: Professor, Department of Public Health and Nursing Faculty of Medicine and Health Sciences<br \/>\nCurrent research topics: epidemiology, cardiovascular epidemiolgy<br \/>\nLink to website: <a href=\"https:\/\/www.ntnu.edu\/employees\/imre.janszky\">https:\/\/www.ntnu.edu\/employees\/imre.janszky<\/a><\/p>\n<p><strong>Elisabeth KOHLS, PhD<br \/>\n<\/strong>Researcher of the Institute of Behavioural Sciences between 2007-2012<br \/>\nResearch topics in the Institute: Eating disorders, psychotherapy research, E-mental health interventions<br \/>\nCurrent work place: Postdoc Researcher, University Leipzig, Medical Faculty, Department of Psychiatry, Germany<br \/>\nCurrent research topics: Depression, E-mental health, suicide prevention, depression and nutrition, OCD, and psychotherapy research<br \/>\nLink to (own) website: <a href=\"https:\/\/www.researchgate.net\/profile\/Elisabeth_Kohls\">https:\/\/www.researchgate.net\/profile\/Elisabeth_Kohls<\/a><br \/>\n<a href=\"http:\/\/www.moodfood-vu.eu\">www.moodfood-vu.eu<\/a><br \/>\n<a href=\"https:\/\/www.uniklinikum-leipzig.de\/einrichtungen\/psychiatrie-psychotherapie\/Seiten\/kontaktseite-kohls.aspx\">https:\/\/www.uniklinikum-leipzig.de\/einrichtungen\/psychiatrie-psychotherapie\/Seiten\/kontaktseite-kohls.aspx<\/a><\/p>\n<p><strong>Barna KONKOL\u0178-THEGE, MA, PhD<br \/>\n<\/strong>Researcher of the Institute of Behavioural Sciences between 2009-2015 (PhD student between 2005 and 2009)<br \/>\nResearch topics in the Institute: addictions, psychometrics, positive psychology, psychological stress, psycho-oncology<br \/>\nCurrent work place: Research Psychologist; Waypoint Research Institute, Waypoint Centre for Mental Health Care, Canada; Department of Psychiatry, University of Toronto, Canada<br \/>\nCurrent research topics: behavioral addictions, psychometrics, psychological stress, psychotherapy effectiveness research, psychosomatics<br \/>\nLink to website: <a href=\"http:\/\/www.waypointcentre.ca\/research_academics\/researchers\/barna_konkoly-thege\">www.waypointcentre.ca<\/a>; <a href=\"http:\/\/www.psychiatry.utoronto.ca\/faculty\/dr-barna-konkoly-thege\">www.psychiatry.utoronto.ca<\/a><\/p>\n<p><strong>Alp\u00e1r L\u00c1Z\u00c1R, PhD<br \/>\n<\/strong>PhD student\/researcher of the Institute of Behavioural Sciences between 2007-2010<br \/>\nResearch topics in the Institute: the sleep physiological correlates of Asperger syndrome<br \/>\nCurrent work place: Lecturer in Dementia and Complexity in Later Life, School of Health Sciences, University of East Anglia, UK<br \/>\nCurrent research topics: The role of sleep and circadian rhythmicity in Alzheimer&#8217;s disease<br \/>\nLink to website: <a href=\"https:\/\/people.uea.ac.uk\/en\/persons\/a-lazar\">https:\/\/people.uea.ac.uk\/en\/persons\/a-lazar<\/a><\/p>\n<p><strong>Istv\u00e1n MUCSI, MD, PhD<br \/>\n<\/strong>Researcher\/Associate Professor of the Institute of Behavioural Sciences between 1999-2017<br \/>\nResearch topics in the Institute: Sleep disorders in patients with advanced kidney disease; health related quality of life in patients with advanced kidney disease; psychosocial concerns in patients with advanced kidney disease; epidemiology of sleep disorders<br \/>\nCurrent work place: Associate Professor of Medicine, Institute of Medical Science, Division of Nephrology, University of Toronto, Canada<br \/>\nCurrent research topics: Ethnocultural barriers to kidney transplantation; psychosocial barriers to kidney transplantation; symptom and distress management in kidney transplant recipients; patient reported outcome measures<br \/>\nLink to website: <a href=\"https:\/\/mykidneyhealth.net\">https:\/\/mykidneyhealth.net<\/a><\/p>\n<p><strong>Marta NOV\u00c1K, MD, PhD<br \/>\n<\/strong>Researcher\/Associate Professor of the Institute of Behavioural Sciences between 1994-2017<br \/>\nResearch topics in the Institute: Psychonephrology (Psycho-social aspects of kidney disease), Sleep Medicine<br \/>\nCurrent work place: Associate Professor of Psychiatry, Dept. of Psychiatry, University of Toronto, Canada<br \/>\nCurrent research topics: Psychonephrology (Psycho-social aspects of kidney disease), Sleep Medicine<br \/>\nLink to website: <a href=\"http:\/\/www.nefros.net\/\">www.nefros.net<\/a><\/p>\n<p><strong>S\u00e1ndor SZEDM\u00c1K, PhD<br \/>\n<\/strong>Research Associate of the Institute of Behavioural Sciences between 1993\u20131999<br \/>\nResearch topics in the Institute: Social and Medical Statistics<br \/>\nCurrent work place: Aalto University, Computer Science, Finland<br \/>\nCurrent research topics: Machine Learning<br \/>\nLink to website: <a href=\"https:\/\/www.aalto.fi\/department-of-computer-science\">https:\/\/www.aalto.fi\/department-of-computer-science<\/a><\/p>\n<p><strong>Andr\u00e1s SZENTKIR\u00c1LYI, MD, PhD<br \/>\n<\/strong>Researcher of the Institute of Behavioural Sciences between 2009-2013<br \/>\nResearch topics in the Institute: Sleep disorders in patients with chronic renal disease<br \/>\nCurrent work place: Research Fellow, Inst. of Epidemiology and Social Medicine, University of M\u00fcnster, Germany<br \/>\nCurrent research topics: Restless legs syndrome in the general population<br \/>\nLink to website: &#8211;<\/p>\n<p><strong>Szilvia Z\u00d6RG\u0150, PhD<\/strong><br \/>\nPhD student at the Institute between 2014 and 2020; Assistant Professor at the Institute between 2019 and 2024<br \/>\nResearch topics at the Institute: patient decision-making, complementary and alternative medicine, human \u2013 information interaction in health and health care<br \/>\nCurrent workplace: Computational Social Science, University of Amsterdam (the Netherlands)<br \/>\nCurrent research topics: qualitative and unified methodology; tool development for Open Science; human \u2013 information interaction in health and health care<br \/>\nPersonal website: <a href=\"http:\/\/www.szilviazorgo.com\">www.szilviazorgo.com<\/a><br \/>\nEmail: <a href=\"mailto:s.zorgo@uva.nl\">s.zorgo@uva.nl<\/a><\/p>\n","protected":false},"excerpt":{"rendered":"<p>Csilla CSOBOTH, MD, PhD Researcher of the Institute of Behavioural Sciences between 1994-2009 Research topics in the Institute: Psychosocial factors of women&#8217;s mental and physical health Current work place: Genentech, Inc. Current research topic: Psychosocial factors affecting the mental and physical health of single parents Link to website: <a href=\"https:\/\/www.linkedin.com\/in\/csilla-csoboth-md-phd-9165633\/\">https:\/\/www.linkedin.com\/in\/csilla-csoboth-md-phd-9165633\/<\/a> Hayriye G\u00dcLEC, PhD Researcher of the Institute &hellip;<\/p>\n","protected":false},"author":101277,"featured_media":0,"parent":4524,"menu_order":6,"comment_status":"closed","ping_status":"closed","template":"","meta":{"_acf_changed":false,"footnotes":""},"categories":[],"tags":[],"class_list":["post-5958","page","type-page","status-publish","hentry"],"acf":[],"_links":{"self":[{"href":"https:\/\/semmelweis.hu\/magtud\/wp-json\/wp\/v2\/pages\/5958","targetHints":{"allow":["GET"]}}],"collection":[{"href":"https:\/\/semmelweis.hu\/magtud\/wp-json\/wp\/v2\/pages"}],"about":[{"href":"https:\/\/semmelweis.hu\/magtud\/wp-json\/wp\/v2\/types\/page"}],"author":[{"embeddable":true,"href":"https:\/\/semmelweis.hu\/magtud\/wp-json\/wp\/v2\/users\/101277"}],"replies":[{"embeddable":true,"href":"https:\/\/semmelweis.hu\/magtud\/wp-json\/wp\/v2\/comments?post=5958"}],"version-history":[{"count":5,"href":"https:\/\/semmelweis.hu\/magtud\/wp-json\/wp\/v2\/pages\/5958\/revisions"}],"predecessor-version":[{"id":12513,"href":"https:\/\/semmelweis.hu\/magtud\/wp-json\/wp\/v2\/pages\/5958\/revisions\/12513"}],"up":[{"embeddable":true,"href":"https:\/\/semmelweis.hu\/magtud\/wp-json\/wp\/v2\/pages\/4524"}],"wp:attachment":[{"href":"https:\/\/semmelweis.hu\/magtud\/wp-json\/wp\/v2\/media?parent=5958"}],"wp:term":[{"taxonomy":"category","embeddable":true,"href":"https:\/\/semmelweis.hu\/magtud\/wp-json\/wp\/v2\/categories?post=5958"},{"taxonomy":"post_tag","embeddable":true,"href":"https:\/\/semmelweis.hu\/magtud\/wp-json\/wp\/v2\/tags?post=5958"}],"curies":[{"name":"wp","href":"https:\/\/api.w.org\/{rel}","templated":true}]}}